{"id":1666,"date":"2021-09-13T18:07:12","date_gmt":"2021-09-13T16:07:59","guid":{"rendered":"https:\/\/www.deathrider.shop\/?post_type=product&#038;p=1666"},"modified":"2024-02-07T16:19:18","modified_gmt":"2024-02-07T15:19:18","slug":"camiseta-death-rider-logotipo-frontal-negra","status":"publish","type":"product","link":"https:\/\/www.deathrider.shop\/es\/camiseta-death-rider-logotipo-frontal-negra\/","title":{"rendered":"Camiseta Death Rider 1957 &#8211; Logotipo Frontal &#8211; Negra"},"content":{"rendered":"<h2>Camiseta Death Rider 1957 &#8211; Front Logo &#8211; Black<\/h2>\n<p>Normalmente, las camisetas blancas llaman mucho la atenci\u00f3n, pero tambi\u00e9n lo hacen sus hom\u00f3logas negras. Son igualmente vers\u00e1tiles y otro elemento b\u00e1sico de la moda. Una camiseta negra siempre es un acierto, puedes usarla pr\u00e1cticamente en cualquier sitio y combinarla con todo. Definitivamente no puede faltar en tu armario. Bueno, probablemente ya tengas una, pero lo que te presentamos aqu\u00ed es una versi\u00f3n elevada de la simple y sencilla. La Camiseta Death Rider 1957 &#8211; Front Logo &#8211; Black es una prenda con mucha personalidad. Con ella puesta no pasar\u00e1s a un segundo plano. Es una prenda destacada y al mismo tiempo una simple camiseta. Nuestro producto es perfecto para los moteros y tambi\u00e9n para los que simplemente son apasionados de las motos. \u00bfNecesitas una prenda distintiva para tu vestuario? Pues, puedes ya dejar de buscar, \u00a1porque acabas de encontrarla!<\/p>\n<h2>La ilustraci\u00f3n de esta camiseta<\/h2>\n<p>La ilustraci\u00f3n de la Camiseta Death Rider 1957 &#8211; Front Logo &#8211; Black habla por s\u00ed misma. La gente que te mire entender\u00e1 inmediatamente que eres un motero. La calavera es un s\u00edmbolo com\u00fan y significativo entre la comunidad de motociclistas. Representa la valent\u00eda de los moteros y su compromiso con las motos hasta la muerte.<\/p>\n<p>A pesar de que la mayor\u00eda de las veces se considera un s\u00edmbolo de la muerte, en realidad puede leerse como el emblema de la inmortalidad, ya que durar\u00e1 mucho m\u00e1s que nuestros cuerpos. La calavera de la camiseta lleva un casco, porque los motociclistas siempre llevan su equipo de protecci\u00f3n y no corren riesgos in\u00fatiles al conducir. Las calles pueden ser peligrosas y los moteros lo tienen claro. Esta camiseta es una prenda sencilla, realzada con nuestro logotipo \u00fanico, que ha sido confeccionado por un dise\u00f1ador exclusivamente para nuestra marca. En conclusi\u00f3n, es perfecta para un uso diario con un par de vaqueros y una chaqueta de cuero o para ocasiones especiales como un viaje con tu moto.<\/p>\n<h2>Algunos detalles adicionales de este art\u00edculo de Death Rider<\/h2>\n<p>Esta Camiseta Death Rider 1957 &#8211; Logotipo frontal &#8211; Negro est\u00e1 totalmente fabricada en Europa. Hemos seleccionado s\u00f3lo materiales de alta calidad para su producci\u00f3n. Con su gran durabilidad y su resistencia a los lavados, durar\u00e1 definitivamente en el tiempo. Finalmente, aqu\u00ed puedes encontrar algunas otras caracter\u00edsticas de este producto:<\/p>\n<ul>\n<li>100% algod\u00f3n org\u00e1nico hilado y peinado<\/li>\n<li>Corte regular<\/li>\n<li>Manga corta<\/li>\n<li>Impresi\u00f3n de calidad<\/li>\n<li>Ligereza y transpirabilidad<\/li>\n<\/ul>\n<p>Adem\u00e1s, te aconsejamos que evites planchar directamente sobre el logotipo y que no la laves a altas temperaturas en la lavadora. Adem\u00e1s, es mejor que elijas una talla m\u00e1s grande que la que usas habitualmente cuando la vayas a comprar. De este modo, tendr\u00e1s una mejor vestibilidad tanto para ir de viaje en moto como para un look diario distintivo.<\/p>\n<p>&nbsp;<\/p>\n","protected":false},"excerpt":{"rendered":"<p>La Camiseta Death Rider 1957 &#8211; Front Logo &#8211; Black ser\u00e1 la nueva prenda destacada de tu armario. Con su dise\u00f1o \u00fanico, hecho s\u00f3lo para nuestra marca, dir\u00e1 inmediatamente que eres un apasionado de las motos. Es una prenda joven y c\u00f3moda, que puedes llevar para un look casual o para viajar con tu moto combin\u00e1ndola con tu ropa de motero.<\/p>\n","protected":false},"featured_media":3243,"comment_status":"open","ping_status":"closed","template":"","meta":[],"product_brand":[],"product_cat":[117],"product_tag":[],"class_list":{"0":"post-1666","1":"product","2":"type-product","3":"status-publish","4":"has-post-thumbnail","6":"product_cat-camisetas","8":"first","9":"instock","10":"taxable","11":"shipping-taxable","12":"purchasable","13":"product-type-variable"},"yoast_head":"<!-- This site is optimized with the Yoast SEO plugin v26.1.1 - https:\/\/yoast.com\/wordpress\/plugins\/seo\/ -->\n<title>Camiseta Death Rider 1957 - Logotipo Frontal - Negra - Death Rider 1957<\/title>\n<meta name=\"description\" content=\"La Camiseta Death Rider 1957 - Front Logo - Black es el art\u00edculo que est\u00e1s buscando. Elegante y c\u00f3moda, es la pieza perfecta para tu armario.\" \/>\n<meta name=\"robots\" content=\"index, follow, max-snippet:-1, max-image-preview:large, max-video-preview:-1\" \/>\n<link rel=\"canonical\" href=\"https:\/\/www.deathrider.shop\/es\/camiseta-death-rider-logotipo-frontal-negra\/\" \/>\n<meta property=\"og:locale\" content=\"es_ES\" \/>\n<meta property=\"og:type\" content=\"article\" \/>\n<meta property=\"og:title\" content=\"Camiseta Death Rider 1957 - Logotipo Frontal - Negra - Death Rider 1957\" \/>\n<meta property=\"og:description\" content=\"La Camiseta Death Rider 1957 - Front Logo - Black es el art\u00edculo que est\u00e1s buscando. Elegante y c\u00f3moda, es la pieza perfecta para tu armario.\" \/>\n<meta property=\"og:url\" content=\"https:\/\/www.deathrider.shop\/es\/camiseta-death-rider-logotipo-frontal-negra\/\" \/>\n<meta property=\"og:site_name\" content=\"Death Rider 1957\" \/>\n<meta property=\"article:modified_time\" content=\"2024-02-07T15:19:18+00:00\" \/>\n<meta name=\"twitter:card\" content=\"summary_large_image\" \/>\n<meta name=\"twitter:label1\" content=\"Tiempo de lectura\" \/>\n\t<meta name=\"twitter:data1\" content=\"2 minutos\" \/>\n<script type=\"application\/ld+json\" class=\"yoast-schema-graph\">{\"@context\":\"https:\/\/schema.org\",\"@graph\":[{\"@type\":\"WebPage\",\"@id\":\"https:\/\/www.deathrider.shop\/es\/camiseta-death-rider-logotipo-frontal-negra\/\",\"url\":\"https:\/\/www.deathrider.shop\/es\/camiseta-death-rider-logotipo-frontal-negra\/\",\"name\":\"Camiseta Death Rider 1957 - Logotipo Frontal - Negra - Death Rider 1957\",\"isPartOf\":{\"@id\":\"https:\/\/www.deathrider.shop\/#website\"},\"primaryImageOfPage\":{\"@id\":\"https:\/\/www.deathrider.shop\/es\/camiseta-death-rider-logotipo-frontal-negra\/#primaryimage\"},\"image\":{\"@id\":\"https:\/\/www.deathrider.shop\/es\/camiseta-death-rider-logotipo-frontal-negra\/#primaryimage\"},\"thumbnailUrl\":\"https:\/\/www.deathrider.shop\/wp-content\/uploads\/2021\/09\/death-rider-1957-t-shirt-front-logo-gold.jpg\",\"datePublished\":\"2021-09-13T16:07:59+00:00\",\"dateModified\":\"2024-02-07T15:19:18+00:00\",\"description\":\"La Camiseta Death Rider 1957 - Front Logo - Black es el art\u00edculo que est\u00e1s buscando. Elegante y c\u00f3moda, es la pieza perfecta para tu armario.\",\"breadcrumb\":{\"@id\":\"https:\/\/www.deathrider.shop\/es\/camiseta-death-rider-logotipo-frontal-negra\/#breadcrumb\"},\"inLanguage\":\"es\",\"potentialAction\":[{\"@type\":\"ReadAction\",\"target\":[\"https:\/\/www.deathrider.shop\/es\/camiseta-death-rider-logotipo-frontal-negra\/\"]}]},{\"@type\":\"ImageObject\",\"inLanguage\":\"es\",\"@id\":\"https:\/\/www.deathrider.shop\/es\/camiseta-death-rider-logotipo-frontal-negra\/#primaryimage\",\"url\":\"https:\/\/www.deathrider.shop\/wp-content\/uploads\/2021\/09\/death-rider-1957-t-shirt-front-logo-gold.jpg\",\"contentUrl\":\"https:\/\/www.deathrider.shop\/wp-content\/uploads\/2021\/09\/death-rider-1957-t-shirt-front-logo-gold.jpg\",\"width\":1024,\"height\":1024,\"caption\":\"Death Rider 1957 T-Shirt - Front Logo - Gold\"},{\"@type\":\"BreadcrumbList\",\"@id\":\"https:\/\/www.deathrider.shop\/es\/camiseta-death-rider-logotipo-frontal-negra\/#breadcrumb\",\"itemListElement\":[{\"@type\":\"ListItem\",\"position\":1,\"name\":\"Home\",\"item\":\"https:\/\/www.deathrider.shop\/es\/death-rider-1957\/\"},{\"@type\":\"ListItem\",\"position\":2,\"name\":\"Tienda\",\"item\":\"https:\/\/www.deathrider.shop\/es\/tienda\/\"},{\"@type\":\"ListItem\",\"position\":3,\"name\":\"Camiseta Death Rider 1957 &#8211; Logotipo Frontal &#8211; Negra\"}]},{\"@type\":\"WebSite\",\"@id\":\"https:\/\/www.deathrider.shop\/#website\",\"url\":\"https:\/\/www.deathrider.shop\/\",\"name\":\"Death Rider 1957\",\"description\":\"Ropa Urbana y Motera para \\\"Bad Ass\\\"\",\"publisher\":{\"@id\":\"https:\/\/www.deathrider.shop\/#organization\"},\"potentialAction\":[{\"@type\":\"SearchAction\",\"target\":{\"@type\":\"EntryPoint\",\"urlTemplate\":\"https:\/\/www.deathrider.shop\/?s={search_term_string}\"},\"query-input\":{\"@type\":\"PropertyValueSpecification\",\"valueRequired\":true,\"valueName\":\"search_term_string\"}}],\"inLanguage\":\"es\"},{\"@type\":\"Organization\",\"@id\":\"https:\/\/www.deathrider.shop\/#organization\",\"name\":\"Death Rider\",\"url\":\"https:\/\/www.deathrider.shop\/\",\"logo\":{\"@type\":\"ImageObject\",\"inLanguage\":\"es\",\"@id\":\"https:\/\/www.deathrider.shop\/#\/schema\/logo\/image\/\",\"url\":\"\",\"contentUrl\":\"\",\"caption\":\"Death Rider\"},\"image\":{\"@id\":\"https:\/\/www.deathrider.shop\/#\/schema\/logo\/image\/\"}}]}<\/script>\n<!-- \/ Yoast SEO plugin. -->","yoast_head_json":{"title":"Camiseta Death Rider 1957 - Logotipo Frontal - Negra - Death Rider 1957","description":"La Camiseta Death Rider 1957 - Front Logo - Black es el art\u00edculo que est\u00e1s buscando. Elegante y c\u00f3moda, es la pieza perfecta para tu armario.","robots":{"index":"index","follow":"follow","max-snippet":"max-snippet:-1","max-image-preview":"max-image-preview:large","max-video-preview":"max-video-preview:-1"},"canonical":"https:\/\/www.deathrider.shop\/es\/camiseta-death-rider-logotipo-frontal-negra\/","og_locale":"es_ES","og_type":"article","og_title":"Camiseta Death Rider 1957 - Logotipo Frontal - Negra - Death Rider 1957","og_description":"La Camiseta Death Rider 1957 - Front Logo - Black es el art\u00edculo que est\u00e1s buscando. Elegante y c\u00f3moda, es la pieza perfecta para tu armario.","og_url":"https:\/\/www.deathrider.shop\/es\/camiseta-death-rider-logotipo-frontal-negra\/","og_site_name":"Death Rider 1957","article_modified_time":"2024-02-07T15:19:18+00:00","twitter_card":"summary_large_image","twitter_misc":{"Tiempo de lectura":"2 minutos"},"schema":{"@context":"https:\/\/schema.org","@graph":[{"@type":"WebPage","@id":"https:\/\/www.deathrider.shop\/es\/camiseta-death-rider-logotipo-frontal-negra\/","url":"https:\/\/www.deathrider.shop\/es\/camiseta-death-rider-logotipo-frontal-negra\/","name":"Camiseta Death Rider 1957 - Logotipo Frontal - Negra - Death Rider 1957","isPartOf":{"@id":"https:\/\/www.deathrider.shop\/#website"},"primaryImageOfPage":{"@id":"https:\/\/www.deathrider.shop\/es\/camiseta-death-rider-logotipo-frontal-negra\/#primaryimage"},"image":{"@id":"https:\/\/www.deathrider.shop\/es\/camiseta-death-rider-logotipo-frontal-negra\/#primaryimage"},"thumbnailUrl":"https:\/\/www.deathrider.shop\/wp-content\/uploads\/2021\/09\/death-rider-1957-t-shirt-front-logo-gold.jpg","datePublished":"2021-09-13T16:07:59+00:00","dateModified":"2024-02-07T15:19:18+00:00","description":"La Camiseta Death Rider 1957 - Front Logo - Black es el art\u00edculo que est\u00e1s buscando. Elegante y c\u00f3moda, es la pieza perfecta para tu armario.","breadcrumb":{"@id":"https:\/\/www.deathrider.shop\/es\/camiseta-death-rider-logotipo-frontal-negra\/#breadcrumb"},"inLanguage":"es","potentialAction":[{"@type":"ReadAction","target":["https:\/\/www.deathrider.shop\/es\/camiseta-death-rider-logotipo-frontal-negra\/"]}]},{"@type":"ImageObject","inLanguage":"es","@id":"https:\/\/www.deathrider.shop\/es\/camiseta-death-rider-logotipo-frontal-negra\/#primaryimage","url":"https:\/\/www.deathrider.shop\/wp-content\/uploads\/2021\/09\/death-rider-1957-t-shirt-front-logo-gold.jpg","contentUrl":"https:\/\/www.deathrider.shop\/wp-content\/uploads\/2021\/09\/death-rider-1957-t-shirt-front-logo-gold.jpg","width":1024,"height":1024,"caption":"Death Rider 1957 T-Shirt - Front Logo - Gold"},{"@type":"BreadcrumbList","@id":"https:\/\/www.deathrider.shop\/es\/camiseta-death-rider-logotipo-frontal-negra\/#breadcrumb","itemListElement":[{"@type":"ListItem","position":1,"name":"Home","item":"https:\/\/www.deathrider.shop\/es\/death-rider-1957\/"},{"@type":"ListItem","position":2,"name":"Tienda","item":"https:\/\/www.deathrider.shop\/es\/tienda\/"},{"@type":"ListItem","position":3,"name":"Camiseta Death Rider 1957 &#8211; Logotipo Frontal &#8211; Negra"}]},{"@type":"WebSite","@id":"https:\/\/www.deathrider.shop\/#website","url":"https:\/\/www.deathrider.shop\/","name":"Death Rider 1957","description":"Ropa Urbana y Motera para \"Bad Ass\"","publisher":{"@id":"https:\/\/www.deathrider.shop\/#organization"},"potentialAction":[{"@type":"SearchAction","target":{"@type":"EntryPoint","urlTemplate":"https:\/\/www.deathrider.shop\/?s={search_term_string}"},"query-input":{"@type":"PropertyValueSpecification","valueRequired":true,"valueName":"search_term_string"}}],"inLanguage":"es"},{"@type":"Organization","@id":"https:\/\/www.deathrider.shop\/#organization","name":"Death Rider","url":"https:\/\/www.deathrider.shop\/","logo":{"@type":"ImageObject","inLanguage":"es","@id":"https:\/\/www.deathrider.shop\/#\/schema\/logo\/image\/","url":"","contentUrl":"","caption":"Death Rider"},"image":{"@id":"https:\/\/www.deathrider.shop\/#\/schema\/logo\/image\/"}}]}},"_links":{"self":[{"href":"https:\/\/www.deathrider.shop\/es\/wp-json\/wp\/v2\/product\/1666","targetHints":{"allow":["GET"]}}],"collection":[{"href":"https:\/\/www.deathrider.shop\/es\/wp-json\/wp\/v2\/product"}],"about":[{"href":"https:\/\/www.deathrider.shop\/es\/wp-json\/wp\/v2\/types\/product"}],"replies":[{"embeddable":true,"href":"https:\/\/www.deathrider.shop\/es\/wp-json\/wp\/v2\/comments?post=1666"}],"wp:featuredmedia":[{"embeddable":true,"href":"https:\/\/www.deathrider.shop\/es\/wp-json\/wp\/v2\/media\/3243"}],"wp:attachment":[{"href":"https:\/\/www.deathrider.shop\/es\/wp-json\/wp\/v2\/media?parent=1666"}],"wp:term":[{"taxonomy":"product_brand","embeddable":true,"href":"https:\/\/www.deathrider.shop\/es\/wp-json\/wp\/v2\/product_brand?post=1666"},{"taxonomy":"product_cat","embeddable":true,"href":"https:\/\/www.deathrider.shop\/es\/wp-json\/wp\/v2\/product_cat?post=1666"},{"taxonomy":"product_tag","embeddable":true,"href":"https:\/\/www.deathrider.shop\/es\/wp-json\/wp\/v2\/product_tag?post=1666"}],"curies":[{"name":"wp","href":"https:\/\/api.w.org\/{rel}","templated":true}]}}