{"id":273,"date":"2021-02-03T15:09:48","date_gmt":"2021-02-03T14:09:49","guid":{"rendered":"https:\/\/www.deathrider.shop\/?post_type=product&#038;p=273"},"modified":"2024-09-28T18:46:00","modified_gmt":"2024-09-28T16:46:00","slug":"sudadera-death-rider","status":"publish","type":"product","link":"https:\/\/www.deathrider.shop\/es\/sudadera-death-rider\/","title":{"rendered":"Sudadera Death Rider 1957"},"content":{"rendered":"<p>Una prenda ic\u00f3nica, tan pr\u00e1ctica como moderna, la <strong>sudadera Death Rider<\/strong>, con o sin capucha, siempre est\u00e1 de moda. La sudadera es una prenda democr\u00e1tica, de origen humilde pero que pronto se convirti\u00f3 algo de uso cotidiano. Una pieza que no conoce edad y que se utiliza desde la infancia hasta la edad adulta. Hay sudaderas de diversos materiales y de distintas elaboraciones: desde el algod\u00f3n a la lana pasando por el forro polar, industriales y artesanales, con cremallera, de cuello redondo, de cuello alto, oversize y de alta costura.<br \/>\nPero, \u00bfc\u00f3mo naci\u00f3 la sudadera, cu\u00e1l es la historia de la sudadera?<\/p>\n<h2>Sudadera Death Rider: Una breve historia de la sudadera<\/h2>\n<p>Desde sus inicios, se suele decir que la historia de la sudadera se origin\u00f3 como una prenda t\u00e9cnica, de trabajo, pesada pero c\u00f3moda. A la empresa estadounidense Champion se le atribuye la invenci\u00f3n de la sudadera con capucha, dise\u00f1ada para satisfacer las necesidades de los trabajadores que ten\u00edan que trabajar al aire libre, es decir, en condiciones clim\u00e1ticas desfavorables y con temperaturas fr\u00edas. As\u00ed, la primera sudadera con capucha que cubr\u00eda la cabeza de las inclemencias del tiempo fue creada por Champion en la d\u00e9cada de 1930.<\/p>\n<p>En realidad, la historia de la sudadera con capucha se origin\u00f3 unos diez a\u00f1os antes, cuando Bennie Russell mand\u00f3 fabricar en la f\u00e1brica de su familia en Alabama su\u00e9teres c\u00f3modos que absorb\u00edan el sudor para jugar al f\u00fatbol americano, utilizando un algod\u00f3n muy suave que entonces se utilizaba para la ropa interior femenina.\u00a0A partir del \u00e9xito de la sudadera entre los deportistas, Champion tuvo la idea de la sudadera con capucha. C\u00f3moda y vers\u00e1til, la sudadera con capucha se convirti\u00f3 r\u00e1pidamente en un art\u00edculo de moda entre los j\u00f3venes de la escuela secundaria; las sudaderas con capucha se convirtieron en una prenda de moda entre los chicos.<\/p>\n<h2>Del deporte a la vida urbana<\/h2>\n<p>\u00bfSab\u00edas que las sudaderas no eran originalmente prendas eminentemente deportivas? Esta asimilaci\u00f3n se remonta a los a\u00f1os 30, cuando los atletas comenzaron a usarlas para protegerse del fr\u00edo durante los entrenamientos bajo la lluvia. De ah\u00ed pas\u00f3 a la ciudad gracias a su versatilidad y comodidad. Hasta llegar a la actualidad, donde se ha convertido en una prenda imprescindible.<br \/>\nDurante muchas d\u00e9cadas las sudaderas con mensaje han sido la prenda fetiche de culturas urbanas como el hip-hop, los skaters, los adolescentes y los universitarios. Siempre ligada a una reivindicaci\u00f3n de estilo de vida. Hoy ha conquistado las pasarelas y las grandes marcas de alta costura, que presentan cada temporada nuevos modelos para atraer a los consumidores.<br \/>\nComo prenda de moda y con estilo, las sudaderas de algod\u00f3n originales se han convertido en un accesorio con el que construir un outfit m\u00e1s personal. Han traspasado los l\u00edmites de la moda masculina, con modelos unisex y cortes m\u00e1s femeninos.<\/p>\n<p>Durante los a\u00f1os 60 y 70, la sudadera con capucha se convirti\u00f3 en el icono de una generaci\u00f3n, un s\u00edmbolo de inconformismo o incluso de rebeld\u00eda social: desde los escritores (que la llevaban para cubrirse la cara mientras hac\u00edan grafitis) hasta los skaters, pasando por los bailarines de breakdance y la cultura del hip-hop, hasta los raperos de los a\u00f1os 90.\u00a0La historia de la sudadera es, por tanto, la historia de la evoluci\u00f3n de una prenda t\u00e9cnica, deportiva o de trabajo, en cualquier caso una prenda creada con fines no directamente vinculados a la industria de la moda, como fue el caso de los vaqueros.<\/p>\n<h2>Especificaciones<\/h2>\n<p>El corte de la <strong>sudadera Death Rider<\/strong> es cl\u00e1sico, y tiene goma el\u00e1stica en la cintura y los pu\u00f1os para un mejor ajuste.<br \/>\nEsta sudadera rinde homenaje al legado de los motociclistas con una gran calavera estampada.<br \/>\nSe ha confeccionado en tejido polar de algod\u00f3n org\u00e1nico para un tacto m\u00e1s suave.<br \/>\nUn corte cl\u00e1sico que se adapta al cuerpo de forma c\u00f3moda. Cuello redondo acanalado. Mangas largas con pu\u00f1os de canal\u00e9.<\/p>\n","protected":false},"excerpt":{"rendered":"<p>Fabricada con un suave tejido polar, la sudadera Death Rider ofrece una comodidad cl\u00e1sica con un atrevido estilo callejero.<br \/>\nLos estampados de calaveras en la parte trasera de la prenda y el logotipo en la parte delantera proporcionan un aspecto premium y elegante.<br \/>\nSudadera Death Rider 1957 estampados de alto contraste para a\u00f1adir un estilo agresivo y llamativo.<\/p>\n","protected":false},"featured_media":2649,"comment_status":"open","ping_status":"closed","template":"","meta":[],"product_brand":[],"product_cat":[116],"product_tag":[],"class_list":{"0":"post-273","1":"product","2":"type-product","3":"status-publish","4":"has-post-thumbnail","6":"product_cat-sudaderas","8":"first","9":"instock","10":"taxable","11":"shipping-taxable","12":"purchasable","13":"product-type-variable"},"yoast_head":"<!-- This site is optimized with the Yoast SEO plugin v26.1.1 - https:\/\/yoast.com\/wordpress\/plugins\/seo\/ -->\n<title>Sudadera Death Rider - Death Rider 1957<\/title>\n<meta name=\"description\" content=\"Sudadera Death Rider, 100% algod\u00f3n org\u00e1nico. Corte Regular Fit, detalle de calavera en la espalda y logo frontal. Estilo y comodidad a tu alcance\" \/>\n<meta name=\"robots\" content=\"index, follow, max-snippet:-1, max-image-preview:large, max-video-preview:-1\" \/>\n<link rel=\"canonical\" href=\"https:\/\/www.deathrider.shop\/es\/sudadera-death-rider\/\" \/>\n<meta property=\"og:locale\" content=\"es_ES\" \/>\n<meta property=\"og:type\" content=\"article\" \/>\n<meta property=\"og:title\" content=\"Sudadera Death Rider - Death Rider 1957\" \/>\n<meta property=\"og:description\" content=\"Sudadera Death Rider, 100% algod\u00f3n org\u00e1nico. Corte Regular Fit, detalle de calavera en la espalda y logo frontal. Estilo y comodidad a tu alcance\" \/>\n<meta property=\"og:url\" content=\"https:\/\/www.deathrider.shop\/es\/sudadera-death-rider\/\" \/>\n<meta property=\"og:site_name\" content=\"Death Rider 1957\" \/>\n<meta property=\"article:modified_time\" content=\"2024-09-28T16:46:00+00:00\" \/>\n<meta name=\"twitter:card\" content=\"summary_large_image\" \/>\n<meta name=\"twitter:label1\" content=\"Tiempo de lectura\" \/>\n\t<meta name=\"twitter:data1\" content=\"3 minutos\" \/>\n<script type=\"application\/ld+json\" class=\"yoast-schema-graph\">{\"@context\":\"https:\/\/schema.org\",\"@graph\":[{\"@type\":\"WebPage\",\"@id\":\"https:\/\/www.deathrider.shop\/es\/sudadera-death-rider\/\",\"url\":\"https:\/\/www.deathrider.shop\/es\/sudadera-death-rider\/\",\"name\":\"Sudadera Death Rider - Death Rider 1957\",\"isPartOf\":{\"@id\":\"https:\/\/www.deathrider.shop\/#website\"},\"primaryImageOfPage\":{\"@id\":\"https:\/\/www.deathrider.shop\/es\/sudadera-death-rider\/#primaryimage\"},\"image\":{\"@id\":\"https:\/\/www.deathrider.shop\/es\/sudadera-death-rider\/#primaryimage\"},\"thumbnailUrl\":\"https:\/\/www.deathrider.shop\/wp-content\/uploads\/2021\/02\/death-rider-sweatshirt-rear-2.jpg\",\"datePublished\":\"2021-02-03T14:09:49+00:00\",\"dateModified\":\"2024-09-28T16:46:00+00:00\",\"description\":\"Sudadera Death Rider, 100% algod\u00f3n org\u00e1nico. Corte Regular Fit, detalle de calavera en la espalda y logo frontal. Estilo y comodidad a tu alcance\",\"breadcrumb\":{\"@id\":\"https:\/\/www.deathrider.shop\/es\/sudadera-death-rider\/#breadcrumb\"},\"inLanguage\":\"es\",\"potentialAction\":[{\"@type\":\"ReadAction\",\"target\":[\"https:\/\/www.deathrider.shop\/es\/sudadera-death-rider\/\"]}]},{\"@type\":\"ImageObject\",\"inLanguage\":\"es\",\"@id\":\"https:\/\/www.deathrider.shop\/es\/sudadera-death-rider\/#primaryimage\",\"url\":\"https:\/\/www.deathrider.shop\/wp-content\/uploads\/2021\/02\/death-rider-sweatshirt-rear-2.jpg\",\"contentUrl\":\"https:\/\/www.deathrider.shop\/wp-content\/uploads\/2021\/02\/death-rider-sweatshirt-rear-2.jpg\",\"width\":1024,\"height\":1024,\"caption\":\"Death Rider 1957 Sweatshirt - Rear\"},{\"@type\":\"BreadcrumbList\",\"@id\":\"https:\/\/www.deathrider.shop\/es\/sudadera-death-rider\/#breadcrumb\",\"itemListElement\":[{\"@type\":\"ListItem\",\"position\":1,\"name\":\"Home\",\"item\":\"https:\/\/www.deathrider.shop\/es\/death-rider-1957\/\"},{\"@type\":\"ListItem\",\"position\":2,\"name\":\"Tienda\",\"item\":\"https:\/\/www.deathrider.shop\/es\/tienda\/\"},{\"@type\":\"ListItem\",\"position\":3,\"name\":\"Sudadera Death Rider 1957\"}]},{\"@type\":\"WebSite\",\"@id\":\"https:\/\/www.deathrider.shop\/#website\",\"url\":\"https:\/\/www.deathrider.shop\/\",\"name\":\"Death Rider 1957\",\"description\":\"Ropa Urbana y Motera para \\\"Bad Ass\\\"\",\"publisher\":{\"@id\":\"https:\/\/www.deathrider.shop\/#organization\"},\"potentialAction\":[{\"@type\":\"SearchAction\",\"target\":{\"@type\":\"EntryPoint\",\"urlTemplate\":\"https:\/\/www.deathrider.shop\/?s={search_term_string}\"},\"query-input\":{\"@type\":\"PropertyValueSpecification\",\"valueRequired\":true,\"valueName\":\"search_term_string\"}}],\"inLanguage\":\"es\"},{\"@type\":\"Organization\",\"@id\":\"https:\/\/www.deathrider.shop\/#organization\",\"name\":\"Death Rider\",\"url\":\"https:\/\/www.deathrider.shop\/\",\"logo\":{\"@type\":\"ImageObject\",\"inLanguage\":\"es\",\"@id\":\"https:\/\/www.deathrider.shop\/#\/schema\/logo\/image\/\",\"url\":\"\",\"contentUrl\":\"\",\"caption\":\"Death Rider\"},\"image\":{\"@id\":\"https:\/\/www.deathrider.shop\/#\/schema\/logo\/image\/\"}}]}<\/script>\n<!-- \/ Yoast SEO plugin. -->","yoast_head_json":{"title":"Sudadera Death Rider - Death Rider 1957","description":"Sudadera Death Rider, 100% algod\u00f3n org\u00e1nico. Corte Regular Fit, detalle de calavera en la espalda y logo frontal. Estilo y comodidad a tu alcance","robots":{"index":"index","follow":"follow","max-snippet":"max-snippet:-1","max-image-preview":"max-image-preview:large","max-video-preview":"max-video-preview:-1"},"canonical":"https:\/\/www.deathrider.shop\/es\/sudadera-death-rider\/","og_locale":"es_ES","og_type":"article","og_title":"Sudadera Death Rider - Death Rider 1957","og_description":"Sudadera Death Rider, 100% algod\u00f3n org\u00e1nico. Corte Regular Fit, detalle de calavera en la espalda y logo frontal. Estilo y comodidad a tu alcance","og_url":"https:\/\/www.deathrider.shop\/es\/sudadera-death-rider\/","og_site_name":"Death Rider 1957","article_modified_time":"2024-09-28T16:46:00+00:00","twitter_card":"summary_large_image","twitter_misc":{"Tiempo de lectura":"3 minutos"},"schema":{"@context":"https:\/\/schema.org","@graph":[{"@type":"WebPage","@id":"https:\/\/www.deathrider.shop\/es\/sudadera-death-rider\/","url":"https:\/\/www.deathrider.shop\/es\/sudadera-death-rider\/","name":"Sudadera Death Rider - Death Rider 1957","isPartOf":{"@id":"https:\/\/www.deathrider.shop\/#website"},"primaryImageOfPage":{"@id":"https:\/\/www.deathrider.shop\/es\/sudadera-death-rider\/#primaryimage"},"image":{"@id":"https:\/\/www.deathrider.shop\/es\/sudadera-death-rider\/#primaryimage"},"thumbnailUrl":"https:\/\/www.deathrider.shop\/wp-content\/uploads\/2021\/02\/death-rider-sweatshirt-rear-2.jpg","datePublished":"2021-02-03T14:09:49+00:00","dateModified":"2024-09-28T16:46:00+00:00","description":"Sudadera Death Rider, 100% algod\u00f3n org\u00e1nico. Corte Regular Fit, detalle de calavera en la espalda y logo frontal. Estilo y comodidad a tu alcance","breadcrumb":{"@id":"https:\/\/www.deathrider.shop\/es\/sudadera-death-rider\/#breadcrumb"},"inLanguage":"es","potentialAction":[{"@type":"ReadAction","target":["https:\/\/www.deathrider.shop\/es\/sudadera-death-rider\/"]}]},{"@type":"ImageObject","inLanguage":"es","@id":"https:\/\/www.deathrider.shop\/es\/sudadera-death-rider\/#primaryimage","url":"https:\/\/www.deathrider.shop\/wp-content\/uploads\/2021\/02\/death-rider-sweatshirt-rear-2.jpg","contentUrl":"https:\/\/www.deathrider.shop\/wp-content\/uploads\/2021\/02\/death-rider-sweatshirt-rear-2.jpg","width":1024,"height":1024,"caption":"Death Rider 1957 Sweatshirt - Rear"},{"@type":"BreadcrumbList","@id":"https:\/\/www.deathrider.shop\/es\/sudadera-death-rider\/#breadcrumb","itemListElement":[{"@type":"ListItem","position":1,"name":"Home","item":"https:\/\/www.deathrider.shop\/es\/death-rider-1957\/"},{"@type":"ListItem","position":2,"name":"Tienda","item":"https:\/\/www.deathrider.shop\/es\/tienda\/"},{"@type":"ListItem","position":3,"name":"Sudadera Death Rider 1957"}]},{"@type":"WebSite","@id":"https:\/\/www.deathrider.shop\/#website","url":"https:\/\/www.deathrider.shop\/","name":"Death Rider 1957","description":"Ropa Urbana y Motera para \"Bad Ass\"","publisher":{"@id":"https:\/\/www.deathrider.shop\/#organization"},"potentialAction":[{"@type":"SearchAction","target":{"@type":"EntryPoint","urlTemplate":"https:\/\/www.deathrider.shop\/?s={search_term_string}"},"query-input":{"@type":"PropertyValueSpecification","valueRequired":true,"valueName":"search_term_string"}}],"inLanguage":"es"},{"@type":"Organization","@id":"https:\/\/www.deathrider.shop\/#organization","name":"Death Rider","url":"https:\/\/www.deathrider.shop\/","logo":{"@type":"ImageObject","inLanguage":"es","@id":"https:\/\/www.deathrider.shop\/#\/schema\/logo\/image\/","url":"","contentUrl":"","caption":"Death Rider"},"image":{"@id":"https:\/\/www.deathrider.shop\/#\/schema\/logo\/image\/"}}]}},"_links":{"self":[{"href":"https:\/\/www.deathrider.shop\/es\/wp-json\/wp\/v2\/product\/273","targetHints":{"allow":["GET"]}}],"collection":[{"href":"https:\/\/www.deathrider.shop\/es\/wp-json\/wp\/v2\/product"}],"about":[{"href":"https:\/\/www.deathrider.shop\/es\/wp-json\/wp\/v2\/types\/product"}],"replies":[{"embeddable":true,"href":"https:\/\/www.deathrider.shop\/es\/wp-json\/wp\/v2\/comments?post=273"}],"wp:featuredmedia":[{"embeddable":true,"href":"https:\/\/www.deathrider.shop\/es\/wp-json\/wp\/v2\/media\/2649"}],"wp:attachment":[{"href":"https:\/\/www.deathrider.shop\/es\/wp-json\/wp\/v2\/media?parent=273"}],"wp:term":[{"taxonomy":"product_brand","embeddable":true,"href":"https:\/\/www.deathrider.shop\/es\/wp-json\/wp\/v2\/product_brand?post=273"},{"taxonomy":"product_cat","embeddable":true,"href":"https:\/\/www.deathrider.shop\/es\/wp-json\/wp\/v2\/product_cat?post=273"},{"taxonomy":"product_tag","embeddable":true,"href":"https:\/\/www.deathrider.shop\/es\/wp-json\/wp\/v2\/product_tag?post=273"}],"curies":[{"name":"wp","href":"https:\/\/api.w.org\/{rel}","templated":true}]}}