{"id":2860,"date":"2021-12-22T15:42:49","date_gmt":"2021-12-22T14:42:32","guid":{"rendered":"https:\/\/www.deathrider.shop\/?post_type=product&#038;p=2860"},"modified":"2021-12-22T15:42:32","modified_gmt":"2021-12-22T14:42:32","slug":"sudadera-con-capucha-death-rider-pussy-beer","status":"publish","type":"product","link":"https:\/\/www.deathrider.shop\/es\/sudadera-con-capucha-death-rider-pussy-beer\/","title":{"rendered":"Sudadera con capucha Death Rider \u00abPussy &#038; Beer\u00bb"},"content":{"rendered":"<h1><strong>Sudadera con capucha Death Rider \u00abPussy &amp; Beer\u00bb<\/strong><\/h1>\n<div>\u00bfEst\u00e1s siempre buscando una prenda que pueda a\u00f1adir ese elemento de moda a tu armario? Est\u00e1s en el lugar correcto! En Death Rider 1957, puedes encontrar elementos para llevar tu apariencia al siguiente nivel. \u00bfCual es tu estilo? Si te apetece el streetwear, \u00e9chale un vistazo a esta sudadera con capucha de Death Rider \u00abPussy &amp; Beer\u00bb. \u00a1No te lo puedes perder! Una sudadera con capucha es una pieza perfecta para tu atuendo urbano. Est\u00e1n de moda y de moda en el entorno de la moda actual. Es una pieza imprescindible y nunca pasar\u00e1 de moda. Hoy en d\u00eda, se encuentra entre las prendas m\u00e1s gastadas, significativamente porque el estilo streetwear est\u00e1 creciendo cada vez m\u00e1s. Las sudaderas con capucha te hacen sentir c\u00f3modo mientras te mantienen abrigado tambi\u00e9n durante los meses m\u00e1s fr\u00edos y mantienen tu moda al mismo tiempo.<\/div>\n<div><\/div>\n<h1><strong>La ilustraci\u00f3n de la sudadera con capucha.<\/strong><\/h1>\n<div><\/div>\n<div>Hay muchos dise\u00f1os para sudaderas con capucha. Esta prenda se puede personalizar para que sea tuya o puedes encontrar la perfecta que combine con tu personalidad y estilo. \u00a1Pueden adaptarse a todos! Puede ser de un color espec\u00edfico, un tama\u00f1o m\u00e1s grande, un logotipo en particular, hay varias formas de cambiarlo y tener una sudadera con capucha genial. La ilustraci\u00f3n es una de esas formas. Death Rider \u00abPussy &amp; Beer\u00bb &#8211; La sudadera con capucha tiene una ilustraci\u00f3n \u00fanica que ha sido hecha por un ilustrador profesional solo para nuestra marca.<\/div>\n<div><\/div>\n<div>Si quieres una sudadera con capucha sarc\u00e1stica y a la vez a la moda, esto es exactamente lo que est\u00e1s buscando. \u00abPussy and beer\u00bb, \u00a1es una forma ir\u00f3nica y honesta de expresarse! La moda tambi\u00e9n es una forma que te ayuda a no tomarte todo tan en serio, \u00a1as\u00ed que atr\u00e9vete y viste lo que te gusta! Aplicamos el logo con la mejor t\u00e9cnica, por lo que durar\u00e1 mucho y quedar\u00e1 perfecto.<\/div>\n<div><\/div>\n<h1><strong>M\u00e1s detalles de este art\u00edculo<\/strong><\/h1>\n<div><\/div>\n<div>Todos nuestros productos est\u00e1n elaborados con mimo y gran atenci\u00f3n al detalle. Siempre seleccionamos solo material de alta calidad para cada art\u00edculo que puede encontrar en nuestro comercio electr\u00f3nico. Elegimos algod\u00f3n 100% org\u00e1nico para la producci\u00f3n de esta sudadera con capucha. Este material aportar\u00e1 comodidad y durabilidad a esta pieza. \u00bfEntonces, Qu\u00e9 esperas? Agr\u00e9galo a tu carrito y c\u00f3mpralo, pronto recibir\u00e1s tu propia sudadera con capucha Death Rider \u00abPussy &amp; Beer\u00bb. Cuando llegue el momento de seleccionar su talla, le recomendamos que elija una m\u00e1s grande que la habitual. Una vez lo tengas y necesites lavarlo, es mejor elegir los programas de la lavadora con menor temperatura. Adem\u00e1s, \u00bfsuele planchar toda la ropa? Bueno, en este caso, para mantener la ilustraci\u00f3n perfecta, hazlo del rev\u00e9s o no directamente sobre ella.<\/div>\n","protected":false},"excerpt":{"rendered":"<p>Death Rider \u00ab<strong>Pussy &amp; Beer<\/strong>\u00ab: la sudadera con capucha le dar\u00e1 ese toque extra a tu <strong>look urbano<\/strong>. Esta prenda te har\u00e1 sentir c\u00f3modo y a la vez a la moda. Con su ilustraci\u00f3n sarc\u00e1stica y muy directa, te har\u00e1 destacar entre la multitud. Fabricado con material de alta calidad, durar\u00e1 mucho.<\/p>\n","protected":false},"featured_media":2846,"comment_status":"open","ping_status":"closed","template":"","meta":[],"product_brand":[],"product_cat":[116],"product_tag":[],"class_list":{"0":"post-2860","1":"product","2":"type-product","3":"status-publish","4":"has-post-thumbnail","6":"product_cat-sudaderas","8":"first","9":"instock","10":"taxable","11":"shipping-taxable","12":"purchasable","13":"product-type-variable"},"yoast_head":"<!-- This site is optimized with the Yoast SEO plugin v26.1.1 - https:\/\/yoast.com\/wordpress\/plugins\/seo\/ -->\n<title>Sudadera con capucha Death Rider &quot;Pussy &amp; Beer&quot; - Death Rider 1957<\/title>\n<meta name=\"description\" content=\"Death Rider &quot;Pussy &amp; Beer&quot; - La sudadera con capucha es una prenda que no puede faltar en tu armario,sobretodo si te gusta el estilo urbano.\" \/>\n<meta name=\"robots\" content=\"index, follow, max-snippet:-1, max-image-preview:large, max-video-preview:-1\" \/>\n<link rel=\"canonical\" href=\"https:\/\/www.deathrider.shop\/es\/sudadera-con-capucha-death-rider-pussy-beer\/\" \/>\n<meta property=\"og:locale\" content=\"es_ES\" \/>\n<meta property=\"og:type\" content=\"article\" \/>\n<meta property=\"og:title\" content=\"Sudadera con capucha Death Rider &quot;Pussy &amp; Beer&quot; - Death Rider 1957\" \/>\n<meta property=\"og:description\" content=\"Death Rider &quot;Pussy &amp; Beer&quot; - La sudadera con capucha es una prenda que no puede faltar en tu armario,sobretodo si te gusta el estilo urbano.\" \/>\n<meta property=\"og:url\" content=\"https:\/\/www.deathrider.shop\/es\/sudadera-con-capucha-death-rider-pussy-beer\/\" \/>\n<meta property=\"og:site_name\" content=\"Death Rider 1957\" \/>\n<meta property=\"og:image\" content=\"https:\/\/www.deathrider.shop\/wp-content\/uploads\/2021\/12\/death-rider-pussy-beer-hoodie-rear.jpg\" \/>\n\t<meta property=\"og:image:width\" content=\"1024\" \/>\n\t<meta property=\"og:image:height\" content=\"1024\" \/>\n\t<meta property=\"og:image:type\" content=\"image\/jpeg\" \/>\n<meta name=\"twitter:card\" content=\"summary_large_image\" \/>\n<meta name=\"twitter:label1\" content=\"Tiempo de lectura\" \/>\n\t<meta name=\"twitter:data1\" content=\"2 minutos\" \/>\n<script type=\"application\/ld+json\" class=\"yoast-schema-graph\">{\"@context\":\"https:\/\/schema.org\",\"@graph\":[{\"@type\":\"WebPage\",\"@id\":\"https:\/\/www.deathrider.shop\/es\/sudadera-con-capucha-death-rider-pussy-beer\/\",\"url\":\"https:\/\/www.deathrider.shop\/es\/sudadera-con-capucha-death-rider-pussy-beer\/\",\"name\":\"Sudadera con capucha Death Rider \\\"Pussy & Beer\\\" - Death Rider 1957\",\"isPartOf\":{\"@id\":\"https:\/\/www.deathrider.shop\/#website\"},\"primaryImageOfPage\":{\"@id\":\"https:\/\/www.deathrider.shop\/es\/sudadera-con-capucha-death-rider-pussy-beer\/#primaryimage\"},\"image\":{\"@id\":\"https:\/\/www.deathrider.shop\/es\/sudadera-con-capucha-death-rider-pussy-beer\/#primaryimage\"},\"thumbnailUrl\":\"https:\/\/www.deathrider.shop\/wp-content\/uploads\/2021\/12\/death-rider-pussy-beer-hoodie-rear.jpg\",\"datePublished\":\"2021-12-22T14:42:32+00:00\",\"description\":\"Death Rider \\\"Pussy & Beer\\\" - La sudadera con capucha es una prenda que no puede faltar en tu armario,sobretodo si te gusta el estilo urbano.\",\"breadcrumb\":{\"@id\":\"https:\/\/www.deathrider.shop\/es\/sudadera-con-capucha-death-rider-pussy-beer\/#breadcrumb\"},\"inLanguage\":\"es\",\"potentialAction\":[{\"@type\":\"ReadAction\",\"target\":[\"https:\/\/www.deathrider.shop\/es\/sudadera-con-capucha-death-rider-pussy-beer\/\"]}]},{\"@type\":\"ImageObject\",\"inLanguage\":\"es\",\"@id\":\"https:\/\/www.deathrider.shop\/es\/sudadera-con-capucha-death-rider-pussy-beer\/#primaryimage\",\"url\":\"https:\/\/www.deathrider.shop\/wp-content\/uploads\/2021\/12\/death-rider-pussy-beer-hoodie-rear.jpg\",\"contentUrl\":\"https:\/\/www.deathrider.shop\/wp-content\/uploads\/2021\/12\/death-rider-pussy-beer-hoodie-rear.jpg\",\"width\":1024,\"height\":1024,\"caption\":\"Death Rider \\\"Pussy & Beer\\\" - Hoodie - Rear\"},{\"@type\":\"BreadcrumbList\",\"@id\":\"https:\/\/www.deathrider.shop\/es\/sudadera-con-capucha-death-rider-pussy-beer\/#breadcrumb\",\"itemListElement\":[{\"@type\":\"ListItem\",\"position\":1,\"name\":\"Home\",\"item\":\"https:\/\/www.deathrider.shop\/es\/death-rider-1957\/\"},{\"@type\":\"ListItem\",\"position\":2,\"name\":\"Tienda\",\"item\":\"https:\/\/www.deathrider.shop\/es\/tienda\/\"},{\"@type\":\"ListItem\",\"position\":3,\"name\":\"Sudadera con capucha Death Rider \u00abPussy &#038; Beer\u00bb\"}]},{\"@type\":\"WebSite\",\"@id\":\"https:\/\/www.deathrider.shop\/#website\",\"url\":\"https:\/\/www.deathrider.shop\/\",\"name\":\"Death Rider 1957\",\"description\":\"Ropa Urbana y Motera para \\\"Bad Ass\\\"\",\"publisher\":{\"@id\":\"https:\/\/www.deathrider.shop\/#organization\"},\"potentialAction\":[{\"@type\":\"SearchAction\",\"target\":{\"@type\":\"EntryPoint\",\"urlTemplate\":\"https:\/\/www.deathrider.shop\/?s={search_term_string}\"},\"query-input\":{\"@type\":\"PropertyValueSpecification\",\"valueRequired\":true,\"valueName\":\"search_term_string\"}}],\"inLanguage\":\"es\"},{\"@type\":\"Organization\",\"@id\":\"https:\/\/www.deathrider.shop\/#organization\",\"name\":\"Death Rider\",\"url\":\"https:\/\/www.deathrider.shop\/\",\"logo\":{\"@type\":\"ImageObject\",\"inLanguage\":\"es\",\"@id\":\"https:\/\/www.deathrider.shop\/#\/schema\/logo\/image\/\",\"url\":\"\",\"contentUrl\":\"\",\"caption\":\"Death Rider\"},\"image\":{\"@id\":\"https:\/\/www.deathrider.shop\/#\/schema\/logo\/image\/\"}}]}<\/script>\n<!-- \/ Yoast SEO plugin. -->","yoast_head_json":{"title":"Sudadera con capucha Death Rider \"Pussy & Beer\" - Death Rider 1957","description":"Death Rider \"Pussy & Beer\" - La sudadera con capucha es una prenda que no puede faltar en tu armario,sobretodo si te gusta el estilo urbano.","robots":{"index":"index","follow":"follow","max-snippet":"max-snippet:-1","max-image-preview":"max-image-preview:large","max-video-preview":"max-video-preview:-1"},"canonical":"https:\/\/www.deathrider.shop\/es\/sudadera-con-capucha-death-rider-pussy-beer\/","og_locale":"es_ES","og_type":"article","og_title":"Sudadera con capucha Death Rider \"Pussy & Beer\" - Death Rider 1957","og_description":"Death Rider \"Pussy & Beer\" - La sudadera con capucha es una prenda que no puede faltar en tu armario,sobretodo si te gusta el estilo urbano.","og_url":"https:\/\/www.deathrider.shop\/es\/sudadera-con-capucha-death-rider-pussy-beer\/","og_site_name":"Death Rider 1957","og_image":[{"width":1024,"height":1024,"url":"https:\/\/www.deathrider.shop\/wp-content\/uploads\/2021\/12\/death-rider-pussy-beer-hoodie-rear.jpg","type":"image\/jpeg"}],"twitter_card":"summary_large_image","twitter_misc":{"Tiempo de lectura":"2 minutos"},"schema":{"@context":"https:\/\/schema.org","@graph":[{"@type":"WebPage","@id":"https:\/\/www.deathrider.shop\/es\/sudadera-con-capucha-death-rider-pussy-beer\/","url":"https:\/\/www.deathrider.shop\/es\/sudadera-con-capucha-death-rider-pussy-beer\/","name":"Sudadera con capucha Death Rider \"Pussy & Beer\" - Death Rider 1957","isPartOf":{"@id":"https:\/\/www.deathrider.shop\/#website"},"primaryImageOfPage":{"@id":"https:\/\/www.deathrider.shop\/es\/sudadera-con-capucha-death-rider-pussy-beer\/#primaryimage"},"image":{"@id":"https:\/\/www.deathrider.shop\/es\/sudadera-con-capucha-death-rider-pussy-beer\/#primaryimage"},"thumbnailUrl":"https:\/\/www.deathrider.shop\/wp-content\/uploads\/2021\/12\/death-rider-pussy-beer-hoodie-rear.jpg","datePublished":"2021-12-22T14:42:32+00:00","description":"Death Rider \"Pussy & Beer\" - La sudadera con capucha es una prenda que no puede faltar en tu armario,sobretodo si te gusta el estilo urbano.","breadcrumb":{"@id":"https:\/\/www.deathrider.shop\/es\/sudadera-con-capucha-death-rider-pussy-beer\/#breadcrumb"},"inLanguage":"es","potentialAction":[{"@type":"ReadAction","target":["https:\/\/www.deathrider.shop\/es\/sudadera-con-capucha-death-rider-pussy-beer\/"]}]},{"@type":"ImageObject","inLanguage":"es","@id":"https:\/\/www.deathrider.shop\/es\/sudadera-con-capucha-death-rider-pussy-beer\/#primaryimage","url":"https:\/\/www.deathrider.shop\/wp-content\/uploads\/2021\/12\/death-rider-pussy-beer-hoodie-rear.jpg","contentUrl":"https:\/\/www.deathrider.shop\/wp-content\/uploads\/2021\/12\/death-rider-pussy-beer-hoodie-rear.jpg","width":1024,"height":1024,"caption":"Death Rider \"Pussy & Beer\" - Hoodie - Rear"},{"@type":"BreadcrumbList","@id":"https:\/\/www.deathrider.shop\/es\/sudadera-con-capucha-death-rider-pussy-beer\/#breadcrumb","itemListElement":[{"@type":"ListItem","position":1,"name":"Home","item":"https:\/\/www.deathrider.shop\/es\/death-rider-1957\/"},{"@type":"ListItem","position":2,"name":"Tienda","item":"https:\/\/www.deathrider.shop\/es\/tienda\/"},{"@type":"ListItem","position":3,"name":"Sudadera con capucha Death Rider \u00abPussy &#038; Beer\u00bb"}]},{"@type":"WebSite","@id":"https:\/\/www.deathrider.shop\/#website","url":"https:\/\/www.deathrider.shop\/","name":"Death Rider 1957","description":"Ropa Urbana y Motera para \"Bad Ass\"","publisher":{"@id":"https:\/\/www.deathrider.shop\/#organization"},"potentialAction":[{"@type":"SearchAction","target":{"@type":"EntryPoint","urlTemplate":"https:\/\/www.deathrider.shop\/?s={search_term_string}"},"query-input":{"@type":"PropertyValueSpecification","valueRequired":true,"valueName":"search_term_string"}}],"inLanguage":"es"},{"@type":"Organization","@id":"https:\/\/www.deathrider.shop\/#organization","name":"Death Rider","url":"https:\/\/www.deathrider.shop\/","logo":{"@type":"ImageObject","inLanguage":"es","@id":"https:\/\/www.deathrider.shop\/#\/schema\/logo\/image\/","url":"","contentUrl":"","caption":"Death Rider"},"image":{"@id":"https:\/\/www.deathrider.shop\/#\/schema\/logo\/image\/"}}]}},"_links":{"self":[{"href":"https:\/\/www.deathrider.shop\/es\/wp-json\/wp\/v2\/product\/2860","targetHints":{"allow":["GET"]}}],"collection":[{"href":"https:\/\/www.deathrider.shop\/es\/wp-json\/wp\/v2\/product"}],"about":[{"href":"https:\/\/www.deathrider.shop\/es\/wp-json\/wp\/v2\/types\/product"}],"replies":[{"embeddable":true,"href":"https:\/\/www.deathrider.shop\/es\/wp-json\/wp\/v2\/comments?post=2860"}],"wp:featuredmedia":[{"embeddable":true,"href":"https:\/\/www.deathrider.shop\/es\/wp-json\/wp\/v2\/media\/2846"}],"wp:attachment":[{"href":"https:\/\/www.deathrider.shop\/es\/wp-json\/wp\/v2\/media?parent=2860"}],"wp:term":[{"taxonomy":"product_brand","embeddable":true,"href":"https:\/\/www.deathrider.shop\/es\/wp-json\/wp\/v2\/product_brand?post=2860"},{"taxonomy":"product_cat","embeddable":true,"href":"https:\/\/www.deathrider.shop\/es\/wp-json\/wp\/v2\/product_cat?post=2860"},{"taxonomy":"product_tag","embeddable":true,"href":"https:\/\/www.deathrider.shop\/es\/wp-json\/wp\/v2\/product_tag?post=2860"}],"curies":[{"name":"wp","href":"https:\/\/api.w.org\/{rel}","templated":true}]}}