{"id":3407,"date":"2021-02-03T12:08:06","date_gmt":"2022-02-07T19:30:56","guid":{"rendered":"https:\/\/www.deathrider.shop\/?post_type=product&#038;p=3407"},"modified":"2023-03-12T15:59:43","modified_gmt":"2023-03-12T14:59:43","slug":"llavero-death-rider-1957-death-rider","status":"publish","type":"product","link":"https:\/\/www.deathrider.shop\/es\/llavero-death-rider-1957-death-rider\/","title":{"rendered":"Llavero \u00abDeath Rider 1957\u00bb Death Rider"},"content":{"rendered":"<p><strong>Llavero-Tela Death Rider 1957<\/strong><\/p>\n<p>Si eres un apasionado de las motos seguro que apreciar\u00e1s este Llavero-Tejido \u00abDeath Rider 1957\u00bb, un accesorio perfecto para guardar tus llaves de forma segura. En primer lugar, el llavero debe ser un objeto pr\u00e1ctico y funcional, pero nuestro llavero de tela \u00ab<strong>Death Rider 1957<\/strong>\u00bb tambi\u00e9n agregar\u00e1 un toque elegante a la conveniencia. Es un llavero resistente a los ara\u00f1azos, ligero y manejable. Es dif\u00edcil de tocar y cuidadosamente elaborado. Uno de los problemas m\u00e1s familiares para los motociclistas es el da\u00f1o al \u00e1rea del llavero debido a que las llaves se mueven y rayan todo. Es por eso que nuestro producto est\u00e1 hecho de tela.<\/p>\n<p><strong>Identifica tus llaves<\/strong><\/p>\n<p>Hecho de material y costuras de calidad, si est\u00e1 buscando algo que pueda identificar f\u00e1cilmente una llave para un equipo, \u00a1ah\u00ed lo tiene! El llavero \u00abDeath Rider 1957\u00bb &#8211; La tela es s\u00f3lida y est\u00e1 bien hecha. Se trata de un equipo resistente, dise\u00f1ado para soportar un trato rudo. Cualquiera apreciar\u00eda el desgaste y la parte trasera que pueden soportar. Esta es la soluci\u00f3n perfecta y no voluminosa para que las llaves sean m\u00e1s f\u00e1ciles de encontrar y ver. Es m\u00e1s, ni siquiera lo notas en tu bolsillo.<\/p>\n<p>Disfruta de la divertida palabrer\u00eda de la etiqueta. Despu\u00e9s de todo, puede usarlos para las llaves de la motocicleta o simplemente para recoger f\u00e1cilmente algo especial. Bonificaci\u00f3n adicional, no raya la pintura, el tanque o el tablero. Debido a su tama\u00f1o, el viento las hace volar por lo que puedes andar sin preocuparte de que no cuelguen y toquen un motor caliente o similar. A destacar el bordado, que es minucioso y el tejido, grueso y duradero. Es muy elegante, fuerte y seguro con un anillo partido plano de metal y un remache de metal para su tiempo de paz total. Por \u00faltimo, pero no menos importante, muestra las caracter\u00edsticas tradicionales de la \u00abvieja escuela\u00bb para que pueda estar seguro de que el dise\u00f1o no se borrar\u00e1.<\/p>\n<p><strong>Especificaciones:<\/strong><\/p>\n<p>Longitud de la placa de tela de aproximadamente 2 pulgadas (5 cm).<br \/>\nLongitud total con anillo de aproximadamente 2,5 pulgadas (6 cm).<\/p>\n<p>\u00danico y no producido en masa.<\/p>\n","protected":false},"excerpt":{"rendered":"<p>Como parte de los accesorios exclusivos para motos, este llavero <strong>Death Rider 1957<\/strong> es la opci\u00f3n perfecta para destacar entre la multitud.<br \/>\nPr\u00e1ctico y elegante, nunca m\u00e1s perder\u00e1 sus llaves.<br \/>\nAdem\u00e1s, se destacar\u00e1 entre la multitud con su dise\u00f1o y <strong>mensaje \u00fanicos<\/strong>.<\/p>\n","protected":false},"featured_media":252,"comment_status":"open","ping_status":"closed","template":"","meta":[],"product_brand":[],"product_cat":[120],"product_tag":[],"class_list":{"0":"post-3407","1":"product","2":"type-product","3":"status-publish","4":"has-post-thumbnail","6":"product_cat-parches-merchandising","8":"first","9":"outofstock","10":"taxable","11":"shipping-taxable","12":"purchasable","13":"product-type-simple"},"yoast_head":"<!-- This site is optimized with the Yoast SEO plugin v26.1.1 - https:\/\/yoast.com\/wordpress\/plugins\/seo\/ -->\n<title>Llavero &quot;Death Rider 1957&quot; Death Rider - Death Rider 1957<\/title>\n<meta name=\"description\" content=\"Llavero &quot;Death Rider 1957&quot; - Tela, tu llavero elegante y seguro. Llaveros de moto y accesorios para bicicletas, DeathRider.Shop\" \/>\n<meta name=\"robots\" content=\"index, follow, max-snippet:-1, max-image-preview:large, max-video-preview:-1\" \/>\n<link rel=\"canonical\" href=\"https:\/\/www.deathrider.shop\/es\/llavero-death-rider-1957-death-rider\/\" \/>\n<meta property=\"og:locale\" content=\"es_ES\" \/>\n<meta property=\"og:type\" content=\"article\" \/>\n<meta property=\"og:title\" content=\"Llavero &quot;Death Rider 1957&quot; Death Rider - Death Rider 1957\" \/>\n<meta property=\"og:description\" content=\"Llavero &quot;Death Rider 1957&quot; - Tela, tu llavero elegante y seguro. Llaveros de moto y accesorios para bicicletas, DeathRider.Shop\" \/>\n<meta property=\"og:url\" content=\"https:\/\/www.deathrider.shop\/es\/llavero-death-rider-1957-death-rider\/\" \/>\n<meta property=\"og:site_name\" content=\"Death Rider 1957\" \/>\n<meta property=\"article:modified_time\" content=\"2023-03-12T14:59:43+00:00\" \/>\n<meta name=\"twitter:card\" content=\"summary_large_image\" \/>\n<meta name=\"twitter:label1\" content=\"Tiempo de lectura\" \/>\n\t<meta name=\"twitter:data1\" content=\"2 minutos\" \/>\n<script type=\"application\/ld+json\" class=\"yoast-schema-graph\">{\"@context\":\"https:\/\/schema.org\",\"@graph\":[{\"@type\":\"WebPage\",\"@id\":\"https:\/\/www.deathrider.shop\/es\/llavero-death-rider-1957-death-rider\/\",\"url\":\"https:\/\/www.deathrider.shop\/es\/llavero-death-rider-1957-death-rider\/\",\"name\":\"Llavero \\\"Death Rider 1957\\\" Death Rider - Death Rider 1957\",\"isPartOf\":{\"@id\":\"https:\/\/www.deathrider.shop\/#website\"},\"primaryImageOfPage\":{\"@id\":\"https:\/\/www.deathrider.shop\/es\/llavero-death-rider-1957-death-rider\/#primaryimage\"},\"image\":{\"@id\":\"https:\/\/www.deathrider.shop\/es\/llavero-death-rider-1957-death-rider\/#primaryimage\"},\"thumbnailUrl\":\"https:\/\/www.deathrider.shop\/wp-content\/uploads\/2021\/02\/death-rider-1957-keychain-fabric.jpg\",\"datePublished\":\"2022-02-07T19:30:56+00:00\",\"dateModified\":\"2023-03-12T14:59:43+00:00\",\"description\":\"Llavero \\\"Death Rider 1957\\\" - Tela, tu llavero elegante y seguro. Llaveros de moto y accesorios para bicicletas, DeathRider.Shop\",\"breadcrumb\":{\"@id\":\"https:\/\/www.deathrider.shop\/es\/llavero-death-rider-1957-death-rider\/#breadcrumb\"},\"inLanguage\":\"es\",\"potentialAction\":[{\"@type\":\"ReadAction\",\"target\":[\"https:\/\/www.deathrider.shop\/es\/llavero-death-rider-1957-death-rider\/\"]}]},{\"@type\":\"ImageObject\",\"inLanguage\":\"es\",\"@id\":\"https:\/\/www.deathrider.shop\/es\/llavero-death-rider-1957-death-rider\/#primaryimage\",\"url\":\"https:\/\/www.deathrider.shop\/wp-content\/uploads\/2021\/02\/death-rider-1957-keychain-fabric.jpg\",\"contentUrl\":\"https:\/\/www.deathrider.shop\/wp-content\/uploads\/2021\/02\/death-rider-1957-keychain-fabric.jpg\",\"width\":1024,\"height\":1024,\"caption\":\"Death Rider 1957 - Keychain Fabric\"},{\"@type\":\"BreadcrumbList\",\"@id\":\"https:\/\/www.deathrider.shop\/es\/llavero-death-rider-1957-death-rider\/#breadcrumb\",\"itemListElement\":[{\"@type\":\"ListItem\",\"position\":1,\"name\":\"Home\",\"item\":\"https:\/\/www.deathrider.shop\/es\/death-rider-1957\/\"},{\"@type\":\"ListItem\",\"position\":2,\"name\":\"Tienda\",\"item\":\"https:\/\/www.deathrider.shop\/es\/tienda\/\"},{\"@type\":\"ListItem\",\"position\":3,\"name\":\"Llavero &#8220;Death Rider 1957&#8221; Death Rider\"}]},{\"@type\":\"WebSite\",\"@id\":\"https:\/\/www.deathrider.shop\/#website\",\"url\":\"https:\/\/www.deathrider.shop\/\",\"name\":\"Death Rider 1957\",\"description\":\"Ropa Urbana y Motera para \\\"Bad Ass\\\"\",\"publisher\":{\"@id\":\"https:\/\/www.deathrider.shop\/#organization\"},\"potentialAction\":[{\"@type\":\"SearchAction\",\"target\":{\"@type\":\"EntryPoint\",\"urlTemplate\":\"https:\/\/www.deathrider.shop\/?s={search_term_string}\"},\"query-input\":{\"@type\":\"PropertyValueSpecification\",\"valueRequired\":true,\"valueName\":\"search_term_string\"}}],\"inLanguage\":\"es\"},{\"@type\":\"Organization\",\"@id\":\"https:\/\/www.deathrider.shop\/#organization\",\"name\":\"Death Rider\",\"url\":\"https:\/\/www.deathrider.shop\/\",\"logo\":{\"@type\":\"ImageObject\",\"inLanguage\":\"es\",\"@id\":\"https:\/\/www.deathrider.shop\/#\/schema\/logo\/image\/\",\"url\":\"\",\"contentUrl\":\"\",\"caption\":\"Death Rider\"},\"image\":{\"@id\":\"https:\/\/www.deathrider.shop\/#\/schema\/logo\/image\/\"}}]}<\/script>\n<!-- \/ Yoast SEO plugin. -->","yoast_head_json":{"title":"Llavero \"Death Rider 1957\" Death Rider - Death Rider 1957","description":"Llavero \"Death Rider 1957\" - Tela, tu llavero elegante y seguro. Llaveros de moto y accesorios para bicicletas, DeathRider.Shop","robots":{"index":"index","follow":"follow","max-snippet":"max-snippet:-1","max-image-preview":"max-image-preview:large","max-video-preview":"max-video-preview:-1"},"canonical":"https:\/\/www.deathrider.shop\/es\/llavero-death-rider-1957-death-rider\/","og_locale":"es_ES","og_type":"article","og_title":"Llavero \"Death Rider 1957\" Death Rider - Death Rider 1957","og_description":"Llavero \"Death Rider 1957\" - Tela, tu llavero elegante y seguro. Llaveros de moto y accesorios para bicicletas, DeathRider.Shop","og_url":"https:\/\/www.deathrider.shop\/es\/llavero-death-rider-1957-death-rider\/","og_site_name":"Death Rider 1957","article_modified_time":"2023-03-12T14:59:43+00:00","twitter_card":"summary_large_image","twitter_misc":{"Tiempo de lectura":"2 minutos"},"schema":{"@context":"https:\/\/schema.org","@graph":[{"@type":"WebPage","@id":"https:\/\/www.deathrider.shop\/es\/llavero-death-rider-1957-death-rider\/","url":"https:\/\/www.deathrider.shop\/es\/llavero-death-rider-1957-death-rider\/","name":"Llavero \"Death Rider 1957\" Death Rider - Death Rider 1957","isPartOf":{"@id":"https:\/\/www.deathrider.shop\/#website"},"primaryImageOfPage":{"@id":"https:\/\/www.deathrider.shop\/es\/llavero-death-rider-1957-death-rider\/#primaryimage"},"image":{"@id":"https:\/\/www.deathrider.shop\/es\/llavero-death-rider-1957-death-rider\/#primaryimage"},"thumbnailUrl":"https:\/\/www.deathrider.shop\/wp-content\/uploads\/2021\/02\/death-rider-1957-keychain-fabric.jpg","datePublished":"2022-02-07T19:30:56+00:00","dateModified":"2023-03-12T14:59:43+00:00","description":"Llavero \"Death Rider 1957\" - Tela, tu llavero elegante y seguro. Llaveros de moto y accesorios para bicicletas, DeathRider.Shop","breadcrumb":{"@id":"https:\/\/www.deathrider.shop\/es\/llavero-death-rider-1957-death-rider\/#breadcrumb"},"inLanguage":"es","potentialAction":[{"@type":"ReadAction","target":["https:\/\/www.deathrider.shop\/es\/llavero-death-rider-1957-death-rider\/"]}]},{"@type":"ImageObject","inLanguage":"es","@id":"https:\/\/www.deathrider.shop\/es\/llavero-death-rider-1957-death-rider\/#primaryimage","url":"https:\/\/www.deathrider.shop\/wp-content\/uploads\/2021\/02\/death-rider-1957-keychain-fabric.jpg","contentUrl":"https:\/\/www.deathrider.shop\/wp-content\/uploads\/2021\/02\/death-rider-1957-keychain-fabric.jpg","width":1024,"height":1024,"caption":"Death Rider 1957 - Keychain Fabric"},{"@type":"BreadcrumbList","@id":"https:\/\/www.deathrider.shop\/es\/llavero-death-rider-1957-death-rider\/#breadcrumb","itemListElement":[{"@type":"ListItem","position":1,"name":"Home","item":"https:\/\/www.deathrider.shop\/es\/death-rider-1957\/"},{"@type":"ListItem","position":2,"name":"Tienda","item":"https:\/\/www.deathrider.shop\/es\/tienda\/"},{"@type":"ListItem","position":3,"name":"Llavero &#8220;Death Rider 1957&#8221; Death Rider"}]},{"@type":"WebSite","@id":"https:\/\/www.deathrider.shop\/#website","url":"https:\/\/www.deathrider.shop\/","name":"Death Rider 1957","description":"Ropa Urbana y Motera para \"Bad Ass\"","publisher":{"@id":"https:\/\/www.deathrider.shop\/#organization"},"potentialAction":[{"@type":"SearchAction","target":{"@type":"EntryPoint","urlTemplate":"https:\/\/www.deathrider.shop\/?s={search_term_string}"},"query-input":{"@type":"PropertyValueSpecification","valueRequired":true,"valueName":"search_term_string"}}],"inLanguage":"es"},{"@type":"Organization","@id":"https:\/\/www.deathrider.shop\/#organization","name":"Death Rider","url":"https:\/\/www.deathrider.shop\/","logo":{"@type":"ImageObject","inLanguage":"es","@id":"https:\/\/www.deathrider.shop\/#\/schema\/logo\/image\/","url":"","contentUrl":"","caption":"Death Rider"},"image":{"@id":"https:\/\/www.deathrider.shop\/#\/schema\/logo\/image\/"}}]}},"_links":{"self":[{"href":"https:\/\/www.deathrider.shop\/es\/wp-json\/wp\/v2\/product\/3407","targetHints":{"allow":["GET"]}}],"collection":[{"href":"https:\/\/www.deathrider.shop\/es\/wp-json\/wp\/v2\/product"}],"about":[{"href":"https:\/\/www.deathrider.shop\/es\/wp-json\/wp\/v2\/types\/product"}],"replies":[{"embeddable":true,"href":"https:\/\/www.deathrider.shop\/es\/wp-json\/wp\/v2\/comments?post=3407"}],"wp:featuredmedia":[{"embeddable":true,"href":"https:\/\/www.deathrider.shop\/es\/wp-json\/wp\/v2\/media\/252"}],"wp:attachment":[{"href":"https:\/\/www.deathrider.shop\/es\/wp-json\/wp\/v2\/media?parent=3407"}],"wp:term":[{"taxonomy":"product_brand","embeddable":true,"href":"https:\/\/www.deathrider.shop\/es\/wp-json\/wp\/v2\/product_brand?post=3407"},{"taxonomy":"product_cat","embeddable":true,"href":"https:\/\/www.deathrider.shop\/es\/wp-json\/wp\/v2\/product_cat?post=3407"},{"taxonomy":"product_tag","embeddable":true,"href":"https:\/\/www.deathrider.shop\/es\/wp-json\/wp\/v2\/product_tag?post=3407"}],"curies":[{"name":"wp","href":"https:\/\/api.w.org\/{rel}","templated":true}]}}