{"id":3503,"date":"2022-03-15T16:03:28","date_gmt":"2022-03-15T15:04:32","guid":{"rendered":"https:\/\/www.deathrider.shop\/?post_type=product&#038;p=3503"},"modified":"2022-03-15T16:04:33","modified_gmt":"2022-03-15T15:04:33","slug":"bolsa-de-cuerdas-death-rider","status":"publish","type":"product","link":"https:\/\/www.deathrider.shop\/es\/bolsa-de-cuerdas-death-rider\/","title":{"rendered":"Bolsa de Cuerdas Death rider"},"content":{"rendered":"<p><strong>La bolsa de cuerdas Death Rider:\u00a0<\/strong><\/p>\n<p>Si te esfuerzas por ponerte en forma, \u00a1considera la bolsa de gimnasia Death Rider como la opci\u00f3n perfecta para ti! \u00bfTe encanta ir al gimnasio y te encuentras en la necesidad de una bolsa de confianza? Entonces quiz\u00e1s quieras probar nuestra bolsa de deporte, la bolsa perfecta para cualquier ciclista. Como se muestra en la imagen, la bolsa es lo suficientemente peque\u00f1a para que sea f\u00e1cil de transportar. \u00a1Pero no creas que eso significa que no tiene capacidad! No te preocupes, nuestra bolsa de gimnasio puede contener lo que necesites para usar dentro y fuera del gimnasio. Botellas de agua, una muda de ropa, desodorante, \u00a1lo que sea! Entonces, \u00bfpor qu\u00e9 no probarlo?<\/p>\n<p><strong>La ilustraci\u00f3n de la bolsa\u00a0<\/strong><\/p>\n<p>La ilustraci\u00f3n de la bolsa de deporte fue dise\u00f1ada exclusivamente para la tienda Death Rider y cada peque\u00f1o detalle muestra cu\u00e1nto amor y pasi\u00f3n tienes por las motocicletas. Por ejemplo, 1957 fue verdaderamente un a\u00f1o de maravillas para el mundo de las motocicletas, con el lanzamiento de la gran Sportster. Es por eso que cada elemento de Death Rider muestra una conexi\u00f3n constante con esa fecha. La bolsa de gimnasia Death Rider no es diferente, y tambi\u00e9n presenta una imagen impactante que aparece en su fondo negro profundo. Se puede ver a un hombre montado en su fiel moto, todo coloreado de blanco. Con todo esto en mente, puede estar seguro de que nuestra bolsa de deporte es un s\u00edmbolo de estatus.<\/p>\n<p><strong>El material de la bolsa.<\/strong><\/p>\n<p>Como ciclistas, ciertamente no usar\u00edamos cosas baratas y es por eso que Death Rider eligi\u00f3 materiales de calidad al hacer esta bolsa. La bolsa de deporte Death Rider ha sido confeccionada con algod\u00f3n 100% org\u00e1nico, que es un material ecol\u00f3gico y vegano que muchos prefieren. La durabilidad del material es de vital importancia. \u00a1Despu\u00e9s de todo, esto significa que podr\u00e1 usarlo durante muchos a\u00f1os y la bolsa permanecer\u00e1 a su lado! Adem\u00e1s de eso, la vida puede ser dura tal como lo eres t\u00fa. Esta es la raz\u00f3n por la que definitivamente necesitar\u00e1s art\u00edculos que no te dejen de lado.<\/p>\n<p><strong>C\u00f3mo lavar la bolsa de cuerdas Death Rider<\/strong><\/p>\n<p>Como se mencion\u00f3 anteriormente, hicimos nuestra bolsa de deporte con algod\u00f3n 100% org\u00e1nico en su totalidad, y tambi\u00e9n es ecol\u00f3gica y totalmente vegana. Esto claramente significa que elegir este material probablemente tendr\u00e1 un menor impacto en el planeta, \u00a1as\u00ed que elige sabiamente! El algod\u00f3n es un tejido muy duradero y fuerte y puede resistir casi cualquier cosa. Dado que te\u00f1imos este algod\u00f3n de un negro profundo y varonil, es recomendable evitar lavarlo con otras prendas blancas, ya que podr\u00eda arruinarlas. Por eso, la forma m\u00e1s eficiente de tratar el algod\u00f3n org\u00e1nico es lavarlo a bajas temperaturas. Si sueles utilizar una secadora para tu ropa, tambi\u00e9n debes evitar ponerla a calentar. De cualquier manera, es mejor secar al aire la bolsa. Esto es para asegurarse de que dure m\u00e1s y pueda servirle adecuadamente.<\/p>\n","protected":false},"excerpt":{"rendered":"<div>La <strong>bolsa de cuerdas Death Rider<\/strong> es la soluci\u00f3n perfecta para cualquier amante del gimnasio y las motocicletas.<\/div>\n<div>\u00bfNecesitas un bolso que puedas usar en tu d\u00eda a d\u00eda y que encaje con tu estilo urbano? \u00a1Nuestra bolsa de gimnasia Death Rider te otorgar\u00e1 precisamente eso!<\/div>\n<div>Al hacer este bolso, Death Rider 1957 eligi\u00f3 solo materiales de la m\u00e1s alta calidad: algod\u00f3n 100% <strong>org\u00e1nico<\/strong>, <strong>vegano<\/strong> y <strong>ecol\u00f3gico<\/strong>.<\/div>\n","protected":false},"featured_media":3493,"comment_status":"open","ping_status":"closed","template":"","meta":[],"product_brand":[],"product_cat":[120],"product_tag":[],"class_list":{"0":"post-3503","1":"product","2":"type-product","3":"status-publish","4":"has-post-thumbnail","6":"product_cat-parches-merchandising","8":"first","9":"instock","10":"taxable","11":"shipping-taxable","12":"purchasable","13":"product-type-simple"},"yoast_head":"<!-- This site is optimized with the Yoast SEO plugin v26.1.1 - https:\/\/yoast.com\/wordpress\/plugins\/seo\/ -->\n<title>Bolsa de Cuerdas Death rider - Death Rider 1957<\/title>\n<meta name=\"description\" content=\"\u00bfEres un jinete? \u00a1Entonces la bolsa de cuerdas Death Rider es perfecta para ti! Confeccionado con algod\u00f3n 100% org\u00e1nico, vegano y ecol\u00f3gico.\" \/>\n<meta name=\"robots\" content=\"index, follow, max-snippet:-1, max-image-preview:large, max-video-preview:-1\" \/>\n<link rel=\"canonical\" href=\"https:\/\/www.deathrider.shop\/es\/bolsa-de-cuerdas-death-rider\/\" \/>\n<meta property=\"og:locale\" content=\"es_ES\" \/>\n<meta property=\"og:type\" content=\"article\" \/>\n<meta property=\"og:title\" content=\"Bolsa de Cuerdas Death rider - Death Rider 1957\" \/>\n<meta property=\"og:description\" content=\"\u00bfEres un jinete? \u00a1Entonces la bolsa de cuerdas Death Rider es perfecta para ti! Confeccionado con algod\u00f3n 100% org\u00e1nico, vegano y ecol\u00f3gico.\" \/>\n<meta property=\"og:url\" content=\"https:\/\/www.deathrider.shop\/es\/bolsa-de-cuerdas-death-rider\/\" \/>\n<meta property=\"og:site_name\" content=\"Death Rider 1957\" \/>\n<meta property=\"article:modified_time\" content=\"2022-03-15T15:04:33+00:00\" \/>\n<meta name=\"twitter:card\" content=\"summary_large_image\" \/>\n<meta name=\"twitter:label1\" content=\"Tiempo de lectura\" \/>\n\t<meta name=\"twitter:data1\" content=\"3 minutos\" \/>\n<script type=\"application\/ld+json\" class=\"yoast-schema-graph\">{\"@context\":\"https:\/\/schema.org\",\"@graph\":[{\"@type\":\"WebPage\",\"@id\":\"https:\/\/www.deathrider.shop\/es\/bolsa-de-cuerdas-death-rider\/\",\"url\":\"https:\/\/www.deathrider.shop\/es\/bolsa-de-cuerdas-death-rider\/\",\"name\":\"Bolsa de Cuerdas Death rider - Death Rider 1957\",\"isPartOf\":{\"@id\":\"https:\/\/www.deathrider.shop\/#website\"},\"primaryImageOfPage\":{\"@id\":\"https:\/\/www.deathrider.shop\/es\/bolsa-de-cuerdas-death-rider\/#primaryimage\"},\"image\":{\"@id\":\"https:\/\/www.deathrider.shop\/es\/bolsa-de-cuerdas-death-rider\/#primaryimage\"},\"thumbnailUrl\":\"https:\/\/www.deathrider.shop\/wp-content\/uploads\/2022\/02\/death-rider-gym-bag.jpg\",\"datePublished\":\"2022-03-15T15:04:32+00:00\",\"dateModified\":\"2022-03-15T15:04:33+00:00\",\"description\":\"\u00bfEres un jinete? \u00a1Entonces la bolsa de cuerdas Death Rider es perfecta para ti! Confeccionado con algod\u00f3n 100% org\u00e1nico, vegano y ecol\u00f3gico.\",\"breadcrumb\":{\"@id\":\"https:\/\/www.deathrider.shop\/es\/bolsa-de-cuerdas-death-rider\/#breadcrumb\"},\"inLanguage\":\"es\",\"potentialAction\":[{\"@type\":\"ReadAction\",\"target\":[\"https:\/\/www.deathrider.shop\/es\/bolsa-de-cuerdas-death-rider\/\"]}]},{\"@type\":\"ImageObject\",\"inLanguage\":\"es\",\"@id\":\"https:\/\/www.deathrider.shop\/es\/bolsa-de-cuerdas-death-rider\/#primaryimage\",\"url\":\"https:\/\/www.deathrider.shop\/wp-content\/uploads\/2022\/02\/death-rider-gym-bag.jpg\",\"contentUrl\":\"https:\/\/www.deathrider.shop\/wp-content\/uploads\/2022\/02\/death-rider-gym-bag.jpg\",\"width\":1024,\"height\":1024,\"caption\":\"Death Rider - Gym Bag\"},{\"@type\":\"BreadcrumbList\",\"@id\":\"https:\/\/www.deathrider.shop\/es\/bolsa-de-cuerdas-death-rider\/#breadcrumb\",\"itemListElement\":[{\"@type\":\"ListItem\",\"position\":1,\"name\":\"Home\",\"item\":\"https:\/\/www.deathrider.shop\/es\/death-rider-1957\/\"},{\"@type\":\"ListItem\",\"position\":2,\"name\":\"Tienda\",\"item\":\"https:\/\/www.deathrider.shop\/es\/tienda\/\"},{\"@type\":\"ListItem\",\"position\":3,\"name\":\"Bolsa de Cuerdas Death rider\"}]},{\"@type\":\"WebSite\",\"@id\":\"https:\/\/www.deathrider.shop\/#website\",\"url\":\"https:\/\/www.deathrider.shop\/\",\"name\":\"Death Rider 1957\",\"description\":\"Ropa Urbana y Motera para \\\"Bad Ass\\\"\",\"publisher\":{\"@id\":\"https:\/\/www.deathrider.shop\/#organization\"},\"potentialAction\":[{\"@type\":\"SearchAction\",\"target\":{\"@type\":\"EntryPoint\",\"urlTemplate\":\"https:\/\/www.deathrider.shop\/?s={search_term_string}\"},\"query-input\":{\"@type\":\"PropertyValueSpecification\",\"valueRequired\":true,\"valueName\":\"search_term_string\"}}],\"inLanguage\":\"es\"},{\"@type\":\"Organization\",\"@id\":\"https:\/\/www.deathrider.shop\/#organization\",\"name\":\"Death Rider\",\"url\":\"https:\/\/www.deathrider.shop\/\",\"logo\":{\"@type\":\"ImageObject\",\"inLanguage\":\"es\",\"@id\":\"https:\/\/www.deathrider.shop\/#\/schema\/logo\/image\/\",\"url\":\"\",\"contentUrl\":\"\",\"caption\":\"Death Rider\"},\"image\":{\"@id\":\"https:\/\/www.deathrider.shop\/#\/schema\/logo\/image\/\"}}]}<\/script>\n<!-- \/ Yoast SEO plugin. -->","yoast_head_json":{"title":"Bolsa de Cuerdas Death rider - Death Rider 1957","description":"\u00bfEres un jinete? \u00a1Entonces la bolsa de cuerdas Death Rider es perfecta para ti! Confeccionado con algod\u00f3n 100% org\u00e1nico, vegano y ecol\u00f3gico.","robots":{"index":"index","follow":"follow","max-snippet":"max-snippet:-1","max-image-preview":"max-image-preview:large","max-video-preview":"max-video-preview:-1"},"canonical":"https:\/\/www.deathrider.shop\/es\/bolsa-de-cuerdas-death-rider\/","og_locale":"es_ES","og_type":"article","og_title":"Bolsa de Cuerdas Death rider - Death Rider 1957","og_description":"\u00bfEres un jinete? \u00a1Entonces la bolsa de cuerdas Death Rider es perfecta para ti! Confeccionado con algod\u00f3n 100% org\u00e1nico, vegano y ecol\u00f3gico.","og_url":"https:\/\/www.deathrider.shop\/es\/bolsa-de-cuerdas-death-rider\/","og_site_name":"Death Rider 1957","article_modified_time":"2022-03-15T15:04:33+00:00","twitter_card":"summary_large_image","twitter_misc":{"Tiempo de lectura":"3 minutos"},"schema":{"@context":"https:\/\/schema.org","@graph":[{"@type":"WebPage","@id":"https:\/\/www.deathrider.shop\/es\/bolsa-de-cuerdas-death-rider\/","url":"https:\/\/www.deathrider.shop\/es\/bolsa-de-cuerdas-death-rider\/","name":"Bolsa de Cuerdas Death rider - Death Rider 1957","isPartOf":{"@id":"https:\/\/www.deathrider.shop\/#website"},"primaryImageOfPage":{"@id":"https:\/\/www.deathrider.shop\/es\/bolsa-de-cuerdas-death-rider\/#primaryimage"},"image":{"@id":"https:\/\/www.deathrider.shop\/es\/bolsa-de-cuerdas-death-rider\/#primaryimage"},"thumbnailUrl":"https:\/\/www.deathrider.shop\/wp-content\/uploads\/2022\/02\/death-rider-gym-bag.jpg","datePublished":"2022-03-15T15:04:32+00:00","dateModified":"2022-03-15T15:04:33+00:00","description":"\u00bfEres un jinete? \u00a1Entonces la bolsa de cuerdas Death Rider es perfecta para ti! Confeccionado con algod\u00f3n 100% org\u00e1nico, vegano y ecol\u00f3gico.","breadcrumb":{"@id":"https:\/\/www.deathrider.shop\/es\/bolsa-de-cuerdas-death-rider\/#breadcrumb"},"inLanguage":"es","potentialAction":[{"@type":"ReadAction","target":["https:\/\/www.deathrider.shop\/es\/bolsa-de-cuerdas-death-rider\/"]}]},{"@type":"ImageObject","inLanguage":"es","@id":"https:\/\/www.deathrider.shop\/es\/bolsa-de-cuerdas-death-rider\/#primaryimage","url":"https:\/\/www.deathrider.shop\/wp-content\/uploads\/2022\/02\/death-rider-gym-bag.jpg","contentUrl":"https:\/\/www.deathrider.shop\/wp-content\/uploads\/2022\/02\/death-rider-gym-bag.jpg","width":1024,"height":1024,"caption":"Death Rider - Gym Bag"},{"@type":"BreadcrumbList","@id":"https:\/\/www.deathrider.shop\/es\/bolsa-de-cuerdas-death-rider\/#breadcrumb","itemListElement":[{"@type":"ListItem","position":1,"name":"Home","item":"https:\/\/www.deathrider.shop\/es\/death-rider-1957\/"},{"@type":"ListItem","position":2,"name":"Tienda","item":"https:\/\/www.deathrider.shop\/es\/tienda\/"},{"@type":"ListItem","position":3,"name":"Bolsa de Cuerdas Death rider"}]},{"@type":"WebSite","@id":"https:\/\/www.deathrider.shop\/#website","url":"https:\/\/www.deathrider.shop\/","name":"Death Rider 1957","description":"Ropa Urbana y Motera para \"Bad Ass\"","publisher":{"@id":"https:\/\/www.deathrider.shop\/#organization"},"potentialAction":[{"@type":"SearchAction","target":{"@type":"EntryPoint","urlTemplate":"https:\/\/www.deathrider.shop\/?s={search_term_string}"},"query-input":{"@type":"PropertyValueSpecification","valueRequired":true,"valueName":"search_term_string"}}],"inLanguage":"es"},{"@type":"Organization","@id":"https:\/\/www.deathrider.shop\/#organization","name":"Death Rider","url":"https:\/\/www.deathrider.shop\/","logo":{"@type":"ImageObject","inLanguage":"es","@id":"https:\/\/www.deathrider.shop\/#\/schema\/logo\/image\/","url":"","contentUrl":"","caption":"Death Rider"},"image":{"@id":"https:\/\/www.deathrider.shop\/#\/schema\/logo\/image\/"}}]}},"_links":{"self":[{"href":"https:\/\/www.deathrider.shop\/es\/wp-json\/wp\/v2\/product\/3503","targetHints":{"allow":["GET"]}}],"collection":[{"href":"https:\/\/www.deathrider.shop\/es\/wp-json\/wp\/v2\/product"}],"about":[{"href":"https:\/\/www.deathrider.shop\/es\/wp-json\/wp\/v2\/types\/product"}],"replies":[{"embeddable":true,"href":"https:\/\/www.deathrider.shop\/es\/wp-json\/wp\/v2\/comments?post=3503"}],"wp:featuredmedia":[{"embeddable":true,"href":"https:\/\/www.deathrider.shop\/es\/wp-json\/wp\/v2\/media\/3493"}],"wp:attachment":[{"href":"https:\/\/www.deathrider.shop\/es\/wp-json\/wp\/v2\/media?parent=3503"}],"wp:term":[{"taxonomy":"product_brand","embeddable":true,"href":"https:\/\/www.deathrider.shop\/es\/wp-json\/wp\/v2\/product_brand?post=3503"},{"taxonomy":"product_cat","embeddable":true,"href":"https:\/\/www.deathrider.shop\/es\/wp-json\/wp\/v2\/product_cat?post=3503"},{"taxonomy":"product_tag","embeddable":true,"href":"https:\/\/www.deathrider.shop\/es\/wp-json\/wp\/v2\/product_tag?post=3503"}],"curies":[{"name":"wp","href":"https:\/\/api.w.org\/{rel}","templated":true}]}}