{"id":3605,"date":"2022-03-16T10:47:11","date_gmt":"2022-03-16T09:49:13","guid":{"rendered":"https:\/\/www.deathrider.shop\/?post_type=product&#038;p=3605"},"modified":"2022-03-16T10:49:13","modified_gmt":"2022-03-16T09:49:13","slug":"sudadera-death-rider-harley-wings","status":"publish","type":"product","link":"https:\/\/www.deathrider.shop\/es\/sudadera-death-rider-harley-wings\/","title":{"rendered":"Sudadera Death Rider \u00abHarley Wings\u00bb"},"content":{"rendered":"<div><strong>Sudadera Death Rider \u00abHarley Wings\u00bb<\/strong><\/div>\n<div><\/div>\n<div>\u00bfEres un jinete incondicional? \u00bfTe encanta demostrar tu pasi\u00f3n por las motos en cada momento de tu vida? \u00a1Entonces esta sudadera Death Rider \u00abHarley Wings\u00bb es la elecci\u00f3n perfecta para ti! \u00a1Usar esta sudadera moderna y extremadamente c\u00f3moda te garantizar\u00e1 un gran \u00e9xito! ! Si necesita algo c\u00f3modo y resistente, pero tambi\u00e9n agradable a la vista, definitivamente deber\u00eda considerar nuestro producto. Entonces, \u00bfpor qu\u00e9 no le das una oportunidad a esta sudadera elegante pero varonil? \u00a1Probablemente no te arrepentir\u00e1s!<\/div>\n<div><\/div>\n<div><strong>El dise\u00f1o \u00abHarley Wings\u00bb\u00a0<\/strong><\/div>\n<div><\/div>\n<div>\u00bfAlguna vez te has encontrado usando una sudadera con capucha o una sudadera demasiado suelta en el cuerpo? Probablemente era bastante inc\u00f3modo y, lo que es m\u00e1s importante, ten\u00eda un aspecto especialmente divertido. \u00a1Entonces no te preocupes! \u00a1Nuestra sudadera Death Rider \u00abHarley Wings\u00bb no es nada de eso! Puede ver claramente en nuestra imagen que su dise\u00f1o es extremadamente ajustado. Entonces, esto significa que esta sudadera ser\u00e1 muy favorecedora para tu f\u00edsico, mostrando tus m\u00fasculos ganados con tanto esfuerzo. Pero, \u00bfy si un d\u00eda te tomas demasiadas cervezas? Si es as\u00ed, no debes preocuparte: nuestra sudadera es el\u00e1stica, \u00a1as\u00ed que vayas donde vayas ella ir\u00e1 contigo!<\/div>\n<div><\/div>\n<div><strong>La ilustraci\u00f3n de la sudadera \u00abHarley Wings\u00bb\u00a0<\/strong><\/div>\n<div><\/div>\n<div>Aqu\u00ed en la tienda Death Rider entendemos completamente la necesidad de un ciclista de mostrar sus intereses. Esto significa que si eres un apasionado de las motocicletas, necesitar\u00e1s algo inspirado en esa misma pasi\u00f3n. Debido a esto, dise\u00f1amos este producto para que se ajuste perfectamente a un ciclista en cada detalle. \u201cSince MCMLVII\u201d es una referencia al a\u00f1o 1957, el m\u00e1s importante para cualquier amante de las motos. En 1957, Harley Davidson lanz\u00f3 lo que se habr\u00eda convertido en su producto m\u00e1s vendido: la Sportster. Esta l\u00ednea de motocicletas a\u00fan se encuentra hoy en d\u00eda en su top 10 y es el modelo m\u00e1s famoso de Harley Davidson. Esto hace que nuestra sudadera Death Rider \u00abHarley Wings\u00bb sea m\u00e1s un s\u00edmbolo de estatus que una prenda de vestir. \u00a1Pero no ha terminado! Hay una segunda ilustraci\u00f3n justo debajo del cuello en la espalda, y dice \u00abRide Till Die\u00bb.<\/div>\n<div><\/div>\n<div><strong>La sudadera: materiales y c\u00f3mo lavarla<\/strong><\/div>\n<div><\/div>\n<div>Si quieres darle una oportunidad a nuestra sudadera Death Rider \u00abHarley Wings\u00bb, necesitar\u00e1s un poco de informaci\u00f3n sobre c\u00f3mo la hicimos. Solo elegimos materias primas de alta calidad en la elaboraci\u00f3n de nuestros productos y queremos darte la gu\u00eda adecuada para cuidarlos. La sudadera Death Rider \u201cHarley Wings\u201d est\u00e1 confeccionada en algod\u00f3n 100% org\u00e1nico. Elegimos el algod\u00f3n por su naturaleza org\u00e1nica y ecol\u00f3gica, y le agregamos elastano para darle a nuestra sudadera un ajuste m\u00e1s elegante. Serigraf\u00eda al agua de logotipos. Dado que te\u00f1imos la sudadera en un negro profundo y fuerte, recomendamos lavarla \u00fanicamente a bajas temperaturas. Preferiblemente debes lavarlo solo con agua fr\u00eda. Tambi\u00e9n debes tratar de evitar lavar la prenda con ropa de colores claros, ya que podr\u00eda estropearla.<\/div>\n","protected":false},"excerpt":{"rendered":"<p>La sudadera Death Rider \u00ab<strong>Harley Wings<\/strong>\u00bb es ideal para cualquier amante de las motocicletas.<br \/>\nSu dise\u00f1o es c\u00f3modo, resistente y muy favorecedor. Es con algod\u00f3n 100% <strong>org\u00e1nico<\/strong>.<br \/>\nEl logotipo en la parte delantera y trasera es una serigraf\u00eda a base de agua y es una referencia a 1957, un a\u00f1o maravilloso para cualquier entusiasta de<strong> Harley-Davidson<\/strong>.<\/p>\n","protected":false},"featured_media":3592,"comment_status":"open","ping_status":"closed","template":"","meta":[],"product_brand":[],"product_cat":[116],"product_tag":[],"class_list":{"0":"post-3605","1":"product","2":"type-product","3":"status-publish","4":"has-post-thumbnail","6":"product_cat-sudaderas","8":"first","9":"instock","10":"taxable","11":"shipping-taxable","12":"purchasable","13":"product-type-variable"},"yoast_head":"<!-- This site is optimized with the Yoast SEO plugin v26.1.1 - https:\/\/yoast.com\/wordpress\/plugins\/seo\/ -->\n<title>Sudadera Death Rider &quot;Harley Wings&quot; - Death Rider 1957<\/title>\n<meta name=\"description\" content=\"La sudadera Death Rider &quot;Harley Wings&quot; es una soluci\u00f3n ajustada y favorecedora para el ciclista incondicional. 100% algod\u00f3n org\u00e1nico.\" \/>\n<meta name=\"robots\" content=\"index, follow, max-snippet:-1, max-image-preview:large, max-video-preview:-1\" \/>\n<link rel=\"canonical\" href=\"https:\/\/www.deathrider.shop\/es\/sudadera-death-rider-harley-wings\/\" \/>\n<meta property=\"og:locale\" content=\"es_ES\" \/>\n<meta property=\"og:type\" content=\"article\" \/>\n<meta property=\"og:title\" content=\"Sudadera Death Rider &quot;Harley Wings&quot; - Death Rider 1957\" \/>\n<meta property=\"og:description\" content=\"La sudadera Death Rider &quot;Harley Wings&quot; es una soluci\u00f3n ajustada y favorecedora para el ciclista incondicional. 100% algod\u00f3n org\u00e1nico.\" \/>\n<meta property=\"og:url\" content=\"https:\/\/www.deathrider.shop\/es\/sudadera-death-rider-harley-wings\/\" \/>\n<meta property=\"og:site_name\" content=\"Death Rider 1957\" \/>\n<meta name=\"twitter:card\" content=\"summary_large_image\" \/>\n<meta name=\"twitter:label1\" content=\"Tiempo de lectura\" \/>\n\t<meta name=\"twitter:data1\" content=\"3 minutos\" \/>\n<script type=\"application\/ld+json\" class=\"yoast-schema-graph\">{\"@context\":\"https:\/\/schema.org\",\"@graph\":[{\"@type\":\"WebPage\",\"@id\":\"https:\/\/www.deathrider.shop\/es\/sudadera-death-rider-harley-wings\/\",\"url\":\"https:\/\/www.deathrider.shop\/es\/sudadera-death-rider-harley-wings\/\",\"name\":\"Sudadera Death Rider \\\"Harley Wings\\\" - Death Rider 1957\",\"isPartOf\":{\"@id\":\"https:\/\/www.deathrider.shop\/#website\"},\"primaryImageOfPage\":{\"@id\":\"https:\/\/www.deathrider.shop\/es\/sudadera-death-rider-harley-wings\/#primaryimage\"},\"image\":{\"@id\":\"https:\/\/www.deathrider.shop\/es\/sudadera-death-rider-harley-wings\/#primaryimage\"},\"thumbnailUrl\":\"https:\/\/www.deathrider.shop\/wp-content\/uploads\/2022\/03\/death-rider-harley-wings-sweatshirt-front.jpg\",\"datePublished\":\"2022-03-16T09:49:13+00:00\",\"description\":\"La sudadera Death Rider \\\"Harley Wings\\\" es una soluci\u00f3n ajustada y favorecedora para el ciclista incondicional. 100% algod\u00f3n org\u00e1nico.\",\"breadcrumb\":{\"@id\":\"https:\/\/www.deathrider.shop\/es\/sudadera-death-rider-harley-wings\/#breadcrumb\"},\"inLanguage\":\"es\",\"potentialAction\":[{\"@type\":\"ReadAction\",\"target\":[\"https:\/\/www.deathrider.shop\/es\/sudadera-death-rider-harley-wings\/\"]}]},{\"@type\":\"ImageObject\",\"inLanguage\":\"es\",\"@id\":\"https:\/\/www.deathrider.shop\/es\/sudadera-death-rider-harley-wings\/#primaryimage\",\"url\":\"https:\/\/www.deathrider.shop\/wp-content\/uploads\/2022\/03\/death-rider-harley-wings-sweatshirt-front.jpg\",\"contentUrl\":\"https:\/\/www.deathrider.shop\/wp-content\/uploads\/2022\/03\/death-rider-harley-wings-sweatshirt-front.jpg\",\"width\":1024,\"height\":1024,\"caption\":\"Death Rider \\\"Harley Wings\\\" Sweatshirt - Front\"},{\"@type\":\"BreadcrumbList\",\"@id\":\"https:\/\/www.deathrider.shop\/es\/sudadera-death-rider-harley-wings\/#breadcrumb\",\"itemListElement\":[{\"@type\":\"ListItem\",\"position\":1,\"name\":\"Home\",\"item\":\"https:\/\/www.deathrider.shop\/es\/death-rider-1957\/\"},{\"@type\":\"ListItem\",\"position\":2,\"name\":\"Tienda\",\"item\":\"https:\/\/www.deathrider.shop\/es\/tienda\/\"},{\"@type\":\"ListItem\",\"position\":3,\"name\":\"Sudadera Death Rider &#8220;Harley Wings&#8221;\"}]},{\"@type\":\"WebSite\",\"@id\":\"https:\/\/www.deathrider.shop\/#website\",\"url\":\"https:\/\/www.deathrider.shop\/\",\"name\":\"Death Rider 1957\",\"description\":\"Ropa Urbana y Motera para \\\"Bad Ass\\\"\",\"publisher\":{\"@id\":\"https:\/\/www.deathrider.shop\/#organization\"},\"potentialAction\":[{\"@type\":\"SearchAction\",\"target\":{\"@type\":\"EntryPoint\",\"urlTemplate\":\"https:\/\/www.deathrider.shop\/?s={search_term_string}\"},\"query-input\":{\"@type\":\"PropertyValueSpecification\",\"valueRequired\":true,\"valueName\":\"search_term_string\"}}],\"inLanguage\":\"es\"},{\"@type\":\"Organization\",\"@id\":\"https:\/\/www.deathrider.shop\/#organization\",\"name\":\"Death Rider\",\"url\":\"https:\/\/www.deathrider.shop\/\",\"logo\":{\"@type\":\"ImageObject\",\"inLanguage\":\"es\",\"@id\":\"https:\/\/www.deathrider.shop\/#\/schema\/logo\/image\/\",\"url\":\"\",\"contentUrl\":\"\",\"caption\":\"Death Rider\"},\"image\":{\"@id\":\"https:\/\/www.deathrider.shop\/#\/schema\/logo\/image\/\"}}]}<\/script>\n<!-- \/ Yoast SEO plugin. -->","yoast_head_json":{"title":"Sudadera Death Rider \"Harley Wings\" - Death Rider 1957","description":"La sudadera Death Rider \"Harley Wings\" es una soluci\u00f3n ajustada y favorecedora para el ciclista incondicional. 100% algod\u00f3n org\u00e1nico.","robots":{"index":"index","follow":"follow","max-snippet":"max-snippet:-1","max-image-preview":"max-image-preview:large","max-video-preview":"max-video-preview:-1"},"canonical":"https:\/\/www.deathrider.shop\/es\/sudadera-death-rider-harley-wings\/","og_locale":"es_ES","og_type":"article","og_title":"Sudadera Death Rider \"Harley Wings\" - Death Rider 1957","og_description":"La sudadera Death Rider \"Harley Wings\" es una soluci\u00f3n ajustada y favorecedora para el ciclista incondicional. 100% algod\u00f3n org\u00e1nico.","og_url":"https:\/\/www.deathrider.shop\/es\/sudadera-death-rider-harley-wings\/","og_site_name":"Death Rider 1957","twitter_card":"summary_large_image","twitter_misc":{"Tiempo de lectura":"3 minutos"},"schema":{"@context":"https:\/\/schema.org","@graph":[{"@type":"WebPage","@id":"https:\/\/www.deathrider.shop\/es\/sudadera-death-rider-harley-wings\/","url":"https:\/\/www.deathrider.shop\/es\/sudadera-death-rider-harley-wings\/","name":"Sudadera Death Rider \"Harley Wings\" - Death Rider 1957","isPartOf":{"@id":"https:\/\/www.deathrider.shop\/#website"},"primaryImageOfPage":{"@id":"https:\/\/www.deathrider.shop\/es\/sudadera-death-rider-harley-wings\/#primaryimage"},"image":{"@id":"https:\/\/www.deathrider.shop\/es\/sudadera-death-rider-harley-wings\/#primaryimage"},"thumbnailUrl":"https:\/\/www.deathrider.shop\/wp-content\/uploads\/2022\/03\/death-rider-harley-wings-sweatshirt-front.jpg","datePublished":"2022-03-16T09:49:13+00:00","description":"La sudadera Death Rider \"Harley Wings\" es una soluci\u00f3n ajustada y favorecedora para el ciclista incondicional. 100% algod\u00f3n org\u00e1nico.","breadcrumb":{"@id":"https:\/\/www.deathrider.shop\/es\/sudadera-death-rider-harley-wings\/#breadcrumb"},"inLanguage":"es","potentialAction":[{"@type":"ReadAction","target":["https:\/\/www.deathrider.shop\/es\/sudadera-death-rider-harley-wings\/"]}]},{"@type":"ImageObject","inLanguage":"es","@id":"https:\/\/www.deathrider.shop\/es\/sudadera-death-rider-harley-wings\/#primaryimage","url":"https:\/\/www.deathrider.shop\/wp-content\/uploads\/2022\/03\/death-rider-harley-wings-sweatshirt-front.jpg","contentUrl":"https:\/\/www.deathrider.shop\/wp-content\/uploads\/2022\/03\/death-rider-harley-wings-sweatshirt-front.jpg","width":1024,"height":1024,"caption":"Death Rider \"Harley Wings\" Sweatshirt - Front"},{"@type":"BreadcrumbList","@id":"https:\/\/www.deathrider.shop\/es\/sudadera-death-rider-harley-wings\/#breadcrumb","itemListElement":[{"@type":"ListItem","position":1,"name":"Home","item":"https:\/\/www.deathrider.shop\/es\/death-rider-1957\/"},{"@type":"ListItem","position":2,"name":"Tienda","item":"https:\/\/www.deathrider.shop\/es\/tienda\/"},{"@type":"ListItem","position":3,"name":"Sudadera Death Rider &#8220;Harley Wings&#8221;"}]},{"@type":"WebSite","@id":"https:\/\/www.deathrider.shop\/#website","url":"https:\/\/www.deathrider.shop\/","name":"Death Rider 1957","description":"Ropa Urbana y Motera para \"Bad Ass\"","publisher":{"@id":"https:\/\/www.deathrider.shop\/#organization"},"potentialAction":[{"@type":"SearchAction","target":{"@type":"EntryPoint","urlTemplate":"https:\/\/www.deathrider.shop\/?s={search_term_string}"},"query-input":{"@type":"PropertyValueSpecification","valueRequired":true,"valueName":"search_term_string"}}],"inLanguage":"es"},{"@type":"Organization","@id":"https:\/\/www.deathrider.shop\/#organization","name":"Death Rider","url":"https:\/\/www.deathrider.shop\/","logo":{"@type":"ImageObject","inLanguage":"es","@id":"https:\/\/www.deathrider.shop\/#\/schema\/logo\/image\/","url":"","contentUrl":"","caption":"Death Rider"},"image":{"@id":"https:\/\/www.deathrider.shop\/#\/schema\/logo\/image\/"}}]}},"_links":{"self":[{"href":"https:\/\/www.deathrider.shop\/es\/wp-json\/wp\/v2\/product\/3605","targetHints":{"allow":["GET"]}}],"collection":[{"href":"https:\/\/www.deathrider.shop\/es\/wp-json\/wp\/v2\/product"}],"about":[{"href":"https:\/\/www.deathrider.shop\/es\/wp-json\/wp\/v2\/types\/product"}],"replies":[{"embeddable":true,"href":"https:\/\/www.deathrider.shop\/es\/wp-json\/wp\/v2\/comments?post=3605"}],"wp:featuredmedia":[{"embeddable":true,"href":"https:\/\/www.deathrider.shop\/es\/wp-json\/wp\/v2\/media\/3592"}],"wp:attachment":[{"href":"https:\/\/www.deathrider.shop\/es\/wp-json\/wp\/v2\/media?parent=3605"}],"wp:term":[{"taxonomy":"product_brand","embeddable":true,"href":"https:\/\/www.deathrider.shop\/es\/wp-json\/wp\/v2\/product_brand?post=3605"},{"taxonomy":"product_cat","embeddable":true,"href":"https:\/\/www.deathrider.shop\/es\/wp-json\/wp\/v2\/product_cat?post=3605"},{"taxonomy":"product_tag","embeddable":true,"href":"https:\/\/www.deathrider.shop\/es\/wp-json\/wp\/v2\/product_tag?post=3605"}],"curies":[{"name":"wp","href":"https:\/\/api.w.org\/{rel}","templated":true}]}}