{"id":433,"date":"2021-02-04T09:19:11","date_gmt":"2021-02-04T10:46:56","guid":{"rendered":"https:\/\/www.deathrider.shop\/?post_type=product&#038;p=433"},"modified":"2021-03-25T17:48:05","modified_gmt":"2021-03-25T16:48:05","slug":"llavero-remove-before-flight","status":"publish","type":"product","link":"https:\/\/www.deathrider.shop\/es\/llavero-remove-before-flight\/","title":{"rendered":"Llavero \u00abRemove Before Flight\u00bb Death Rider"},"content":{"rendered":"<h2>Llavero de moto &#8211; Remove Before Flight<\/h2>\n<p>Con el <strong>llavero Remove Before Flight de Death Rider<\/strong>, nunca m\u00e1s perder\u00e1s tus llaves. Encuentra tu mensaje ideal y ll\u00e9valo contigo. Ser\u00e1 muy f\u00e1cil, ya que el llavero es ligero y manejable.\u00a0En primer lugar, es un bonito llavero con un buen material resistente. Puedes mancharlo de grasa en tus paseos, que quedar\u00e1 igual. Como puedes ver en la foto, es muy robusto y grueso por lo que te durar\u00e1 un tiempo.<\/p>\n<p>Este resistente llavero t\u00e1ctico se puede sujetar a tu cintur\u00f3n, ropa, mochila o bien a tu ri\u00f1onera. Por no hablar de que este llavero de moda se fabrica con orgullo en Europa. Est\u00e1 hecho a mano con gancho y aro de alta calidad de 1 cm. para que sea f\u00e1cil de sujetar a tu cintur\u00f3n o a tu equipamiento. El <strong>llavero<\/strong> <strong>Death Rider &#8211; Remove Before Flight<\/strong> de tela, te ayuda a encontrar tus llaves m\u00e1s f\u00e1cilmente y muestra un verdadero car\u00e1cter.<\/p>\n<h2>Llavero Death Rider &#8211; Tela<\/h2>\n<p>Fabricado con material y costuras de calidad, si buscas algo que te permita identificar f\u00e1cilmente una pieza del equipaje, \u00a1ah\u00ed lo tienes! El <strong>llavero Remove Before Flight<\/strong>\u00a0de Death Rider es s\u00f3lido y est\u00e1 bien hecho. Se trata de una de las piezas m\u00e1s resistentes, dise\u00f1ada para soportar un manejo rudo. Cualquiera apreciar\u00eda el desgaste que pueden sufrir. Es la soluci\u00f3n perfecta, no voluminosa, para que las llaves sean m\u00e1s f\u00e1ciles de encontrar y ver. Es m\u00e1s, ni siquiera se nota en el bolsillo.<\/p>\n<p>Disfruta de la divertida expresi\u00f3n de la placa. Al fin y al cabo, puede utilizarlas para las llaves de la moto o simplemente para recoger f\u00e1cilmente algo especial. Adem\u00e1s, no raya la pintura, el dep\u00f3sito o el parachoques de tu moto. Debido a su tama\u00f1o, el viento las hace volar, por lo que puedes conducir sin preocuparte de que cuelgue y toque con un motor caliente o similar. Destacar el bordado, que es minucioso y el tejido, grueso y duradero. Es muy elegante, fuerte y seguro con una anilla plana de metal y un remache de metal para su completa tranquilidad.<br \/>\nPor \u00faltimo, pero no menos importante, muestra caracter\u00edsticas tradicionales de la \u00abvieja escuela\u00bb, por lo que puede estar seguro de que \u00a1el dise\u00f1o no se quedara obsoleto!<\/p>\n<h2>Especificaciones:<\/h2>\n<p>Longitud de la placa de tela aproximadamente 2 pulgadas (5 cm).<br \/>\nLongitud total con la anilla, aproximadamente 6 cm.<\/p>\n<p>\u00danico y no producido en masa.<\/p>\n","protected":false},"excerpt":{"rendered":"<p><strong>Llavero \u00abRemove Before Flight\u00bb de Death Rider<\/strong><\/p>\n<p>Como parte de los accesorios \u00fanicos para motos, este llavero\u00a0<strong>Remove Before Flight<\/strong>\u00a0<strong>de<\/strong>\u00a0<strong>Death Rider <\/strong>es la opci\u00f3n perfecta para destacar entre la multitud. Pr\u00e1ctico y con estilo, nunca m\u00e1s perder\u00e1s tus llaves. Y lo que es m\u00e1s, te diferenciar\u00e1s notablemente de la gente com\u00fan con su dise\u00f1o y mensaje \u00fanicos.<\/p>\n","protected":false},"featured_media":238,"comment_status":"open","ping_status":"closed","template":"","meta":[],"product_brand":[],"product_cat":[120],"product_tag":[],"class_list":{"0":"post-433","1":"product","2":"type-product","3":"status-publish","4":"has-post-thumbnail","6":"product_cat-parches-merchandising","8":"first","9":"outofstock","10":"taxable","11":"shipping-taxable","12":"purchasable","13":"product-type-simple"},"yoast_head":"<!-- This site is optimized with the Yoast SEO plugin v26.1.1 - https:\/\/yoast.com\/wordpress\/plugins\/seo\/ -->\n<title>Llavero &quot;Remove Before Flight&quot; - Death Rider 1957<\/title>\n<meta name=\"description\" content=\"Llavero Remove Before Flight, selecci\u00f3n \u00fanica de llaveros personalizados en tela. Amplia gama de accesorios en nuestra tienda Death Rider.\" \/>\n<meta name=\"robots\" content=\"index, follow, max-snippet:-1, max-image-preview:large, max-video-preview:-1\" \/>\n<link rel=\"canonical\" href=\"https:\/\/www.deathrider.shop\/es\/llavero-remove-before-flight\/\" \/>\n<meta property=\"og:locale\" content=\"es_ES\" \/>\n<meta property=\"og:type\" content=\"article\" \/>\n<meta property=\"og:title\" content=\"Llavero &quot;Remove Before Flight&quot; - Death Rider 1957\" \/>\n<meta property=\"og:description\" content=\"Llavero Remove Before Flight, selecci\u00f3n \u00fanica de llaveros personalizados en tela. Amplia gama de accesorios en nuestra tienda Death Rider.\" \/>\n<meta property=\"og:url\" content=\"https:\/\/www.deathrider.shop\/es\/llavero-remove-before-flight\/\" \/>\n<meta property=\"og:site_name\" content=\"Death Rider 1957\" \/>\n<meta property=\"article:modified_time\" content=\"2021-03-25T16:48:05+00:00\" \/>\n<meta name=\"twitter:card\" content=\"summary_large_image\" \/>\n<meta name=\"twitter:label1\" content=\"Tiempo de lectura\" \/>\n\t<meta name=\"twitter:data1\" content=\"2 minutos\" \/>\n<script type=\"application\/ld+json\" class=\"yoast-schema-graph\">{\"@context\":\"https:\/\/schema.org\",\"@graph\":[{\"@type\":\"WebPage\",\"@id\":\"https:\/\/www.deathrider.shop\/es\/llavero-remove-before-flight\/\",\"url\":\"https:\/\/www.deathrider.shop\/es\/llavero-remove-before-flight\/\",\"name\":\"Llavero \\\"Remove Before Flight\\\" - Death Rider 1957\",\"isPartOf\":{\"@id\":\"https:\/\/www.deathrider.shop\/#website\"},\"primaryImageOfPage\":{\"@id\":\"https:\/\/www.deathrider.shop\/es\/llavero-remove-before-flight\/#primaryimage\"},\"image\":{\"@id\":\"https:\/\/www.deathrider.shop\/es\/llavero-remove-before-flight\/#primaryimage\"},\"thumbnailUrl\":\"https:\/\/www.deathrider.shop\/wp-content\/uploads\/2021\/02\/remove-before-flight-keychain-fabric-front.jpg\",\"datePublished\":\"2021-02-04T10:46:56+00:00\",\"dateModified\":\"2021-03-25T16:48:05+00:00\",\"description\":\"Llavero Remove Before Flight, selecci\u00f3n \u00fanica de llaveros personalizados en tela. Amplia gama de accesorios en nuestra tienda Death Rider.\",\"breadcrumb\":{\"@id\":\"https:\/\/www.deathrider.shop\/es\/llavero-remove-before-flight\/#breadcrumb\"},\"inLanguage\":\"es\",\"potentialAction\":[{\"@type\":\"ReadAction\",\"target\":[\"https:\/\/www.deathrider.shop\/es\/llavero-remove-before-flight\/\"]}]},{\"@type\":\"ImageObject\",\"inLanguage\":\"es\",\"@id\":\"https:\/\/www.deathrider.shop\/es\/llavero-remove-before-flight\/#primaryimage\",\"url\":\"https:\/\/www.deathrider.shop\/wp-content\/uploads\/2021\/02\/remove-before-flight-keychain-fabric-front.jpg\",\"contentUrl\":\"https:\/\/www.deathrider.shop\/wp-content\/uploads\/2021\/02\/remove-before-flight-keychain-fabric-front.jpg\",\"width\":1024,\"height\":1024,\"caption\":\"Remove Before Flight - Keychain Fabric Front\"},{\"@type\":\"BreadcrumbList\",\"@id\":\"https:\/\/www.deathrider.shop\/es\/llavero-remove-before-flight\/#breadcrumb\",\"itemListElement\":[{\"@type\":\"ListItem\",\"position\":1,\"name\":\"Home\",\"item\":\"https:\/\/www.deathrider.shop\/es\/death-rider-1957\/\"},{\"@type\":\"ListItem\",\"position\":2,\"name\":\"Tienda\",\"item\":\"https:\/\/www.deathrider.shop\/es\/tienda\/\"},{\"@type\":\"ListItem\",\"position\":3,\"name\":\"Llavero &#8220;Remove Before Flight&#8221; Death Rider\"}]},{\"@type\":\"WebSite\",\"@id\":\"https:\/\/www.deathrider.shop\/#website\",\"url\":\"https:\/\/www.deathrider.shop\/\",\"name\":\"Death Rider 1957\",\"description\":\"Ropa Urbana y Motera para \\\"Bad Ass\\\"\",\"publisher\":{\"@id\":\"https:\/\/www.deathrider.shop\/#organization\"},\"potentialAction\":[{\"@type\":\"SearchAction\",\"target\":{\"@type\":\"EntryPoint\",\"urlTemplate\":\"https:\/\/www.deathrider.shop\/?s={search_term_string}\"},\"query-input\":{\"@type\":\"PropertyValueSpecification\",\"valueRequired\":true,\"valueName\":\"search_term_string\"}}],\"inLanguage\":\"es\"},{\"@type\":\"Organization\",\"@id\":\"https:\/\/www.deathrider.shop\/#organization\",\"name\":\"Death Rider\",\"url\":\"https:\/\/www.deathrider.shop\/\",\"logo\":{\"@type\":\"ImageObject\",\"inLanguage\":\"es\",\"@id\":\"https:\/\/www.deathrider.shop\/#\/schema\/logo\/image\/\",\"url\":\"\",\"contentUrl\":\"\",\"caption\":\"Death Rider\"},\"image\":{\"@id\":\"https:\/\/www.deathrider.shop\/#\/schema\/logo\/image\/\"}}]}<\/script>\n<!-- \/ Yoast SEO plugin. -->","yoast_head_json":{"title":"Llavero \"Remove Before Flight\" - Death Rider 1957","description":"Llavero Remove Before Flight, selecci\u00f3n \u00fanica de llaveros personalizados en tela. Amplia gama de accesorios en nuestra tienda Death Rider.","robots":{"index":"index","follow":"follow","max-snippet":"max-snippet:-1","max-image-preview":"max-image-preview:large","max-video-preview":"max-video-preview:-1"},"canonical":"https:\/\/www.deathrider.shop\/es\/llavero-remove-before-flight\/","og_locale":"es_ES","og_type":"article","og_title":"Llavero \"Remove Before Flight\" - Death Rider 1957","og_description":"Llavero Remove Before Flight, selecci\u00f3n \u00fanica de llaveros personalizados en tela. Amplia gama de accesorios en nuestra tienda Death Rider.","og_url":"https:\/\/www.deathrider.shop\/es\/llavero-remove-before-flight\/","og_site_name":"Death Rider 1957","article_modified_time":"2021-03-25T16:48:05+00:00","twitter_card":"summary_large_image","twitter_misc":{"Tiempo de lectura":"2 minutos"},"schema":{"@context":"https:\/\/schema.org","@graph":[{"@type":"WebPage","@id":"https:\/\/www.deathrider.shop\/es\/llavero-remove-before-flight\/","url":"https:\/\/www.deathrider.shop\/es\/llavero-remove-before-flight\/","name":"Llavero \"Remove Before Flight\" - Death Rider 1957","isPartOf":{"@id":"https:\/\/www.deathrider.shop\/#website"},"primaryImageOfPage":{"@id":"https:\/\/www.deathrider.shop\/es\/llavero-remove-before-flight\/#primaryimage"},"image":{"@id":"https:\/\/www.deathrider.shop\/es\/llavero-remove-before-flight\/#primaryimage"},"thumbnailUrl":"https:\/\/www.deathrider.shop\/wp-content\/uploads\/2021\/02\/remove-before-flight-keychain-fabric-front.jpg","datePublished":"2021-02-04T10:46:56+00:00","dateModified":"2021-03-25T16:48:05+00:00","description":"Llavero Remove Before Flight, selecci\u00f3n \u00fanica de llaveros personalizados en tela. Amplia gama de accesorios en nuestra tienda Death Rider.","breadcrumb":{"@id":"https:\/\/www.deathrider.shop\/es\/llavero-remove-before-flight\/#breadcrumb"},"inLanguage":"es","potentialAction":[{"@type":"ReadAction","target":["https:\/\/www.deathrider.shop\/es\/llavero-remove-before-flight\/"]}]},{"@type":"ImageObject","inLanguage":"es","@id":"https:\/\/www.deathrider.shop\/es\/llavero-remove-before-flight\/#primaryimage","url":"https:\/\/www.deathrider.shop\/wp-content\/uploads\/2021\/02\/remove-before-flight-keychain-fabric-front.jpg","contentUrl":"https:\/\/www.deathrider.shop\/wp-content\/uploads\/2021\/02\/remove-before-flight-keychain-fabric-front.jpg","width":1024,"height":1024,"caption":"Remove Before Flight - Keychain Fabric Front"},{"@type":"BreadcrumbList","@id":"https:\/\/www.deathrider.shop\/es\/llavero-remove-before-flight\/#breadcrumb","itemListElement":[{"@type":"ListItem","position":1,"name":"Home","item":"https:\/\/www.deathrider.shop\/es\/death-rider-1957\/"},{"@type":"ListItem","position":2,"name":"Tienda","item":"https:\/\/www.deathrider.shop\/es\/tienda\/"},{"@type":"ListItem","position":3,"name":"Llavero &#8220;Remove Before Flight&#8221; Death Rider"}]},{"@type":"WebSite","@id":"https:\/\/www.deathrider.shop\/#website","url":"https:\/\/www.deathrider.shop\/","name":"Death Rider 1957","description":"Ropa Urbana y Motera para \"Bad Ass\"","publisher":{"@id":"https:\/\/www.deathrider.shop\/#organization"},"potentialAction":[{"@type":"SearchAction","target":{"@type":"EntryPoint","urlTemplate":"https:\/\/www.deathrider.shop\/?s={search_term_string}"},"query-input":{"@type":"PropertyValueSpecification","valueRequired":true,"valueName":"search_term_string"}}],"inLanguage":"es"},{"@type":"Organization","@id":"https:\/\/www.deathrider.shop\/#organization","name":"Death Rider","url":"https:\/\/www.deathrider.shop\/","logo":{"@type":"ImageObject","inLanguage":"es","@id":"https:\/\/www.deathrider.shop\/#\/schema\/logo\/image\/","url":"","contentUrl":"","caption":"Death Rider"},"image":{"@id":"https:\/\/www.deathrider.shop\/#\/schema\/logo\/image\/"}}]}},"_links":{"self":[{"href":"https:\/\/www.deathrider.shop\/es\/wp-json\/wp\/v2\/product\/433","targetHints":{"allow":["GET"]}}],"collection":[{"href":"https:\/\/www.deathrider.shop\/es\/wp-json\/wp\/v2\/product"}],"about":[{"href":"https:\/\/www.deathrider.shop\/es\/wp-json\/wp\/v2\/types\/product"}],"replies":[{"embeddable":true,"href":"https:\/\/www.deathrider.shop\/es\/wp-json\/wp\/v2\/comments?post=433"}],"wp:featuredmedia":[{"embeddable":true,"href":"https:\/\/www.deathrider.shop\/es\/wp-json\/wp\/v2\/media\/238"}],"wp:attachment":[{"href":"https:\/\/www.deathrider.shop\/es\/wp-json\/wp\/v2\/media?parent=433"}],"wp:term":[{"taxonomy":"product_brand","embeddable":true,"href":"https:\/\/www.deathrider.shop\/es\/wp-json\/wp\/v2\/product_brand?post=433"},{"taxonomy":"product_cat","embeddable":true,"href":"https:\/\/www.deathrider.shop\/es\/wp-json\/wp\/v2\/product_cat?post=433"},{"taxonomy":"product_tag","embeddable":true,"href":"https:\/\/www.deathrider.shop\/es\/wp-json\/wp\/v2\/product_tag?post=433"}],"curies":[{"name":"wp","href":"https:\/\/api.w.org\/{rel}","templated":true}]}}