{"id":469,"date":"2021-02-05T10:27:33","date_gmt":"2021-02-05T16:13:44","guid":{"rendered":"https:\/\/www.deathrider.shop\/?post_type=product&#038;p=469"},"modified":"2026-01-31T19:54:19","modified_gmt":"2026-01-31T18:54:19","slug":"death-rider-traje-de-agua","status":"publish","type":"product","link":"https:\/\/www.deathrider.shop\/es\/death-rider-traje-de-agua\/","title":{"rendered":"Death Rider 1957 Traje De Agua"},"content":{"rendered":"<h2>Traje de Agua Death Rider: Caracter\u00edsticas<\/h2>\n<p>\u00bfListo para disfrutar de los d\u00edas lluviosos y ventosos? Aqu\u00ed est\u00e1 el <strong>Traje de Agua Death Rider<\/strong>, un traje de lluvia para moto dise\u00f1ado para protegerte completamente contra las peores condiciones meteorol\u00f3gicas. Este traje de agua moto es ultraligero, f\u00e1cil de poner y guardar, y tiene el mejor ajuste. Se trata de un traje de agua de cobertura total que proporciona una excelente protecci\u00f3n en condiciones de humedad y barro.<\/p>\n<p>\u00a1Nadie quiere que le pille la lluvia! Es cierto que un chubasquero largo puede proporcionar suficiente protecci\u00f3n mientras se realizan peque\u00f1os recorridos. Pero no servir\u00e1n de nada cuando se produzca un chaparr\u00f3n a la intemperie. Para actividades al aire libre y muy expuestas, como salir en moto, mejor una protecci\u00f3n de cobertura total. Definitivamente te mantendr\u00e1 seco y c\u00f3modo como nuestro\u00a0<strong>Death Rider<\/strong><strong> traje de agua para moto<\/strong>.<\/p>\n<h2>Especificaciones<\/h2>\n<p>Es importante tener en cuenta algunas cosas cuando se trata de trajes de agua. Es fundamental que el ajuste sea tal que te permita moverte libremente. No es una tarea f\u00e1cil encontrar algo adecuado, ya que muchos tipos de material impermeable no son precisamente conocidos por su elasticidad. Tambi\u00e9n hay que buscar un material que no se rompa f\u00e1cilmente. Sobre todo, en situaciones en las que las esquinas del traje podr\u00edan engancharse en una rama o roca, permitiendo que el agua entre y empape tu ropa.<\/p>\n<p>El <strong>Traje de Agua para moto de Death Rider,<\/strong> fabricado con materiales impermeables, es perfecto para evitar que entre la lluvia. Este elegante traje de dos piezas viene con pintura reflectante para aumentar la visibilidad, cremallera impermeable original YKK y costuras selladas para bloquear la absorci\u00f3n de agua. Tejido exterior: Tejido de tafet\u00e1n 190-T. Tejido interior: Tafet\u00e1n recubierto de PVC. Ll\u00e9velo a esos destinos desconocidos donde no sabe qu\u00e9 esperar o durante la temporada de invierno.<\/p>\n<h2>Elige tu mejor opci\u00f3n<\/h2>\n<p>El mejor traje de lluivia para moto es un buen traje polivalente que te permitir\u00e1 mantenerte seco. Cada<strong>\u00a0traje de lluvia para moto de Death Rider<\/strong> combina la calidad con una gran relaci\u00f3n calidad-precio, y tambi\u00e9n da en el clavo con su traje de agua de PVC. El conjunto de chaqueta y pantal\u00f3n es duradero, extremadamente impermeable y est\u00e1 dise\u00f1ado con un mont\u00f3n de componentes ajustables para mantener la lluvia a la distancia (pu\u00f1os, cintura, capucha).<\/p>\n<p>La chaqueta cortavientos e impermeable es una prenda que se ha convertido en indispensable en el armario de un motero.\u00a0Sin duda, con algo m\u00e1s: esto es el <strong>Death Rider traje de agua para moto<\/strong>. Ligero, cortavientos, impermeable y repelente al agua, te mantiene caliente, favorece la m\u00e1xima transpiraci\u00f3n y te protege de los elementos. Agradable al tacto, maravilloso de llevar.<\/p>\n<p>La diferencia m\u00e1s importante entre las chaquetas impermeables es el tipo de tejido con el que est\u00e1n cosidas. Es el material de la chaqueta el que determina su peso, sus propiedades hidr\u00f3fugas y su \u00e1mbito de uso. Existen diferentes tejidos impermeables:<br \/>\nLa calandria es un tejido que se utiliza cada vez m\u00e1s para las chaquetas impermeables hoy en d\u00eda, aunque la resistencia al agua de este material no es muy alta. Aun as\u00ed, este tipo de ropa te proteger\u00e1 completamente de un poco de lluvia.<\/p>\n<p>El tejido impregnado de tefl\u00f3n es un invento m\u00e1s moderno. Este material repele la humedad, la suciedad y tambi\u00e9n respira. El poliuretano es un material ideal para fabricar ropa impermeable. No deja pasar el agua, conduce perfectamente el aire, es famoso por su durabilidad y, sobre todo, es capaz de retener el calor. Por cierto, el llamado tejido de membrana no es m\u00e1s que poliuretano expandido y enriquecido.<br \/>\n<img loading=\"lazy\" decoding=\"async\" class=\"alignnone wp-image-1015 size-large\" src=\"https:\/\/www.deathrider.shop\/wp-content\/uploads\/2021\/02\/death-rider-rain-gear-suit-1024x732.jpg\" alt=\"Death Rider 1957 Rain Suit - Size Chart\" width=\"1020\" height=\"729\" srcset=\"https:\/\/www.deathrider.shop\/wp-content\/uploads\/2021\/02\/death-rider-rain-gear-suit-1024x732.jpg 1024w, https:\/\/www.deathrider.shop\/wp-content\/uploads\/2021\/02\/death-rider-rain-gear-suit-300x214.jpg 300w, https:\/\/www.deathrider.shop\/wp-content\/uploads\/2021\/02\/death-rider-rain-gear-suit-768x549.jpg 768w, https:\/\/www.deathrider.shop\/wp-content\/uploads\/2021\/02\/death-rider-rain-gear-suit-600x429.jpg 600w, https:\/\/www.deathrider.shop\/wp-content\/uploads\/2021\/02\/death-rider-rain-gear-suit.jpg 1511w\" sizes=\"auto, (max-width: 1020px) 100vw, 1020px\" \/><\/p>\n","protected":false},"excerpt":{"rendered":"<p>Chaqueta y pantalones impermeables para moto, fabricados con materiales impermeables, el\u00a0<strong>Death Rider Traje de Agua para moto<\/strong> es perfecto para que la lluvia no entre. Un elegante traje de dos piezas con pintura reflectante en los pants para aumentar la visibilidad, cremallera impermeable original YKK y costuras selladas para bloquear la absorci\u00f3n de agua.<br \/>\nTejido exterior: Tejido de tafet\u00e1n 190-T.<br \/>\nTejido interior: Tafet\u00e1n recubierto de PVC.<br \/>\nVelcro de alta calidad para detener el agua.<\/p>\n","protected":false},"featured_media":904,"comment_status":"open","ping_status":"closed","template":"","meta":[],"product_brand":[],"product_cat":[115],"product_tag":[],"class_list":{"0":"post-469","1":"product","2":"type-product","3":"status-publish","4":"has-post-thumbnail","6":"product_cat-chaquetas","8":"first","9":"instock","10":"sale","11":"taxable","12":"shipping-taxable","13":"purchasable","14":"product-type-variable"},"yoast_head":"<!-- This site is optimized with the Yoast SEO plugin v26.1.1 - https:\/\/yoast.com\/wordpress\/plugins\/seo\/ -->\n<title>Death Rider Traje De Agua Moto | Death Rider Traje De Lluvia Moto<\/title>\n<meta name=\"description\" content=\"Death Rider Traje de Agua para Moto, mant\u00e9n la lluvia fuera de tu camino. Descubre nuestra selecci\u00f3n de elegantes trajes de lluvia para moto.\" \/>\n<meta name=\"robots\" content=\"index, follow, max-snippet:-1, max-image-preview:large, max-video-preview:-1\" \/>\n<link rel=\"canonical\" href=\"https:\/\/www.deathrider.shop\/es\/death-rider-traje-de-agua\/\" \/>\n<meta property=\"og:locale\" content=\"es_ES\" \/>\n<meta property=\"og:type\" content=\"article\" \/>\n<meta property=\"og:title\" content=\"Death Rider Traje De Agua Moto | Death Rider Traje De Lluvia Moto\" \/>\n<meta property=\"og:description\" content=\"Death Rider Traje de Agua para Moto, mant\u00e9n la lluvia fuera de tu camino. Descubre nuestra selecci\u00f3n de elegantes trajes de lluvia para moto.\" \/>\n<meta property=\"og:url\" content=\"https:\/\/www.deathrider.shop\/es\/death-rider-traje-de-agua\/\" \/>\n<meta property=\"og:site_name\" content=\"Death Rider 1957\" \/>\n<meta property=\"article:modified_time\" content=\"2026-01-31T18:54:19+00:00\" \/>\n<meta property=\"og:image\" content=\"https:\/\/www.deathrider.shop\/wp-content\/uploads\/2021\/02\/death-rider-rain-gear-suit-model-rear.jpg\" \/>\n\t<meta property=\"og:image:width\" content=\"1024\" \/>\n\t<meta property=\"og:image:height\" content=\"1024\" \/>\n\t<meta property=\"og:image:type\" content=\"image\/jpeg\" \/>\n<meta name=\"twitter:card\" content=\"summary_large_image\" \/>\n<meta name=\"twitter:label1\" content=\"Tiempo de lectura\" \/>\n\t<meta name=\"twitter:data1\" content=\"3 minutos\" \/>\n<script type=\"application\/ld+json\" class=\"yoast-schema-graph\">{\"@context\":\"https:\/\/schema.org\",\"@graph\":[{\"@type\":\"WebPage\",\"@id\":\"https:\/\/www.deathrider.shop\/es\/death-rider-traje-de-agua\/\",\"url\":\"https:\/\/www.deathrider.shop\/es\/death-rider-traje-de-agua\/\",\"name\":\"Death Rider Traje De Agua Moto | Death Rider Traje De Lluvia Moto\",\"isPartOf\":{\"@id\":\"https:\/\/www.deathrider.shop\/#website\"},\"primaryImageOfPage\":{\"@id\":\"https:\/\/www.deathrider.shop\/es\/death-rider-traje-de-agua\/#primaryimage\"},\"image\":{\"@id\":\"https:\/\/www.deathrider.shop\/es\/death-rider-traje-de-agua\/#primaryimage\"},\"thumbnailUrl\":\"https:\/\/www.deathrider.shop\/wp-content\/uploads\/2021\/02\/death-rider-rain-gear-suit-model-rear.jpg\",\"datePublished\":\"2021-02-05T16:13:44+00:00\",\"dateModified\":\"2026-01-31T18:54:19+00:00\",\"description\":\"Death Rider Traje de Agua para Moto, mant\u00e9n la lluvia fuera de tu camino. Descubre nuestra selecci\u00f3n de elegantes trajes de lluvia para moto.\",\"breadcrumb\":{\"@id\":\"https:\/\/www.deathrider.shop\/es\/death-rider-traje-de-agua\/#breadcrumb\"},\"inLanguage\":\"es\",\"potentialAction\":[{\"@type\":\"ReadAction\",\"target\":[\"https:\/\/www.deathrider.shop\/es\/death-rider-traje-de-agua\/\"]}]},{\"@type\":\"ImageObject\",\"inLanguage\":\"es\",\"@id\":\"https:\/\/www.deathrider.shop\/es\/death-rider-traje-de-agua\/#primaryimage\",\"url\":\"https:\/\/www.deathrider.shop\/wp-content\/uploads\/2021\/02\/death-rider-rain-gear-suit-model-rear.jpg\",\"contentUrl\":\"https:\/\/www.deathrider.shop\/wp-content\/uploads\/2021\/02\/death-rider-rain-gear-suit-model-rear.jpg\",\"width\":1024,\"height\":1024,\"caption\":\"Death Rider 1957 Rain Suit- Model Model Rear\"},{\"@type\":\"BreadcrumbList\",\"@id\":\"https:\/\/www.deathrider.shop\/es\/death-rider-traje-de-agua\/#breadcrumb\",\"itemListElement\":[{\"@type\":\"ListItem\",\"position\":1,\"name\":\"Home\",\"item\":\"https:\/\/www.deathrider.shop\/es\/death-rider-1957\/\"},{\"@type\":\"ListItem\",\"position\":2,\"name\":\"Tienda\",\"item\":\"https:\/\/www.deathrider.shop\/es\/tienda\/\"},{\"@type\":\"ListItem\",\"position\":3,\"name\":\"Death Rider 1957 Traje De Agua\"}]},{\"@type\":\"WebSite\",\"@id\":\"https:\/\/www.deathrider.shop\/#website\",\"url\":\"https:\/\/www.deathrider.shop\/\",\"name\":\"Death Rider 1957\",\"description\":\"Ropa Urbana y Motera para \\\"Bad Ass\\\"\",\"publisher\":{\"@id\":\"https:\/\/www.deathrider.shop\/#organization\"},\"potentialAction\":[{\"@type\":\"SearchAction\",\"target\":{\"@type\":\"EntryPoint\",\"urlTemplate\":\"https:\/\/www.deathrider.shop\/?s={search_term_string}\"},\"query-input\":{\"@type\":\"PropertyValueSpecification\",\"valueRequired\":true,\"valueName\":\"search_term_string\"}}],\"inLanguage\":\"es\"},{\"@type\":\"Organization\",\"@id\":\"https:\/\/www.deathrider.shop\/#organization\",\"name\":\"Death Rider\",\"url\":\"https:\/\/www.deathrider.shop\/\",\"logo\":{\"@type\":\"ImageObject\",\"inLanguage\":\"es\",\"@id\":\"https:\/\/www.deathrider.shop\/#\/schema\/logo\/image\/\",\"url\":\"\",\"contentUrl\":\"\",\"caption\":\"Death Rider\"},\"image\":{\"@id\":\"https:\/\/www.deathrider.shop\/#\/schema\/logo\/image\/\"}}]}<\/script>\n<!-- \/ Yoast SEO plugin. -->","yoast_head_json":{"title":"Death Rider Traje De Agua Moto | Death Rider Traje De Lluvia Moto","description":"Death Rider Traje de Agua para Moto, mant\u00e9n la lluvia fuera de tu camino. Descubre nuestra selecci\u00f3n de elegantes trajes de lluvia para moto.","robots":{"index":"index","follow":"follow","max-snippet":"max-snippet:-1","max-image-preview":"max-image-preview:large","max-video-preview":"max-video-preview:-1"},"canonical":"https:\/\/www.deathrider.shop\/es\/death-rider-traje-de-agua\/","og_locale":"es_ES","og_type":"article","og_title":"Death Rider Traje De Agua Moto | Death Rider Traje De Lluvia Moto","og_description":"Death Rider Traje de Agua para Moto, mant\u00e9n la lluvia fuera de tu camino. Descubre nuestra selecci\u00f3n de elegantes trajes de lluvia para moto.","og_url":"https:\/\/www.deathrider.shop\/es\/death-rider-traje-de-agua\/","og_site_name":"Death Rider 1957","article_modified_time":"2026-01-31T18:54:19+00:00","og_image":[{"width":1024,"height":1024,"url":"https:\/\/www.deathrider.shop\/wp-content\/uploads\/2021\/02\/death-rider-rain-gear-suit-model-rear.jpg","type":"image\/jpeg"}],"twitter_card":"summary_large_image","twitter_misc":{"Tiempo de lectura":"3 minutos"},"schema":{"@context":"https:\/\/schema.org","@graph":[{"@type":"WebPage","@id":"https:\/\/www.deathrider.shop\/es\/death-rider-traje-de-agua\/","url":"https:\/\/www.deathrider.shop\/es\/death-rider-traje-de-agua\/","name":"Death Rider Traje De Agua Moto | Death Rider Traje De Lluvia Moto","isPartOf":{"@id":"https:\/\/www.deathrider.shop\/#website"},"primaryImageOfPage":{"@id":"https:\/\/www.deathrider.shop\/es\/death-rider-traje-de-agua\/#primaryimage"},"image":{"@id":"https:\/\/www.deathrider.shop\/es\/death-rider-traje-de-agua\/#primaryimage"},"thumbnailUrl":"https:\/\/www.deathrider.shop\/wp-content\/uploads\/2021\/02\/death-rider-rain-gear-suit-model-rear.jpg","datePublished":"2021-02-05T16:13:44+00:00","dateModified":"2026-01-31T18:54:19+00:00","description":"Death Rider Traje de Agua para Moto, mant\u00e9n la lluvia fuera de tu camino. Descubre nuestra selecci\u00f3n de elegantes trajes de lluvia para moto.","breadcrumb":{"@id":"https:\/\/www.deathrider.shop\/es\/death-rider-traje-de-agua\/#breadcrumb"},"inLanguage":"es","potentialAction":[{"@type":"ReadAction","target":["https:\/\/www.deathrider.shop\/es\/death-rider-traje-de-agua\/"]}]},{"@type":"ImageObject","inLanguage":"es","@id":"https:\/\/www.deathrider.shop\/es\/death-rider-traje-de-agua\/#primaryimage","url":"https:\/\/www.deathrider.shop\/wp-content\/uploads\/2021\/02\/death-rider-rain-gear-suit-model-rear.jpg","contentUrl":"https:\/\/www.deathrider.shop\/wp-content\/uploads\/2021\/02\/death-rider-rain-gear-suit-model-rear.jpg","width":1024,"height":1024,"caption":"Death Rider 1957 Rain Suit- Model Model Rear"},{"@type":"BreadcrumbList","@id":"https:\/\/www.deathrider.shop\/es\/death-rider-traje-de-agua\/#breadcrumb","itemListElement":[{"@type":"ListItem","position":1,"name":"Home","item":"https:\/\/www.deathrider.shop\/es\/death-rider-1957\/"},{"@type":"ListItem","position":2,"name":"Tienda","item":"https:\/\/www.deathrider.shop\/es\/tienda\/"},{"@type":"ListItem","position":3,"name":"Death Rider 1957 Traje De Agua"}]},{"@type":"WebSite","@id":"https:\/\/www.deathrider.shop\/#website","url":"https:\/\/www.deathrider.shop\/","name":"Death Rider 1957","description":"Ropa Urbana y Motera para \"Bad Ass\"","publisher":{"@id":"https:\/\/www.deathrider.shop\/#organization"},"potentialAction":[{"@type":"SearchAction","target":{"@type":"EntryPoint","urlTemplate":"https:\/\/www.deathrider.shop\/?s={search_term_string}"},"query-input":{"@type":"PropertyValueSpecification","valueRequired":true,"valueName":"search_term_string"}}],"inLanguage":"es"},{"@type":"Organization","@id":"https:\/\/www.deathrider.shop\/#organization","name":"Death Rider","url":"https:\/\/www.deathrider.shop\/","logo":{"@type":"ImageObject","inLanguage":"es","@id":"https:\/\/www.deathrider.shop\/#\/schema\/logo\/image\/","url":"","contentUrl":"","caption":"Death Rider"},"image":{"@id":"https:\/\/www.deathrider.shop\/#\/schema\/logo\/image\/"}}]}},"_links":{"self":[{"href":"https:\/\/www.deathrider.shop\/es\/wp-json\/wp\/v2\/product\/469","targetHints":{"allow":["GET"]}}],"collection":[{"href":"https:\/\/www.deathrider.shop\/es\/wp-json\/wp\/v2\/product"}],"about":[{"href":"https:\/\/www.deathrider.shop\/es\/wp-json\/wp\/v2\/types\/product"}],"replies":[{"embeddable":true,"href":"https:\/\/www.deathrider.shop\/es\/wp-json\/wp\/v2\/comments?post=469"}],"wp:featuredmedia":[{"embeddable":true,"href":"https:\/\/www.deathrider.shop\/es\/wp-json\/wp\/v2\/media\/904"}],"wp:attachment":[{"href":"https:\/\/www.deathrider.shop\/es\/wp-json\/wp\/v2\/media?parent=469"}],"wp:term":[{"taxonomy":"product_brand","embeddable":true,"href":"https:\/\/www.deathrider.shop\/es\/wp-json\/wp\/v2\/product_brand?post=469"},{"taxonomy":"product_cat","embeddable":true,"href":"https:\/\/www.deathrider.shop\/es\/wp-json\/wp\/v2\/product_cat?post=469"},{"taxonomy":"product_tag","embeddable":true,"href":"https:\/\/www.deathrider.shop\/es\/wp-json\/wp\/v2\/product_tag?post=469"}],"curies":[{"name":"wp","href":"https:\/\/api.w.org\/{rel}","templated":true}]}}