{"id":697,"date":"2021-02-03T12:05:15","date_gmt":"2021-03-15T08:13:25","guid":{"rendered":"https:\/\/www.deathrider.shop\/?post_type=product&#038;p=697"},"modified":"2021-03-15T16:50:53","modified_gmt":"2021-03-15T15:50:53","slug":"llavero-ftw","status":"publish","type":"product","link":"https:\/\/www.deathrider.shop\/es\/llavero-ftw\/","title":{"rendered":"Llavero \u00abFTW\u00bb Death Rider"},"content":{"rendered":"<h2>Llavero \u00abFTW\u00bb de Death Rider<\/h2>\n<p>Con el<strong> llavero FTW<\/strong>, fabricado en tela,\u00a0encontrar\u00e1s una forma m\u00e1s f\u00e1cil de encontrar tus llaves. En definitiva, \u00bfqu\u00e9 esperas de un llavero? Probablemente sepamos la respuesta. Por eso, todos nuestros accesorios para motos resultan ser muy \u00fatiles y hacen que su vida sea m\u00e1s f\u00e1cil y sin complicaciones. \u00bfHas pensado alguna vez que un llavero podr\u00eda ayudarte a vivir una vida mejor? Tal vez no del todo, pero estamos hablando de una ayuda. Entonces el<strong> llavero de moto &#8211; FTW<\/strong> te hace el trabajo, te ayuda a encontrar tus llaves m\u00e1s f\u00e1cilmente y muestra un verdadero car\u00e1cter.<\/p>\n<h2>Identif\u00edcalo todo<\/h2>\n<p>Puedes asegurar este ingenioso llavero enganch\u00e1ndolo a tu cintur\u00f3n, equipaje, mochila o chaleco. En primer lugar, este duradero llavero se fabrica con orgullo en Europa. El gancho y el bucle de alta calidad de 1 pulgada del cilindro son ideales para engancharlos f\u00e1cilmente a tu cintur\u00f3n o equipaje.<br \/>\nFabricado con material y costuras de calidad, si buscas algo que pueda identificar f\u00e1cilmente una llave para una parte de tu equipamiento, \u00a1ah\u00ed lo tienes! El llavero es s\u00f3lido y est\u00e1 bien hecho. Se trata de una pieza de material resistente, dise\u00f1ada para soportar un trato duro. Cualquiera apreciar\u00eda el desgaste que pueden sufrir. Es la soluci\u00f3n perfecta, no voluminosa, para que las llaves sean m\u00e1s f\u00e1ciles de encontrar y visualizar. Es m\u00e1s, ni siquiera se nota en el bolsillo.<\/p>\n<h2>Forever Two Wheels<\/h2>\n<p>Disfruta de la frase divertida de la etiqueta del <strong>Llavero FTW de Death Rider.<\/strong> Al fin y al cabo, todos queremos ser populares con nuestros accesorios a la hora de montar en moto. Sin duda, Forever Two Wheels ha conquistado los corazones de los motoristas. Y estamos orgullosos de ello. Y, por supuesto, orgullosos de que lo muestres al mundo. Al fin y al cabo, puedes utilizarlo para las llaves de la moto o simplemente para recoger f\u00e1cilmente algo especial. Adem\u00e1s, no raya la pintura, el dep\u00f3sito o el salpicadero.<\/p>\n<p>Debido a su tama\u00f1o, el viento hace volar el<strong> llavero FTW<\/strong>, por lo que puedes conducir sin preocuparte de que cuelgue y toque un motor caliente o similar. Destacar el bordado, que es minucioso y el tejido, grueso y duradero.<br \/>\nEs muy elegante, fuerte y seguro con una anilla plana de metal y un remache de metal para tu completa tranquilidad.<br \/>\nPor \u00faltimo, pero no por ello menos importante, presenta caracter\u00edsticas tradicionales de la \u00abvieja escuela\u00bb, as\u00ed que puedes estar seguro de que el dise\u00f1o no pasar\u00e1 de moda.<\/p>\n<p>A destacar: \u00fanico y no fabricado en serie.<br \/>\nEspecificaciones del llavero:<br \/>\nLongitud de la placa de tela aproximadamente 4 pulgadas ( 10 cm).<br \/>\nLongitud total con la anilla aproximadamente 5 pulgadas ( 12 cm).<\/p>\n<p>&nbsp;<\/p>\n<p>&nbsp;<\/p>\n","protected":false},"excerpt":{"rendered":"<p><strong>Llavero de tela FTW<\/strong><br \/>\nSi est\u00e1s buscando un accesorio de moto \u00fanico, este <strong>llavero FTW<\/strong> es la opci\u00f3n perfecta para destacar entre la multitud.<br \/>\nPr\u00e1ctico y elegante, nunca m\u00e1s perder\u00e1s tus llaves.<br \/>\nY lo que es m\u00e1s, te diferenciar\u00e1s notablemente de la gente com\u00fan con su dise\u00f1o \u00fanico y el mensaje \u00abForever Two Wheels\u00bb.<br \/>\nEstilo y comodidad en tu bolsillo, \u00a1y no ser\u00e1 dif\u00edcil de llevar!<\/p>\n","protected":false},"featured_media":248,"comment_status":"open","ping_status":"closed","template":"","meta":[],"product_brand":[],"product_cat":[120],"product_tag":[],"class_list":{"0":"post-697","1":"product","2":"type-product","3":"status-publish","4":"has-post-thumbnail","6":"product_cat-parches-merchandising","8":"first","9":"outofstock","10":"taxable","11":"shipping-taxable","12":"purchasable","13":"product-type-simple"},"yoast_head":"<!-- This site is optimized with the Yoast SEO plugin v26.1.1 - https:\/\/yoast.com\/wordpress\/plugins\/seo\/ -->\n<title>Llavero FTW - Death Rider 1957<\/title>\n<meta name=\"description\" content=\"Llavero de tela FTW. Llaveros de moto. Echa un vistazo a nuestra selecci\u00f3n de elegantes llaveros de tela en nuestra tienda Death Rider.\" \/>\n<meta name=\"robots\" content=\"index, follow, max-snippet:-1, max-image-preview:large, max-video-preview:-1\" \/>\n<link rel=\"canonical\" href=\"https:\/\/www.deathrider.shop\/es\/llavero-ftw\/\" \/>\n<meta property=\"og:locale\" content=\"es_ES\" \/>\n<meta property=\"og:type\" content=\"article\" \/>\n<meta property=\"og:title\" content=\"Llavero FTW - Death Rider 1957\" \/>\n<meta property=\"og:description\" content=\"Llavero de tela FTW. Llaveros de moto. Echa un vistazo a nuestra selecci\u00f3n de elegantes llaveros de tela en nuestra tienda Death Rider.\" \/>\n<meta property=\"og:url\" content=\"https:\/\/www.deathrider.shop\/es\/llavero-ftw\/\" \/>\n<meta property=\"og:site_name\" content=\"Death Rider 1957\" \/>\n<meta property=\"article:modified_time\" content=\"2021-03-15T15:50:53+00:00\" \/>\n<meta name=\"twitter:card\" content=\"summary_large_image\" \/>\n<meta name=\"twitter:label1\" content=\"Tiempo de lectura\" \/>\n\t<meta name=\"twitter:data1\" content=\"2 minutos\" \/>\n<script type=\"application\/ld+json\" class=\"yoast-schema-graph\">{\"@context\":\"https:\/\/schema.org\",\"@graph\":[{\"@type\":\"WebPage\",\"@id\":\"https:\/\/www.deathrider.shop\/es\/llavero-ftw\/\",\"url\":\"https:\/\/www.deathrider.shop\/es\/llavero-ftw\/\",\"name\":\"Llavero FTW - Death Rider 1957\",\"isPartOf\":{\"@id\":\"https:\/\/www.deathrider.shop\/#website\"},\"primaryImageOfPage\":{\"@id\":\"https:\/\/www.deathrider.shop\/es\/llavero-ftw\/#primaryimage\"},\"image\":{\"@id\":\"https:\/\/www.deathrider.shop\/es\/llavero-ftw\/#primaryimage\"},\"thumbnailUrl\":\"https:\/\/www.deathrider.shop\/wp-content\/uploads\/2021\/02\/ftw-keychain-fabric.jpg\",\"datePublished\":\"2021-03-15T08:13:25+00:00\",\"dateModified\":\"2021-03-15T15:50:53+00:00\",\"description\":\"Llavero de tela FTW. Llaveros de moto. Echa un vistazo a nuestra selecci\u00f3n de elegantes llaveros de tela en nuestra tienda Death Rider.\",\"breadcrumb\":{\"@id\":\"https:\/\/www.deathrider.shop\/es\/llavero-ftw\/#breadcrumb\"},\"inLanguage\":\"es\",\"potentialAction\":[{\"@type\":\"ReadAction\",\"target\":[\"https:\/\/www.deathrider.shop\/es\/llavero-ftw\/\"]}]},{\"@type\":\"ImageObject\",\"inLanguage\":\"es\",\"@id\":\"https:\/\/www.deathrider.shop\/es\/llavero-ftw\/#primaryimage\",\"url\":\"https:\/\/www.deathrider.shop\/wp-content\/uploads\/2021\/02\/ftw-keychain-fabric.jpg\",\"contentUrl\":\"https:\/\/www.deathrider.shop\/wp-content\/uploads\/2021\/02\/ftw-keychain-fabric.jpg\",\"width\":1024,\"height\":1024,\"caption\":\"FTW - Keychain Fabric\"},{\"@type\":\"BreadcrumbList\",\"@id\":\"https:\/\/www.deathrider.shop\/es\/llavero-ftw\/#breadcrumb\",\"itemListElement\":[{\"@type\":\"ListItem\",\"position\":1,\"name\":\"Home\",\"item\":\"https:\/\/www.deathrider.shop\/es\/death-rider-1957\/\"},{\"@type\":\"ListItem\",\"position\":2,\"name\":\"Tienda\",\"item\":\"https:\/\/www.deathrider.shop\/es\/tienda\/\"},{\"@type\":\"ListItem\",\"position\":3,\"name\":\"Llavero &#8220;FTW&#8221; Death Rider\"}]},{\"@type\":\"WebSite\",\"@id\":\"https:\/\/www.deathrider.shop\/#website\",\"url\":\"https:\/\/www.deathrider.shop\/\",\"name\":\"Death Rider 1957\",\"description\":\"Ropa Urbana y Motera para \\\"Bad Ass\\\"\",\"publisher\":{\"@id\":\"https:\/\/www.deathrider.shop\/#organization\"},\"potentialAction\":[{\"@type\":\"SearchAction\",\"target\":{\"@type\":\"EntryPoint\",\"urlTemplate\":\"https:\/\/www.deathrider.shop\/?s={search_term_string}\"},\"query-input\":{\"@type\":\"PropertyValueSpecification\",\"valueRequired\":true,\"valueName\":\"search_term_string\"}}],\"inLanguage\":\"es\"},{\"@type\":\"Organization\",\"@id\":\"https:\/\/www.deathrider.shop\/#organization\",\"name\":\"Death Rider\",\"url\":\"https:\/\/www.deathrider.shop\/\",\"logo\":{\"@type\":\"ImageObject\",\"inLanguage\":\"es\",\"@id\":\"https:\/\/www.deathrider.shop\/#\/schema\/logo\/image\/\",\"url\":\"\",\"contentUrl\":\"\",\"caption\":\"Death Rider\"},\"image\":{\"@id\":\"https:\/\/www.deathrider.shop\/#\/schema\/logo\/image\/\"}}]}<\/script>\n<!-- \/ Yoast SEO plugin. -->","yoast_head_json":{"title":"Llavero FTW - Death Rider 1957","description":"Llavero de tela FTW. Llaveros de moto. Echa un vistazo a nuestra selecci\u00f3n de elegantes llaveros de tela en nuestra tienda Death Rider.","robots":{"index":"index","follow":"follow","max-snippet":"max-snippet:-1","max-image-preview":"max-image-preview:large","max-video-preview":"max-video-preview:-1"},"canonical":"https:\/\/www.deathrider.shop\/es\/llavero-ftw\/","og_locale":"es_ES","og_type":"article","og_title":"Llavero FTW - Death Rider 1957","og_description":"Llavero de tela FTW. Llaveros de moto. Echa un vistazo a nuestra selecci\u00f3n de elegantes llaveros de tela en nuestra tienda Death Rider.","og_url":"https:\/\/www.deathrider.shop\/es\/llavero-ftw\/","og_site_name":"Death Rider 1957","article_modified_time":"2021-03-15T15:50:53+00:00","twitter_card":"summary_large_image","twitter_misc":{"Tiempo de lectura":"2 minutos"},"schema":{"@context":"https:\/\/schema.org","@graph":[{"@type":"WebPage","@id":"https:\/\/www.deathrider.shop\/es\/llavero-ftw\/","url":"https:\/\/www.deathrider.shop\/es\/llavero-ftw\/","name":"Llavero FTW - Death Rider 1957","isPartOf":{"@id":"https:\/\/www.deathrider.shop\/#website"},"primaryImageOfPage":{"@id":"https:\/\/www.deathrider.shop\/es\/llavero-ftw\/#primaryimage"},"image":{"@id":"https:\/\/www.deathrider.shop\/es\/llavero-ftw\/#primaryimage"},"thumbnailUrl":"https:\/\/www.deathrider.shop\/wp-content\/uploads\/2021\/02\/ftw-keychain-fabric.jpg","datePublished":"2021-03-15T08:13:25+00:00","dateModified":"2021-03-15T15:50:53+00:00","description":"Llavero de tela FTW. Llaveros de moto. Echa un vistazo a nuestra selecci\u00f3n de elegantes llaveros de tela en nuestra tienda Death Rider.","breadcrumb":{"@id":"https:\/\/www.deathrider.shop\/es\/llavero-ftw\/#breadcrumb"},"inLanguage":"es","potentialAction":[{"@type":"ReadAction","target":["https:\/\/www.deathrider.shop\/es\/llavero-ftw\/"]}]},{"@type":"ImageObject","inLanguage":"es","@id":"https:\/\/www.deathrider.shop\/es\/llavero-ftw\/#primaryimage","url":"https:\/\/www.deathrider.shop\/wp-content\/uploads\/2021\/02\/ftw-keychain-fabric.jpg","contentUrl":"https:\/\/www.deathrider.shop\/wp-content\/uploads\/2021\/02\/ftw-keychain-fabric.jpg","width":1024,"height":1024,"caption":"FTW - Keychain Fabric"},{"@type":"BreadcrumbList","@id":"https:\/\/www.deathrider.shop\/es\/llavero-ftw\/#breadcrumb","itemListElement":[{"@type":"ListItem","position":1,"name":"Home","item":"https:\/\/www.deathrider.shop\/es\/death-rider-1957\/"},{"@type":"ListItem","position":2,"name":"Tienda","item":"https:\/\/www.deathrider.shop\/es\/tienda\/"},{"@type":"ListItem","position":3,"name":"Llavero &#8220;FTW&#8221; Death Rider"}]},{"@type":"WebSite","@id":"https:\/\/www.deathrider.shop\/#website","url":"https:\/\/www.deathrider.shop\/","name":"Death Rider 1957","description":"Ropa Urbana y Motera para \"Bad Ass\"","publisher":{"@id":"https:\/\/www.deathrider.shop\/#organization"},"potentialAction":[{"@type":"SearchAction","target":{"@type":"EntryPoint","urlTemplate":"https:\/\/www.deathrider.shop\/?s={search_term_string}"},"query-input":{"@type":"PropertyValueSpecification","valueRequired":true,"valueName":"search_term_string"}}],"inLanguage":"es"},{"@type":"Organization","@id":"https:\/\/www.deathrider.shop\/#organization","name":"Death Rider","url":"https:\/\/www.deathrider.shop\/","logo":{"@type":"ImageObject","inLanguage":"es","@id":"https:\/\/www.deathrider.shop\/#\/schema\/logo\/image\/","url":"","contentUrl":"","caption":"Death Rider"},"image":{"@id":"https:\/\/www.deathrider.shop\/#\/schema\/logo\/image\/"}}]}},"_links":{"self":[{"href":"https:\/\/www.deathrider.shop\/es\/wp-json\/wp\/v2\/product\/697","targetHints":{"allow":["GET"]}}],"collection":[{"href":"https:\/\/www.deathrider.shop\/es\/wp-json\/wp\/v2\/product"}],"about":[{"href":"https:\/\/www.deathrider.shop\/es\/wp-json\/wp\/v2\/types\/product"}],"replies":[{"embeddable":true,"href":"https:\/\/www.deathrider.shop\/es\/wp-json\/wp\/v2\/comments?post=697"}],"wp:featuredmedia":[{"embeddable":true,"href":"https:\/\/www.deathrider.shop\/es\/wp-json\/wp\/v2\/media\/248"}],"wp:attachment":[{"href":"https:\/\/www.deathrider.shop\/es\/wp-json\/wp\/v2\/media?parent=697"}],"wp:term":[{"taxonomy":"product_brand","embeddable":true,"href":"https:\/\/www.deathrider.shop\/es\/wp-json\/wp\/v2\/product_brand?post=697"},{"taxonomy":"product_cat","embeddable":true,"href":"https:\/\/www.deathrider.shop\/es\/wp-json\/wp\/v2\/product_cat?post=697"},{"taxonomy":"product_tag","embeddable":true,"href":"https:\/\/www.deathrider.shop\/es\/wp-json\/wp\/v2\/product_tag?post=697"}],"curies":[{"name":"wp","href":"https:\/\/api.w.org\/{rel}","templated":true}]}}