{"id":700,"date":"2021-02-03T11:59:23","date_gmt":"2021-03-17T07:54:13","guid":{"rendered":"https:\/\/www.deathrider.shop\/?post_type=product&#038;p=700"},"modified":"2021-03-17T10:58:34","modified_gmt":"2021-03-17T09:58:34","slug":"llavero-pussy-magnet","status":"publish","type":"product","link":"https:\/\/www.deathrider.shop\/es\/llavero-pussy-magnet\/","title":{"rendered":"Llavero \u00abPussy Magnet\u00bb Death Rider"},"content":{"rendered":"<h2>Llavero de tela Pussy Magnet<\/h2>\n<p><strong>Con el llavero de tela Pussy Magnet<\/strong>, te puedes olvidar de la p\u00e9rdida de llaves. Este resistente y pr\u00e1ctico llavero puede conectarse sin problemas a tu cintur\u00f3n, equipo y ropa. Se trata de un llavero duradero que se fabrica con orgullo en Europa. Lo producimos a partir de un gancho y bucle de alta calidad de 1 pulgada para una f\u00e1cil sujeci\u00f3n a tu cintur\u00f3n o equipamiento. El <strong>llavero Pussy Magnet <\/strong>de\u00a0tela es un gran aliado para localizar con mayor facilidad\u00a0tus cosas importantes y tus llaves sin renunciar al mismo tiempo a tu estilo.<\/p>\n<p>Sin duda los accesorios que llevamos encima hablan de nosotros. Hay infinitas formas de decirle al mundo qui\u00e9n eres, y nuestro <strong>Llavero para Moto Pussy Magnet<\/strong> de tela se encarga de hacer el trabajo sucio. \u00a1La divertida frase de la etiqueta es perfecta para un regalo mol\u00f3n a tus amigos moteros! Sin embargo, puedes utilizarlos para las llaves de la moto o simplemente para recoger f\u00e1cilmente algo especial. Adem\u00e1s, no raya la pintura, el dep\u00f3sito o el salpicadero. De hecho, debido a su tama\u00f1o, el viento lo hace volar por lo que puedes conducir sin preocuparte de que cuelgue y toque el motor caliente o similar. A destacar el bordado, que es minucioso y el tejido, grueso y duradero.<br \/>\nEs muy elegante, fuerte y seguro, con una anilla plana de metal y un remache de metal para tu total tranquilidad.<\/p>\n<h2>\u00bfPor qu\u00e9 los llaveros son accesorios tan comunes?<\/h2>\n<p>Porque son pr\u00e1cticos, funcionales y hablan de ti. Su relaci\u00f3n calidad-precio es innegable. Est\u00e1n fabricados con materiales y costuras de calidad, si buscas algo que pueda identificar f\u00e1cilmente una llave para un equipo, \u00a1ah\u00ed lo tienes! El\u00a0tejido del <strong>llavero Pussy Magnet<\/strong> es s\u00f3lido y bien hecho. Destaca por ser una pieza de accesorio robusta, dise\u00f1ada para soportar un trato duro y un buen desgaste. En realidad, es la soluci\u00f3n perfecta, no voluminosa, para que las llaves sean m\u00e1s f\u00e1ciles de encontrar y ver en cualquier lugar. Adem\u00e1s, ni siquiera se nota en el bolsillo, ya que es ligero y c\u00f3modo de llevar.<\/p>\n<p>Por \u00faltimo, pero no por ello menos importante, muestra las caracter\u00edsticas tradicionales de la \u00abvieja escuela\u00bb, por lo que puedes estar seguro de que el dise\u00f1o no se quedar\u00e1 obsoleto.<br \/>\n\u00danico y no fabricado en serie.<\/p>\n<h2>Especificaciones:<\/h2>\n<p>Longitud de la placa de tela aproximadamente 2 pulgadas (5 cm).<br \/>\nLongitud total con la anilla, aproximadamente 6 cm.<\/p>\n<p>&nbsp;<\/p>\n","protected":false},"excerpt":{"rendered":"<p><strong>Llavero de tela Pussy Magnet<\/strong>.<br \/>\nComo parte de los accesorios \u00fanicos para motocicletas, este<strong> llavero Pussy Magnet<\/strong> de tela es la opci\u00f3n perfecta para destacar entre la multitud.<br \/>\nPr\u00e1ctico y con estilo, nunca m\u00e1s perder\u00e1s tus llaves.<br \/>\nY lo que es m\u00e1s, te diferenciar\u00e1s notablemente de la gente com\u00fan con su dise\u00f1o y mensaje \u00fanicos.<\/p>\n","protected":false},"featured_media":245,"comment_status":"open","ping_status":"closed","template":"","meta":[],"product_brand":[],"product_cat":[120],"product_tag":[],"class_list":{"0":"post-700","1":"product","2":"type-product","3":"status-publish","4":"has-post-thumbnail","6":"product_cat-parches-merchandising","8":"first","9":"outofstock","10":"taxable","11":"shipping-taxable","12":"purchasable","13":"product-type-simple"},"yoast_head":"<!-- This site is optimized with the Yoast SEO plugin v26.1.1 - https:\/\/yoast.com\/wordpress\/plugins\/seo\/ -->\n<title>Llavero Pussy Magnet - Death Rider 1957<\/title>\n<meta name=\"description\" content=\"Llavero Pussy Magnet. Echa un vistazo a nuestra selecci\u00f3n de llaveros elegantes y s\u00f3lidos en nuestra tienda Death Rider. \u00a1Tu regalo perfecto!\" \/>\n<meta name=\"robots\" content=\"index, follow, max-snippet:-1, max-image-preview:large, max-video-preview:-1\" \/>\n<link rel=\"canonical\" href=\"https:\/\/www.deathrider.shop\/es\/llavero-pussy-magnet\/\" \/>\n<meta property=\"og:locale\" content=\"es_ES\" \/>\n<meta property=\"og:type\" content=\"article\" \/>\n<meta property=\"og:title\" content=\"Llavero Pussy Magnet - Death Rider 1957\" \/>\n<meta property=\"og:description\" content=\"Llavero Pussy Magnet. Echa un vistazo a nuestra selecci\u00f3n de llaveros elegantes y s\u00f3lidos en nuestra tienda Death Rider. \u00a1Tu regalo perfecto!\" \/>\n<meta property=\"og:url\" content=\"https:\/\/www.deathrider.shop\/es\/llavero-pussy-magnet\/\" \/>\n<meta property=\"og:site_name\" content=\"Death Rider 1957\" \/>\n<meta property=\"article:modified_time\" content=\"2021-03-17T09:58:34+00:00\" \/>\n<meta name=\"twitter:card\" content=\"summary_large_image\" \/>\n<meta name=\"twitter:label1\" content=\"Tiempo de lectura\" \/>\n\t<meta name=\"twitter:data1\" content=\"2 minutos\" \/>\n<script type=\"application\/ld+json\" class=\"yoast-schema-graph\">{\"@context\":\"https:\/\/schema.org\",\"@graph\":[{\"@type\":\"WebPage\",\"@id\":\"https:\/\/www.deathrider.shop\/es\/llavero-pussy-magnet\/\",\"url\":\"https:\/\/www.deathrider.shop\/es\/llavero-pussy-magnet\/\",\"name\":\"Llavero Pussy Magnet - Death Rider 1957\",\"isPartOf\":{\"@id\":\"https:\/\/www.deathrider.shop\/#website\"},\"primaryImageOfPage\":{\"@id\":\"https:\/\/www.deathrider.shop\/es\/llavero-pussy-magnet\/#primaryimage\"},\"image\":{\"@id\":\"https:\/\/www.deathrider.shop\/es\/llavero-pussy-magnet\/#primaryimage\"},\"thumbnailUrl\":\"https:\/\/www.deathrider.shop\/wp-content\/uploads\/2021\/02\/pussy-magnet-keychain-fabric.jpg\",\"datePublished\":\"2021-03-17T07:54:13+00:00\",\"dateModified\":\"2021-03-17T09:58:34+00:00\",\"description\":\"Llavero Pussy Magnet. Echa un vistazo a nuestra selecci\u00f3n de llaveros elegantes y s\u00f3lidos en nuestra tienda Death Rider. \u00a1Tu regalo perfecto!\",\"breadcrumb\":{\"@id\":\"https:\/\/www.deathrider.shop\/es\/llavero-pussy-magnet\/#breadcrumb\"},\"inLanguage\":\"es\",\"potentialAction\":[{\"@type\":\"ReadAction\",\"target\":[\"https:\/\/www.deathrider.shop\/es\/llavero-pussy-magnet\/\"]}]},{\"@type\":\"ImageObject\",\"inLanguage\":\"es\",\"@id\":\"https:\/\/www.deathrider.shop\/es\/llavero-pussy-magnet\/#primaryimage\",\"url\":\"https:\/\/www.deathrider.shop\/wp-content\/uploads\/2021\/02\/pussy-magnet-keychain-fabric.jpg\",\"contentUrl\":\"https:\/\/www.deathrider.shop\/wp-content\/uploads\/2021\/02\/pussy-magnet-keychain-fabric.jpg\",\"width\":1024,\"height\":1024,\"caption\":\"Pussy Magnet - Keychain Fabric\"},{\"@type\":\"BreadcrumbList\",\"@id\":\"https:\/\/www.deathrider.shop\/es\/llavero-pussy-magnet\/#breadcrumb\",\"itemListElement\":[{\"@type\":\"ListItem\",\"position\":1,\"name\":\"Home\",\"item\":\"https:\/\/www.deathrider.shop\/es\/death-rider-1957\/\"},{\"@type\":\"ListItem\",\"position\":2,\"name\":\"Tienda\",\"item\":\"https:\/\/www.deathrider.shop\/es\/tienda\/\"},{\"@type\":\"ListItem\",\"position\":3,\"name\":\"Llavero &#8220;Pussy Magnet&#8221; Death Rider\"}]},{\"@type\":\"WebSite\",\"@id\":\"https:\/\/www.deathrider.shop\/#website\",\"url\":\"https:\/\/www.deathrider.shop\/\",\"name\":\"Death Rider 1957\",\"description\":\"Ropa Urbana y Motera para \\\"Bad Ass\\\"\",\"publisher\":{\"@id\":\"https:\/\/www.deathrider.shop\/#organization\"},\"potentialAction\":[{\"@type\":\"SearchAction\",\"target\":{\"@type\":\"EntryPoint\",\"urlTemplate\":\"https:\/\/www.deathrider.shop\/?s={search_term_string}\"},\"query-input\":{\"@type\":\"PropertyValueSpecification\",\"valueRequired\":true,\"valueName\":\"search_term_string\"}}],\"inLanguage\":\"es\"},{\"@type\":\"Organization\",\"@id\":\"https:\/\/www.deathrider.shop\/#organization\",\"name\":\"Death Rider\",\"url\":\"https:\/\/www.deathrider.shop\/\",\"logo\":{\"@type\":\"ImageObject\",\"inLanguage\":\"es\",\"@id\":\"https:\/\/www.deathrider.shop\/#\/schema\/logo\/image\/\",\"url\":\"\",\"contentUrl\":\"\",\"caption\":\"Death Rider\"},\"image\":{\"@id\":\"https:\/\/www.deathrider.shop\/#\/schema\/logo\/image\/\"}}]}<\/script>\n<!-- \/ Yoast SEO plugin. -->","yoast_head_json":{"title":"Llavero Pussy Magnet - Death Rider 1957","description":"Llavero Pussy Magnet. Echa un vistazo a nuestra selecci\u00f3n de llaveros elegantes y s\u00f3lidos en nuestra tienda Death Rider. \u00a1Tu regalo perfecto!","robots":{"index":"index","follow":"follow","max-snippet":"max-snippet:-1","max-image-preview":"max-image-preview:large","max-video-preview":"max-video-preview:-1"},"canonical":"https:\/\/www.deathrider.shop\/es\/llavero-pussy-magnet\/","og_locale":"es_ES","og_type":"article","og_title":"Llavero Pussy Magnet - Death Rider 1957","og_description":"Llavero Pussy Magnet. Echa un vistazo a nuestra selecci\u00f3n de llaveros elegantes y s\u00f3lidos en nuestra tienda Death Rider. \u00a1Tu regalo perfecto!","og_url":"https:\/\/www.deathrider.shop\/es\/llavero-pussy-magnet\/","og_site_name":"Death Rider 1957","article_modified_time":"2021-03-17T09:58:34+00:00","twitter_card":"summary_large_image","twitter_misc":{"Tiempo de lectura":"2 minutos"},"schema":{"@context":"https:\/\/schema.org","@graph":[{"@type":"WebPage","@id":"https:\/\/www.deathrider.shop\/es\/llavero-pussy-magnet\/","url":"https:\/\/www.deathrider.shop\/es\/llavero-pussy-magnet\/","name":"Llavero Pussy Magnet - Death Rider 1957","isPartOf":{"@id":"https:\/\/www.deathrider.shop\/#website"},"primaryImageOfPage":{"@id":"https:\/\/www.deathrider.shop\/es\/llavero-pussy-magnet\/#primaryimage"},"image":{"@id":"https:\/\/www.deathrider.shop\/es\/llavero-pussy-magnet\/#primaryimage"},"thumbnailUrl":"https:\/\/www.deathrider.shop\/wp-content\/uploads\/2021\/02\/pussy-magnet-keychain-fabric.jpg","datePublished":"2021-03-17T07:54:13+00:00","dateModified":"2021-03-17T09:58:34+00:00","description":"Llavero Pussy Magnet. Echa un vistazo a nuestra selecci\u00f3n de llaveros elegantes y s\u00f3lidos en nuestra tienda Death Rider. \u00a1Tu regalo perfecto!","breadcrumb":{"@id":"https:\/\/www.deathrider.shop\/es\/llavero-pussy-magnet\/#breadcrumb"},"inLanguage":"es","potentialAction":[{"@type":"ReadAction","target":["https:\/\/www.deathrider.shop\/es\/llavero-pussy-magnet\/"]}]},{"@type":"ImageObject","inLanguage":"es","@id":"https:\/\/www.deathrider.shop\/es\/llavero-pussy-magnet\/#primaryimage","url":"https:\/\/www.deathrider.shop\/wp-content\/uploads\/2021\/02\/pussy-magnet-keychain-fabric.jpg","contentUrl":"https:\/\/www.deathrider.shop\/wp-content\/uploads\/2021\/02\/pussy-magnet-keychain-fabric.jpg","width":1024,"height":1024,"caption":"Pussy Magnet - Keychain Fabric"},{"@type":"BreadcrumbList","@id":"https:\/\/www.deathrider.shop\/es\/llavero-pussy-magnet\/#breadcrumb","itemListElement":[{"@type":"ListItem","position":1,"name":"Home","item":"https:\/\/www.deathrider.shop\/es\/death-rider-1957\/"},{"@type":"ListItem","position":2,"name":"Tienda","item":"https:\/\/www.deathrider.shop\/es\/tienda\/"},{"@type":"ListItem","position":3,"name":"Llavero &#8220;Pussy Magnet&#8221; Death Rider"}]},{"@type":"WebSite","@id":"https:\/\/www.deathrider.shop\/#website","url":"https:\/\/www.deathrider.shop\/","name":"Death Rider 1957","description":"Ropa Urbana y Motera para \"Bad Ass\"","publisher":{"@id":"https:\/\/www.deathrider.shop\/#organization"},"potentialAction":[{"@type":"SearchAction","target":{"@type":"EntryPoint","urlTemplate":"https:\/\/www.deathrider.shop\/?s={search_term_string}"},"query-input":{"@type":"PropertyValueSpecification","valueRequired":true,"valueName":"search_term_string"}}],"inLanguage":"es"},{"@type":"Organization","@id":"https:\/\/www.deathrider.shop\/#organization","name":"Death Rider","url":"https:\/\/www.deathrider.shop\/","logo":{"@type":"ImageObject","inLanguage":"es","@id":"https:\/\/www.deathrider.shop\/#\/schema\/logo\/image\/","url":"","contentUrl":"","caption":"Death Rider"},"image":{"@id":"https:\/\/www.deathrider.shop\/#\/schema\/logo\/image\/"}}]}},"_links":{"self":[{"href":"https:\/\/www.deathrider.shop\/es\/wp-json\/wp\/v2\/product\/700","targetHints":{"allow":["GET"]}}],"collection":[{"href":"https:\/\/www.deathrider.shop\/es\/wp-json\/wp\/v2\/product"}],"about":[{"href":"https:\/\/www.deathrider.shop\/es\/wp-json\/wp\/v2\/types\/product"}],"replies":[{"embeddable":true,"href":"https:\/\/www.deathrider.shop\/es\/wp-json\/wp\/v2\/comments?post=700"}],"wp:featuredmedia":[{"embeddable":true,"href":"https:\/\/www.deathrider.shop\/es\/wp-json\/wp\/v2\/media\/245"}],"wp:attachment":[{"href":"https:\/\/www.deathrider.shop\/es\/wp-json\/wp\/v2\/media?parent=700"}],"wp:term":[{"taxonomy":"product_brand","embeddable":true,"href":"https:\/\/www.deathrider.shop\/es\/wp-json\/wp\/v2\/product_brand?post=700"},{"taxonomy":"product_cat","embeddable":true,"href":"https:\/\/www.deathrider.shop\/es\/wp-json\/wp\/v2\/product_cat?post=700"},{"taxonomy":"product_tag","embeddable":true,"href":"https:\/\/www.deathrider.shop\/es\/wp-json\/wp\/v2\/product_tag?post=700"}],"curies":[{"name":"wp","href":"https:\/\/api.w.org\/{rel}","templated":true}]}}