{"id":708,"date":"2021-02-03T12:15:14","date_gmt":"2021-03-25T08:18:04","guid":{"rendered":"https:\/\/www.deathrider.shop\/?post_type=product&#038;p=708"},"modified":"2021-03-30T09:20:29","modified_gmt":"2021-03-30T07:20:29","slug":"llavero-ride-or-die","status":"publish","type":"product","link":"https:\/\/www.deathrider.shop\/es\/llavero-ride-or-die\/","title":{"rendered":"Llavero \u00abRide or Die\u00bb Death Rider"},"content":{"rendered":"<h2>Los peque\u00f1os grandes detalles<\/h2>\n<p>Seguridad y comodidad garantizadas con nuestro <strong>Llavero Ride or Die de Death Rider<\/strong>, en tela, el llavero que marca la diferencia.\u00a0No cabe duda de que siempre son los detalles los que marcan la diferencia, incluso en este caso. Puedes identificar al instante a un verdadero motero. Ya sea a pie, en bicicleta o conduciendo un coche. Un verdadero motorista siempre lleva consigo un peque\u00f1o signo distintivo, un amuleto, un objeto para dar o recibir. Con el <strong>Llavero Ride or Die de Death Rider<\/strong> en tela, tienes garantizada la seguridad y un estilo sin igual. Adem\u00e1s, cabe perfectamente en los bolsillos sin estorbar y permite coger f\u00e1cilmente el juego de llaves, incluso con guantes.<\/p>\n<h2>Identif\u00edcalo todo<\/h2>\n<p>Puedes asegurar este pr\u00e1ctico llavero enganch\u00e1ndolo a tu cintur\u00f3n, accesorios o mochila. En primer lugar, este duradero llavero se fabrica con orgullo en Europa. El gancho de alta calidad de 1 pulgada es ideal para sujetarlo f\u00e1cilmente a su cintur\u00f3n o equipo.<br \/>\nFabricado con material y costuras de calidad, si buscas algo que permita identificar f\u00e1cilmente una llave, \u00a1aqu\u00ed lo tienes! El llavero es s\u00f3lido y est\u00e1 bien hecho. Se trata de un art\u00edculo robusto dise\u00f1ado para soportar el trato m\u00e1s duro. Soporta bien el desgaste y esto no es un detalle menor. Es la soluci\u00f3n perfecta para que sus llaves sean f\u00e1ciles de encontrar y ver. Es m\u00e1s, ni siquiera se nota en el bolsillo.<\/p>\n<h2>Llavero Ride or Die, Death Rider<\/h2>\n<p>Apreciar\u00e1s el divertido texto de la etiqueta. Al fin y al cabo, todos queremos ser populares con nuestros accesorios para motos. \u00abRide or Die\u00bb se ha ganado sin duda el coraz\u00f3n de los motociclistas. Y estamos orgullosos de ello. Y, por supuesto, orgulloso de que lo muestres al mundo. Al fin y al cabo, puedes utilizarlas para las llaves de la moto o simplemente para encontrar algo especial con facilidad. Adem\u00e1s, no rayar\u00e1n la pintura, el dep\u00f3sito o el salpicadero.<\/p>\n<p>Debido a su tama\u00f1o, durante la conducci\u00f3n el viento lo mueve, por lo que puedes conducir sin preocuparte de que cuelgue y pueda tocar el motor caliente o algo as\u00ed. Cabe destacar el bordado, que es preciso, y el tejido, que es grueso y duradero.<br \/>\nEs muy elegante, fuerte y duradero, con un anillo met\u00e1lico plano y un remache met\u00e1lico para su completa relajaci\u00f3n.<br \/>\nPor \u00faltimo, pero no por ello menos importante, muestra caracter\u00edsticas tradicionales de la \u00abvieja escuela\u00bb, por lo que puedes estar seguro de que el dise\u00f1o \u00a1no pasar\u00e1 de moda!<\/p>\n<p>A tener en cuenta: \u00fanico y no fabricado en serie.<br \/>\nEspecificaciones del llavero:<br \/>\nLongitud de la placa de tela de aproximadamente 4 pulgadas ( 10 cm).<br \/>\nLa longitud total con el anillo es de aproximadamente 5 pulgadas (12 cm).<\/p>\n","protected":false},"excerpt":{"rendered":"<p>T\u00fa y tu moto os merec\u00e9is lo mejor. Con este <strong>Llavero Ride or Die de Death Rider<\/strong> podr\u00e1s asegurar tus llaves y olvidarte de perderlas.<br \/>\nEl <strong>Llavero Ride or Die de Death Rider<\/strong> no dejar\u00e1 ara\u00f1azos porque es suave, ligero y flexible.<br \/>\nAl mismo tiempo, es muy resistente al desgaste y tambi\u00e9n se puede lavar a m\u00e1quina para que tenga un aspecto fresco.<br \/>\nTodos nuestros llaveros caben perfectamente en los bolsillos sin estorbar y facilitan el agarre del llavero, incluso con guantes.<\/p>\n","protected":false},"featured_media":258,"comment_status":"open","ping_status":"closed","template":"","meta":[],"product_brand":[],"product_cat":[120],"product_tag":[],"class_list":{"0":"post-708","1":"product","2":"type-product","3":"status-publish","4":"has-post-thumbnail","6":"product_cat-parches-merchandising","8":"first","9":"outofstock","10":"taxable","11":"shipping-taxable","12":"purchasable","13":"product-type-simple"},"yoast_head":"<!-- This site is optimized with the Yoast SEO plugin v26.1.1 - https:\/\/yoast.com\/wordpress\/plugins\/seo\/ -->\n<title>Llavero &quot;Ride or Die&quot; - Death Rider 1957<\/title>\n<meta name=\"description\" content=\"Llavero &quot;Ride or Die&quot; Death Rider - Tela, selecci\u00f3n \u00fanica de llaveros de tela. Amplia gama de accesorios en nuestra tienda Death Rider.\" \/>\n<meta name=\"robots\" content=\"index, follow, max-snippet:-1, max-image-preview:large, max-video-preview:-1\" \/>\n<link rel=\"canonical\" href=\"https:\/\/www.deathrider.shop\/es\/llavero-ride-or-die\/\" \/>\n<meta property=\"og:locale\" content=\"es_ES\" \/>\n<meta property=\"og:type\" content=\"article\" \/>\n<meta property=\"og:title\" content=\"Llavero &quot;Ride or Die&quot; - Death Rider 1957\" \/>\n<meta property=\"og:description\" content=\"Llavero &quot;Ride or Die&quot; Death Rider - Tela, selecci\u00f3n \u00fanica de llaveros de tela. Amplia gama de accesorios en nuestra tienda Death Rider.\" \/>\n<meta property=\"og:url\" content=\"https:\/\/www.deathrider.shop\/es\/llavero-ride-or-die\/\" \/>\n<meta property=\"og:site_name\" content=\"Death Rider 1957\" \/>\n<meta property=\"article:modified_time\" content=\"2021-03-30T07:20:29+00:00\" \/>\n<meta name=\"twitter:card\" content=\"summary_large_image\" \/>\n<meta name=\"twitter:label1\" content=\"Tiempo de lectura\" \/>\n\t<meta name=\"twitter:data1\" content=\"2 minutos\" \/>\n<script type=\"application\/ld+json\" class=\"yoast-schema-graph\">{\"@context\":\"https:\/\/schema.org\",\"@graph\":[{\"@type\":\"WebPage\",\"@id\":\"https:\/\/www.deathrider.shop\/es\/llavero-ride-or-die\/\",\"url\":\"https:\/\/www.deathrider.shop\/es\/llavero-ride-or-die\/\",\"name\":\"Llavero \\\"Ride or Die\\\" - Death Rider 1957\",\"isPartOf\":{\"@id\":\"https:\/\/www.deathrider.shop\/#website\"},\"primaryImageOfPage\":{\"@id\":\"https:\/\/www.deathrider.shop\/es\/llavero-ride-or-die\/#primaryimage\"},\"image\":{\"@id\":\"https:\/\/www.deathrider.shop\/es\/llavero-ride-or-die\/#primaryimage\"},\"thumbnailUrl\":\"https:\/\/www.deathrider.shop\/wp-content\/uploads\/2021\/02\/ride-or-die-keychain-fabric.jpg\",\"datePublished\":\"2021-03-25T08:18:04+00:00\",\"dateModified\":\"2021-03-30T07:20:29+00:00\",\"description\":\"Llavero \\\"Ride or Die\\\" Death Rider - Tela, selecci\u00f3n \u00fanica de llaveros de tela. Amplia gama de accesorios en nuestra tienda Death Rider.\",\"breadcrumb\":{\"@id\":\"https:\/\/www.deathrider.shop\/es\/llavero-ride-or-die\/#breadcrumb\"},\"inLanguage\":\"es\",\"potentialAction\":[{\"@type\":\"ReadAction\",\"target\":[\"https:\/\/www.deathrider.shop\/es\/llavero-ride-or-die\/\"]}]},{\"@type\":\"ImageObject\",\"inLanguage\":\"es\",\"@id\":\"https:\/\/www.deathrider.shop\/es\/llavero-ride-or-die\/#primaryimage\",\"url\":\"https:\/\/www.deathrider.shop\/wp-content\/uploads\/2021\/02\/ride-or-die-keychain-fabric.jpg\",\"contentUrl\":\"https:\/\/www.deathrider.shop\/wp-content\/uploads\/2021\/02\/ride-or-die-keychain-fabric.jpg\",\"width\":1024,\"height\":1024,\"caption\":\"Ride or Die Keychain - Fabric\"},{\"@type\":\"BreadcrumbList\",\"@id\":\"https:\/\/www.deathrider.shop\/es\/llavero-ride-or-die\/#breadcrumb\",\"itemListElement\":[{\"@type\":\"ListItem\",\"position\":1,\"name\":\"Home\",\"item\":\"https:\/\/www.deathrider.shop\/es\/death-rider-1957\/\"},{\"@type\":\"ListItem\",\"position\":2,\"name\":\"Tienda\",\"item\":\"https:\/\/www.deathrider.shop\/es\/tienda\/\"},{\"@type\":\"ListItem\",\"position\":3,\"name\":\"Llavero &#8220;Ride or Die&#8221; Death Rider\"}]},{\"@type\":\"WebSite\",\"@id\":\"https:\/\/www.deathrider.shop\/#website\",\"url\":\"https:\/\/www.deathrider.shop\/\",\"name\":\"Death Rider 1957\",\"description\":\"Ropa Urbana y Motera para \\\"Bad Ass\\\"\",\"publisher\":{\"@id\":\"https:\/\/www.deathrider.shop\/#organization\"},\"potentialAction\":[{\"@type\":\"SearchAction\",\"target\":{\"@type\":\"EntryPoint\",\"urlTemplate\":\"https:\/\/www.deathrider.shop\/?s={search_term_string}\"},\"query-input\":{\"@type\":\"PropertyValueSpecification\",\"valueRequired\":true,\"valueName\":\"search_term_string\"}}],\"inLanguage\":\"es\"},{\"@type\":\"Organization\",\"@id\":\"https:\/\/www.deathrider.shop\/#organization\",\"name\":\"Death Rider\",\"url\":\"https:\/\/www.deathrider.shop\/\",\"logo\":{\"@type\":\"ImageObject\",\"inLanguage\":\"es\",\"@id\":\"https:\/\/www.deathrider.shop\/#\/schema\/logo\/image\/\",\"url\":\"\",\"contentUrl\":\"\",\"caption\":\"Death Rider\"},\"image\":{\"@id\":\"https:\/\/www.deathrider.shop\/#\/schema\/logo\/image\/\"}}]}<\/script>\n<!-- \/ Yoast SEO plugin. -->","yoast_head_json":{"title":"Llavero \"Ride or Die\" - Death Rider 1957","description":"Llavero \"Ride or Die\" Death Rider - Tela, selecci\u00f3n \u00fanica de llaveros de tela. Amplia gama de accesorios en nuestra tienda Death Rider.","robots":{"index":"index","follow":"follow","max-snippet":"max-snippet:-1","max-image-preview":"max-image-preview:large","max-video-preview":"max-video-preview:-1"},"canonical":"https:\/\/www.deathrider.shop\/es\/llavero-ride-or-die\/","og_locale":"es_ES","og_type":"article","og_title":"Llavero \"Ride or Die\" - Death Rider 1957","og_description":"Llavero \"Ride or Die\" Death Rider - Tela, selecci\u00f3n \u00fanica de llaveros de tela. Amplia gama de accesorios en nuestra tienda Death Rider.","og_url":"https:\/\/www.deathrider.shop\/es\/llavero-ride-or-die\/","og_site_name":"Death Rider 1957","article_modified_time":"2021-03-30T07:20:29+00:00","twitter_card":"summary_large_image","twitter_misc":{"Tiempo de lectura":"2 minutos"},"schema":{"@context":"https:\/\/schema.org","@graph":[{"@type":"WebPage","@id":"https:\/\/www.deathrider.shop\/es\/llavero-ride-or-die\/","url":"https:\/\/www.deathrider.shop\/es\/llavero-ride-or-die\/","name":"Llavero \"Ride or Die\" - Death Rider 1957","isPartOf":{"@id":"https:\/\/www.deathrider.shop\/#website"},"primaryImageOfPage":{"@id":"https:\/\/www.deathrider.shop\/es\/llavero-ride-or-die\/#primaryimage"},"image":{"@id":"https:\/\/www.deathrider.shop\/es\/llavero-ride-or-die\/#primaryimage"},"thumbnailUrl":"https:\/\/www.deathrider.shop\/wp-content\/uploads\/2021\/02\/ride-or-die-keychain-fabric.jpg","datePublished":"2021-03-25T08:18:04+00:00","dateModified":"2021-03-30T07:20:29+00:00","description":"Llavero \"Ride or Die\" Death Rider - Tela, selecci\u00f3n \u00fanica de llaveros de tela. Amplia gama de accesorios en nuestra tienda Death Rider.","breadcrumb":{"@id":"https:\/\/www.deathrider.shop\/es\/llavero-ride-or-die\/#breadcrumb"},"inLanguage":"es","potentialAction":[{"@type":"ReadAction","target":["https:\/\/www.deathrider.shop\/es\/llavero-ride-or-die\/"]}]},{"@type":"ImageObject","inLanguage":"es","@id":"https:\/\/www.deathrider.shop\/es\/llavero-ride-or-die\/#primaryimage","url":"https:\/\/www.deathrider.shop\/wp-content\/uploads\/2021\/02\/ride-or-die-keychain-fabric.jpg","contentUrl":"https:\/\/www.deathrider.shop\/wp-content\/uploads\/2021\/02\/ride-or-die-keychain-fabric.jpg","width":1024,"height":1024,"caption":"Ride or Die Keychain - Fabric"},{"@type":"BreadcrumbList","@id":"https:\/\/www.deathrider.shop\/es\/llavero-ride-or-die\/#breadcrumb","itemListElement":[{"@type":"ListItem","position":1,"name":"Home","item":"https:\/\/www.deathrider.shop\/es\/death-rider-1957\/"},{"@type":"ListItem","position":2,"name":"Tienda","item":"https:\/\/www.deathrider.shop\/es\/tienda\/"},{"@type":"ListItem","position":3,"name":"Llavero &#8220;Ride or Die&#8221; Death Rider"}]},{"@type":"WebSite","@id":"https:\/\/www.deathrider.shop\/#website","url":"https:\/\/www.deathrider.shop\/","name":"Death Rider 1957","description":"Ropa Urbana y Motera para \"Bad Ass\"","publisher":{"@id":"https:\/\/www.deathrider.shop\/#organization"},"potentialAction":[{"@type":"SearchAction","target":{"@type":"EntryPoint","urlTemplate":"https:\/\/www.deathrider.shop\/?s={search_term_string}"},"query-input":{"@type":"PropertyValueSpecification","valueRequired":true,"valueName":"search_term_string"}}],"inLanguage":"es"},{"@type":"Organization","@id":"https:\/\/www.deathrider.shop\/#organization","name":"Death Rider","url":"https:\/\/www.deathrider.shop\/","logo":{"@type":"ImageObject","inLanguage":"es","@id":"https:\/\/www.deathrider.shop\/#\/schema\/logo\/image\/","url":"","contentUrl":"","caption":"Death Rider"},"image":{"@id":"https:\/\/www.deathrider.shop\/#\/schema\/logo\/image\/"}}]}},"_links":{"self":[{"href":"https:\/\/www.deathrider.shop\/es\/wp-json\/wp\/v2\/product\/708","targetHints":{"allow":["GET"]}}],"collection":[{"href":"https:\/\/www.deathrider.shop\/es\/wp-json\/wp\/v2\/product"}],"about":[{"href":"https:\/\/www.deathrider.shop\/es\/wp-json\/wp\/v2\/types\/product"}],"replies":[{"embeddable":true,"href":"https:\/\/www.deathrider.shop\/es\/wp-json\/wp\/v2\/comments?post=708"}],"wp:featuredmedia":[{"embeddable":true,"href":"https:\/\/www.deathrider.shop\/es\/wp-json\/wp\/v2\/media\/258"}],"wp:attachment":[{"href":"https:\/\/www.deathrider.shop\/es\/wp-json\/wp\/v2\/media?parent=708"}],"wp:term":[{"taxonomy":"product_brand","embeddable":true,"href":"https:\/\/www.deathrider.shop\/es\/wp-json\/wp\/v2\/product_brand?post=708"},{"taxonomy":"product_cat","embeddable":true,"href":"https:\/\/www.deathrider.shop\/es\/wp-json\/wp\/v2\/product_cat?post=708"},{"taxonomy":"product_tag","embeddable":true,"href":"https:\/\/www.deathrider.shop\/es\/wp-json\/wp\/v2\/product_tag?post=708"}],"curies":[{"name":"wp","href":"https:\/\/api.w.org\/{rel}","templated":true}]}}