{"id":716,"date":"2021-02-03T12:10:38","date_gmt":"2021-03-29T08:39:13","guid":{"rendered":"https:\/\/www.deathrider.shop\/?post_type=product&#038;p=716"},"modified":"2021-03-29T19:12:52","modified_gmt":"2021-03-29T17:12:52","slug":"llavero-loud-pipes-save-lives","status":"publish","type":"product","link":"https:\/\/www.deathrider.shop\/es\/llavero-loud-pipes-save-lives\/","title":{"rendered":"Llavero \u00abLoud Pipes Save Lives\u00bb Death Rider"},"content":{"rendered":"<h2>Llavero \u00abLoud Pipes Save Lives\u00bb Death Rider<\/h2>\n<p>Es innegable que los accesorios que llevamos con nosotros dicen mucho de qui\u00e9nes somos. Hay un sinf\u00edn de formas de decirle al mundo qui\u00e9n eres, y nuestro <strong>llavero de tela\u00a0\u00abLoud Pipes Save Lives\u00bb Death Rider<\/strong>\u00a0hace el trabajo de forma ejemplar. La divertida frase de la etiqueta es perfecta para hacer un regalo descarado a tus amigos m\u00e1s macarras. De cualquier manera, puedes utilizarlo para las llaves de la bicicleta o simplemente para coger f\u00e1cilmente algo especial. Adem\u00e1s, no raya la pintura, el dep\u00f3sito o el salpicadero de la moto. De hecho, debido a su tama\u00f1o, el viento lo mueve de un lado a otro, por lo que puedes montar sin preocuparte de que pueda colgar y tocar el motor caliente o algo as\u00ed. Cabe destacar el bordado, que es minucioso, y el tejido, que es grueso y duradero.<\/p>\n<p>Adorna tus llaves con este elegante <strong>llavero de tela\u00a0\u00abLoud Pipes Save Lives\u00bb Death Rider.<\/strong> El llavero tiene un dise\u00f1o original y es una forma elegante de mantener las llaves en orden. Este duradero llavero se fabrica con orgullo en Europa. El <strong>llavero de moto \u00abLoud Pipes Save Lives\u00bb de Death Rider<\/strong> est\u00e1 fabricado con un gancho de alta calidad para que sea f\u00e1cil de enganchar a tu cintur\u00f3n o equipo. Por lo tanto, es el regalo perfecto para sus amigos. Ideal para mantener las llaves seguras y bien organizadas.<\/p>\n<h2>\u00bfPor qu\u00e9 los llaveros son accesorios tan comunes?<\/h2>\n<p>Porque son pr\u00e1cticos, funcionales y dicen mucho de ti. Su relaci\u00f3n calidad-precio es innegable. Est\u00e1n hechas con material y costuras de calidad, as\u00ed que si buscas algo que pueda identificar f\u00e1cilmente una llave de un equipo, \u00a1ya lo tienes! El <strong>llavero en tejido \u00abLoud Pipes Save Lives\u00bb Death Rider<\/strong> es s\u00f3lido y est\u00e1 bien hecho. Destaca por ser un art\u00edculo robusto dise\u00f1ado para soportar el trato m\u00e1s duro. Una de las caracter\u00edsticas distintivas es la gran capacidad de soportar el desgaste. De hecho, es la soluci\u00f3n perfecta y sin complicaciones para que sus llaves sean m\u00e1s f\u00e1ciles de encontrar y ver dondequiera que est\u00e9. Adem\u00e1s, ni siquiera se nota en el bolsillo porque es ligero y c\u00f3modo de llevar.<\/p>\n<p>Por \u00faltimo, pero no menos importante, tiene caracter\u00edsticas tradicionales de la vieja escuela, por lo que puede estar seguro de que el dise\u00f1o no pasar\u00e1 de moda.<br \/>\n\u00danico y no fabricado en serie.<br \/>\nEspecificaciones:<br \/>\nLa longitud de la placa de tela es de unos 5 cm.<br \/>\nLa longitud total con el anillo es de unos 6 cm.<\/p>\n","protected":false},"excerpt":{"rendered":"<p>D\u00e9jate inspirar por este exclusivo llavero de tela Loud Pipes Save Lives. Satisface tu deseo de ser diferente con los llaveros Death Rider, \u00fanicos en su g\u00e9nero. Pr\u00e1ctico y elegante, nunca m\u00e1s perder\u00e1s tus llaves.<br \/>\nPuede ser un gran regalo para ti y tus amigos moteros.<br \/>\nEstilo y comodidad en tus manos.<\/p>\n","protected":false},"featured_media":255,"comment_status":"open","ping_status":"closed","template":"","meta":[],"product_brand":[],"product_cat":[120],"product_tag":[],"class_list":{"0":"post-716","1":"product","2":"type-product","3":"status-publish","4":"has-post-thumbnail","6":"product_cat-parches-merchandising","8":"first","9":"outofstock","10":"taxable","11":"shipping-taxable","12":"purchasable","13":"product-type-simple"},"yoast_head":"<!-- This site is optimized with the Yoast SEO plugin v26.1.1 - https:\/\/yoast.com\/wordpress\/plugins\/seo\/ -->\n<title>Llavero &quot;Loud Pipes Save Lives&quot; - Death Rider 1957<\/title>\n<meta name=\"description\" content=\"Llavero de tela &quot;Loud Pipes Save Lives&quot;, gran selecci\u00f3n de llaveros de moto y accesorios de moda en la tienda Death Rider.\" \/>\n<meta name=\"robots\" content=\"index, follow, max-snippet:-1, max-image-preview:large, max-video-preview:-1\" \/>\n<link rel=\"canonical\" href=\"https:\/\/www.deathrider.shop\/es\/llavero-loud-pipes-save-lives\/\" \/>\n<meta property=\"og:locale\" content=\"es_ES\" \/>\n<meta property=\"og:type\" content=\"article\" \/>\n<meta property=\"og:title\" content=\"Llavero &quot;Loud Pipes Save Lives&quot; - Death Rider 1957\" \/>\n<meta property=\"og:description\" content=\"Llavero de tela &quot;Loud Pipes Save Lives&quot;, gran selecci\u00f3n de llaveros de moto y accesorios de moda en la tienda Death Rider.\" \/>\n<meta property=\"og:url\" content=\"https:\/\/www.deathrider.shop\/es\/llavero-loud-pipes-save-lives\/\" \/>\n<meta property=\"og:site_name\" content=\"Death Rider 1957\" \/>\n<meta property=\"article:modified_time\" content=\"2021-03-29T17:12:52+00:00\" \/>\n<meta property=\"og:image\" content=\"https:\/\/www.deathrider.shop\/wp-content\/uploads\/2021\/02\/loud-pipes-save-lifes-keychain-fabric.jpg\" \/>\n\t<meta property=\"og:image:width\" content=\"1024\" \/>\n\t<meta property=\"og:image:height\" content=\"1024\" \/>\n\t<meta property=\"og:image:type\" content=\"image\/jpeg\" \/>\n<meta name=\"twitter:card\" content=\"summary_large_image\" \/>\n<meta name=\"twitter:label1\" content=\"Tiempo de lectura\" \/>\n\t<meta name=\"twitter:data1\" content=\"2 minutos\" \/>\n<script type=\"application\/ld+json\" class=\"yoast-schema-graph\">{\"@context\":\"https:\/\/schema.org\",\"@graph\":[{\"@type\":\"WebPage\",\"@id\":\"https:\/\/www.deathrider.shop\/es\/llavero-loud-pipes-save-lives\/\",\"url\":\"https:\/\/www.deathrider.shop\/es\/llavero-loud-pipes-save-lives\/\",\"name\":\"Llavero \\\"Loud Pipes Save Lives\\\" - Death Rider 1957\",\"isPartOf\":{\"@id\":\"https:\/\/www.deathrider.shop\/#website\"},\"primaryImageOfPage\":{\"@id\":\"https:\/\/www.deathrider.shop\/es\/llavero-loud-pipes-save-lives\/#primaryimage\"},\"image\":{\"@id\":\"https:\/\/www.deathrider.shop\/es\/llavero-loud-pipes-save-lives\/#primaryimage\"},\"thumbnailUrl\":\"https:\/\/www.deathrider.shop\/wp-content\/uploads\/2021\/02\/loud-pipes-save-lifes-keychain-fabric.jpg\",\"datePublished\":\"2021-03-29T08:39:13+00:00\",\"dateModified\":\"2021-03-29T17:12:52+00:00\",\"description\":\"Llavero de tela \\\"Loud Pipes Save Lives\\\", gran selecci\u00f3n de llaveros de moto y accesorios de moda en la tienda Death Rider.\",\"breadcrumb\":{\"@id\":\"https:\/\/www.deathrider.shop\/es\/llavero-loud-pipes-save-lives\/#breadcrumb\"},\"inLanguage\":\"es\",\"potentialAction\":[{\"@type\":\"ReadAction\",\"target\":[\"https:\/\/www.deathrider.shop\/es\/llavero-loud-pipes-save-lives\/\"]}]},{\"@type\":\"ImageObject\",\"inLanguage\":\"es\",\"@id\":\"https:\/\/www.deathrider.shop\/es\/llavero-loud-pipes-save-lives\/#primaryimage\",\"url\":\"https:\/\/www.deathrider.shop\/wp-content\/uploads\/2021\/02\/loud-pipes-save-lifes-keychain-fabric.jpg\",\"contentUrl\":\"https:\/\/www.deathrider.shop\/wp-content\/uploads\/2021\/02\/loud-pipes-save-lifes-keychain-fabric.jpg\",\"width\":1024,\"height\":1024,\"caption\":\"Loud Pipes Save Lives Keychain - Fabric\"},{\"@type\":\"BreadcrumbList\",\"@id\":\"https:\/\/www.deathrider.shop\/es\/llavero-loud-pipes-save-lives\/#breadcrumb\",\"itemListElement\":[{\"@type\":\"ListItem\",\"position\":1,\"name\":\"Home\",\"item\":\"https:\/\/www.deathrider.shop\/es\/death-rider-1957\/\"},{\"@type\":\"ListItem\",\"position\":2,\"name\":\"Tienda\",\"item\":\"https:\/\/www.deathrider.shop\/es\/tienda\/\"},{\"@type\":\"ListItem\",\"position\":3,\"name\":\"Llavero \u00abLoud Pipes Save Lives\u00bb Death Rider\"}]},{\"@type\":\"WebSite\",\"@id\":\"https:\/\/www.deathrider.shop\/#website\",\"url\":\"https:\/\/www.deathrider.shop\/\",\"name\":\"Death Rider 1957\",\"description\":\"Ropa Urbana y Motera para \\\"Bad Ass\\\"\",\"publisher\":{\"@id\":\"https:\/\/www.deathrider.shop\/#organization\"},\"potentialAction\":[{\"@type\":\"SearchAction\",\"target\":{\"@type\":\"EntryPoint\",\"urlTemplate\":\"https:\/\/www.deathrider.shop\/?s={search_term_string}\"},\"query-input\":{\"@type\":\"PropertyValueSpecification\",\"valueRequired\":true,\"valueName\":\"search_term_string\"}}],\"inLanguage\":\"es\"},{\"@type\":\"Organization\",\"@id\":\"https:\/\/www.deathrider.shop\/#organization\",\"name\":\"Death Rider\",\"url\":\"https:\/\/www.deathrider.shop\/\",\"logo\":{\"@type\":\"ImageObject\",\"inLanguage\":\"es\",\"@id\":\"https:\/\/www.deathrider.shop\/#\/schema\/logo\/image\/\",\"url\":\"\",\"contentUrl\":\"\",\"caption\":\"Death Rider\"},\"image\":{\"@id\":\"https:\/\/www.deathrider.shop\/#\/schema\/logo\/image\/\"}}]}<\/script>\n<!-- \/ Yoast SEO plugin. -->","yoast_head_json":{"title":"Llavero \"Loud Pipes Save Lives\" - Death Rider 1957","description":"Llavero de tela \"Loud Pipes Save Lives\", gran selecci\u00f3n de llaveros de moto y accesorios de moda en la tienda Death Rider.","robots":{"index":"index","follow":"follow","max-snippet":"max-snippet:-1","max-image-preview":"max-image-preview:large","max-video-preview":"max-video-preview:-1"},"canonical":"https:\/\/www.deathrider.shop\/es\/llavero-loud-pipes-save-lives\/","og_locale":"es_ES","og_type":"article","og_title":"Llavero \"Loud Pipes Save Lives\" - Death Rider 1957","og_description":"Llavero de tela \"Loud Pipes Save Lives\", gran selecci\u00f3n de llaveros de moto y accesorios de moda en la tienda Death Rider.","og_url":"https:\/\/www.deathrider.shop\/es\/llavero-loud-pipes-save-lives\/","og_site_name":"Death Rider 1957","article_modified_time":"2021-03-29T17:12:52+00:00","og_image":[{"width":1024,"height":1024,"url":"https:\/\/www.deathrider.shop\/wp-content\/uploads\/2021\/02\/loud-pipes-save-lifes-keychain-fabric.jpg","type":"image\/jpeg"}],"twitter_card":"summary_large_image","twitter_misc":{"Tiempo de lectura":"2 minutos"},"schema":{"@context":"https:\/\/schema.org","@graph":[{"@type":"WebPage","@id":"https:\/\/www.deathrider.shop\/es\/llavero-loud-pipes-save-lives\/","url":"https:\/\/www.deathrider.shop\/es\/llavero-loud-pipes-save-lives\/","name":"Llavero \"Loud Pipes Save Lives\" - Death Rider 1957","isPartOf":{"@id":"https:\/\/www.deathrider.shop\/#website"},"primaryImageOfPage":{"@id":"https:\/\/www.deathrider.shop\/es\/llavero-loud-pipes-save-lives\/#primaryimage"},"image":{"@id":"https:\/\/www.deathrider.shop\/es\/llavero-loud-pipes-save-lives\/#primaryimage"},"thumbnailUrl":"https:\/\/www.deathrider.shop\/wp-content\/uploads\/2021\/02\/loud-pipes-save-lifes-keychain-fabric.jpg","datePublished":"2021-03-29T08:39:13+00:00","dateModified":"2021-03-29T17:12:52+00:00","description":"Llavero de tela \"Loud Pipes Save Lives\", gran selecci\u00f3n de llaveros de moto y accesorios de moda en la tienda Death Rider.","breadcrumb":{"@id":"https:\/\/www.deathrider.shop\/es\/llavero-loud-pipes-save-lives\/#breadcrumb"},"inLanguage":"es","potentialAction":[{"@type":"ReadAction","target":["https:\/\/www.deathrider.shop\/es\/llavero-loud-pipes-save-lives\/"]}]},{"@type":"ImageObject","inLanguage":"es","@id":"https:\/\/www.deathrider.shop\/es\/llavero-loud-pipes-save-lives\/#primaryimage","url":"https:\/\/www.deathrider.shop\/wp-content\/uploads\/2021\/02\/loud-pipes-save-lifes-keychain-fabric.jpg","contentUrl":"https:\/\/www.deathrider.shop\/wp-content\/uploads\/2021\/02\/loud-pipes-save-lifes-keychain-fabric.jpg","width":1024,"height":1024,"caption":"Loud Pipes Save Lives Keychain - Fabric"},{"@type":"BreadcrumbList","@id":"https:\/\/www.deathrider.shop\/es\/llavero-loud-pipes-save-lives\/#breadcrumb","itemListElement":[{"@type":"ListItem","position":1,"name":"Home","item":"https:\/\/www.deathrider.shop\/es\/death-rider-1957\/"},{"@type":"ListItem","position":2,"name":"Tienda","item":"https:\/\/www.deathrider.shop\/es\/tienda\/"},{"@type":"ListItem","position":3,"name":"Llavero \u00abLoud Pipes Save Lives\u00bb Death Rider"}]},{"@type":"WebSite","@id":"https:\/\/www.deathrider.shop\/#website","url":"https:\/\/www.deathrider.shop\/","name":"Death Rider 1957","description":"Ropa Urbana y Motera para \"Bad Ass\"","publisher":{"@id":"https:\/\/www.deathrider.shop\/#organization"},"potentialAction":[{"@type":"SearchAction","target":{"@type":"EntryPoint","urlTemplate":"https:\/\/www.deathrider.shop\/?s={search_term_string}"},"query-input":{"@type":"PropertyValueSpecification","valueRequired":true,"valueName":"search_term_string"}}],"inLanguage":"es"},{"@type":"Organization","@id":"https:\/\/www.deathrider.shop\/#organization","name":"Death Rider","url":"https:\/\/www.deathrider.shop\/","logo":{"@type":"ImageObject","inLanguage":"es","@id":"https:\/\/www.deathrider.shop\/#\/schema\/logo\/image\/","url":"","contentUrl":"","caption":"Death Rider"},"image":{"@id":"https:\/\/www.deathrider.shop\/#\/schema\/logo\/image\/"}}]}},"_links":{"self":[{"href":"https:\/\/www.deathrider.shop\/es\/wp-json\/wp\/v2\/product\/716","targetHints":{"allow":["GET"]}}],"collection":[{"href":"https:\/\/www.deathrider.shop\/es\/wp-json\/wp\/v2\/product"}],"about":[{"href":"https:\/\/www.deathrider.shop\/es\/wp-json\/wp\/v2\/types\/product"}],"replies":[{"embeddable":true,"href":"https:\/\/www.deathrider.shop\/es\/wp-json\/wp\/v2\/comments?post=716"}],"wp:featuredmedia":[{"embeddable":true,"href":"https:\/\/www.deathrider.shop\/es\/wp-json\/wp\/v2\/media\/255"}],"wp:attachment":[{"href":"https:\/\/www.deathrider.shop\/es\/wp-json\/wp\/v2\/media?parent=716"}],"wp:term":[{"taxonomy":"product_brand","embeddable":true,"href":"https:\/\/www.deathrider.shop\/es\/wp-json\/wp\/v2\/product_brand?post=716"},{"taxonomy":"product_cat","embeddable":true,"href":"https:\/\/www.deathrider.shop\/es\/wp-json\/wp\/v2\/product_cat?post=716"},{"taxonomy":"product_tag","embeddable":true,"href":"https:\/\/www.deathrider.shop\/es\/wp-json\/wp\/v2\/product_tag?post=716"}],"curies":[{"name":"wp","href":"https:\/\/api.w.org\/{rel}","templated":true}]}}