{"id":743,"date":"2021-04-15T12:56:09","date_gmt":"2021-04-15T12:21:02","guid":{"rendered":"https:\/\/www.deathrider.shop\/?post_type=product&#038;p=743"},"modified":"2021-04-15T14:21:03","modified_gmt":"2021-04-15T12:21:03","slug":"parche-kustom-company","status":"publish","type":"product","link":"https:\/\/www.deathrider.shop\/es\/parche-kustom-company\/","title":{"rendered":"Parche Kustom Company"},"content":{"rendered":"<h2>Parche\u00a0Death Rider Parche Kustom Company: Identidad, pertenencia, estilo.<\/h2>\n<p>Si hablamos de motos, hablamos de parches. Tal y como nuestro <strong>parche Death Rider Parche Kustom Company<\/strong>, desde hace tiempo los parches y los moteros son un elemento \u00fanico en el imaginario colectivo. Eso que un verdadero motero cuida la esencia, pero tambi\u00e9n la apariencia. Y la pertenencia. Por ese motivo, los parches de moto representan un fuerte elemento distintivo que marca la identidad del motero. Al mismo tiempo, el deseo de distinguir -una prenda de vestir, un accesorio- y destacar.<\/p>\n<p>Los parches se han transformado con el tiempo, pasando de ser simples medios de reparaci\u00f3n a peque\u00f1os objetos de arte. La posibilidad de personalizar una prenda an\u00f3nima, de hacerla \u00fanica y al mismo tiempo parte de algo es una tentaci\u00f3n demasiado grande para un motero. Sin embargo hay que ceder a la tentaci\u00f3n, y nadie lo sabe mejor que los moteros. A los moteros les encanta contar su historia a trav\u00e9s de los parches. Con el <strong>parche Death Rider Parche \u00abPussy &amp; Beer\u00bb<\/strong>\u00a0puedes contar tu historia, tu mundo. Puedes pegar este parche termo adhesivo en tu ropa de moto y solo tendr\u00e1s que abrir el gas.<\/p>\n<h2>Los parches, \u00fatiles para identificar y unir.<\/h2>\n<p>El significado de la palabra Patch es cubrir, remendar. Una funci\u00f3n de restauraci\u00f3n-reparaci\u00f3n. S\u00ed, porque el humilde origen de los parches bordados fue exactamente \u00e9ste: cerrar agujeros o cubrir manchas indelebles en la ropa (lej\u00eda, hierba, etc.).<br \/>\nSin embargo, con el paso del tiempo, su uso se transforma y se convierte en algo m\u00e1s. El parche bordado se pone \u00abde moda\u00bb y la gente lo utiliza por dos motivos diferentes: para identificar y para unirse. Siendo ese el caso del <strong>parche Kustom Company\u00a0<\/strong>de Death Rider.<\/p>\n<h3>Parches para identificar<\/h3>\n<p>Es en el \u00e1mbito militar y b\u00e9lico en el que los parches comienzan a adquirir esos significados que hoy nos resultan tan familiares y obvios. La Marina estadounidense fue la primera en utilizarlas para simbolizar que al pertenecer a un grupo (militar) me identifico con esta asociaci\u00f3n o grupo.\u00a0No cabe duda de que si una persona est\u00e1 dispuesta a pegar un parche en una prenda de vestir y llevarlo, significa que se siente parte de lo que ese logotipo representa: ya sean los valores, las tradiciones y qui\u00e9nes forman parte de \u00e9l.<\/p>\n<h3>Parches para unir<\/h3>\n<p>En consecuencia, vemos el segundo uso: el parche une a las personas. Las personas que llevan una prenda con el mismo parche bordado se sienten unidas entre s\u00ed, se sienten parte de la misma familia. Y la familia motera es una familia a todos los efectos: no es raro que los parches cuenten el largo viaje y la vida del motociclista, su pandilla (que se suele encontrar en el coraz\u00f3n), los encuentros hist\u00f3ricos, las pe\u00f1as hermanadas y \u00a1mucho m\u00e1s! As\u00ed que los parches se llevan principalmente por una funci\u00f3n narrativa: detr\u00e1s de cada uno hay una historia que contar, es un s\u00edmbolo que relata los valores, la historia de su asociaci\u00f3n o afiliaci\u00f3n y el orgullo de las personas que forman parte de ella.<\/p>\n<h2>Especificaciones y uso correcto<\/h2>\n<p>Cada parche est\u00e1 hecho con fibra de alta calidad y t\u00e9cnicas rigurosas, por lo que es fuerte y duradero. Cierto, lo \u00faltimo de lo que querr\u00e1s preocuparte cuando est\u00e9s en el asfalto es de si tu <strong>parche Kustom Company<\/strong>\u00a0te seguir\u00e1 o no en tu viaje. Consigue la fiabilidad que buscas con nuestros productos, que combinan alta calidad con un precio competitivo.<\/p>\n<h3>Como planchar el parche Kustom Company<\/h3>\n<p>En primer lugar, coloca la prenda sobre una superficie plana y resistente al calor, como una tabla de planchar. Para asegurarse de que el art\u00edculo proporciona una buena aplicaci\u00f3n del parche, pl\u00e1nchalo primero. Si se trata de una mochila u otra prenda dif\u00edcil de planchar, haz lo posible para que la parte de la tela en la que se aplicar\u00e1 el parche quede plana contra una superficie dura. Coloca el parche en la posici\u00f3n que hayas elegido. El lado adhesivo debe estar contra la tela base. Aseg\u00farate de que el parche no est\u00e9 torcido.<\/p>\n<p>En los parches bordados, el lado adhesivo est\u00e1 en la parte posterior. Calienta una plancha. Luego, enciende la m\u00e1quina en la posici\u00f3n m\u00e1s caliente que tu tejido pueda tolerar. A continuaci\u00f3n, aseg\u00farate de desactivar la opci\u00f3n \u00abvapor\u00bb y de que la plancha no est\u00e9 llena de agua. Coloca una toalla fina sobre el parche. En este punto, ten cuidado de no comprometer la posici\u00f3n del parche. La toalla proteger\u00e1 el propio parche y el tejido circundante.<\/p>\n<p>Ahora, pon la plancha caliente sobre el parche y presiona. Seguidamente, mant\u00e9n la plancha ah\u00ed durante unos 15 segundos. Aplica toda la presi\u00f3n posible mientras presionas con firmeza. Despu\u00e9s, retira la plancha y deja que el parche se enfr\u00ede. Retira la toalla y comprueba si el parche est\u00e1 bien sujeto frotando suavemente el borde con el dedo, intentando levantarlo. Si se levanta un poco, vuelve a colocar la toalla y presiona de nuevo con la plancha durante 10 segundos.<\/p>\n","protected":false},"excerpt":{"rendered":"<p><strong>Parche Kustom Company<\/strong> de Death Rider, tu parche ideal, con bordado resistente al lavado y f\u00e1cil de colocar. Para unas prendas \u00fanicas y un estilo exclusivo. Elige uno de nuestros parches moteros para mostrar con orgullo tu lealtad a los valores de Death Rider.<br \/>\nLa mejor manera de comunicar a los dem\u00e1s toda la pasi\u00f3n y el amor que sientes por el mundo del motociclismo.<\/p>\n","protected":false},"featured_media":398,"comment_status":"open","ping_status":"closed","template":"","meta":[],"product_brand":[],"product_cat":[120],"product_tag":[],"class_list":{"0":"post-743","1":"product","2":"type-product","3":"status-publish","4":"has-post-thumbnail","6":"product_cat-parches-merchandising","8":"first","9":"instock","10":"taxable","11":"shipping-taxable","12":"purchasable","13":"product-type-simple"},"yoast_head":"<!-- This site is optimized with the Yoast SEO plugin v26.1.1 - https:\/\/yoast.com\/wordpress\/plugins\/seo\/ -->\n<title>Parche Kustom Company - Death Rider 1957<\/title>\n<meta name=\"description\" content=\"Consigue tu propio Parche Kustom Company. Muestra al mundo tus s\u00edmbolos y valores. Selecci\u00f3n de parches, c\u00f3mpralos en la tienda Death Rider.\" \/>\n<meta name=\"robots\" content=\"index, follow, max-snippet:-1, max-image-preview:large, max-video-preview:-1\" \/>\n<link rel=\"canonical\" href=\"https:\/\/www.deathrider.shop\/es\/parche-kustom-company\/\" \/>\n<meta property=\"og:locale\" content=\"es_ES\" \/>\n<meta property=\"og:type\" content=\"article\" \/>\n<meta property=\"og:title\" content=\"Parche Kustom Company - Death Rider 1957\" \/>\n<meta property=\"og:description\" content=\"Consigue tu propio Parche Kustom Company. Muestra al mundo tus s\u00edmbolos y valores. Selecci\u00f3n de parches, c\u00f3mpralos en la tienda Death Rider.\" \/>\n<meta property=\"og:url\" content=\"https:\/\/www.deathrider.shop\/es\/parche-kustom-company\/\" \/>\n<meta property=\"og:site_name\" content=\"Death Rider 1957\" \/>\n<meta property=\"article:modified_time\" content=\"2021-04-15T12:21:03+00:00\" \/>\n<meta property=\"og:image\" content=\"https:\/\/www.deathrider.shop\/wp-content\/uploads\/2021\/02\/death-rider-kustom-company-patch.jpg\" \/>\n\t<meta property=\"og:image:width\" content=\"1024\" \/>\n\t<meta property=\"og:image:height\" content=\"1024\" \/>\n\t<meta property=\"og:image:type\" content=\"image\/jpeg\" \/>\n<meta name=\"twitter:card\" content=\"summary_large_image\" \/>\n<meta name=\"twitter:label1\" content=\"Tiempo de lectura\" \/>\n\t<meta name=\"twitter:data1\" content=\"4 minutos\" \/>\n<script type=\"application\/ld+json\" class=\"yoast-schema-graph\">{\"@context\":\"https:\/\/schema.org\",\"@graph\":[{\"@type\":\"WebPage\",\"@id\":\"https:\/\/www.deathrider.shop\/es\/parche-kustom-company\/\",\"url\":\"https:\/\/www.deathrider.shop\/es\/parche-kustom-company\/\",\"name\":\"Parche Kustom Company - Death Rider 1957\",\"isPartOf\":{\"@id\":\"https:\/\/www.deathrider.shop\/#website\"},\"primaryImageOfPage\":{\"@id\":\"https:\/\/www.deathrider.shop\/es\/parche-kustom-company\/#primaryimage\"},\"image\":{\"@id\":\"https:\/\/www.deathrider.shop\/es\/parche-kustom-company\/#primaryimage\"},\"thumbnailUrl\":\"https:\/\/www.deathrider.shop\/wp-content\/uploads\/2021\/02\/death-rider-kustom-company-patch.jpg\",\"datePublished\":\"2021-04-15T12:21:02+00:00\",\"dateModified\":\"2021-04-15T12:21:03+00:00\",\"description\":\"Consigue tu propio Parche Kustom Company. Muestra al mundo tus s\u00edmbolos y valores. Selecci\u00f3n de parches, c\u00f3mpralos en la tienda Death Rider.\",\"breadcrumb\":{\"@id\":\"https:\/\/www.deathrider.shop\/es\/parche-kustom-company\/#breadcrumb\"},\"inLanguage\":\"es\",\"potentialAction\":[{\"@type\":\"ReadAction\",\"target\":[\"https:\/\/www.deathrider.shop\/es\/parche-kustom-company\/\"]}]},{\"@type\":\"ImageObject\",\"inLanguage\":\"es\",\"@id\":\"https:\/\/www.deathrider.shop\/es\/parche-kustom-company\/#primaryimage\",\"url\":\"https:\/\/www.deathrider.shop\/wp-content\/uploads\/2021\/02\/death-rider-kustom-company-patch.jpg\",\"contentUrl\":\"https:\/\/www.deathrider.shop\/wp-content\/uploads\/2021\/02\/death-rider-kustom-company-patch.jpg\",\"width\":1024,\"height\":1024,\"caption\":\"Death Rider Kustom Company - Patch\"},{\"@type\":\"BreadcrumbList\",\"@id\":\"https:\/\/www.deathrider.shop\/es\/parche-kustom-company\/#breadcrumb\",\"itemListElement\":[{\"@type\":\"ListItem\",\"position\":1,\"name\":\"Home\",\"item\":\"https:\/\/www.deathrider.shop\/es\/death-rider-1957\/\"},{\"@type\":\"ListItem\",\"position\":2,\"name\":\"Tienda\",\"item\":\"https:\/\/www.deathrider.shop\/es\/tienda\/\"},{\"@type\":\"ListItem\",\"position\":3,\"name\":\"Parche Kustom Company\"}]},{\"@type\":\"WebSite\",\"@id\":\"https:\/\/www.deathrider.shop\/#website\",\"url\":\"https:\/\/www.deathrider.shop\/\",\"name\":\"Death Rider 1957\",\"description\":\"Ropa Urbana y Motera para \\\"Bad Ass\\\"\",\"publisher\":{\"@id\":\"https:\/\/www.deathrider.shop\/#organization\"},\"potentialAction\":[{\"@type\":\"SearchAction\",\"target\":{\"@type\":\"EntryPoint\",\"urlTemplate\":\"https:\/\/www.deathrider.shop\/?s={search_term_string}\"},\"query-input\":{\"@type\":\"PropertyValueSpecification\",\"valueRequired\":true,\"valueName\":\"search_term_string\"}}],\"inLanguage\":\"es\"},{\"@type\":\"Organization\",\"@id\":\"https:\/\/www.deathrider.shop\/#organization\",\"name\":\"Death Rider\",\"url\":\"https:\/\/www.deathrider.shop\/\",\"logo\":{\"@type\":\"ImageObject\",\"inLanguage\":\"es\",\"@id\":\"https:\/\/www.deathrider.shop\/#\/schema\/logo\/image\/\",\"url\":\"\",\"contentUrl\":\"\",\"caption\":\"Death Rider\"},\"image\":{\"@id\":\"https:\/\/www.deathrider.shop\/#\/schema\/logo\/image\/\"}}]}<\/script>\n<!-- \/ Yoast SEO plugin. -->","yoast_head_json":{"title":"Parche Kustom Company - Death Rider 1957","description":"Consigue tu propio Parche Kustom Company. Muestra al mundo tus s\u00edmbolos y valores. Selecci\u00f3n de parches, c\u00f3mpralos en la tienda Death Rider.","robots":{"index":"index","follow":"follow","max-snippet":"max-snippet:-1","max-image-preview":"max-image-preview:large","max-video-preview":"max-video-preview:-1"},"canonical":"https:\/\/www.deathrider.shop\/es\/parche-kustom-company\/","og_locale":"es_ES","og_type":"article","og_title":"Parche Kustom Company - Death Rider 1957","og_description":"Consigue tu propio Parche Kustom Company. Muestra al mundo tus s\u00edmbolos y valores. Selecci\u00f3n de parches, c\u00f3mpralos en la tienda Death Rider.","og_url":"https:\/\/www.deathrider.shop\/es\/parche-kustom-company\/","og_site_name":"Death Rider 1957","article_modified_time":"2021-04-15T12:21:03+00:00","og_image":[{"width":1024,"height":1024,"url":"https:\/\/www.deathrider.shop\/wp-content\/uploads\/2021\/02\/death-rider-kustom-company-patch.jpg","type":"image\/jpeg"}],"twitter_card":"summary_large_image","twitter_misc":{"Tiempo de lectura":"4 minutos"},"schema":{"@context":"https:\/\/schema.org","@graph":[{"@type":"WebPage","@id":"https:\/\/www.deathrider.shop\/es\/parche-kustom-company\/","url":"https:\/\/www.deathrider.shop\/es\/parche-kustom-company\/","name":"Parche Kustom Company - Death Rider 1957","isPartOf":{"@id":"https:\/\/www.deathrider.shop\/#website"},"primaryImageOfPage":{"@id":"https:\/\/www.deathrider.shop\/es\/parche-kustom-company\/#primaryimage"},"image":{"@id":"https:\/\/www.deathrider.shop\/es\/parche-kustom-company\/#primaryimage"},"thumbnailUrl":"https:\/\/www.deathrider.shop\/wp-content\/uploads\/2021\/02\/death-rider-kustom-company-patch.jpg","datePublished":"2021-04-15T12:21:02+00:00","dateModified":"2021-04-15T12:21:03+00:00","description":"Consigue tu propio Parche Kustom Company. Muestra al mundo tus s\u00edmbolos y valores. Selecci\u00f3n de parches, c\u00f3mpralos en la tienda Death Rider.","breadcrumb":{"@id":"https:\/\/www.deathrider.shop\/es\/parche-kustom-company\/#breadcrumb"},"inLanguage":"es","potentialAction":[{"@type":"ReadAction","target":["https:\/\/www.deathrider.shop\/es\/parche-kustom-company\/"]}]},{"@type":"ImageObject","inLanguage":"es","@id":"https:\/\/www.deathrider.shop\/es\/parche-kustom-company\/#primaryimage","url":"https:\/\/www.deathrider.shop\/wp-content\/uploads\/2021\/02\/death-rider-kustom-company-patch.jpg","contentUrl":"https:\/\/www.deathrider.shop\/wp-content\/uploads\/2021\/02\/death-rider-kustom-company-patch.jpg","width":1024,"height":1024,"caption":"Death Rider Kustom Company - Patch"},{"@type":"BreadcrumbList","@id":"https:\/\/www.deathrider.shop\/es\/parche-kustom-company\/#breadcrumb","itemListElement":[{"@type":"ListItem","position":1,"name":"Home","item":"https:\/\/www.deathrider.shop\/es\/death-rider-1957\/"},{"@type":"ListItem","position":2,"name":"Tienda","item":"https:\/\/www.deathrider.shop\/es\/tienda\/"},{"@type":"ListItem","position":3,"name":"Parche Kustom Company"}]},{"@type":"WebSite","@id":"https:\/\/www.deathrider.shop\/#website","url":"https:\/\/www.deathrider.shop\/","name":"Death Rider 1957","description":"Ropa Urbana y Motera para \"Bad Ass\"","publisher":{"@id":"https:\/\/www.deathrider.shop\/#organization"},"potentialAction":[{"@type":"SearchAction","target":{"@type":"EntryPoint","urlTemplate":"https:\/\/www.deathrider.shop\/?s={search_term_string}"},"query-input":{"@type":"PropertyValueSpecification","valueRequired":true,"valueName":"search_term_string"}}],"inLanguage":"es"},{"@type":"Organization","@id":"https:\/\/www.deathrider.shop\/#organization","name":"Death Rider","url":"https:\/\/www.deathrider.shop\/","logo":{"@type":"ImageObject","inLanguage":"es","@id":"https:\/\/www.deathrider.shop\/#\/schema\/logo\/image\/","url":"","contentUrl":"","caption":"Death Rider"},"image":{"@id":"https:\/\/www.deathrider.shop\/#\/schema\/logo\/image\/"}}]}},"_links":{"self":[{"href":"https:\/\/www.deathrider.shop\/es\/wp-json\/wp\/v2\/product\/743","targetHints":{"allow":["GET"]}}],"collection":[{"href":"https:\/\/www.deathrider.shop\/es\/wp-json\/wp\/v2\/product"}],"about":[{"href":"https:\/\/www.deathrider.shop\/es\/wp-json\/wp\/v2\/types\/product"}],"replies":[{"embeddable":true,"href":"https:\/\/www.deathrider.shop\/es\/wp-json\/wp\/v2\/comments?post=743"}],"wp:featuredmedia":[{"embeddable":true,"href":"https:\/\/www.deathrider.shop\/es\/wp-json\/wp\/v2\/media\/398"}],"wp:attachment":[{"href":"https:\/\/www.deathrider.shop\/es\/wp-json\/wp\/v2\/media?parent=743"}],"wp:term":[{"taxonomy":"product_brand","embeddable":true,"href":"https:\/\/www.deathrider.shop\/es\/wp-json\/wp\/v2\/product_brand?post=743"},{"taxonomy":"product_cat","embeddable":true,"href":"https:\/\/www.deathrider.shop\/es\/wp-json\/wp\/v2\/product_cat?post=743"},{"taxonomy":"product_tag","embeddable":true,"href":"https:\/\/www.deathrider.shop\/es\/wp-json\/wp\/v2\/product_tag?post=743"}],"curies":[{"name":"wp","href":"https:\/\/api.w.org\/{rel}","templated":true}]}}