{"id":753,"date":"2021-02-03T17:30:56","date_gmt":"2021-04-15T15:40:09","guid":{"rendered":"https:\/\/www.deathrider.shop\/?post_type=product&#038;p=753"},"modified":"2021-04-15T17:40:10","modified_gmt":"2021-04-15T15:40:10","slug":"pegatina-pussy-beer","status":"publish","type":"product","link":"https:\/\/www.deathrider.shop\/es\/pegatina-pussy-beer\/","title":{"rendered":"Pegatina Pussy &amp; Beer"},"content":{"rendered":"<h2>Pegatina Pussy &amp; Beer de Death Rider<\/h2>\n<p>Las pegatinas para motocicletas, como la <strong>pegatina Pussy &amp; Beer <\/strong>deDeath Rider, son de esos art\u00edculos que, con poco, pueden marcar realmente la diferencia. \u00bfY a qui\u00e9n no le gustan las pegatinas? Desde los adultos hasta los ni\u00f1os, los amantes de las pegatinas son un p\u00fablico incre\u00edblemente heterog\u00e9neo. Pero en el caso de los motociclistas, las pegatinas parecen ser m\u00e1s una costumbre que una moda. \u00bfTambi\u00e9n est\u00e1s obsesionado con la decoraci\u00f3n? Porque muchos motociclistas lo son. No nos escondamos detr\u00e1s de un dedo.<br \/>\nCubrir, proteger, personalizar. Estos son los principales objetivos a la hora de elegir un adhesivo. O m\u00e1s de uno. S\u00ed, porque si algo caracteriza a los adhesivos es que son objetos de colecci\u00f3n.<\/p>\n<p>Si buscas un estilo de moto concreto, si eres un amante de la personalizaci\u00f3n a todos los niveles, entonces no puedes prescindir de nuestra <strong>pegatina Pussy &amp; Beer<\/strong> entre los muchos accesorios para motos. Un estilo \u00fanico, la carretera y tu moto.<br \/>\nLas pegatinas son una aut\u00e9ntica pasi\u00f3n para los motoristas. De hecho, podr\u00edamos dividirlas en tres categor\u00edas: las pegatinas de la marca, utilizadas para embellecer sus motos, las pegatinas de los forfaits que podemos encontrar en bares o tiendas, muchos las pegan en las bolsas o en el top box, y por \u00faltimo las personalizadas, que solemos ver en los carteles de los forfaits como firma o se\u00f1al de que ese motero ha pasado por all\u00ed.<\/p>\n<h2>Pegatinas personalizadas<\/h2>\n<p>El deseo de personalizar tu moto y de hacerlo de forma sencilla pero exclusiva, puede ser satisfecho con un gasto muy peque\u00f1o. Y los moteros lo saben bien. Por ello, las pegatinas para motos son verdaderos objetos de coleccionista: con un peque\u00f1o toque hacen que tu moto destaque, la hacen atractiva y le dan car\u00e1cter y singularidad. Nuestra<strong> pegatina Pussy &amp; Beer<\/strong> es perfecta para ello: resistente a la luz solar y a la intemperie, su color no cambia tras una larga exposici\u00f3n al sol. Con su dise\u00f1o \u00fanico, garantiza un alto nivel de visibilidad.<br \/>\nEl material de vinilo es de alta calidad, no se decolora, no se desprende tan f\u00e1cilmente y no se despega con el tiempo. Por \u00faltimo, pero no por ello menos importante, no da\u00f1ar\u00e1 la pintura de tu moto, no dejar\u00e1 marcas de pegamento despu\u00e9s de quitarla.<\/p>\n<h3>Consejos de fijaci\u00f3n<\/h3>\n<p>1. Limpiar la superficie donde se instalar\u00e1 el adhesivo.<br \/>\n2. Retirar la protecci\u00f3n del papel de la pegatina.<br \/>\n3. Colocar la pegatina.<br \/>\n4. Utilizar una tarjeta de cr\u00e9dito o una escobilla de goma para eliminar las burbujas y las arrugas.<\/p>\n<h3>C\u00f3mo quitar y poner la pegatina Pussy &amp; Beer<\/h3>\n<p>\u00bfCansado de las viejas pegatinas? \u00bfQuieres poner una nueva pegatina para volver a decorar tu moto? Estos son algunos de los consejos para quitar f\u00e1cilmente el pegamento de las pegatinas<br \/>\n-Paso 1:<br \/>\n-Mant\u00e9n el secador de pelo a unos 6-8&#8243; de distancia de la pegatina que quieres eliminar.<br \/>\n-Paso 2:<br \/>\n-Con el secador de pelo en la posici\u00f3n baja, calienta la pegatina durante unos 5 segundos.<br \/>\n-Paso 3:<br \/>\n-Empieza a despegar lentamente la pegatina de su superficie.<br \/>\n-Paso 4:<br \/>\nLa pegatina se retirar\u00e1 sin dejar ning\u00fan da\u00f1o ni residuo.<\/p>\n","protected":false},"excerpt":{"rendered":"<p>La <strong>pegatina Pussy &amp; Beer<\/strong> de\u00a0Death Rider es la cover perfecta para moteros, ideal para personalizar cascos, motos o accesorios. Consigue tu propia pegatina de moto, dise\u00f1ada para todos los moteros y amantes de las motos custom, y destaca con un nuevo toque de picard\u00eda y rebeld\u00eda.<\/p>\n","protected":false},"featured_media":6031,"comment_status":"open","ping_status":"closed","template":"","meta":[],"product_brand":[],"product_cat":[120],"product_tag":[],"class_list":{"0":"post-753","1":"product","2":"type-product","3":"status-publish","4":"has-post-thumbnail","6":"product_cat-parches-merchandising","8":"first","9":"instock","10":"taxable","11":"shipping-taxable","12":"purchasable","13":"product-type-simple"},"yoast_head":"<!-- This site is optimized with the Yoast SEO plugin v26.1.1 - https:\/\/yoast.com\/wordpress\/plugins\/seo\/ -->\n<title>Pegatina Pussy &amp; Beer - Death Rider 1957<\/title>\n<meta name=\"description\" content=\"Pegatina Pussy &amp; Beer, resistente y duradera en el tiempo, de primera calidad. Amplia selecci\u00f3n de pegatinas en la tienda de Death Rider.\" \/>\n<meta name=\"robots\" content=\"index, follow, max-snippet:-1, max-image-preview:large, max-video-preview:-1\" \/>\n<link rel=\"canonical\" href=\"https:\/\/www.deathrider.shop\/es\/pegatina-pussy-beer\/\" \/>\n<meta property=\"og:locale\" content=\"es_ES\" \/>\n<meta property=\"og:type\" content=\"article\" \/>\n<meta property=\"og:title\" content=\"Pegatina Pussy &amp; Beer - Death Rider 1957\" \/>\n<meta property=\"og:description\" content=\"Pegatina Pussy &amp; Beer, resistente y duradera en el tiempo, de primera calidad. Amplia selecci\u00f3n de pegatinas en la tienda de Death Rider.\" \/>\n<meta property=\"og:url\" content=\"https:\/\/www.deathrider.shop\/es\/pegatina-pussy-beer\/\" \/>\n<meta property=\"og:site_name\" content=\"Death Rider 1957\" \/>\n<meta property=\"article:modified_time\" content=\"2021-04-15T15:40:10+00:00\" \/>\n<meta name=\"twitter:card\" content=\"summary_large_image\" \/>\n<meta name=\"twitter:label1\" content=\"Tiempo de lectura\" \/>\n\t<meta name=\"twitter:data1\" content=\"3 minutos\" \/>\n<script type=\"application\/ld+json\" class=\"yoast-schema-graph\">{\"@context\":\"https:\/\/schema.org\",\"@graph\":[{\"@type\":\"WebPage\",\"@id\":\"https:\/\/www.deathrider.shop\/es\/pegatina-pussy-beer\/\",\"url\":\"https:\/\/www.deathrider.shop\/es\/pegatina-pussy-beer\/\",\"name\":\"Pegatina Pussy &amp; Beer - Death Rider 1957\",\"isPartOf\":{\"@id\":\"https:\/\/www.deathrider.shop\/#website\"},\"primaryImageOfPage\":{\"@id\":\"https:\/\/www.deathrider.shop\/es\/pegatina-pussy-beer\/#primaryimage\"},\"image\":{\"@id\":\"https:\/\/www.deathrider.shop\/es\/pegatina-pussy-beer\/#primaryimage\"},\"thumbnailUrl\":\"https:\/\/www.deathrider.shop\/wp-content\/uploads\/2021\/02\/death-rider-pussy-and-beer-sticker.jpg\",\"datePublished\":\"2021-04-15T15:40:09+00:00\",\"dateModified\":\"2021-04-15T15:40:10+00:00\",\"description\":\"Pegatina Pussy & Beer, resistente y duradera en el tiempo, de primera calidad. Amplia selecci\u00f3n de pegatinas en la tienda de Death Rider.\",\"breadcrumb\":{\"@id\":\"https:\/\/www.deathrider.shop\/es\/pegatina-pussy-beer\/#breadcrumb\"},\"inLanguage\":\"es\",\"potentialAction\":[{\"@type\":\"ReadAction\",\"target\":[\"https:\/\/www.deathrider.shop\/es\/pegatina-pussy-beer\/\"]}]},{\"@type\":\"ImageObject\",\"inLanguage\":\"es\",\"@id\":\"https:\/\/www.deathrider.shop\/es\/pegatina-pussy-beer\/#primaryimage\",\"url\":\"https:\/\/www.deathrider.shop\/wp-content\/uploads\/2021\/02\/death-rider-pussy-and-beer-sticker.jpg\",\"contentUrl\":\"https:\/\/www.deathrider.shop\/wp-content\/uploads\/2021\/02\/death-rider-pussy-and-beer-sticker.jpg\",\"width\":1024,\"height\":1024,\"caption\":\"Pussy and Beer - Sticker\"},{\"@type\":\"BreadcrumbList\",\"@id\":\"https:\/\/www.deathrider.shop\/es\/pegatina-pussy-beer\/#breadcrumb\",\"itemListElement\":[{\"@type\":\"ListItem\",\"position\":1,\"name\":\"Home\",\"item\":\"https:\/\/www.deathrider.shop\/es\/death-rider-1957\/\"},{\"@type\":\"ListItem\",\"position\":2,\"name\":\"Tienda\",\"item\":\"https:\/\/www.deathrider.shop\/es\/tienda\/\"},{\"@type\":\"ListItem\",\"position\":3,\"name\":\"Pegatina Pussy &amp; Beer\"}]},{\"@type\":\"WebSite\",\"@id\":\"https:\/\/www.deathrider.shop\/#website\",\"url\":\"https:\/\/www.deathrider.shop\/\",\"name\":\"Death Rider 1957\",\"description\":\"Ropa Urbana y Motera para \\\"Bad Ass\\\"\",\"publisher\":{\"@id\":\"https:\/\/www.deathrider.shop\/#organization\"},\"potentialAction\":[{\"@type\":\"SearchAction\",\"target\":{\"@type\":\"EntryPoint\",\"urlTemplate\":\"https:\/\/www.deathrider.shop\/?s={search_term_string}\"},\"query-input\":{\"@type\":\"PropertyValueSpecification\",\"valueRequired\":true,\"valueName\":\"search_term_string\"}}],\"inLanguage\":\"es\"},{\"@type\":\"Organization\",\"@id\":\"https:\/\/www.deathrider.shop\/#organization\",\"name\":\"Death Rider\",\"url\":\"https:\/\/www.deathrider.shop\/\",\"logo\":{\"@type\":\"ImageObject\",\"inLanguage\":\"es\",\"@id\":\"https:\/\/www.deathrider.shop\/#\/schema\/logo\/image\/\",\"url\":\"\",\"contentUrl\":\"\",\"caption\":\"Death Rider\"},\"image\":{\"@id\":\"https:\/\/www.deathrider.shop\/#\/schema\/logo\/image\/\"}}]}<\/script>\n<!-- \/ Yoast SEO plugin. -->","yoast_head_json":{"title":"Pegatina Pussy &amp; Beer - Death Rider 1957","description":"Pegatina Pussy & Beer, resistente y duradera en el tiempo, de primera calidad. Amplia selecci\u00f3n de pegatinas en la tienda de Death Rider.","robots":{"index":"index","follow":"follow","max-snippet":"max-snippet:-1","max-image-preview":"max-image-preview:large","max-video-preview":"max-video-preview:-1"},"canonical":"https:\/\/www.deathrider.shop\/es\/pegatina-pussy-beer\/","og_locale":"es_ES","og_type":"article","og_title":"Pegatina Pussy &amp; Beer - Death Rider 1957","og_description":"Pegatina Pussy & Beer, resistente y duradera en el tiempo, de primera calidad. Amplia selecci\u00f3n de pegatinas en la tienda de Death Rider.","og_url":"https:\/\/www.deathrider.shop\/es\/pegatina-pussy-beer\/","og_site_name":"Death Rider 1957","article_modified_time":"2021-04-15T15:40:10+00:00","twitter_card":"summary_large_image","twitter_misc":{"Tiempo de lectura":"3 minutos"},"schema":{"@context":"https:\/\/schema.org","@graph":[{"@type":"WebPage","@id":"https:\/\/www.deathrider.shop\/es\/pegatina-pussy-beer\/","url":"https:\/\/www.deathrider.shop\/es\/pegatina-pussy-beer\/","name":"Pegatina Pussy &amp; Beer - Death Rider 1957","isPartOf":{"@id":"https:\/\/www.deathrider.shop\/#website"},"primaryImageOfPage":{"@id":"https:\/\/www.deathrider.shop\/es\/pegatina-pussy-beer\/#primaryimage"},"image":{"@id":"https:\/\/www.deathrider.shop\/es\/pegatina-pussy-beer\/#primaryimage"},"thumbnailUrl":"https:\/\/www.deathrider.shop\/wp-content\/uploads\/2021\/02\/death-rider-pussy-and-beer-sticker.jpg","datePublished":"2021-04-15T15:40:09+00:00","dateModified":"2021-04-15T15:40:10+00:00","description":"Pegatina Pussy & Beer, resistente y duradera en el tiempo, de primera calidad. Amplia selecci\u00f3n de pegatinas en la tienda de Death Rider.","breadcrumb":{"@id":"https:\/\/www.deathrider.shop\/es\/pegatina-pussy-beer\/#breadcrumb"},"inLanguage":"es","potentialAction":[{"@type":"ReadAction","target":["https:\/\/www.deathrider.shop\/es\/pegatina-pussy-beer\/"]}]},{"@type":"ImageObject","inLanguage":"es","@id":"https:\/\/www.deathrider.shop\/es\/pegatina-pussy-beer\/#primaryimage","url":"https:\/\/www.deathrider.shop\/wp-content\/uploads\/2021\/02\/death-rider-pussy-and-beer-sticker.jpg","contentUrl":"https:\/\/www.deathrider.shop\/wp-content\/uploads\/2021\/02\/death-rider-pussy-and-beer-sticker.jpg","width":1024,"height":1024,"caption":"Pussy and Beer - Sticker"},{"@type":"BreadcrumbList","@id":"https:\/\/www.deathrider.shop\/es\/pegatina-pussy-beer\/#breadcrumb","itemListElement":[{"@type":"ListItem","position":1,"name":"Home","item":"https:\/\/www.deathrider.shop\/es\/death-rider-1957\/"},{"@type":"ListItem","position":2,"name":"Tienda","item":"https:\/\/www.deathrider.shop\/es\/tienda\/"},{"@type":"ListItem","position":3,"name":"Pegatina Pussy &amp; Beer"}]},{"@type":"WebSite","@id":"https:\/\/www.deathrider.shop\/#website","url":"https:\/\/www.deathrider.shop\/","name":"Death Rider 1957","description":"Ropa Urbana y Motera para \"Bad Ass\"","publisher":{"@id":"https:\/\/www.deathrider.shop\/#organization"},"potentialAction":[{"@type":"SearchAction","target":{"@type":"EntryPoint","urlTemplate":"https:\/\/www.deathrider.shop\/?s={search_term_string}"},"query-input":{"@type":"PropertyValueSpecification","valueRequired":true,"valueName":"search_term_string"}}],"inLanguage":"es"},{"@type":"Organization","@id":"https:\/\/www.deathrider.shop\/#organization","name":"Death Rider","url":"https:\/\/www.deathrider.shop\/","logo":{"@type":"ImageObject","inLanguage":"es","@id":"https:\/\/www.deathrider.shop\/#\/schema\/logo\/image\/","url":"","contentUrl":"","caption":"Death Rider"},"image":{"@id":"https:\/\/www.deathrider.shop\/#\/schema\/logo\/image\/"}}]}},"_links":{"self":[{"href":"https:\/\/www.deathrider.shop\/es\/wp-json\/wp\/v2\/product\/753","targetHints":{"allow":["GET"]}}],"collection":[{"href":"https:\/\/www.deathrider.shop\/es\/wp-json\/wp\/v2\/product"}],"about":[{"href":"https:\/\/www.deathrider.shop\/es\/wp-json\/wp\/v2\/types\/product"}],"replies":[{"embeddable":true,"href":"https:\/\/www.deathrider.shop\/es\/wp-json\/wp\/v2\/comments?post=753"}],"wp:featuredmedia":[{"embeddable":true,"href":"https:\/\/www.deathrider.shop\/es\/wp-json\/wp\/v2\/media\/6031"}],"wp:attachment":[{"href":"https:\/\/www.deathrider.shop\/es\/wp-json\/wp\/v2\/media?parent=753"}],"wp:term":[{"taxonomy":"product_brand","embeddable":true,"href":"https:\/\/www.deathrider.shop\/es\/wp-json\/wp\/v2\/product_brand?post=753"},{"taxonomy":"product_cat","embeddable":true,"href":"https:\/\/www.deathrider.shop\/es\/wp-json\/wp\/v2\/product_cat?post=753"},{"taxonomy":"product_tag","embeddable":true,"href":"https:\/\/www.deathrider.shop\/es\/wp-json\/wp\/v2\/product_tag?post=753"}],"curies":[{"name":"wp","href":"https:\/\/api.w.org\/{rel}","templated":true}]}}