{"id":1074,"date":"2022-02-06T08:13:13","date_gmt":"2022-02-06T07:13:38","guid":{"rendered":"https:\/\/www.deathrider.shop\/?post_type=product&#038;p=1074"},"modified":"2024-02-08T19:31:35","modified_gmt":"2024-02-08T18:31:35","slug":"felpa-hipster-57-death-rider","status":"publish","type":"product","link":"https:\/\/www.deathrider.shop\/it\/felpa-hipster-57-death-rider\/","title":{"rendered":"Felpa &#8220;Hipster 57&#8221; Death Rider"},"content":{"rendered":"<h2><span data-sheets-value=\"{&quot;1&quot;:2,&quot;2&quot;:&quot;Felpa Hipster 57 Death Rider&quot;}\">La Felpa Hipster 57 Death Rider<\/span> e la sua illustrazione<\/h2>\n<p>Hai bisogno di un nuovo capo d&#8217;abbigliamento per il tuo look da motociclista? Beh, ti trovi nel posto giusto e stai guardando un ottimo prodotto. La Felpa Hipster 57 Death Rider \u00e8 l&#8217;ideale per un&#8217;uscita in una serata ventosa o per affrontare un viaggio con la tua moto. Offre al tempo stesso un look alla moda e un grande comfort, perfetto se cerchi sempre distinguerti dalla massa con i tuoi outfit.<\/p>\n<p>Il nero \u00e8 il colore dei motociclisti, quindi non ti sbaglierai. Inoltre, il suo disegno \u00e8 ricco di significato. L&#8217;illustrazione, presente sulla parte anteriore, rende omaggio alla Kustom Kulture. Sei un appassionato? Ami le moto, i tatuaggi e l&#8217;atmosfera degli anni &#8217;50? Indossando questa Felpa Hipster 57 Death Rider lancerai un messaggio forte e chiaro a tutti. L&#8217;orologio raffigurato, insieme con il numero 57, comunica la tua voglia di concentrarti su te stesso, la tua attitudine a cambiare la tua vita e fare scelte coraggiose. Senza dubbio un&#8217;ottima scelta per il tuo guardaroba.<\/p>\n<h2>Storia della felpa<\/h2>\n<p>Per risalire all&#8217;origine di questo capo d&#8217;abbigliamento bisogna tornare indietro agli anni &#8217;20 del secolo scorso. L&#8217;idea di questo indumento \u00e8 attribuita a un giocatore di football americano. L&#8217;obiettivo era quello avere un nuovo capo realizzato al 100% in cotone per gli allenamenti. Con l&#8217;avanzare degli la sua funzione e il suo utilizzo sono cambiati e oggi pu\u00f2 essere considerato non solo un capo adatto per lo sport, ma anche un elemento di stile. Negli ultimi decenni \u00e8 stato indossato da rapper, artisti di strada, ballerini hip-hop, skater ed \u00e8 diventato comune anche tra i motociclisti. Per questi ultimi, per\u00f2, deve essere rappresentativo. Deve si essere comodo, ma al tempo stesso incarnare la forza e la passione per le moto esattamente come la Felpa Hipster 57 Death Rider.<\/p>\n<h2>Caratteristiche di questa <span data-sheets-value=\"{&quot;1&quot;:2,&quot;2&quot;:&quot;Felpa Hipster 57 Death Rider&quot;}\">Felpa Hipster 57 Death Rider<\/span><\/h2>\n<p>Hai bisogno di un capo a manica lunga per il tuo prossimo viaggio in moto? Questo \u00e8 l&#8217;indumento di cui hai bisogno. Puoi anche\u00a0 indossarlo con un jeans e una giacca di pelle per un look deciso e spregiudicato. Questa Felpa Barber Shop \u00e8 realizzata in cotone biologico felpato, da cui deriva la sua caratteristica morbidezza. Te ne accorgerai non appena la indossi. Ha un taglio classico, che garantisce un libero movimento e un&#8217;estrema comodit\u00e0. Questa felpa ha anche un&#8217;ottima traspirabilit\u00e0 e una grande resistenza. Troverai stile, qualit\u00e0 e comfort in un solo capo alla moda. Inoltre, ti consigliamo di lavarla a bassa temperatura e di evitare di stirare direttamente sull&#8217;illustrazione. Al momento dell&#8217;acquisto, per una migliore vestibilit\u00e0 scegli una taglia pi\u00f9 grande rispetto a quella che usi abitualmente.<\/p>\n<p>&nbsp;<\/p>\n","protected":false},"excerpt":{"rendered":"<p>Scegli la Felpa Hipster 57 Death Rider come nuovo capo per il tuo look da motociclista. Il suo design particolare e unico la rende perfetta anche per un outfit casual da tutti i giorni. \u00c8 comoda, resistente e realizzata con materiale di alta qualit\u00e0. Il nero del tessuto, combinato con l&#8217;oro dell&#8217;illustrazione, dar\u00e0 un tocco deciso al tuo aspetto esteriore. Il disegno \u00e8 carico di significato: simboleggia la passione per le moto e la Kustom Kulture.<\/p>\n","protected":false},"featured_media":6066,"comment_status":"open","ping_status":"closed","template":"","meta":[],"product_brand":[],"product_cat":[122],"product_tag":[],"class_list":{"0":"post-1074","1":"product","2":"type-product","3":"status-publish","4":"has-post-thumbnail","6":"product_cat-felpe","8":"first","9":"instock","10":"taxable","11":"shipping-taxable","12":"purchasable","13":"product-type-variable"},"yoast_head":"<!-- This site is optimized with the Yoast SEO plugin v26.1.1 - https:\/\/yoast.com\/wordpress\/plugins\/seo\/ -->\n<title>Felpa Hipster 57 Death Rider | Felpa Barber Shop - Death Rider 1957<\/title>\n<meta name=\"description\" content=\"La Felpa Hipster 57 Death Rider con il suo fantastico design \u00e8 il capo di abbigliamento perfetto per il tuo look da motociclista.\" \/>\n<meta name=\"robots\" content=\"index, follow, max-snippet:-1, max-image-preview:large, max-video-preview:-1\" \/>\n<link rel=\"canonical\" href=\"https:\/\/www.deathrider.shop\/it\/felpa-hipster-57-death-rider\/\" \/>\n<meta property=\"og:locale\" content=\"it_IT\" \/>\n<meta property=\"og:type\" content=\"article\" \/>\n<meta property=\"og:title\" content=\"Felpa Hipster 57 Death Rider | Felpa Barber Shop - Death Rider 1957\" \/>\n<meta property=\"og:description\" content=\"La Felpa Hipster 57 Death Rider con il suo fantastico design \u00e8 il capo di abbigliamento perfetto per il tuo look da motociclista.\" \/>\n<meta property=\"og:url\" content=\"https:\/\/www.deathrider.shop\/it\/felpa-hipster-57-death-rider\/\" \/>\n<meta property=\"og:site_name\" content=\"Death Rider 1957\" \/>\n<meta property=\"article:modified_time\" content=\"2024-02-08T18:31:35+00:00\" \/>\n<meta name=\"twitter:card\" content=\"summary_large_image\" \/>\n<meta name=\"twitter:label1\" content=\"Tempo di lettura stimato\" \/>\n\t<meta name=\"twitter:data1\" content=\"2 minuti\" \/>\n<script type=\"application\/ld+json\" class=\"yoast-schema-graph\">{\"@context\":\"https:\/\/schema.org\",\"@graph\":[{\"@type\":\"WebPage\",\"@id\":\"https:\/\/www.deathrider.shop\/it\/felpa-hipster-57-death-rider\/\",\"url\":\"https:\/\/www.deathrider.shop\/it\/felpa-hipster-57-death-rider\/\",\"name\":\"Felpa Hipster 57 Death Rider | Felpa Barber Shop - Death Rider 1957\",\"isPartOf\":{\"@id\":\"https:\/\/www.deathrider.shop\/#website\"},\"primaryImageOfPage\":{\"@id\":\"https:\/\/www.deathrider.shop\/it\/felpa-hipster-57-death-rider\/#primaryimage\"},\"image\":{\"@id\":\"https:\/\/www.deathrider.shop\/it\/felpa-hipster-57-death-rider\/#primaryimage\"},\"thumbnailUrl\":\"https:\/\/www.deathrider.shop\/wp-content\/uploads\/2022\/02\/death-rider-sweatshirt-hipster-front.jpg\",\"datePublished\":\"2022-02-06T07:13:38+00:00\",\"dateModified\":\"2024-02-08T18:31:35+00:00\",\"description\":\"La Felpa Hipster 57 Death Rider con il suo fantastico design \u00e8 il capo di abbigliamento perfetto per il tuo look da motociclista.\",\"breadcrumb\":{\"@id\":\"https:\/\/www.deathrider.shop\/it\/felpa-hipster-57-death-rider\/#breadcrumb\"},\"inLanguage\":\"it-IT\",\"potentialAction\":[{\"@type\":\"ReadAction\",\"target\":[\"https:\/\/www.deathrider.shop\/it\/felpa-hipster-57-death-rider\/\"]}]},{\"@type\":\"ImageObject\",\"inLanguage\":\"it-IT\",\"@id\":\"https:\/\/www.deathrider.shop\/it\/felpa-hipster-57-death-rider\/#primaryimage\",\"url\":\"https:\/\/www.deathrider.shop\/wp-content\/uploads\/2022\/02\/death-rider-sweatshirt-hipster-front.jpg\",\"contentUrl\":\"https:\/\/www.deathrider.shop\/wp-content\/uploads\/2022\/02\/death-rider-sweatshirt-hipster-front.jpg\",\"width\":1024,\"height\":1024,\"caption\":\"Death Rider \\\"Hipster 57\\\" Sweatshirt\"},{\"@type\":\"BreadcrumbList\",\"@id\":\"https:\/\/www.deathrider.shop\/it\/felpa-hipster-57-death-rider\/#breadcrumb\",\"itemListElement\":[{\"@type\":\"ListItem\",\"position\":1,\"name\":\"Home\",\"item\":\"https:\/\/www.deathrider.shop\/it\/\"},{\"@type\":\"ListItem\",\"position\":2,\"name\":\"Shop\",\"item\":\"https:\/\/www.deathrider.shop\/shop\/\"},{\"@type\":\"ListItem\",\"position\":3,\"name\":\"Felpa &#8220;Hipster 57&#8221; Death Rider\"}]},{\"@type\":\"WebSite\",\"@id\":\"https:\/\/www.deathrider.shop\/#website\",\"url\":\"https:\/\/www.deathrider.shop\/\",\"name\":\"Death Rider 1957\",\"description\":\"Urban &amp; Motorcycle &quot;Bad Ass&quot; apparel\",\"publisher\":{\"@id\":\"https:\/\/www.deathrider.shop\/#organization\"},\"potentialAction\":[{\"@type\":\"SearchAction\",\"target\":{\"@type\":\"EntryPoint\",\"urlTemplate\":\"https:\/\/www.deathrider.shop\/?s={search_term_string}\"},\"query-input\":{\"@type\":\"PropertyValueSpecification\",\"valueRequired\":true,\"valueName\":\"search_term_string\"}}],\"inLanguage\":\"it-IT\"},{\"@type\":\"Organization\",\"@id\":\"https:\/\/www.deathrider.shop\/#organization\",\"name\":\"Death Rider\",\"url\":\"https:\/\/www.deathrider.shop\/\",\"logo\":{\"@type\":\"ImageObject\",\"inLanguage\":\"it-IT\",\"@id\":\"https:\/\/www.deathrider.shop\/#\/schema\/logo\/image\/\",\"url\":\"\",\"contentUrl\":\"\",\"caption\":\"Death Rider\"},\"image\":{\"@id\":\"https:\/\/www.deathrider.shop\/#\/schema\/logo\/image\/\"}}]}<\/script>\n<!-- \/ Yoast SEO plugin. -->","yoast_head_json":{"title":"Felpa Hipster 57 Death Rider | Felpa Barber Shop - Death Rider 1957","description":"La Felpa Hipster 57 Death Rider con il suo fantastico design \u00e8 il capo di abbigliamento perfetto per il tuo look da motociclista.","robots":{"index":"index","follow":"follow","max-snippet":"max-snippet:-1","max-image-preview":"max-image-preview:large","max-video-preview":"max-video-preview:-1"},"canonical":"https:\/\/www.deathrider.shop\/it\/felpa-hipster-57-death-rider\/","og_locale":"it_IT","og_type":"article","og_title":"Felpa Hipster 57 Death Rider | Felpa Barber Shop - Death Rider 1957","og_description":"La Felpa Hipster 57 Death Rider con il suo fantastico design \u00e8 il capo di abbigliamento perfetto per il tuo look da motociclista.","og_url":"https:\/\/www.deathrider.shop\/it\/felpa-hipster-57-death-rider\/","og_site_name":"Death Rider 1957","article_modified_time":"2024-02-08T18:31:35+00:00","twitter_card":"summary_large_image","twitter_misc":{"Tempo di lettura stimato":"2 minuti"},"schema":{"@context":"https:\/\/schema.org","@graph":[{"@type":"WebPage","@id":"https:\/\/www.deathrider.shop\/it\/felpa-hipster-57-death-rider\/","url":"https:\/\/www.deathrider.shop\/it\/felpa-hipster-57-death-rider\/","name":"Felpa Hipster 57 Death Rider | Felpa Barber Shop - Death Rider 1957","isPartOf":{"@id":"https:\/\/www.deathrider.shop\/#website"},"primaryImageOfPage":{"@id":"https:\/\/www.deathrider.shop\/it\/felpa-hipster-57-death-rider\/#primaryimage"},"image":{"@id":"https:\/\/www.deathrider.shop\/it\/felpa-hipster-57-death-rider\/#primaryimage"},"thumbnailUrl":"https:\/\/www.deathrider.shop\/wp-content\/uploads\/2022\/02\/death-rider-sweatshirt-hipster-front.jpg","datePublished":"2022-02-06T07:13:38+00:00","dateModified":"2024-02-08T18:31:35+00:00","description":"La Felpa Hipster 57 Death Rider con il suo fantastico design \u00e8 il capo di abbigliamento perfetto per il tuo look da motociclista.","breadcrumb":{"@id":"https:\/\/www.deathrider.shop\/it\/felpa-hipster-57-death-rider\/#breadcrumb"},"inLanguage":"it-IT","potentialAction":[{"@type":"ReadAction","target":["https:\/\/www.deathrider.shop\/it\/felpa-hipster-57-death-rider\/"]}]},{"@type":"ImageObject","inLanguage":"it-IT","@id":"https:\/\/www.deathrider.shop\/it\/felpa-hipster-57-death-rider\/#primaryimage","url":"https:\/\/www.deathrider.shop\/wp-content\/uploads\/2022\/02\/death-rider-sweatshirt-hipster-front.jpg","contentUrl":"https:\/\/www.deathrider.shop\/wp-content\/uploads\/2022\/02\/death-rider-sweatshirt-hipster-front.jpg","width":1024,"height":1024,"caption":"Death Rider \"Hipster 57\" Sweatshirt"},{"@type":"BreadcrumbList","@id":"https:\/\/www.deathrider.shop\/it\/felpa-hipster-57-death-rider\/#breadcrumb","itemListElement":[{"@type":"ListItem","position":1,"name":"Home","item":"https:\/\/www.deathrider.shop\/it\/"},{"@type":"ListItem","position":2,"name":"Shop","item":"https:\/\/www.deathrider.shop\/shop\/"},{"@type":"ListItem","position":3,"name":"Felpa &#8220;Hipster 57&#8221; Death Rider"}]},{"@type":"WebSite","@id":"https:\/\/www.deathrider.shop\/#website","url":"https:\/\/www.deathrider.shop\/","name":"Death Rider 1957","description":"Urban &amp; Motorcycle &quot;Bad Ass&quot; apparel","publisher":{"@id":"https:\/\/www.deathrider.shop\/#organization"},"potentialAction":[{"@type":"SearchAction","target":{"@type":"EntryPoint","urlTemplate":"https:\/\/www.deathrider.shop\/?s={search_term_string}"},"query-input":{"@type":"PropertyValueSpecification","valueRequired":true,"valueName":"search_term_string"}}],"inLanguage":"it-IT"},{"@type":"Organization","@id":"https:\/\/www.deathrider.shop\/#organization","name":"Death Rider","url":"https:\/\/www.deathrider.shop\/","logo":{"@type":"ImageObject","inLanguage":"it-IT","@id":"https:\/\/www.deathrider.shop\/#\/schema\/logo\/image\/","url":"","contentUrl":"","caption":"Death Rider"},"image":{"@id":"https:\/\/www.deathrider.shop\/#\/schema\/logo\/image\/"}}]}},"_links":{"self":[{"href":"https:\/\/www.deathrider.shop\/it\/wp-json\/wp\/v2\/product\/1074","targetHints":{"allow":["GET"]}}],"collection":[{"href":"https:\/\/www.deathrider.shop\/it\/wp-json\/wp\/v2\/product"}],"about":[{"href":"https:\/\/www.deathrider.shop\/it\/wp-json\/wp\/v2\/types\/product"}],"replies":[{"embeddable":true,"href":"https:\/\/www.deathrider.shop\/it\/wp-json\/wp\/v2\/comments?post=1074"}],"wp:featuredmedia":[{"embeddable":true,"href":"https:\/\/www.deathrider.shop\/it\/wp-json\/wp\/v2\/media\/6066"}],"wp:attachment":[{"href":"https:\/\/www.deathrider.shop\/it\/wp-json\/wp\/v2\/media?parent=1074"}],"wp:term":[{"taxonomy":"product_brand","embeddable":true,"href":"https:\/\/www.deathrider.shop\/it\/wp-json\/wp\/v2\/product_brand?post=1074"},{"taxonomy":"product_cat","embeddable":true,"href":"https:\/\/www.deathrider.shop\/it\/wp-json\/wp\/v2\/product_cat?post=1074"},{"taxonomy":"product_tag","embeddable":true,"href":"https:\/\/www.deathrider.shop\/it\/wp-json\/wp\/v2\/product_tag?post=1074"}],"curies":[{"name":"wp","href":"https:\/\/api.w.org\/{rel}","templated":true}]}}