{"id":2854,"date":"2021-12-22T15:42:49","date_gmt":"2021-12-22T14:38:14","guid":{"rendered":"https:\/\/www.deathrider.shop\/?post_type=product&#038;p=2854"},"modified":"2021-12-22T15:45:15","modified_gmt":"2021-12-22T14:45:15","slug":"felpa-con-cappuccio-death-rider-pussy-beer","status":"publish","type":"product","link":"https:\/\/www.deathrider.shop\/it\/felpa-con-cappuccio-death-rider-pussy-beer\/","title":{"rendered":"Felpa con cappuccio Death Rider &#8220;Pussy &#038; Beer&#8221;"},"content":{"rendered":"<h1><strong>Felpa con cappuccio Death Rider &#8220;Pussy &amp; Beer&#8221;<\/strong><\/h1>\n<p>Sei sempre alla ricerca di un capo che possa aggiungere quell&#8217;elemento fashion al tuo guardaroba? Sei nel posto giusto! Su Death Rider 1957 puoi trovare capi in grado di portare il tuo look a un livello superiore. Qual \u00e8 il tuo stile? Se hai voglia di streetwear, dai un&#8217;occhiata a questo Death Rider &#8220;Pussy &amp; Beer&#8221; &#8211; Felpa con cappuccio. Non puoi perderlo! Una felpa con cappuccio \u00e8 il capo perfetto per il tuo outfit urbano. Sono molto popolari e in vouge nell&#8217;ambiente della moda di oggi. \u00c8 un capo irrinunciabile e non passer\u00e0 mai di moda. Al giorno d&#8217;oggi \u00e8 tra i capi pi\u00f9 indossati, tanto pi\u00f9 che lo stile streetwear sta crescendo sempre di pi\u00f9. Le felpe con cappuccio ti fanno sentire a tuo agio, mantenendoti al caldo anche durante i mesi pi\u00f9 freddi e allo stesso tempo alla moda.<\/p>\n<h1><strong>L&#8217;illustrazione della felpa con cappuccio<\/strong><\/h1>\n<div><\/div>\n<div>Ci sono molti modelli di felpe con cappuccio. Questo capo di abbigliamento pu\u00f2 essere personalizzato per renderlo tuo, oppure puoi trovare quello perfetto che si adatta alla tua personalit\u00e0 e al tuo stile. Possono accontentare tutti! Pu\u00f2 essere un colore specifico, una taglia pi\u00f9 grande, un logo particolare, ci sono modi severi per cambiarlo e avere una bella felpa con cappuccio. L&#8217;illustrazione \u00e8 uno di quei modi. Death Rider &#8220;Pussy &amp; Beer&#8221; &#8211; Felpa con cappuccio ha un&#8217;illustrazione unica che \u00e8 stata realizzata da un illustratore professionista solo per il nostro marchio.<\/div>\n<div><\/div>\n<div>Se vuoi una felpa con cappuccio sarcastica ma alla moda, questo \u00e8 esattamente quello che stai cercando. &#8220;Figa e birra&#8221;, \u00e8 un modo ironico e allo stesso tempo onesto per esprimersi! La moda \u00e8 anche un modo che ti aiuta a non prendere tutto cos\u00ec sul serio, quindi sii audace e indossa ci\u00f2 che ti piace! Abbiamo applicato il logo con la tecnica migliore, cos\u00ec durer\u00e0 a lungo e rimarr\u00e0 perfetto.<\/div>\n<div><\/div>\n<h1><strong>Ulteriori dettagli di questo articolo<\/strong><\/h1>\n<div><\/div>\n<div>Tutti i nostri prodotti sono realizzati con cura e grande attenzione ai dettagli. Selezioniamo sempre e solo materiale di alta qualit\u00e0 per ogni articolo che trovi sul nostro e-commerce. Abbiamo scelto cotone 100% biologico per la produzione di questa felpa con cappuccio. Questo materiale fornir\u00e0 comfort e durata a questo pezzo. Allora, cosa stai aspettando? Aggiungilo al carrello e acquistalo, riceverai presto la tua Death Rider &#8220;Pussy &amp; Beer&#8221; &#8211; Felpa con cappuccio! Quando \u00e8 il momento di selezionare la tua taglia, ti consigliamo di sceglierne una pi\u00f9 grande del tuo solito. Una volta che ce l&#8217;hai e devi lavarla, \u00e8 meglio scegliere i programmi della lavatrice con la temperatura pi\u00f9 bassa. Inoltre, di solito stiri tutti i tuoi vestiti? Bene, in questo caso, per mantenere perfetta l&#8217;illustrazione, fallo al rovescio o non direttamente su di essa.<\/div>\n","protected":false},"excerpt":{"rendered":"<p>Death Rider &#8220;<strong>Pussy &amp; Beer<\/strong>&#8221; &#8211; Felpa con cappuccio dar\u00e0 quel tocco in pi\u00f9 al tuo <strong>look urbano<\/strong>. Questo capo di abbigliamento ti far\u00e0 sentire a tuo agio e allo stesso tempo alla moda. Con la sua illustrazione sarcastica e molto diretta, ti far\u00e0 distinguere dalla massa. Realizzato con materiale di alta <strong>qualit\u00e0<\/strong>, durer\u00e0 a lungo.<\/p>\n","protected":false},"featured_media":2846,"comment_status":"open","ping_status":"closed","template":"","meta":[],"product_brand":[],"product_cat":[122],"product_tag":[],"class_list":{"0":"post-2854","1":"product","2":"type-product","3":"status-publish","4":"has-post-thumbnail","6":"product_cat-felpe","8":"first","9":"instock","10":"taxable","11":"shipping-taxable","12":"purchasable","13":"product-type-variable"},"yoast_head":"<!-- This site is optimized with the Yoast SEO plugin v26.1.1 - https:\/\/yoast.com\/wordpress\/plugins\/seo\/ -->\n<title>Felpa con cappuccio Death Rider &quot;Pussy &amp; Beer&quot; - Death Rider 1957<\/title>\n<meta name=\"description\" content=\"Death Rider &quot;Pussy &amp; Beer&quot; - Felpa con cappuccio \u00e8 un capo che non pu\u00f2 mancare nel tuo guardaroba, soprattutto se ti piace lo stile urbano.\" \/>\n<meta name=\"robots\" content=\"index, follow, max-snippet:-1, max-image-preview:large, max-video-preview:-1\" \/>\n<link rel=\"canonical\" href=\"https:\/\/www.deathrider.shop\/it\/felpa-con-cappuccio-death-rider-pussy-beer\/\" \/>\n<meta property=\"og:locale\" content=\"it_IT\" \/>\n<meta property=\"og:type\" content=\"article\" \/>\n<meta property=\"og:title\" content=\"Felpa con cappuccio Death Rider &quot;Pussy &amp; Beer&quot; - Death Rider 1957\" \/>\n<meta property=\"og:description\" content=\"Death Rider &quot;Pussy &amp; Beer&quot; - Felpa con cappuccio \u00e8 un capo che non pu\u00f2 mancare nel tuo guardaroba, soprattutto se ti piace lo stile urbano.\" \/>\n<meta property=\"og:url\" content=\"https:\/\/www.deathrider.shop\/it\/felpa-con-cappuccio-death-rider-pussy-beer\/\" \/>\n<meta property=\"og:site_name\" content=\"Death Rider 1957\" \/>\n<meta property=\"article:modified_time\" content=\"2021-12-22T14:45:15+00:00\" \/>\n<meta property=\"og:image\" content=\"https:\/\/www.deathrider.shop\/wp-content\/uploads\/2021\/12\/death-rider-pussy-beer-hoodie-rear.jpg\" \/>\n\t<meta property=\"og:image:width\" content=\"1024\" \/>\n\t<meta property=\"og:image:height\" content=\"1024\" \/>\n\t<meta property=\"og:image:type\" content=\"image\/jpeg\" \/>\n<meta name=\"twitter:card\" content=\"summary_large_image\" \/>\n<meta name=\"twitter:label1\" content=\"Tempo di lettura stimato\" \/>\n\t<meta name=\"twitter:data1\" content=\"3 minuti\" \/>\n<script type=\"application\/ld+json\" class=\"yoast-schema-graph\">{\"@context\":\"https:\/\/schema.org\",\"@graph\":[{\"@type\":\"WebPage\",\"@id\":\"https:\/\/www.deathrider.shop\/it\/felpa-con-cappuccio-death-rider-pussy-beer\/\",\"url\":\"https:\/\/www.deathrider.shop\/it\/felpa-con-cappuccio-death-rider-pussy-beer\/\",\"name\":\"Felpa con cappuccio Death Rider \\\"Pussy & Beer\\\" - Death Rider 1957\",\"isPartOf\":{\"@id\":\"https:\/\/www.deathrider.shop\/#website\"},\"primaryImageOfPage\":{\"@id\":\"https:\/\/www.deathrider.shop\/it\/felpa-con-cappuccio-death-rider-pussy-beer\/#primaryimage\"},\"image\":{\"@id\":\"https:\/\/www.deathrider.shop\/it\/felpa-con-cappuccio-death-rider-pussy-beer\/#primaryimage\"},\"thumbnailUrl\":\"https:\/\/www.deathrider.shop\/wp-content\/uploads\/2021\/12\/death-rider-pussy-beer-hoodie-rear.jpg\",\"datePublished\":\"2021-12-22T14:38:14+00:00\",\"dateModified\":\"2021-12-22T14:45:15+00:00\",\"description\":\"Death Rider \\\"Pussy & Beer\\\" - Felpa con cappuccio \u00e8 un capo che non pu\u00f2 mancare nel tuo guardaroba, soprattutto se ti piace lo stile urbano.\",\"breadcrumb\":{\"@id\":\"https:\/\/www.deathrider.shop\/it\/felpa-con-cappuccio-death-rider-pussy-beer\/#breadcrumb\"},\"inLanguage\":\"it-IT\",\"potentialAction\":[{\"@type\":\"ReadAction\",\"target\":[\"https:\/\/www.deathrider.shop\/it\/felpa-con-cappuccio-death-rider-pussy-beer\/\"]}]},{\"@type\":\"ImageObject\",\"inLanguage\":\"it-IT\",\"@id\":\"https:\/\/www.deathrider.shop\/it\/felpa-con-cappuccio-death-rider-pussy-beer\/#primaryimage\",\"url\":\"https:\/\/www.deathrider.shop\/wp-content\/uploads\/2021\/12\/death-rider-pussy-beer-hoodie-rear.jpg\",\"contentUrl\":\"https:\/\/www.deathrider.shop\/wp-content\/uploads\/2021\/12\/death-rider-pussy-beer-hoodie-rear.jpg\",\"width\":1024,\"height\":1024,\"caption\":\"Death Rider \\\"Pussy & Beer\\\" - Hoodie - Rear\"},{\"@type\":\"BreadcrumbList\",\"@id\":\"https:\/\/www.deathrider.shop\/it\/felpa-con-cappuccio-death-rider-pussy-beer\/#breadcrumb\",\"itemListElement\":[{\"@type\":\"ListItem\",\"position\":1,\"name\":\"Home\",\"item\":\"https:\/\/www.deathrider.shop\/it\/\"},{\"@type\":\"ListItem\",\"position\":2,\"name\":\"Shop\",\"item\":\"https:\/\/www.deathrider.shop\/shop\/\"},{\"@type\":\"ListItem\",\"position\":3,\"name\":\"Felpa con cappuccio Death Rider &#8220;Pussy &#038; Beer&#8221;\"}]},{\"@type\":\"WebSite\",\"@id\":\"https:\/\/www.deathrider.shop\/#website\",\"url\":\"https:\/\/www.deathrider.shop\/\",\"name\":\"Death Rider 1957\",\"description\":\"Urban &amp; Motorcycle &quot;Bad Ass&quot; apparel\",\"publisher\":{\"@id\":\"https:\/\/www.deathrider.shop\/#organization\"},\"potentialAction\":[{\"@type\":\"SearchAction\",\"target\":{\"@type\":\"EntryPoint\",\"urlTemplate\":\"https:\/\/www.deathrider.shop\/?s={search_term_string}\"},\"query-input\":{\"@type\":\"PropertyValueSpecification\",\"valueRequired\":true,\"valueName\":\"search_term_string\"}}],\"inLanguage\":\"it-IT\"},{\"@type\":\"Organization\",\"@id\":\"https:\/\/www.deathrider.shop\/#organization\",\"name\":\"Death Rider\",\"url\":\"https:\/\/www.deathrider.shop\/\",\"logo\":{\"@type\":\"ImageObject\",\"inLanguage\":\"it-IT\",\"@id\":\"https:\/\/www.deathrider.shop\/#\/schema\/logo\/image\/\",\"url\":\"\",\"contentUrl\":\"\",\"caption\":\"Death Rider\"},\"image\":{\"@id\":\"https:\/\/www.deathrider.shop\/#\/schema\/logo\/image\/\"}}]}<\/script>\n<!-- \/ Yoast SEO plugin. -->","yoast_head_json":{"title":"Felpa con cappuccio Death Rider \"Pussy & Beer\" - Death Rider 1957","description":"Death Rider \"Pussy & Beer\" - Felpa con cappuccio \u00e8 un capo che non pu\u00f2 mancare nel tuo guardaroba, soprattutto se ti piace lo stile urbano.","robots":{"index":"index","follow":"follow","max-snippet":"max-snippet:-1","max-image-preview":"max-image-preview:large","max-video-preview":"max-video-preview:-1"},"canonical":"https:\/\/www.deathrider.shop\/it\/felpa-con-cappuccio-death-rider-pussy-beer\/","og_locale":"it_IT","og_type":"article","og_title":"Felpa con cappuccio Death Rider \"Pussy & Beer\" - Death Rider 1957","og_description":"Death Rider \"Pussy & Beer\" - Felpa con cappuccio \u00e8 un capo che non pu\u00f2 mancare nel tuo guardaroba, soprattutto se ti piace lo stile urbano.","og_url":"https:\/\/www.deathrider.shop\/it\/felpa-con-cappuccio-death-rider-pussy-beer\/","og_site_name":"Death Rider 1957","article_modified_time":"2021-12-22T14:45:15+00:00","og_image":[{"width":1024,"height":1024,"url":"https:\/\/www.deathrider.shop\/wp-content\/uploads\/2021\/12\/death-rider-pussy-beer-hoodie-rear.jpg","type":"image\/jpeg"}],"twitter_card":"summary_large_image","twitter_misc":{"Tempo di lettura stimato":"3 minuti"},"schema":{"@context":"https:\/\/schema.org","@graph":[{"@type":"WebPage","@id":"https:\/\/www.deathrider.shop\/it\/felpa-con-cappuccio-death-rider-pussy-beer\/","url":"https:\/\/www.deathrider.shop\/it\/felpa-con-cappuccio-death-rider-pussy-beer\/","name":"Felpa con cappuccio Death Rider \"Pussy & Beer\" - Death Rider 1957","isPartOf":{"@id":"https:\/\/www.deathrider.shop\/#website"},"primaryImageOfPage":{"@id":"https:\/\/www.deathrider.shop\/it\/felpa-con-cappuccio-death-rider-pussy-beer\/#primaryimage"},"image":{"@id":"https:\/\/www.deathrider.shop\/it\/felpa-con-cappuccio-death-rider-pussy-beer\/#primaryimage"},"thumbnailUrl":"https:\/\/www.deathrider.shop\/wp-content\/uploads\/2021\/12\/death-rider-pussy-beer-hoodie-rear.jpg","datePublished":"2021-12-22T14:38:14+00:00","dateModified":"2021-12-22T14:45:15+00:00","description":"Death Rider \"Pussy & Beer\" - Felpa con cappuccio \u00e8 un capo che non pu\u00f2 mancare nel tuo guardaroba, soprattutto se ti piace lo stile urbano.","breadcrumb":{"@id":"https:\/\/www.deathrider.shop\/it\/felpa-con-cappuccio-death-rider-pussy-beer\/#breadcrumb"},"inLanguage":"it-IT","potentialAction":[{"@type":"ReadAction","target":["https:\/\/www.deathrider.shop\/it\/felpa-con-cappuccio-death-rider-pussy-beer\/"]}]},{"@type":"ImageObject","inLanguage":"it-IT","@id":"https:\/\/www.deathrider.shop\/it\/felpa-con-cappuccio-death-rider-pussy-beer\/#primaryimage","url":"https:\/\/www.deathrider.shop\/wp-content\/uploads\/2021\/12\/death-rider-pussy-beer-hoodie-rear.jpg","contentUrl":"https:\/\/www.deathrider.shop\/wp-content\/uploads\/2021\/12\/death-rider-pussy-beer-hoodie-rear.jpg","width":1024,"height":1024,"caption":"Death Rider \"Pussy & Beer\" - Hoodie - Rear"},{"@type":"BreadcrumbList","@id":"https:\/\/www.deathrider.shop\/it\/felpa-con-cappuccio-death-rider-pussy-beer\/#breadcrumb","itemListElement":[{"@type":"ListItem","position":1,"name":"Home","item":"https:\/\/www.deathrider.shop\/it\/"},{"@type":"ListItem","position":2,"name":"Shop","item":"https:\/\/www.deathrider.shop\/shop\/"},{"@type":"ListItem","position":3,"name":"Felpa con cappuccio Death Rider &#8220;Pussy &#038; Beer&#8221;"}]},{"@type":"WebSite","@id":"https:\/\/www.deathrider.shop\/#website","url":"https:\/\/www.deathrider.shop\/","name":"Death Rider 1957","description":"Urban &amp; Motorcycle &quot;Bad Ass&quot; apparel","publisher":{"@id":"https:\/\/www.deathrider.shop\/#organization"},"potentialAction":[{"@type":"SearchAction","target":{"@type":"EntryPoint","urlTemplate":"https:\/\/www.deathrider.shop\/?s={search_term_string}"},"query-input":{"@type":"PropertyValueSpecification","valueRequired":true,"valueName":"search_term_string"}}],"inLanguage":"it-IT"},{"@type":"Organization","@id":"https:\/\/www.deathrider.shop\/#organization","name":"Death Rider","url":"https:\/\/www.deathrider.shop\/","logo":{"@type":"ImageObject","inLanguage":"it-IT","@id":"https:\/\/www.deathrider.shop\/#\/schema\/logo\/image\/","url":"","contentUrl":"","caption":"Death Rider"},"image":{"@id":"https:\/\/www.deathrider.shop\/#\/schema\/logo\/image\/"}}]}},"_links":{"self":[{"href":"https:\/\/www.deathrider.shop\/it\/wp-json\/wp\/v2\/product\/2854","targetHints":{"allow":["GET"]}}],"collection":[{"href":"https:\/\/www.deathrider.shop\/it\/wp-json\/wp\/v2\/product"}],"about":[{"href":"https:\/\/www.deathrider.shop\/it\/wp-json\/wp\/v2\/types\/product"}],"replies":[{"embeddable":true,"href":"https:\/\/www.deathrider.shop\/it\/wp-json\/wp\/v2\/comments?post=2854"}],"wp:featuredmedia":[{"embeddable":true,"href":"https:\/\/www.deathrider.shop\/it\/wp-json\/wp\/v2\/media\/2846"}],"wp:attachment":[{"href":"https:\/\/www.deathrider.shop\/it\/wp-json\/wp\/v2\/media?parent=2854"}],"wp:term":[{"taxonomy":"product_brand","embeddable":true,"href":"https:\/\/www.deathrider.shop\/it\/wp-json\/wp\/v2\/product_brand?post=2854"},{"taxonomy":"product_cat","embeddable":true,"href":"https:\/\/www.deathrider.shop\/it\/wp-json\/wp\/v2\/product_cat?post=2854"},{"taxonomy":"product_tag","embeddable":true,"href":"https:\/\/www.deathrider.shop\/it\/wp-json\/wp\/v2\/product_tag?post=2854"}],"curies":[{"name":"wp","href":"https:\/\/api.w.org\/{rel}","templated":true}]}}