{"id":3406,"date":"2021-02-03T12:08:06","date_gmt":"2022-02-07T19:27:00","guid":{"rendered":"https:\/\/www.deathrider.shop\/?post_type=product&#038;p=3406"},"modified":"2022-02-07T20:27:00","modified_gmt":"2022-02-07T19:27:00","slug":"portachiavi-death-rider-1957-death-rider","status":"publish","type":"product","link":"https:\/\/www.deathrider.shop\/it\/portachiavi-death-rider-1957-death-rider\/","title":{"rendered":"Portachiavi \u201cDeath Rider 1957\u201d Death Rider"},"content":{"rendered":"<div><strong>Portachiavi in \u200b\u200btessuto Death Rider 1957<\/strong><\/div>\n<div><\/div>\n<div>Se sei un appassionato di moto apprezzerai sicuramente questo Portachiavi-Tessuto &#8220;<strong>Death Rider 1957<\/strong>&#8220;.<br \/>\nUn accessorio perfetto per riporre in sicurezza le tue chiavi. Il portachiavi deve essere innanzitutto un oggetto pratico e funzionale, ma il nostro tessuto portachiavi &#8220;Death Rider 1957&#8221; aggiunger\u00e0 anche un tocco di stile alla praticit\u00e0. \u00c8 un portachiavi antigraffio, leggero e maneggevole. \u00c8 difficile da toccare e realizzato con cura. Uno dei problemi pi\u00f9 familiari per i motociclisti \u00e8 il danneggiamento dell&#8217;area del portachiavi dovuto al movimento dei tasti che graffia tutto. Ecco perch\u00e9 il nostro prodotto \u00e8 realizzato in tessuto.<\/div>\n<div><\/div>\n<div><strong>Identifica le tue chiavi<\/strong><\/div>\n<div><\/div>\n<div>Realizzato con materiale e cuciture di qualit\u00e0, se stai cercando qualcosa che possa facilmente identificare una chiave per un pezzo di equipaggiamento, ecco qua! Il Portachiavi &#8220;Death Rider 1957&#8221; &#8211; Il tessuto \u00e8 solido e di buona fattura. Si tratta di un&#8217;apparecchiatura robusta, progettata per resistere a trattamenti duri. Chiunque apprezzerebbe l&#8217;usura e la parte posteriore che possono sopportare. Questa \u00e8 la soluzione perfetta non ingombrante per rendere le chiavi pi\u00f9 facili da trovare e vedere. Inoltre, non te ne accorgi nemmeno in tasca.<\/div>\n<div><\/div>\n<div>Goditi la verbosit\u00e0 divertente sull&#8217;etichetta. Dopotutto, puoi usarli per le chiavi della moto o semplicemente per raccogliere facilmente qualcosa di speciale. Bonus aggiunto, non graffia la vernice, il serbatoio o il cruscotto. A causa delle loro dimensioni, il vento le fa soffiare in modo da poter guidare incuranti di impedirle di penzolare e toccare un motore caldo o simili. Da evidenziare il ricamo, che \u00e8 accurato e il tessuto, spesso e resistente. \u00c8 molto elegante, resistente e sicuro con un anello diviso in metallo piatto e un rivetto in metallo per il tuo completo tempo di pace. Ultimo ma non meno importante, mostra le caratteristiche tradizionali della &#8220;vecchia scuola&#8221; in modo da poter essere al sicuro sapendo che il design non si sfregher\u00e0 !!<\/div>\n<div><\/div>\n<div><strong>Specifiche:<\/strong><\/div>\n<div><\/div>\n<div>Lunghezza della piastra in tessuto di circa 2 pollici (5 cm).<\/div>\n<div>Lunghezza totale con anello di circa 2,5 pollici (6 cm).<\/div>\n<div><\/div>\n<div>Unica e non prodotta in serie.<\/div>\n","protected":false},"excerpt":{"rendered":"<p>Come parte degli esclusivi accessori per moto, questo portachiavi &#8220;<strong>Death Rider 1957<\/strong>&#8221; \u00e8 l&#8217;opzione perfetta per distinguersi dalla massa.<br \/>\nPratico ed elegante, non perderai mai pi\u00f9 le chiavi.<br \/>\nInoltre, ti distinguerai dalla massa con il suo design e il suo messaggio unici.<\/p>\n","protected":false},"featured_media":252,"comment_status":"open","ping_status":"closed","template":"","meta":[],"product_brand":[],"product_cat":[126],"product_tag":[],"class_list":{"0":"post-3406","1":"product","2":"type-product","3":"status-publish","4":"has-post-thumbnail","6":"product_cat-toppe-merchandising-moto","8":"first","9":"outofstock","10":"taxable","11":"shipping-taxable","12":"purchasable","13":"product-type-simple"},"yoast_head":"<!-- This site is optimized with the Yoast SEO plugin v26.1.1 - https:\/\/yoast.com\/wordpress\/plugins\/seo\/ -->\n<title>Portachiavi \u201cDeath Rider 1957\u201d Death Rider - Death Rider 1957<\/title>\n<meta name=\"description\" content=\"Portachiavi &quot;Death Rider 1957&quot; - Tessuto, il tuo portachiavi sicuro ed elegante. Portachiavi Moto e Accessori Bici, Death RIder Shop.\" \/>\n<meta name=\"robots\" content=\"index, follow, max-snippet:-1, max-image-preview:large, max-video-preview:-1\" \/>\n<link rel=\"canonical\" href=\"https:\/\/www.deathrider.shop\/it\/portachiavi-death-rider-1957-death-rider\/\" \/>\n<meta property=\"og:locale\" content=\"it_IT\" \/>\n<meta property=\"og:type\" content=\"article\" \/>\n<meta property=\"og:title\" content=\"Portachiavi \u201cDeath Rider 1957\u201d Death Rider - Death Rider 1957\" \/>\n<meta property=\"og:description\" content=\"Portachiavi &quot;Death Rider 1957&quot; - Tessuto, il tuo portachiavi sicuro ed elegante. Portachiavi Moto e Accessori Bici, Death RIder Shop.\" \/>\n<meta property=\"og:url\" content=\"https:\/\/www.deathrider.shop\/it\/portachiavi-death-rider-1957-death-rider\/\" \/>\n<meta property=\"og:site_name\" content=\"Death Rider 1957\" \/>\n<meta name=\"twitter:card\" content=\"summary_large_image\" \/>\n<meta name=\"twitter:label1\" content=\"Tempo di lettura stimato\" \/>\n\t<meta name=\"twitter:data1\" content=\"2 minuti\" \/>\n<script type=\"application\/ld+json\" class=\"yoast-schema-graph\">{\"@context\":\"https:\/\/schema.org\",\"@graph\":[{\"@type\":\"WebPage\",\"@id\":\"https:\/\/www.deathrider.shop\/it\/portachiavi-death-rider-1957-death-rider\/\",\"url\":\"https:\/\/www.deathrider.shop\/it\/portachiavi-death-rider-1957-death-rider\/\",\"name\":\"Portachiavi \u201cDeath Rider 1957\u201d Death Rider - Death Rider 1957\",\"isPartOf\":{\"@id\":\"https:\/\/www.deathrider.shop\/#website\"},\"primaryImageOfPage\":{\"@id\":\"https:\/\/www.deathrider.shop\/it\/portachiavi-death-rider-1957-death-rider\/#primaryimage\"},\"image\":{\"@id\":\"https:\/\/www.deathrider.shop\/it\/portachiavi-death-rider-1957-death-rider\/#primaryimage\"},\"thumbnailUrl\":\"https:\/\/www.deathrider.shop\/wp-content\/uploads\/2021\/02\/death-rider-1957-keychain-fabric.jpg\",\"datePublished\":\"2022-02-07T19:27:00+00:00\",\"description\":\"Portachiavi \\\"Death Rider 1957\\\" - Tessuto, il tuo portachiavi sicuro ed elegante. Portachiavi Moto e Accessori Bici, Death RIder Shop.\",\"breadcrumb\":{\"@id\":\"https:\/\/www.deathrider.shop\/it\/portachiavi-death-rider-1957-death-rider\/#breadcrumb\"},\"inLanguage\":\"it-IT\",\"potentialAction\":[{\"@type\":\"ReadAction\",\"target\":[\"https:\/\/www.deathrider.shop\/it\/portachiavi-death-rider-1957-death-rider\/\"]}]},{\"@type\":\"ImageObject\",\"inLanguage\":\"it-IT\",\"@id\":\"https:\/\/www.deathrider.shop\/it\/portachiavi-death-rider-1957-death-rider\/#primaryimage\",\"url\":\"https:\/\/www.deathrider.shop\/wp-content\/uploads\/2021\/02\/death-rider-1957-keychain-fabric.jpg\",\"contentUrl\":\"https:\/\/www.deathrider.shop\/wp-content\/uploads\/2021\/02\/death-rider-1957-keychain-fabric.jpg\",\"width\":1024,\"height\":1024,\"caption\":\"Death Rider 1957 - Keychain Fabric\"},{\"@type\":\"BreadcrumbList\",\"@id\":\"https:\/\/www.deathrider.shop\/it\/portachiavi-death-rider-1957-death-rider\/#breadcrumb\",\"itemListElement\":[{\"@type\":\"ListItem\",\"position\":1,\"name\":\"Home\",\"item\":\"https:\/\/www.deathrider.shop\/it\/\"},{\"@type\":\"ListItem\",\"position\":2,\"name\":\"Shop\",\"item\":\"https:\/\/www.deathrider.shop\/shop\/\"},{\"@type\":\"ListItem\",\"position\":3,\"name\":\"Portachiavi \u201cDeath Rider 1957\u201d Death Rider\"}]},{\"@type\":\"WebSite\",\"@id\":\"https:\/\/www.deathrider.shop\/#website\",\"url\":\"https:\/\/www.deathrider.shop\/\",\"name\":\"Death Rider 1957\",\"description\":\"Urban &amp; Motorcycle &quot;Bad Ass&quot; apparel\",\"publisher\":{\"@id\":\"https:\/\/www.deathrider.shop\/#organization\"},\"potentialAction\":[{\"@type\":\"SearchAction\",\"target\":{\"@type\":\"EntryPoint\",\"urlTemplate\":\"https:\/\/www.deathrider.shop\/?s={search_term_string}\"},\"query-input\":{\"@type\":\"PropertyValueSpecification\",\"valueRequired\":true,\"valueName\":\"search_term_string\"}}],\"inLanguage\":\"it-IT\"},{\"@type\":\"Organization\",\"@id\":\"https:\/\/www.deathrider.shop\/#organization\",\"name\":\"Death Rider\",\"url\":\"https:\/\/www.deathrider.shop\/\",\"logo\":{\"@type\":\"ImageObject\",\"inLanguage\":\"it-IT\",\"@id\":\"https:\/\/www.deathrider.shop\/#\/schema\/logo\/image\/\",\"url\":\"\",\"contentUrl\":\"\",\"caption\":\"Death Rider\"},\"image\":{\"@id\":\"https:\/\/www.deathrider.shop\/#\/schema\/logo\/image\/\"}}]}<\/script>\n<!-- \/ Yoast SEO plugin. -->","yoast_head_json":{"title":"Portachiavi \u201cDeath Rider 1957\u201d Death Rider - Death Rider 1957","description":"Portachiavi \"Death Rider 1957\" - Tessuto, il tuo portachiavi sicuro ed elegante. Portachiavi Moto e Accessori Bici, Death RIder Shop.","robots":{"index":"index","follow":"follow","max-snippet":"max-snippet:-1","max-image-preview":"max-image-preview:large","max-video-preview":"max-video-preview:-1"},"canonical":"https:\/\/www.deathrider.shop\/it\/portachiavi-death-rider-1957-death-rider\/","og_locale":"it_IT","og_type":"article","og_title":"Portachiavi \u201cDeath Rider 1957\u201d Death Rider - Death Rider 1957","og_description":"Portachiavi \"Death Rider 1957\" - Tessuto, il tuo portachiavi sicuro ed elegante. Portachiavi Moto e Accessori Bici, Death RIder Shop.","og_url":"https:\/\/www.deathrider.shop\/it\/portachiavi-death-rider-1957-death-rider\/","og_site_name":"Death Rider 1957","twitter_card":"summary_large_image","twitter_misc":{"Tempo di lettura stimato":"2 minuti"},"schema":{"@context":"https:\/\/schema.org","@graph":[{"@type":"WebPage","@id":"https:\/\/www.deathrider.shop\/it\/portachiavi-death-rider-1957-death-rider\/","url":"https:\/\/www.deathrider.shop\/it\/portachiavi-death-rider-1957-death-rider\/","name":"Portachiavi \u201cDeath Rider 1957\u201d Death Rider - Death Rider 1957","isPartOf":{"@id":"https:\/\/www.deathrider.shop\/#website"},"primaryImageOfPage":{"@id":"https:\/\/www.deathrider.shop\/it\/portachiavi-death-rider-1957-death-rider\/#primaryimage"},"image":{"@id":"https:\/\/www.deathrider.shop\/it\/portachiavi-death-rider-1957-death-rider\/#primaryimage"},"thumbnailUrl":"https:\/\/www.deathrider.shop\/wp-content\/uploads\/2021\/02\/death-rider-1957-keychain-fabric.jpg","datePublished":"2022-02-07T19:27:00+00:00","description":"Portachiavi \"Death Rider 1957\" - Tessuto, il tuo portachiavi sicuro ed elegante. Portachiavi Moto e Accessori Bici, Death RIder Shop.","breadcrumb":{"@id":"https:\/\/www.deathrider.shop\/it\/portachiavi-death-rider-1957-death-rider\/#breadcrumb"},"inLanguage":"it-IT","potentialAction":[{"@type":"ReadAction","target":["https:\/\/www.deathrider.shop\/it\/portachiavi-death-rider-1957-death-rider\/"]}]},{"@type":"ImageObject","inLanguage":"it-IT","@id":"https:\/\/www.deathrider.shop\/it\/portachiavi-death-rider-1957-death-rider\/#primaryimage","url":"https:\/\/www.deathrider.shop\/wp-content\/uploads\/2021\/02\/death-rider-1957-keychain-fabric.jpg","contentUrl":"https:\/\/www.deathrider.shop\/wp-content\/uploads\/2021\/02\/death-rider-1957-keychain-fabric.jpg","width":1024,"height":1024,"caption":"Death Rider 1957 - Keychain Fabric"},{"@type":"BreadcrumbList","@id":"https:\/\/www.deathrider.shop\/it\/portachiavi-death-rider-1957-death-rider\/#breadcrumb","itemListElement":[{"@type":"ListItem","position":1,"name":"Home","item":"https:\/\/www.deathrider.shop\/it\/"},{"@type":"ListItem","position":2,"name":"Shop","item":"https:\/\/www.deathrider.shop\/shop\/"},{"@type":"ListItem","position":3,"name":"Portachiavi \u201cDeath Rider 1957\u201d Death Rider"}]},{"@type":"WebSite","@id":"https:\/\/www.deathrider.shop\/#website","url":"https:\/\/www.deathrider.shop\/","name":"Death Rider 1957","description":"Urban &amp; Motorcycle &quot;Bad Ass&quot; apparel","publisher":{"@id":"https:\/\/www.deathrider.shop\/#organization"},"potentialAction":[{"@type":"SearchAction","target":{"@type":"EntryPoint","urlTemplate":"https:\/\/www.deathrider.shop\/?s={search_term_string}"},"query-input":{"@type":"PropertyValueSpecification","valueRequired":true,"valueName":"search_term_string"}}],"inLanguage":"it-IT"},{"@type":"Organization","@id":"https:\/\/www.deathrider.shop\/#organization","name":"Death Rider","url":"https:\/\/www.deathrider.shop\/","logo":{"@type":"ImageObject","inLanguage":"it-IT","@id":"https:\/\/www.deathrider.shop\/#\/schema\/logo\/image\/","url":"","contentUrl":"","caption":"Death Rider"},"image":{"@id":"https:\/\/www.deathrider.shop\/#\/schema\/logo\/image\/"}}]}},"_links":{"self":[{"href":"https:\/\/www.deathrider.shop\/it\/wp-json\/wp\/v2\/product\/3406","targetHints":{"allow":["GET"]}}],"collection":[{"href":"https:\/\/www.deathrider.shop\/it\/wp-json\/wp\/v2\/product"}],"about":[{"href":"https:\/\/www.deathrider.shop\/it\/wp-json\/wp\/v2\/types\/product"}],"replies":[{"embeddable":true,"href":"https:\/\/www.deathrider.shop\/it\/wp-json\/wp\/v2\/comments?post=3406"}],"wp:featuredmedia":[{"embeddable":true,"href":"https:\/\/www.deathrider.shop\/it\/wp-json\/wp\/v2\/media\/252"}],"wp:attachment":[{"href":"https:\/\/www.deathrider.shop\/it\/wp-json\/wp\/v2\/media?parent=3406"}],"wp:term":[{"taxonomy":"product_brand","embeddable":true,"href":"https:\/\/www.deathrider.shop\/it\/wp-json\/wp\/v2\/product_brand?post=3406"},{"taxonomy":"product_cat","embeddable":true,"href":"https:\/\/www.deathrider.shop\/it\/wp-json\/wp\/v2\/product_cat?post=3406"},{"taxonomy":"product_tag","embeddable":true,"href":"https:\/\/www.deathrider.shop\/it\/wp-json\/wp\/v2\/product_tag?post=3406"}],"curies":[{"name":"wp","href":"https:\/\/api.w.org\/{rel}","templated":true}]}}