{"id":4175,"date":"2022-12-07T12:22:19","date_gmt":"2022-12-07T11:22:35","guid":{"rendered":"https:\/\/www.deathrider.shop\/?post_type=product&#038;p=4175"},"modified":"2022-12-07T12:22:35","modified_gmt":"2022-12-07T11:22:35","slug":"felpa-con-cappuccio-death-rider-ride-hard","status":"publish","type":"product","link":"https:\/\/www.deathrider.shop\/it\/felpa-con-cappuccio-death-rider-ride-hard\/","title":{"rendered":"Felpa con cappuccio Death Rider \u201cRide Hard\u201d"},"content":{"rendered":"<h1>Felpa con cappuccio &#8220;Ride Hard&#8221; di Death Rider<\/h1>\n<div><\/div>\n<div>La felpa con cappuccio Death Rider &#8220;<strong>Ride Hard<\/strong>&#8221; \u00e8 il capo perfetto per l&#8217;inverno per chi cerca qualcosa di comodo, resistente e con un design che non passi inosservato. E&#8217; l&#8217;ideale per quelle giornate sulle due ruote dove una classica maglia a maniche lunghe non basta per il freddo. La sua vestibilit\u00e0 lo rende perfetto per chi cerca un look comodo, ma star\u00e0 bene anche a chiunque. La combinazione perfetta? Abbina la felpa con cappuccio a jeans e sneakers per un look semplice ma d&#8217;effetto.<\/div>\n<div><\/div>\n<h1>Il logo &#8220;Ride Hard&#8221;.<\/h1>\n<div><\/div>\n<div>La felpa con cappuccio &#8220;Ride Hard&#8221; di Death Rider ha un doppio logo. La parte frontale mostra un teschio con due dita alzate nel classico gesto di vittoria. Questo \u00e8 accompagnato dalle parole &#8220;Ride Hard&#8221;. Il logo sull&#8217;altro lato occupa tutta la schiena. Qui il teschio mostra il dito medio, insieme alle parole &#8220;<strong>Buona giornata<\/strong>&#8220;.<\/div>\n<div><\/div>\n<div>L&#8217;ispirazione per il logo frontale risale alla Guerra dei Cent&#8217;anni. Fu in questa occasione, infatti, che ebbe origine il gesto di saluto con due dita alzate. A quel tempo, l&#8217;esercito francese era solito tagliare l&#8217;indice e il medio dei soldati inglesi catturati. Lo fecero perch\u00e9 gli inglesi erano arcieri molto abili e, amputando le due dita delle loro mani, non potevano pi\u00f9 piegare l&#8217;arco.<\/div>\n<div><\/div>\n<div>Le dita a forma di V furono anche un gesto distintivo, molti secoli dopo, del famoso motociclista Barry Sheene, in particolare quando mostr\u00f2 le dita alzate al suo rivale Kenny Roberts durante la loro epica corsa a Silverstone nel 1979. Il gesto \u00e8 ancora noto come simbolo dell&#8217;accesa rivalit\u00e0 tra i due ed \u00e8 ricordato oggi da tutti i fan di Barry Sheene e della MotoGP.<\/div>\n<div><\/div>\n<div>La maggior parte delle persone oggigiorno conosce il gesto della V come simbolo di vittoria. Pochissimi sono consapevoli del significato irriverente e della storia che c&#8217;\u00e8 dietro la felpa con cappuccio &#8220;Ride Hard&#8221;. Grazie al design e alla vestibilit\u00e0 aderente, questo capo esalta ogni fisico rimanendo un po&#8217; perdente.<\/div>\n<div><\/div>\n<h1>Materiali e composizione della felpa con cappuccio &#8220;Ride Hard&#8221; di Death Rider<\/h1>\n<div><\/div>\n<div>La felpa con cappuccio &#8220;Ride Hard&#8221; di Death Rider \u00e8 realizzata in cotone biologico al 100% di alta qualit\u00e0. Il cotone organico \u00e8 un tessuto che dura nel tempo, ottimo sia in estate che in inverno perch\u00e9 favorisce la termoregolazione. Anche durante le giornate pi\u00f9 fredde offrir\u00e0 una sensazione di calore. \u00c8 un ottimo tessuto per affrontare l&#8217;inverno poich\u00e9 aiuta a regolare la temperatura corporea.<\/div>\n<h1>Istruzioni per il lavaggio<\/h1>\n<div><\/div>\n<div>La felpa con cappuccio &#8220;Ride Hard&#8221; di Death Rider \u00e8 un prodotto di qualit\u00e0 che resister\u00e0 a molti lavaggi. Tuttavia, \u00e8 bene prendere alcune precauzioni. Si consiglia di lavarlo solo a basse temperature, preferibilmente con acqua fredda. Inoltre, si consiglia di non lavarlo con capi di colore chiaro per evitare il trasferimento di colore. La felpa con cappuccio pu\u00f2 essere stirata, ma \u00e8 meglio evitare il contatto diretto del ferro con la stampa.<\/div>\n","protected":false},"excerpt":{"rendered":"<p>La felpa con cappuccio &#8220;<strong>Ride Hard<\/strong>&#8221; di Death Rider \u00e8 un capo morbido, caldo e confortevole, perfetto per ogni motociclista. E&#8217; dotata di una tasca frontale e di un cappuccio regolabile con coulisse. Il <strong>clou<\/strong> di questa felpa con cappuccio \u00e8 sicuramente l&#8217;illustrazione, che \u00e8 diversa su ogni lato.<\/p>\n","protected":false},"featured_media":4412,"comment_status":"open","ping_status":"closed","template":"","meta":[],"product_brand":[],"product_cat":[122],"product_tag":[],"class_list":{"0":"post-4175","1":"product","2":"type-product","3":"status-publish","4":"has-post-thumbnail","6":"product_cat-felpe","8":"first","9":"instock","10":"taxable","11":"shipping-taxable","12":"purchasable","13":"product-type-variable"},"yoast_head":"<!-- This site is optimized with the Yoast SEO plugin v26.1.1 - https:\/\/yoast.com\/wordpress\/plugins\/seo\/ -->\n<title>Felpa con cappuccio Death Rider \u201cRide Hard\u201d - Death Rider 1957<\/title>\n<meta name=\"description\" content=\"La felpa con cappuccio &quot;Ride Hard&quot; di Death Rider \u00e8 un capo classico e confortevole che ti far\u00e0 sembrare elegante e ti terr\u00e0 al caldo, cotone biologico.\" \/>\n<meta name=\"robots\" content=\"index, follow, max-snippet:-1, max-image-preview:large, max-video-preview:-1\" \/>\n<link rel=\"canonical\" href=\"https:\/\/www.deathrider.shop\/it\/felpa-con-cappuccio-death-rider-ride-hard\/\" \/>\n<meta property=\"og:locale\" content=\"it_IT\" \/>\n<meta property=\"og:type\" content=\"article\" \/>\n<meta property=\"og:title\" content=\"Felpa con cappuccio Death Rider \u201cRide Hard\u201d - Death Rider 1957\" \/>\n<meta property=\"og:description\" content=\"La felpa con cappuccio &quot;Ride Hard&quot; di Death Rider \u00e8 un capo classico e confortevole che ti far\u00e0 sembrare elegante e ti terr\u00e0 al caldo, cotone biologico.\" \/>\n<meta property=\"og:url\" content=\"https:\/\/www.deathrider.shop\/it\/felpa-con-cappuccio-death-rider-ride-hard\/\" \/>\n<meta property=\"og:site_name\" content=\"Death Rider 1957\" \/>\n<meta name=\"twitter:card\" content=\"summary_large_image\" \/>\n<meta name=\"twitter:label1\" content=\"Tempo di lettura stimato\" \/>\n\t<meta name=\"twitter:data1\" content=\"3 minuti\" \/>\n<script type=\"application\/ld+json\" class=\"yoast-schema-graph\">{\"@context\":\"https:\/\/schema.org\",\"@graph\":[{\"@type\":\"WebPage\",\"@id\":\"https:\/\/www.deathrider.shop\/it\/felpa-con-cappuccio-death-rider-ride-hard\/\",\"url\":\"https:\/\/www.deathrider.shop\/it\/felpa-con-cappuccio-death-rider-ride-hard\/\",\"name\":\"Felpa con cappuccio Death Rider \u201cRide Hard\u201d - Death Rider 1957\",\"isPartOf\":{\"@id\":\"https:\/\/www.deathrider.shop\/#website\"},\"primaryImageOfPage\":{\"@id\":\"https:\/\/www.deathrider.shop\/it\/felpa-con-cappuccio-death-rider-ride-hard\/#primaryimage\"},\"image\":{\"@id\":\"https:\/\/www.deathrider.shop\/it\/felpa-con-cappuccio-death-rider-ride-hard\/#primaryimage\"},\"thumbnailUrl\":\"https:\/\/www.deathrider.shop\/wp-content\/uploads\/2022\/12\/death-rider-ride-hard-hoodie-r.jpg\",\"datePublished\":\"2022-12-07T11:22:35+00:00\",\"description\":\"La felpa con cappuccio \\\"Ride Hard\\\" di Death Rider \u00e8 un capo classico e confortevole che ti far\u00e0 sembrare elegante e ti terr\u00e0 al caldo, cotone biologico.\",\"breadcrumb\":{\"@id\":\"https:\/\/www.deathrider.shop\/it\/felpa-con-cappuccio-death-rider-ride-hard\/#breadcrumb\"},\"inLanguage\":\"it-IT\",\"potentialAction\":[{\"@type\":\"ReadAction\",\"target\":[\"https:\/\/www.deathrider.shop\/it\/felpa-con-cappuccio-death-rider-ride-hard\/\"]}]},{\"@type\":\"ImageObject\",\"inLanguage\":\"it-IT\",\"@id\":\"https:\/\/www.deathrider.shop\/it\/felpa-con-cappuccio-death-rider-ride-hard\/#primaryimage\",\"url\":\"https:\/\/www.deathrider.shop\/wp-content\/uploads\/2022\/12\/death-rider-ride-hard-hoodie-r.jpg\",\"contentUrl\":\"https:\/\/www.deathrider.shop\/wp-content\/uploads\/2022\/12\/death-rider-ride-hard-hoodie-r.jpg\",\"width\":1024,\"height\":1024,\"caption\":\"Death Rider \u201cRide Hard\u201d Hoodie - Rear\"},{\"@type\":\"BreadcrumbList\",\"@id\":\"https:\/\/www.deathrider.shop\/it\/felpa-con-cappuccio-death-rider-ride-hard\/#breadcrumb\",\"itemListElement\":[{\"@type\":\"ListItem\",\"position\":1,\"name\":\"Home\",\"item\":\"https:\/\/www.deathrider.shop\/it\/\"},{\"@type\":\"ListItem\",\"position\":2,\"name\":\"Shop\",\"item\":\"https:\/\/www.deathrider.shop\/shop\/\"},{\"@type\":\"ListItem\",\"position\":3,\"name\":\"Felpa con cappuccio Death Rider \u201cRide Hard\u201d\"}]},{\"@type\":\"WebSite\",\"@id\":\"https:\/\/www.deathrider.shop\/#website\",\"url\":\"https:\/\/www.deathrider.shop\/\",\"name\":\"Death Rider 1957\",\"description\":\"Urban &amp; Motorcycle &quot;Bad Ass&quot; apparel\",\"publisher\":{\"@id\":\"https:\/\/www.deathrider.shop\/#organization\"},\"potentialAction\":[{\"@type\":\"SearchAction\",\"target\":{\"@type\":\"EntryPoint\",\"urlTemplate\":\"https:\/\/www.deathrider.shop\/?s={search_term_string}\"},\"query-input\":{\"@type\":\"PropertyValueSpecification\",\"valueRequired\":true,\"valueName\":\"search_term_string\"}}],\"inLanguage\":\"it-IT\"},{\"@type\":\"Organization\",\"@id\":\"https:\/\/www.deathrider.shop\/#organization\",\"name\":\"Death Rider\",\"url\":\"https:\/\/www.deathrider.shop\/\",\"logo\":{\"@type\":\"ImageObject\",\"inLanguage\":\"it-IT\",\"@id\":\"https:\/\/www.deathrider.shop\/#\/schema\/logo\/image\/\",\"url\":\"\",\"contentUrl\":\"\",\"caption\":\"Death Rider\"},\"image\":{\"@id\":\"https:\/\/www.deathrider.shop\/#\/schema\/logo\/image\/\"}}]}<\/script>\n<!-- \/ Yoast SEO plugin. -->","yoast_head_json":{"title":"Felpa con cappuccio Death Rider \u201cRide Hard\u201d - Death Rider 1957","description":"La felpa con cappuccio \"Ride Hard\" di Death Rider \u00e8 un capo classico e confortevole che ti far\u00e0 sembrare elegante e ti terr\u00e0 al caldo, cotone biologico.","robots":{"index":"index","follow":"follow","max-snippet":"max-snippet:-1","max-image-preview":"max-image-preview:large","max-video-preview":"max-video-preview:-1"},"canonical":"https:\/\/www.deathrider.shop\/it\/felpa-con-cappuccio-death-rider-ride-hard\/","og_locale":"it_IT","og_type":"article","og_title":"Felpa con cappuccio Death Rider \u201cRide Hard\u201d - Death Rider 1957","og_description":"La felpa con cappuccio \"Ride Hard\" di Death Rider \u00e8 un capo classico e confortevole che ti far\u00e0 sembrare elegante e ti terr\u00e0 al caldo, cotone biologico.","og_url":"https:\/\/www.deathrider.shop\/it\/felpa-con-cappuccio-death-rider-ride-hard\/","og_site_name":"Death Rider 1957","twitter_card":"summary_large_image","twitter_misc":{"Tempo di lettura stimato":"3 minuti"},"schema":{"@context":"https:\/\/schema.org","@graph":[{"@type":"WebPage","@id":"https:\/\/www.deathrider.shop\/it\/felpa-con-cappuccio-death-rider-ride-hard\/","url":"https:\/\/www.deathrider.shop\/it\/felpa-con-cappuccio-death-rider-ride-hard\/","name":"Felpa con cappuccio Death Rider \u201cRide Hard\u201d - Death Rider 1957","isPartOf":{"@id":"https:\/\/www.deathrider.shop\/#website"},"primaryImageOfPage":{"@id":"https:\/\/www.deathrider.shop\/it\/felpa-con-cappuccio-death-rider-ride-hard\/#primaryimage"},"image":{"@id":"https:\/\/www.deathrider.shop\/it\/felpa-con-cappuccio-death-rider-ride-hard\/#primaryimage"},"thumbnailUrl":"https:\/\/www.deathrider.shop\/wp-content\/uploads\/2022\/12\/death-rider-ride-hard-hoodie-r.jpg","datePublished":"2022-12-07T11:22:35+00:00","description":"La felpa con cappuccio \"Ride Hard\" di Death Rider \u00e8 un capo classico e confortevole che ti far\u00e0 sembrare elegante e ti terr\u00e0 al caldo, cotone biologico.","breadcrumb":{"@id":"https:\/\/www.deathrider.shop\/it\/felpa-con-cappuccio-death-rider-ride-hard\/#breadcrumb"},"inLanguage":"it-IT","potentialAction":[{"@type":"ReadAction","target":["https:\/\/www.deathrider.shop\/it\/felpa-con-cappuccio-death-rider-ride-hard\/"]}]},{"@type":"ImageObject","inLanguage":"it-IT","@id":"https:\/\/www.deathrider.shop\/it\/felpa-con-cappuccio-death-rider-ride-hard\/#primaryimage","url":"https:\/\/www.deathrider.shop\/wp-content\/uploads\/2022\/12\/death-rider-ride-hard-hoodie-r.jpg","contentUrl":"https:\/\/www.deathrider.shop\/wp-content\/uploads\/2022\/12\/death-rider-ride-hard-hoodie-r.jpg","width":1024,"height":1024,"caption":"Death Rider \u201cRide Hard\u201d Hoodie - Rear"},{"@type":"BreadcrumbList","@id":"https:\/\/www.deathrider.shop\/it\/felpa-con-cappuccio-death-rider-ride-hard\/#breadcrumb","itemListElement":[{"@type":"ListItem","position":1,"name":"Home","item":"https:\/\/www.deathrider.shop\/it\/"},{"@type":"ListItem","position":2,"name":"Shop","item":"https:\/\/www.deathrider.shop\/shop\/"},{"@type":"ListItem","position":3,"name":"Felpa con cappuccio Death Rider \u201cRide Hard\u201d"}]},{"@type":"WebSite","@id":"https:\/\/www.deathrider.shop\/#website","url":"https:\/\/www.deathrider.shop\/","name":"Death Rider 1957","description":"Urban &amp; Motorcycle &quot;Bad Ass&quot; apparel","publisher":{"@id":"https:\/\/www.deathrider.shop\/#organization"},"potentialAction":[{"@type":"SearchAction","target":{"@type":"EntryPoint","urlTemplate":"https:\/\/www.deathrider.shop\/?s={search_term_string}"},"query-input":{"@type":"PropertyValueSpecification","valueRequired":true,"valueName":"search_term_string"}}],"inLanguage":"it-IT"},{"@type":"Organization","@id":"https:\/\/www.deathrider.shop\/#organization","name":"Death Rider","url":"https:\/\/www.deathrider.shop\/","logo":{"@type":"ImageObject","inLanguage":"it-IT","@id":"https:\/\/www.deathrider.shop\/#\/schema\/logo\/image\/","url":"","contentUrl":"","caption":"Death Rider"},"image":{"@id":"https:\/\/www.deathrider.shop\/#\/schema\/logo\/image\/"}}]}},"_links":{"self":[{"href":"https:\/\/www.deathrider.shop\/it\/wp-json\/wp\/v2\/product\/4175","targetHints":{"allow":["GET"]}}],"collection":[{"href":"https:\/\/www.deathrider.shop\/it\/wp-json\/wp\/v2\/product"}],"about":[{"href":"https:\/\/www.deathrider.shop\/it\/wp-json\/wp\/v2\/types\/product"}],"replies":[{"embeddable":true,"href":"https:\/\/www.deathrider.shop\/it\/wp-json\/wp\/v2\/comments?post=4175"}],"wp:featuredmedia":[{"embeddable":true,"href":"https:\/\/www.deathrider.shop\/it\/wp-json\/wp\/v2\/media\/4412"}],"wp:attachment":[{"href":"https:\/\/www.deathrider.shop\/it\/wp-json\/wp\/v2\/media?parent=4175"}],"wp:term":[{"taxonomy":"product_brand","embeddable":true,"href":"https:\/\/www.deathrider.shop\/it\/wp-json\/wp\/v2\/product_brand?post=4175"},{"taxonomy":"product_cat","embeddable":true,"href":"https:\/\/www.deathrider.shop\/it\/wp-json\/wp\/v2\/product_cat?post=4175"},{"taxonomy":"product_tag","embeddable":true,"href":"https:\/\/www.deathrider.shop\/it\/wp-json\/wp\/v2\/product_tag?post=4175"}],"curies":[{"name":"wp","href":"https:\/\/api.w.org\/{rel}","templated":true}]}}