{"id":585,"date":"2021-02-04T09:19:11","date_gmt":"2021-03-11T12:40:24","guid":{"rendered":"https:\/\/www.deathrider.shop\/?post_type=product&#038;p=585"},"modified":"2021-03-22T17:41:08","modified_gmt":"2021-03-22T16:41:08","slug":"portachiavi-remove-before-flight","status":"publish","type":"product","link":"https:\/\/www.deathrider.shop\/it\/portachiavi-remove-before-flight\/","title":{"rendered":"Portachiavi &#8220;Remove Before Flight&#8221; Death Rider"},"content":{"rendered":"<h2>Portachiavi per moto &#8211; &#8220;Remove Before Flight&#8221;<\/h2>\n<p>Con il <strong>portachiavi Remove Before Flight di Death Rider<\/strong>, non perderai mai pi\u00f9 le tue chiavi. Trova il tuo messaggio ideale e portalo con te. Sar\u00e0 molto facile, dato che il portachiavi \u00e8 leggero e maneggevole. Prima di tutto, \u00e8 un bel portachiavi con un buon materiale resistente. \u00c8 possibile macchiarlo di grasso durante le tue escursioni, rimarr\u00e0 lo stesso. Come si pu\u00f2 vedere nella foto, \u00e8 molto robusto e spesso, quindi ti accompagner\u00e0 a lungo.<\/p>\n<p>Questo robusto portachiavi ha la particolarit\u00e0 di poter essere attaccato alla cintura, ai vestiti, allo zaino o anche al marsupio. Per non parlare del fatto che questo portachiavi alla moda \u00e8 orgogliosamente prodotto in Europa. \u00c8 fatto a mano con un gancio di alta qualit\u00e0 da 1cm per renderlo facile da attaccare alla tua cintura o attrezzatura. Il <strong>portachiavi in tessuto Death Rider &#8211; Remove Before Flight <\/strong>ti aiuta a trovare le tue chiavi pi\u00f9 facilmente e mostra un vero carattere.<\/p>\n<h2>Portachiavi in tessuto<\/h2>\n<p>Realizzato con materiale e cuciture di qualit\u00e0, se stai cercando qualcosa che ti permetta di identificare facilmente un pezzo di bagaglio, l\u2019hai trovato! Il <strong>portachiavi Remove Before Flight di Death Rider<\/strong> \u00e8 solido e ben fatto. Si tratta di uno dei portachiavi pi\u00f9 resistenti sul mercato, progettato per resistere alle manipolazioni pi\u00f9 aggressive. Particolarmente apprezzabile l&#8217;usura che possono sopportare. \u00c8 la soluzione perfetta e non ingombrante per far si che le chiavi siano pi\u00f9 facili da trovare e vedere. Inoltre, non si nota nemmeno in tasca.<\/p>\n<p>Dopo tutto, puoi usarlo per le chiavi della tua moto o semplicemente per trovare facilmente qualcosa di speciale. Inoltre, non graffier\u00e0 la vernice della tua moto, il serbatoio o il paraurti. A causa delle sue dimensioni e del peso, questo portachiavi viene sollevato dal vento durante una corsa in moto, quindi puoi guidare senza preoccuparti che si appenda e tocchi il motore caldo o qualcosa del genere. In evidenzia il messaggio, cucito meticolosamente e il tessuto, spesso e resistente. \u00c8 molto elegante, resistente e sicuro con un anello di metallo piatto e un rivetto di metallo per una completa tranquillit\u00e0.<br \/>\nUltimo ma non meno importante, mostra caratteristiche tradizionali &#8220;old school&#8221;, quindi potete essere sicuri che il design non diventer\u00e0 obsoleto!<\/p>\n<h2>Specifiche:<\/h2>\n<p>Lunghezza della piastra di tessuto circa 5 cm.<br \/>\nLunghezza totale con anello circa 6 cm.<br \/>\nUnico e non prodotto in serie.<\/p>\n","protected":false},"excerpt":{"rendered":"<p>Come parte degli esclusivi accessori da moto, questo portachiavi<strong>\u00a0&#8220;Remove Before Flight&#8221;<\/strong>\u00a0<strong>di<\/strong>\u00a0<strong>Death Rider\u00a0<\/strong>\u00e8 l&#8217;opzione perfetta per distinguersi dalla massa.<br \/>\nPratico ed elegante, non perderai mai pi\u00f9 le tue chiavi.<br \/>\nE per di pi\u00f9, sarai notevolmente diverso dalla gente comune con il suo design unico e il suo messaggio.<br \/>\nComodo, leggero e maneggevole.<br \/>\nUn portachiavi differente!<\/p>\n","protected":false},"featured_media":238,"comment_status":"open","ping_status":"closed","template":"","meta":[],"product_brand":[],"product_cat":[126],"product_tag":[],"class_list":{"0":"post-585","1":"product","2":"type-product","3":"status-publish","4":"has-post-thumbnail","6":"product_cat-toppe-merchandising-moto","8":"first","9":"outofstock","10":"taxable","11":"shipping-taxable","12":"purchasable","13":"product-type-simple"},"yoast_head":"<!-- This site is optimized with the Yoast SEO plugin v26.1.1 - https:\/\/yoast.com\/wordpress\/plugins\/seo\/ -->\n<title>Portachiavi Remove Before Flight - Death Rider 1957<\/title>\n<meta name=\"description\" content=\"Portachiavi Remove Before Flight, selezione unica di portachiavi personalizzati in tessuto. Ampia gamma di accessori nel Death Rider Shop.\" \/>\n<meta name=\"robots\" content=\"index, follow, max-snippet:-1, max-image-preview:large, max-video-preview:-1\" \/>\n<link rel=\"canonical\" href=\"https:\/\/www.deathrider.shop\/it\/portachiavi-remove-before-flight\/\" \/>\n<meta property=\"og:locale\" content=\"it_IT\" \/>\n<meta property=\"og:type\" content=\"article\" \/>\n<meta property=\"og:title\" content=\"Portachiavi Remove Before Flight - Death Rider 1957\" \/>\n<meta property=\"og:description\" content=\"Portachiavi Remove Before Flight, selezione unica di portachiavi personalizzati in tessuto. Ampia gamma di accessori nel Death Rider Shop.\" \/>\n<meta property=\"og:url\" content=\"https:\/\/www.deathrider.shop\/it\/portachiavi-remove-before-flight\/\" \/>\n<meta property=\"og:site_name\" content=\"Death Rider 1957\" \/>\n<meta property=\"article:modified_time\" content=\"2021-03-22T16:41:08+00:00\" \/>\n<meta name=\"twitter:card\" content=\"summary_large_image\" \/>\n<meta name=\"twitter:label1\" content=\"Tempo di lettura stimato\" \/>\n\t<meta name=\"twitter:data1\" content=\"2 minuti\" \/>\n<script type=\"application\/ld+json\" class=\"yoast-schema-graph\">{\"@context\":\"https:\/\/schema.org\",\"@graph\":[{\"@type\":\"WebPage\",\"@id\":\"https:\/\/www.deathrider.shop\/it\/portachiavi-remove-before-flight\/\",\"url\":\"https:\/\/www.deathrider.shop\/it\/portachiavi-remove-before-flight\/\",\"name\":\"Portachiavi Remove Before Flight - Death Rider 1957\",\"isPartOf\":{\"@id\":\"https:\/\/www.deathrider.shop\/#website\"},\"primaryImageOfPage\":{\"@id\":\"https:\/\/www.deathrider.shop\/it\/portachiavi-remove-before-flight\/#primaryimage\"},\"image\":{\"@id\":\"https:\/\/www.deathrider.shop\/it\/portachiavi-remove-before-flight\/#primaryimage\"},\"thumbnailUrl\":\"https:\/\/www.deathrider.shop\/wp-content\/uploads\/2021\/02\/remove-before-flight-keychain-fabric-front.jpg\",\"datePublished\":\"2021-03-11T12:40:24+00:00\",\"dateModified\":\"2021-03-22T16:41:08+00:00\",\"description\":\"Portachiavi Remove Before Flight, selezione unica di portachiavi personalizzati in tessuto. Ampia gamma di accessori nel Death Rider Shop.\",\"breadcrumb\":{\"@id\":\"https:\/\/www.deathrider.shop\/it\/portachiavi-remove-before-flight\/#breadcrumb\"},\"inLanguage\":\"it-IT\",\"potentialAction\":[{\"@type\":\"ReadAction\",\"target\":[\"https:\/\/www.deathrider.shop\/it\/portachiavi-remove-before-flight\/\"]}]},{\"@type\":\"ImageObject\",\"inLanguage\":\"it-IT\",\"@id\":\"https:\/\/www.deathrider.shop\/it\/portachiavi-remove-before-flight\/#primaryimage\",\"url\":\"https:\/\/www.deathrider.shop\/wp-content\/uploads\/2021\/02\/remove-before-flight-keychain-fabric-front.jpg\",\"contentUrl\":\"https:\/\/www.deathrider.shop\/wp-content\/uploads\/2021\/02\/remove-before-flight-keychain-fabric-front.jpg\",\"width\":1024,\"height\":1024,\"caption\":\"Remove Before Flight - Keychain Fabric Front\"},{\"@type\":\"BreadcrumbList\",\"@id\":\"https:\/\/www.deathrider.shop\/it\/portachiavi-remove-before-flight\/#breadcrumb\",\"itemListElement\":[{\"@type\":\"ListItem\",\"position\":1,\"name\":\"Home\",\"item\":\"https:\/\/www.deathrider.shop\/it\/\"},{\"@type\":\"ListItem\",\"position\":2,\"name\":\"Shop\",\"item\":\"https:\/\/www.deathrider.shop\/shop\/\"},{\"@type\":\"ListItem\",\"position\":3,\"name\":\"Portachiavi &#8220;Remove Before Flight&#8221; Death Rider\"}]},{\"@type\":\"WebSite\",\"@id\":\"https:\/\/www.deathrider.shop\/#website\",\"url\":\"https:\/\/www.deathrider.shop\/\",\"name\":\"Death Rider 1957\",\"description\":\"Urban &amp; Motorcycle &quot;Bad Ass&quot; apparel\",\"publisher\":{\"@id\":\"https:\/\/www.deathrider.shop\/#organization\"},\"potentialAction\":[{\"@type\":\"SearchAction\",\"target\":{\"@type\":\"EntryPoint\",\"urlTemplate\":\"https:\/\/www.deathrider.shop\/?s={search_term_string}\"},\"query-input\":{\"@type\":\"PropertyValueSpecification\",\"valueRequired\":true,\"valueName\":\"search_term_string\"}}],\"inLanguage\":\"it-IT\"},{\"@type\":\"Organization\",\"@id\":\"https:\/\/www.deathrider.shop\/#organization\",\"name\":\"Death Rider\",\"url\":\"https:\/\/www.deathrider.shop\/\",\"logo\":{\"@type\":\"ImageObject\",\"inLanguage\":\"it-IT\",\"@id\":\"https:\/\/www.deathrider.shop\/#\/schema\/logo\/image\/\",\"url\":\"\",\"contentUrl\":\"\",\"caption\":\"Death Rider\"},\"image\":{\"@id\":\"https:\/\/www.deathrider.shop\/#\/schema\/logo\/image\/\"}}]}<\/script>\n<!-- \/ Yoast SEO plugin. -->","yoast_head_json":{"title":"Portachiavi Remove Before Flight - Death Rider 1957","description":"Portachiavi Remove Before Flight, selezione unica di portachiavi personalizzati in tessuto. Ampia gamma di accessori nel Death Rider Shop.","robots":{"index":"index","follow":"follow","max-snippet":"max-snippet:-1","max-image-preview":"max-image-preview:large","max-video-preview":"max-video-preview:-1"},"canonical":"https:\/\/www.deathrider.shop\/it\/portachiavi-remove-before-flight\/","og_locale":"it_IT","og_type":"article","og_title":"Portachiavi Remove Before Flight - Death Rider 1957","og_description":"Portachiavi Remove Before Flight, selezione unica di portachiavi personalizzati in tessuto. Ampia gamma di accessori nel Death Rider Shop.","og_url":"https:\/\/www.deathrider.shop\/it\/portachiavi-remove-before-flight\/","og_site_name":"Death Rider 1957","article_modified_time":"2021-03-22T16:41:08+00:00","twitter_card":"summary_large_image","twitter_misc":{"Tempo di lettura stimato":"2 minuti"},"schema":{"@context":"https:\/\/schema.org","@graph":[{"@type":"WebPage","@id":"https:\/\/www.deathrider.shop\/it\/portachiavi-remove-before-flight\/","url":"https:\/\/www.deathrider.shop\/it\/portachiavi-remove-before-flight\/","name":"Portachiavi Remove Before Flight - Death Rider 1957","isPartOf":{"@id":"https:\/\/www.deathrider.shop\/#website"},"primaryImageOfPage":{"@id":"https:\/\/www.deathrider.shop\/it\/portachiavi-remove-before-flight\/#primaryimage"},"image":{"@id":"https:\/\/www.deathrider.shop\/it\/portachiavi-remove-before-flight\/#primaryimage"},"thumbnailUrl":"https:\/\/www.deathrider.shop\/wp-content\/uploads\/2021\/02\/remove-before-flight-keychain-fabric-front.jpg","datePublished":"2021-03-11T12:40:24+00:00","dateModified":"2021-03-22T16:41:08+00:00","description":"Portachiavi Remove Before Flight, selezione unica di portachiavi personalizzati in tessuto. Ampia gamma di accessori nel Death Rider Shop.","breadcrumb":{"@id":"https:\/\/www.deathrider.shop\/it\/portachiavi-remove-before-flight\/#breadcrumb"},"inLanguage":"it-IT","potentialAction":[{"@type":"ReadAction","target":["https:\/\/www.deathrider.shop\/it\/portachiavi-remove-before-flight\/"]}]},{"@type":"ImageObject","inLanguage":"it-IT","@id":"https:\/\/www.deathrider.shop\/it\/portachiavi-remove-before-flight\/#primaryimage","url":"https:\/\/www.deathrider.shop\/wp-content\/uploads\/2021\/02\/remove-before-flight-keychain-fabric-front.jpg","contentUrl":"https:\/\/www.deathrider.shop\/wp-content\/uploads\/2021\/02\/remove-before-flight-keychain-fabric-front.jpg","width":1024,"height":1024,"caption":"Remove Before Flight - Keychain Fabric Front"},{"@type":"BreadcrumbList","@id":"https:\/\/www.deathrider.shop\/it\/portachiavi-remove-before-flight\/#breadcrumb","itemListElement":[{"@type":"ListItem","position":1,"name":"Home","item":"https:\/\/www.deathrider.shop\/it\/"},{"@type":"ListItem","position":2,"name":"Shop","item":"https:\/\/www.deathrider.shop\/shop\/"},{"@type":"ListItem","position":3,"name":"Portachiavi &#8220;Remove Before Flight&#8221; Death Rider"}]},{"@type":"WebSite","@id":"https:\/\/www.deathrider.shop\/#website","url":"https:\/\/www.deathrider.shop\/","name":"Death Rider 1957","description":"Urban &amp; Motorcycle &quot;Bad Ass&quot; apparel","publisher":{"@id":"https:\/\/www.deathrider.shop\/#organization"},"potentialAction":[{"@type":"SearchAction","target":{"@type":"EntryPoint","urlTemplate":"https:\/\/www.deathrider.shop\/?s={search_term_string}"},"query-input":{"@type":"PropertyValueSpecification","valueRequired":true,"valueName":"search_term_string"}}],"inLanguage":"it-IT"},{"@type":"Organization","@id":"https:\/\/www.deathrider.shop\/#organization","name":"Death Rider","url":"https:\/\/www.deathrider.shop\/","logo":{"@type":"ImageObject","inLanguage":"it-IT","@id":"https:\/\/www.deathrider.shop\/#\/schema\/logo\/image\/","url":"","contentUrl":"","caption":"Death Rider"},"image":{"@id":"https:\/\/www.deathrider.shop\/#\/schema\/logo\/image\/"}}]}},"_links":{"self":[{"href":"https:\/\/www.deathrider.shop\/it\/wp-json\/wp\/v2\/product\/585","targetHints":{"allow":["GET"]}}],"collection":[{"href":"https:\/\/www.deathrider.shop\/it\/wp-json\/wp\/v2\/product"}],"about":[{"href":"https:\/\/www.deathrider.shop\/it\/wp-json\/wp\/v2\/types\/product"}],"replies":[{"embeddable":true,"href":"https:\/\/www.deathrider.shop\/it\/wp-json\/wp\/v2\/comments?post=585"}],"wp:featuredmedia":[{"embeddable":true,"href":"https:\/\/www.deathrider.shop\/it\/wp-json\/wp\/v2\/media\/238"}],"wp:attachment":[{"href":"https:\/\/www.deathrider.shop\/it\/wp-json\/wp\/v2\/media?parent=585"}],"wp:term":[{"taxonomy":"product_brand","embeddable":true,"href":"https:\/\/www.deathrider.shop\/it\/wp-json\/wp\/v2\/product_brand?post=585"},{"taxonomy":"product_cat","embeddable":true,"href":"https:\/\/www.deathrider.shop\/it\/wp-json\/wp\/v2\/product_cat?post=585"},{"taxonomy":"product_tag","embeddable":true,"href":"https:\/\/www.deathrider.shop\/it\/wp-json\/wp\/v2\/product_tag?post=585"}],"curies":[{"name":"wp","href":"https:\/\/api.w.org\/{rel}","templated":true}]}}