{"id":593,"date":"2021-02-02T12:09:49","date_gmt":"2021-03-11T12:45:19","guid":{"rendered":"https:\/\/www.deathrider.shop\/?post_type=product&#038;p=593"},"modified":"2021-11-29T15:58:28","modified_gmt":"2021-11-29T14:58:28","slug":"felpa-con-cappuccio-death-rider","status":"publish","type":"product","link":"https:\/\/www.deathrider.shop\/it\/felpa-con-cappuccio-death-rider\/","title":{"rendered":"Felpa con cappuccio Death Rider 1957"},"content":{"rendered":"<h2>Felpa con cappuccio Death Rider<\/h2>\n<p>Morbida, calda e confortevole. Queste sono le caratteristiche principali della <strong>felpa con cappuccio Death Rider<\/strong>. Prodotta e fabbricata con cura e precisione in Europa per offrirti stile e comfort. Prima di tutto, il tessuto, realizzato in morbido pile di cotone al 100%, assicura libert\u00e0 di movimento e una sensazione soffice e piacevole. La Stampa \u00e8 resistente e rimane intatta dopo ogni accurato lavaggio.<\/p>\n<p>Con <strong>la felpa Death Rider<\/strong> puoi sentirti libero di svolgere qualsiasi tipo di attivit\u00e0. Infatti, \u00e8 perfetta per un giro in moto, un&#8217;escursione all&#8217;aperto, un drink con gli amici o un&#8217;uscita a due. Ideale da combinare con la <strong>maglietta Death Rider 1957<\/strong>. La serigrafia digitale spicca cromaticamente sul retro della felpa con cappuccio e le dona un tocco vintage ma assolutamente casual, in linea con il nostro stile urbano.<\/p>\n<p>La <strong>felpa con cappuccio Death Rider 1957<\/strong> rappresenta un salto di qualit\u00e0 rispetto al passato in termini di comfort, vestibilit\u00e0 e stile. \u00c8 inoltre pensata per coloro che vogliono indossarla in qualsiasi momento della giornata senza mai essere fuori luogo. Allo stesso tempo, il nuovo tessuto leggermente felpato offre protezione dal freddo sia durante lo sport che durante il relax e il tempo libero. Il risultato? Una felpa che pu\u00f2 essere indossata anche in autunno, primavera e inverno.<\/p>\n<h2>Indossa un classico<\/h2>\n<p>I polsini delle maniche di raglan, la vestibilit\u00e0 aderente e l&#8217;elastico in vita rendono questa felpa estremamente adatta alla figura e comoda da indossare. Allo stesso modo, prova il comfort e scopri la resistenza delle nostre felpe indicate sia per il tempo libero che per l&#8217;allenamento. La scelta di un design raffinato unita alla qualit\u00e0 dei tessuti morbidi di ultima generazione rende i nostri articoli resistenti a qualsiasi lavaggio.<\/p>\n<p>Di sicuro, la <strong>felpa con cappuccio Death Rider 1957<\/strong> \u00e8 un classico casual per uno stile di abbigliamento rilassato e confortevole. Pu\u00f2 essere facilmente indossata a strati e il livello di comfort \u00e8 garantito. La felpa con cappuccio offre una vestibilit\u00e0 perfetta e una totale libert\u00e0 di movimento, mentre il design con stampa a contrasto crea uno stile distintivo e moderno.<\/p>\n<p>La <strong>felpa con cappuccio Death Rider<\/strong> \u00e8 ispirata all&#8217;attitudine imprevedibile e irriverente del motociclista dallo spirito libero.<br \/>\nInoltre, il grande teschio bianco aggiunge un tocco diverso al tuo stile. In ogni caso, il tessuto a maglia morbido e spesso ti tiene caldo ovunque tu vada. Per la prossima stagione primavera-estate, la classica felpa nera \u00e8 un must-have per combinazioni glamour ma al tempo stesso semplici. Completa questo look con un berretto Death Rider e una t-shirt disponibile nel nostro negozio per uno stile urbano di tendenza.<\/p>\n<h2>Specifiche<\/h2>\n<p>Questa felpa nera \u00e8 dotata di polsini e orlo a coste per un comfort straordinario.<br \/>\nRealizzata con un morbido tessuto in pile, la <strong>felpa con cappuccio Death Rider<\/strong> offre un comfort classico con un audace stile urbano.<br \/>\nIl morbido pile spazzolato assicura un piacevole effetto nell&#8217;indossarla.<br \/>\nCappuccio con cordoncino per una protezione regolabile.<br \/>\nScegli tra le taglie XS, S, M, L, XL, XXL (taglie europee).<\/p>\n","protected":false},"excerpt":{"rendered":"<p>Mostra il tuo stile aggressivo con la <strong>felpa con cappuccio Death Rider<\/strong>.<br \/>\nFelpa con cappuccio Death Rider 1957 in tessuto di cotone felpato, molto comodo e morbido al tatto.<br \/>\nIl logo del teschio di Death Rider stampato sul retro e sul davanti aggiunge un ulteriore tocco di classe.<br \/>\nVestibilit\u00e0 ampia. Cappuccio con cordoncino.<br \/>\nPolsini e orlo a coste, tasca frontale.<\/p>\n","protected":false},"featured_media":1744,"comment_status":"open","ping_status":"closed","template":"","meta":[],"product_brand":[],"product_cat":[122],"product_tag":[],"class_list":{"0":"post-593","1":"product","2":"type-product","3":"status-publish","4":"has-post-thumbnail","6":"product_cat-felpe","8":"first","9":"instock","10":"taxable","11":"shipping-taxable","12":"purchasable","13":"product-type-variable"},"yoast_head":"<!-- This site is optimized with the Yoast SEO plugin v26.1.1 - https:\/\/yoast.com\/wordpress\/plugins\/seo\/ -->\n<title>Felpa con cappuccio Death Rider 1957 - Death Rider 1957<\/title>\n<meta name=\"description\" content=\"Felpa con cappuccio Death Rider. Crea il tuo stile urbano, comodo e audace. Interno in morbido pile, Esterno in cotone 100%.\" \/>\n<meta name=\"robots\" content=\"index, follow, max-snippet:-1, max-image-preview:large, max-video-preview:-1\" \/>\n<link rel=\"canonical\" href=\"https:\/\/www.deathrider.shop\/it\/felpa-con-cappuccio-death-rider\/\" \/>\n<meta property=\"og:locale\" content=\"it_IT\" \/>\n<meta property=\"og:type\" content=\"article\" \/>\n<meta property=\"og:title\" content=\"Felpa con cappuccio Death Rider 1957 - Death Rider 1957\" \/>\n<meta property=\"og:description\" content=\"Felpa con cappuccio Death Rider. Crea il tuo stile urbano, comodo e audace. Interno in morbido pile, Esterno in cotone 100%.\" \/>\n<meta property=\"og:url\" content=\"https:\/\/www.deathrider.shop\/it\/felpa-con-cappuccio-death-rider\/\" \/>\n<meta property=\"og:site_name\" content=\"Death Rider 1957\" \/>\n<meta property=\"article:modified_time\" content=\"2021-11-29T14:58:28+00:00\" \/>\n<meta property=\"og:image\" content=\"https:\/\/www.deathrider.shop\/wp-content\/uploads\/2021\/02\/death-rider-hoodie-product.jpg\" \/>\n\t<meta property=\"og:image:width\" content=\"1024\" \/>\n\t<meta property=\"og:image:height\" content=\"1024\" \/>\n\t<meta property=\"og:image:type\" content=\"image\/jpeg\" \/>\n<meta name=\"twitter:card\" content=\"summary_large_image\" \/>\n<meta name=\"twitter:label1\" content=\"Tempo di lettura stimato\" \/>\n\t<meta name=\"twitter:data1\" content=\"3 minuti\" \/>\n<script type=\"application\/ld+json\" class=\"yoast-schema-graph\">{\"@context\":\"https:\/\/schema.org\",\"@graph\":[{\"@type\":\"WebPage\",\"@id\":\"https:\/\/www.deathrider.shop\/it\/felpa-con-cappuccio-death-rider\/\",\"url\":\"https:\/\/www.deathrider.shop\/it\/felpa-con-cappuccio-death-rider\/\",\"name\":\"Felpa con cappuccio Death Rider 1957 - Death Rider 1957\",\"isPartOf\":{\"@id\":\"https:\/\/www.deathrider.shop\/#website\"},\"primaryImageOfPage\":{\"@id\":\"https:\/\/www.deathrider.shop\/it\/felpa-con-cappuccio-death-rider\/#primaryimage\"},\"image\":{\"@id\":\"https:\/\/www.deathrider.shop\/it\/felpa-con-cappuccio-death-rider\/#primaryimage\"},\"thumbnailUrl\":\"https:\/\/www.deathrider.shop\/wp-content\/uploads\/2021\/02\/death-rider-hoodie-product.jpg\",\"datePublished\":\"2021-03-11T12:45:19+00:00\",\"dateModified\":\"2021-11-29T14:58:28+00:00\",\"description\":\"Felpa con cappuccio Death Rider. Crea il tuo stile urbano, comodo e audace. Interno in morbido pile, Esterno in cotone 100%.\",\"breadcrumb\":{\"@id\":\"https:\/\/www.deathrider.shop\/it\/felpa-con-cappuccio-death-rider\/#breadcrumb\"},\"inLanguage\":\"it-IT\",\"potentialAction\":[{\"@type\":\"ReadAction\",\"target\":[\"https:\/\/www.deathrider.shop\/it\/felpa-con-cappuccio-death-rider\/\"]}]},{\"@type\":\"ImageObject\",\"inLanguage\":\"it-IT\",\"@id\":\"https:\/\/www.deathrider.shop\/it\/felpa-con-cappuccio-death-rider\/#primaryimage\",\"url\":\"https:\/\/www.deathrider.shop\/wp-content\/uploads\/2021\/02\/death-rider-hoodie-product.jpg\",\"contentUrl\":\"https:\/\/www.deathrider.shop\/wp-content\/uploads\/2021\/02\/death-rider-hoodie-product.jpg\",\"width\":1024,\"height\":1024,\"caption\":\"Death Rider Hoodie - Rear\"},{\"@type\":\"BreadcrumbList\",\"@id\":\"https:\/\/www.deathrider.shop\/it\/felpa-con-cappuccio-death-rider\/#breadcrumb\",\"itemListElement\":[{\"@type\":\"ListItem\",\"position\":1,\"name\":\"Home\",\"item\":\"https:\/\/www.deathrider.shop\/it\/\"},{\"@type\":\"ListItem\",\"position\":2,\"name\":\"Shop\",\"item\":\"https:\/\/www.deathrider.shop\/shop\/\"},{\"@type\":\"ListItem\",\"position\":3,\"name\":\"Felpa con cappuccio Death Rider 1957\"}]},{\"@type\":\"WebSite\",\"@id\":\"https:\/\/www.deathrider.shop\/#website\",\"url\":\"https:\/\/www.deathrider.shop\/\",\"name\":\"Death Rider 1957\",\"description\":\"Urban &amp; Motorcycle &quot;Bad Ass&quot; apparel\",\"publisher\":{\"@id\":\"https:\/\/www.deathrider.shop\/#organization\"},\"potentialAction\":[{\"@type\":\"SearchAction\",\"target\":{\"@type\":\"EntryPoint\",\"urlTemplate\":\"https:\/\/www.deathrider.shop\/?s={search_term_string}\"},\"query-input\":{\"@type\":\"PropertyValueSpecification\",\"valueRequired\":true,\"valueName\":\"search_term_string\"}}],\"inLanguage\":\"it-IT\"},{\"@type\":\"Organization\",\"@id\":\"https:\/\/www.deathrider.shop\/#organization\",\"name\":\"Death Rider\",\"url\":\"https:\/\/www.deathrider.shop\/\",\"logo\":{\"@type\":\"ImageObject\",\"inLanguage\":\"it-IT\",\"@id\":\"https:\/\/www.deathrider.shop\/#\/schema\/logo\/image\/\",\"url\":\"\",\"contentUrl\":\"\",\"caption\":\"Death Rider\"},\"image\":{\"@id\":\"https:\/\/www.deathrider.shop\/#\/schema\/logo\/image\/\"}}]}<\/script>\n<!-- \/ Yoast SEO plugin. -->","yoast_head_json":{"title":"Felpa con cappuccio Death Rider 1957 - Death Rider 1957","description":"Felpa con cappuccio Death Rider. Crea il tuo stile urbano, comodo e audace. Interno in morbido pile, Esterno in cotone 100%.","robots":{"index":"index","follow":"follow","max-snippet":"max-snippet:-1","max-image-preview":"max-image-preview:large","max-video-preview":"max-video-preview:-1"},"canonical":"https:\/\/www.deathrider.shop\/it\/felpa-con-cappuccio-death-rider\/","og_locale":"it_IT","og_type":"article","og_title":"Felpa con cappuccio Death Rider 1957 - Death Rider 1957","og_description":"Felpa con cappuccio Death Rider. Crea il tuo stile urbano, comodo e audace. Interno in morbido pile, Esterno in cotone 100%.","og_url":"https:\/\/www.deathrider.shop\/it\/felpa-con-cappuccio-death-rider\/","og_site_name":"Death Rider 1957","article_modified_time":"2021-11-29T14:58:28+00:00","og_image":[{"width":1024,"height":1024,"url":"https:\/\/www.deathrider.shop\/wp-content\/uploads\/2021\/02\/death-rider-hoodie-product.jpg","type":"image\/jpeg"}],"twitter_card":"summary_large_image","twitter_misc":{"Tempo di lettura stimato":"3 minuti"},"schema":{"@context":"https:\/\/schema.org","@graph":[{"@type":"WebPage","@id":"https:\/\/www.deathrider.shop\/it\/felpa-con-cappuccio-death-rider\/","url":"https:\/\/www.deathrider.shop\/it\/felpa-con-cappuccio-death-rider\/","name":"Felpa con cappuccio Death Rider 1957 - Death Rider 1957","isPartOf":{"@id":"https:\/\/www.deathrider.shop\/#website"},"primaryImageOfPage":{"@id":"https:\/\/www.deathrider.shop\/it\/felpa-con-cappuccio-death-rider\/#primaryimage"},"image":{"@id":"https:\/\/www.deathrider.shop\/it\/felpa-con-cappuccio-death-rider\/#primaryimage"},"thumbnailUrl":"https:\/\/www.deathrider.shop\/wp-content\/uploads\/2021\/02\/death-rider-hoodie-product.jpg","datePublished":"2021-03-11T12:45:19+00:00","dateModified":"2021-11-29T14:58:28+00:00","description":"Felpa con cappuccio Death Rider. Crea il tuo stile urbano, comodo e audace. Interno in morbido pile, Esterno in cotone 100%.","breadcrumb":{"@id":"https:\/\/www.deathrider.shop\/it\/felpa-con-cappuccio-death-rider\/#breadcrumb"},"inLanguage":"it-IT","potentialAction":[{"@type":"ReadAction","target":["https:\/\/www.deathrider.shop\/it\/felpa-con-cappuccio-death-rider\/"]}]},{"@type":"ImageObject","inLanguage":"it-IT","@id":"https:\/\/www.deathrider.shop\/it\/felpa-con-cappuccio-death-rider\/#primaryimage","url":"https:\/\/www.deathrider.shop\/wp-content\/uploads\/2021\/02\/death-rider-hoodie-product.jpg","contentUrl":"https:\/\/www.deathrider.shop\/wp-content\/uploads\/2021\/02\/death-rider-hoodie-product.jpg","width":1024,"height":1024,"caption":"Death Rider Hoodie - Rear"},{"@type":"BreadcrumbList","@id":"https:\/\/www.deathrider.shop\/it\/felpa-con-cappuccio-death-rider\/#breadcrumb","itemListElement":[{"@type":"ListItem","position":1,"name":"Home","item":"https:\/\/www.deathrider.shop\/it\/"},{"@type":"ListItem","position":2,"name":"Shop","item":"https:\/\/www.deathrider.shop\/shop\/"},{"@type":"ListItem","position":3,"name":"Felpa con cappuccio Death Rider 1957"}]},{"@type":"WebSite","@id":"https:\/\/www.deathrider.shop\/#website","url":"https:\/\/www.deathrider.shop\/","name":"Death Rider 1957","description":"Urban &amp; Motorcycle &quot;Bad Ass&quot; apparel","publisher":{"@id":"https:\/\/www.deathrider.shop\/#organization"},"potentialAction":[{"@type":"SearchAction","target":{"@type":"EntryPoint","urlTemplate":"https:\/\/www.deathrider.shop\/?s={search_term_string}"},"query-input":{"@type":"PropertyValueSpecification","valueRequired":true,"valueName":"search_term_string"}}],"inLanguage":"it-IT"},{"@type":"Organization","@id":"https:\/\/www.deathrider.shop\/#organization","name":"Death Rider","url":"https:\/\/www.deathrider.shop\/","logo":{"@type":"ImageObject","inLanguage":"it-IT","@id":"https:\/\/www.deathrider.shop\/#\/schema\/logo\/image\/","url":"","contentUrl":"","caption":"Death Rider"},"image":{"@id":"https:\/\/www.deathrider.shop\/#\/schema\/logo\/image\/"}}]}},"_links":{"self":[{"href":"https:\/\/www.deathrider.shop\/it\/wp-json\/wp\/v2\/product\/593","targetHints":{"allow":["GET"]}}],"collection":[{"href":"https:\/\/www.deathrider.shop\/it\/wp-json\/wp\/v2\/product"}],"about":[{"href":"https:\/\/www.deathrider.shop\/it\/wp-json\/wp\/v2\/types\/product"}],"replies":[{"embeddable":true,"href":"https:\/\/www.deathrider.shop\/it\/wp-json\/wp\/v2\/comments?post=593"}],"wp:featuredmedia":[{"embeddable":true,"href":"https:\/\/www.deathrider.shop\/it\/wp-json\/wp\/v2\/media\/1744"}],"wp:attachment":[{"href":"https:\/\/www.deathrider.shop\/it\/wp-json\/wp\/v2\/media?parent=593"}],"wp:term":[{"taxonomy":"product_brand","embeddable":true,"href":"https:\/\/www.deathrider.shop\/it\/wp-json\/wp\/v2\/product_brand?post=593"},{"taxonomy":"product_cat","embeddable":true,"href":"https:\/\/www.deathrider.shop\/it\/wp-json\/wp\/v2\/product_cat?post=593"},{"taxonomy":"product_tag","embeddable":true,"href":"https:\/\/www.deathrider.shop\/it\/wp-json\/wp\/v2\/product_tag?post=593"}],"curies":[{"name":"wp","href":"https:\/\/api.w.org\/{rel}","templated":true}]}}