{"id":698,"date":"2021-02-03T12:05:15","date_gmt":"2021-03-15T15:49:46","guid":{"rendered":"https:\/\/www.deathrider.shop\/?post_type=product&#038;p=698"},"modified":"2021-03-15T16:49:46","modified_gmt":"2021-03-15T15:49:46","slug":"portachiavi-ftw","status":"publish","type":"product","link":"https:\/\/www.deathrider.shop\/it\/portachiavi-ftw\/","title":{"rendered":"Portachiavi &#8220;FTW&#8221; Death Rider"},"content":{"rendered":"<h2>Portachiavi &#8220;FTW&#8221;<\/h2>\n<p>Con il <strong>portachiavi FTW<\/strong>\u00a0in tessuto di Death Rider, troverai un modo pi\u00f9 facile per trovare le tue chiavi. Tutto sommato, cosa ci si aspetta da un portachiavi? Probabilmente conosciamo la risposta. Ecco perch\u00e9 tutti i nostri accessori per moto si rivelano molto utili, rendendo la tua vita semplice e il pi\u00f9 possibile priva di complicazioni. Hai mai pensato che un portachiavi possa aiutarti a vivere meglio? Forse non completamente, ma si tratta di un aiuto! Allora il <strong>portachiavi FTW<\/strong> svolge il suo compito, ti aiuta a trovare pi\u00f9 facilmente le tue chiavi e mostra un vero carattere.<\/p>\n<h2>Trova tutto<\/h2>\n<p>Puoi agganciare questo pratico <strong>portachiavi FTW<\/strong> alla cintura, all&#8217;equipaggiamento, allo zaino. Innanzitutto, si tratta di un portachiavi resistente, prodotto con orgoglio in Europa. Il gancio di alta qualit\u00e0 da 1 centimetro \u00e8 ideale per essere facilmente agganciato a qualsiasi attrezzatura.<br \/>\nRealizzato con materiale e cuciture di qualit\u00e0, se stai cercando qualcosa che possa facilmente identificare una chiave, eccoti servito! Il portachiavi \u00e8 solido e ben fatto. Il materiale con cui avrai a che fare, \u00e8 progettato per sopportare qualsiasi genere di trattamento. In ogni caso, particolare importante, \u00e8 un oggetto che sopporta bene l&#8217;usura. Si tratta della soluzione perfetta e non ingombrante per rendere le chiavi pi\u00f9 facili da trovare e vedere. Per di pi\u00f9, non si nota nemmeno in tasca.<\/p>\n<h2>Forever Two Wheels<\/h2>\n<p>La dicitura divertente sulla fascetta \u00e8 molto apprezzata. Non \u00e8 un caso che tutti vogliamo essere popolari con i nostri accessori per la moto. Forever Two Wheels ha indubbiamente conquistato il cuore dei motociclisti. E ne siamo orgogliosi. E, naturalmente, orgogliosi che lo mostri al mondo. In fin dei conti, puoi usarlo per le chiavi della moto o semplicemente per prendere facilmente qualcosa di speciale. Bonus extra, non graffiano la vernice, il serbatoio o il cruscotto della moto.<\/p>\n<p>Grazie alle sue dimensioni, il <strong>portachiavi FTW<\/strong> si solleva facilmente con il vento, quindi puoi guidare senza preoccuparti che possa pendere e toccare il motore caldo o simili. Da sottolineare il ricamo, che \u00e8 accurato e il tessuto, spesso e resistente.<br \/>\n\u00c8 molto elegante, forte e solido con un anello piatto in metallo e un rivetto in metallo perch\u00e9 tu possa godere il massimo della tranquillit\u00e0.<br \/>\nCome ultima cosa ma non meno importante, mostra caratteristiche tradizionali &#8220;old-school&#8221;, quindi puoi stare sicuro che il disegno non passer\u00e0 di moda!<\/p>\n<p>Da sottolineare: unico e non prodotto in serie.<br \/>\nSpecifiche del portachiavi:<br \/>\nLunghezza della piastra in tessuto circa 4 pollici (10 cm).<br \/>\nLunghezza totale con anello circa 5 pollici (12 cm).<\/p>\n<p>&nbsp;<\/p>\n","protected":false},"excerpt":{"rendered":"<p>FTW portachiavi in tessuto<br \/>\nSe stai cercando un accessorio unico per la moto, questo <strong>portachiavi FTW<\/strong> in resistente tessuto \u00e8 l&#8217;opzione perfetta per distinguersi dalla massa.<br \/>\nPratico ed elegante, non perderai mai pi\u00f9 le tue chiavi.<br \/>\nE per di pi\u00f9, sarai notevolmente diverso dalla gente comune con il suo design unico e il messaggio &#8220;Forever Two Wheels&#8221;.<br \/>\nStile e comfort in tasca, e non sar\u00e0 difficile da sollevare!<\/p>\n","protected":false},"featured_media":248,"comment_status":"open","ping_status":"closed","template":"","meta":[],"product_brand":[],"product_cat":[126],"product_tag":[],"class_list":{"0":"post-698","1":"product","2":"type-product","3":"status-publish","4":"has-post-thumbnail","6":"product_cat-toppe-merchandising-moto","8":"first","9":"outofstock","10":"taxable","11":"shipping-taxable","12":"purchasable","13":"product-type-simple"},"yoast_head":"<!-- This site is optimized with the Yoast SEO plugin v26.1.1 - https:\/\/yoast.com\/wordpress\/plugins\/seo\/ -->\n<title>portachiavi FTW - Death Rider 1957<\/title>\n<meta name=\"description\" content=\"FTW portachiavi in tessuto. Portachiavi da moto. Controlla la nostra selezione di portachiavi in tessuto nel nostro negozio Death Rider.\" \/>\n<meta name=\"robots\" content=\"index, follow, max-snippet:-1, max-image-preview:large, max-video-preview:-1\" \/>\n<link rel=\"canonical\" href=\"https:\/\/www.deathrider.shop\/it\/portachiavi-ftw\/\" \/>\n<meta property=\"og:locale\" content=\"it_IT\" \/>\n<meta property=\"og:type\" content=\"article\" \/>\n<meta property=\"og:title\" content=\"portachiavi FTW - Death Rider 1957\" \/>\n<meta property=\"og:description\" content=\"FTW portachiavi in tessuto. Portachiavi da moto. Controlla la nostra selezione di portachiavi in tessuto nel nostro negozio Death Rider.\" \/>\n<meta property=\"og:url\" content=\"https:\/\/www.deathrider.shop\/it\/portachiavi-ftw\/\" \/>\n<meta property=\"og:site_name\" content=\"Death Rider 1957\" \/>\n<meta name=\"twitter:card\" content=\"summary_large_image\" \/>\n<meta name=\"twitter:label1\" content=\"Tempo di lettura stimato\" \/>\n\t<meta name=\"twitter:data1\" content=\"2 minuti\" \/>\n<script type=\"application\/ld+json\" class=\"yoast-schema-graph\">{\"@context\":\"https:\/\/schema.org\",\"@graph\":[{\"@type\":\"WebPage\",\"@id\":\"https:\/\/www.deathrider.shop\/it\/portachiavi-ftw\/\",\"url\":\"https:\/\/www.deathrider.shop\/it\/portachiavi-ftw\/\",\"name\":\"portachiavi FTW - Death Rider 1957\",\"isPartOf\":{\"@id\":\"https:\/\/www.deathrider.shop\/#website\"},\"primaryImageOfPage\":{\"@id\":\"https:\/\/www.deathrider.shop\/it\/portachiavi-ftw\/#primaryimage\"},\"image\":{\"@id\":\"https:\/\/www.deathrider.shop\/it\/portachiavi-ftw\/#primaryimage\"},\"thumbnailUrl\":\"https:\/\/www.deathrider.shop\/wp-content\/uploads\/2021\/02\/ftw-keychain-fabric.jpg\",\"datePublished\":\"2021-03-15T15:49:46+00:00\",\"description\":\"FTW portachiavi in tessuto. Portachiavi da moto. Controlla la nostra selezione di portachiavi in tessuto nel nostro negozio Death Rider.\",\"breadcrumb\":{\"@id\":\"https:\/\/www.deathrider.shop\/it\/portachiavi-ftw\/#breadcrumb\"},\"inLanguage\":\"it-IT\",\"potentialAction\":[{\"@type\":\"ReadAction\",\"target\":[\"https:\/\/www.deathrider.shop\/it\/portachiavi-ftw\/\"]}]},{\"@type\":\"ImageObject\",\"inLanguage\":\"it-IT\",\"@id\":\"https:\/\/www.deathrider.shop\/it\/portachiavi-ftw\/#primaryimage\",\"url\":\"https:\/\/www.deathrider.shop\/wp-content\/uploads\/2021\/02\/ftw-keychain-fabric.jpg\",\"contentUrl\":\"https:\/\/www.deathrider.shop\/wp-content\/uploads\/2021\/02\/ftw-keychain-fabric.jpg\",\"width\":1024,\"height\":1024,\"caption\":\"FTW - Keychain Fabric\"},{\"@type\":\"BreadcrumbList\",\"@id\":\"https:\/\/www.deathrider.shop\/it\/portachiavi-ftw\/#breadcrumb\",\"itemListElement\":[{\"@type\":\"ListItem\",\"position\":1,\"name\":\"Home\",\"item\":\"https:\/\/www.deathrider.shop\/it\/\"},{\"@type\":\"ListItem\",\"position\":2,\"name\":\"Shop\",\"item\":\"https:\/\/www.deathrider.shop\/shop\/\"},{\"@type\":\"ListItem\",\"position\":3,\"name\":\"Portachiavi &#8220;FTW&#8221; Death Rider\"}]},{\"@type\":\"WebSite\",\"@id\":\"https:\/\/www.deathrider.shop\/#website\",\"url\":\"https:\/\/www.deathrider.shop\/\",\"name\":\"Death Rider 1957\",\"description\":\"Urban &amp; Motorcycle &quot;Bad Ass&quot; apparel\",\"publisher\":{\"@id\":\"https:\/\/www.deathrider.shop\/#organization\"},\"potentialAction\":[{\"@type\":\"SearchAction\",\"target\":{\"@type\":\"EntryPoint\",\"urlTemplate\":\"https:\/\/www.deathrider.shop\/?s={search_term_string}\"},\"query-input\":{\"@type\":\"PropertyValueSpecification\",\"valueRequired\":true,\"valueName\":\"search_term_string\"}}],\"inLanguage\":\"it-IT\"},{\"@type\":\"Organization\",\"@id\":\"https:\/\/www.deathrider.shop\/#organization\",\"name\":\"Death Rider\",\"url\":\"https:\/\/www.deathrider.shop\/\",\"logo\":{\"@type\":\"ImageObject\",\"inLanguage\":\"it-IT\",\"@id\":\"https:\/\/www.deathrider.shop\/#\/schema\/logo\/image\/\",\"url\":\"\",\"contentUrl\":\"\",\"caption\":\"Death Rider\"},\"image\":{\"@id\":\"https:\/\/www.deathrider.shop\/#\/schema\/logo\/image\/\"}}]}<\/script>\n<!-- \/ Yoast SEO plugin. -->","yoast_head_json":{"title":"portachiavi FTW - Death Rider 1957","description":"FTW portachiavi in tessuto. Portachiavi da moto. Controlla la nostra selezione di portachiavi in tessuto nel nostro negozio Death Rider.","robots":{"index":"index","follow":"follow","max-snippet":"max-snippet:-1","max-image-preview":"max-image-preview:large","max-video-preview":"max-video-preview:-1"},"canonical":"https:\/\/www.deathrider.shop\/it\/portachiavi-ftw\/","og_locale":"it_IT","og_type":"article","og_title":"portachiavi FTW - Death Rider 1957","og_description":"FTW portachiavi in tessuto. Portachiavi da moto. Controlla la nostra selezione di portachiavi in tessuto nel nostro negozio Death Rider.","og_url":"https:\/\/www.deathrider.shop\/it\/portachiavi-ftw\/","og_site_name":"Death Rider 1957","twitter_card":"summary_large_image","twitter_misc":{"Tempo di lettura stimato":"2 minuti"},"schema":{"@context":"https:\/\/schema.org","@graph":[{"@type":"WebPage","@id":"https:\/\/www.deathrider.shop\/it\/portachiavi-ftw\/","url":"https:\/\/www.deathrider.shop\/it\/portachiavi-ftw\/","name":"portachiavi FTW - Death Rider 1957","isPartOf":{"@id":"https:\/\/www.deathrider.shop\/#website"},"primaryImageOfPage":{"@id":"https:\/\/www.deathrider.shop\/it\/portachiavi-ftw\/#primaryimage"},"image":{"@id":"https:\/\/www.deathrider.shop\/it\/portachiavi-ftw\/#primaryimage"},"thumbnailUrl":"https:\/\/www.deathrider.shop\/wp-content\/uploads\/2021\/02\/ftw-keychain-fabric.jpg","datePublished":"2021-03-15T15:49:46+00:00","description":"FTW portachiavi in tessuto. Portachiavi da moto. Controlla la nostra selezione di portachiavi in tessuto nel nostro negozio Death Rider.","breadcrumb":{"@id":"https:\/\/www.deathrider.shop\/it\/portachiavi-ftw\/#breadcrumb"},"inLanguage":"it-IT","potentialAction":[{"@type":"ReadAction","target":["https:\/\/www.deathrider.shop\/it\/portachiavi-ftw\/"]}]},{"@type":"ImageObject","inLanguage":"it-IT","@id":"https:\/\/www.deathrider.shop\/it\/portachiavi-ftw\/#primaryimage","url":"https:\/\/www.deathrider.shop\/wp-content\/uploads\/2021\/02\/ftw-keychain-fabric.jpg","contentUrl":"https:\/\/www.deathrider.shop\/wp-content\/uploads\/2021\/02\/ftw-keychain-fabric.jpg","width":1024,"height":1024,"caption":"FTW - Keychain Fabric"},{"@type":"BreadcrumbList","@id":"https:\/\/www.deathrider.shop\/it\/portachiavi-ftw\/#breadcrumb","itemListElement":[{"@type":"ListItem","position":1,"name":"Home","item":"https:\/\/www.deathrider.shop\/it\/"},{"@type":"ListItem","position":2,"name":"Shop","item":"https:\/\/www.deathrider.shop\/shop\/"},{"@type":"ListItem","position":3,"name":"Portachiavi &#8220;FTW&#8221; Death Rider"}]},{"@type":"WebSite","@id":"https:\/\/www.deathrider.shop\/#website","url":"https:\/\/www.deathrider.shop\/","name":"Death Rider 1957","description":"Urban &amp; Motorcycle &quot;Bad Ass&quot; apparel","publisher":{"@id":"https:\/\/www.deathrider.shop\/#organization"},"potentialAction":[{"@type":"SearchAction","target":{"@type":"EntryPoint","urlTemplate":"https:\/\/www.deathrider.shop\/?s={search_term_string}"},"query-input":{"@type":"PropertyValueSpecification","valueRequired":true,"valueName":"search_term_string"}}],"inLanguage":"it-IT"},{"@type":"Organization","@id":"https:\/\/www.deathrider.shop\/#organization","name":"Death Rider","url":"https:\/\/www.deathrider.shop\/","logo":{"@type":"ImageObject","inLanguage":"it-IT","@id":"https:\/\/www.deathrider.shop\/#\/schema\/logo\/image\/","url":"","contentUrl":"","caption":"Death Rider"},"image":{"@id":"https:\/\/www.deathrider.shop\/#\/schema\/logo\/image\/"}}]}},"_links":{"self":[{"href":"https:\/\/www.deathrider.shop\/it\/wp-json\/wp\/v2\/product\/698","targetHints":{"allow":["GET"]}}],"collection":[{"href":"https:\/\/www.deathrider.shop\/it\/wp-json\/wp\/v2\/product"}],"about":[{"href":"https:\/\/www.deathrider.shop\/it\/wp-json\/wp\/v2\/types\/product"}],"replies":[{"embeddable":true,"href":"https:\/\/www.deathrider.shop\/it\/wp-json\/wp\/v2\/comments?post=698"}],"wp:featuredmedia":[{"embeddable":true,"href":"https:\/\/www.deathrider.shop\/it\/wp-json\/wp\/v2\/media\/248"}],"wp:attachment":[{"href":"https:\/\/www.deathrider.shop\/it\/wp-json\/wp\/v2\/media?parent=698"}],"wp:term":[{"taxonomy":"product_brand","embeddable":true,"href":"https:\/\/www.deathrider.shop\/it\/wp-json\/wp\/v2\/product_brand?post=698"},{"taxonomy":"product_cat","embeddable":true,"href":"https:\/\/www.deathrider.shop\/it\/wp-json\/wp\/v2\/product_cat?post=698"},{"taxonomy":"product_tag","embeddable":true,"href":"https:\/\/www.deathrider.shop\/it\/wp-json\/wp\/v2\/product_tag?post=698"}],"curies":[{"name":"wp","href":"https:\/\/api.w.org\/{rel}","templated":true}]}}