{"id":701,"date":"2021-02-03T11:59:23","date_gmt":"2021-03-17T08:52:17","guid":{"rendered":"https:\/\/www.deathrider.shop\/?post_type=product&#038;p=701"},"modified":"2021-03-17T10:55:44","modified_gmt":"2021-03-17T09:55:44","slug":"portachiavi-pussy-magnet","status":"publish","type":"product","link":"https:\/\/www.deathrider.shop\/it\/portachiavi-pussy-magnet\/","title":{"rendered":"Portachiavi &#8220;Pussy Magnet&#8221; di Death Rider"},"content":{"rendered":"<h2>Portachiavi in tessuto Pussy Magnet<\/h2>\n<p>Con il <strong>portachiavi in tessuto Pussy Magnet<\/strong>, perdere le chiavi sar\u00e0 un incubo lontano. Questo robusto e pratico portachiavi pu\u00f2 essere facilmente attaccato alla tua cintura, all&#8217;attrezzatura e all&#8217;abbigliamento. Si tratta di un portachiavi duraturo che \u00e8 orgogliosamente prodotto in Europa. Lo realizziamo con un gancio di alta qualit\u00e0 da 1 pollice per un facile fissaggio alla tua cintura o all&#8217;equipaggiamento. Il <strong>portachiavi in tessuto Pussy Magnet<\/strong> \u00e8 un grande alleato per localizzare pi\u00f9 facilmente le tue cose importanti e le tue chiavi senza compromettere il tuo stile, anzi tutto il contrario!<\/p>\n<p>Senza dubbio, gli accessori che portiamo con noi parlano di noi. Ci sono infiniti modi per dire al mondo chi sei, e il nostro <strong>portachiavi Pussy Magnet<\/strong> fa il lavoro sporco, e lo fa egregiamente. La divertente scritta sulla tag line \u00e8 perfetta come originale regalo per i tuoi amici biker! In ogni modo, puoi usarlo per le chiavi della tua moto o semplicemente per prendere facilmente qualcosa di speciale. Inoltre, non graffia la vernice, il serbatoio o il cruscotto. Infatti, grazie alle sue dimensioni, il vento lo solleva, cos\u00ec potrai guidare senza preoccuparti che possa pendere e toccare il motore caldo. Da notare il ricamo, molto meticoloso e la trama del tessuto, che \u00e8 spesso e resistente.<br \/>\n\u00c8 molto elegante, solido e duraturo, con un anello di metallo piatto e un rivetto di metallo per la tua totale tranquillit\u00e0.<\/p>\n<h2>Perch\u00e9 i portachiavi sono un accessorio cos\u00ec comune?<\/h2>\n<p>Perch\u00e9 sono pratici, funzionali e parlano di te. Il loro rapporto qualit\u00e0-prezzo \u00e8 innegabile. Realizzato con materiali e cuciture di qualit\u00e0, se stai cercando qualcosa che possa facilmente identificare una chiave di una squadra, questo \u00e8 quello che fa per te! Il tessuto del <strong>portachiavi Pussy Magnet<\/strong> \u00e8 solido e ben fatto. Si distingue come un accessorio robusto, progettato per sopportare un trattamento poco delicato e una buona usura. Infatti, \u00e8 la soluzione perfetta e non ingombrante per rendere le tue chiavi pi\u00f9 facili da trovare e vedere ovunque. Inoltre, non si nota nemmeno in tasca, perch\u00e9 \u00e8 leggero e comodo da portare.<\/p>\n<p>Infine, ma non meno importante, mostra caratteristiche tradizionali della &#8220;vecchia scuola&#8221;, quindi puoi essere certo che il design non diventer\u00e0 obsoleto.<br \/>\nUnico e non prodotto in serie.<\/p>\n<h2>Specifiche:<\/h2>\n<p>Lunghezza della fascetta di tessuto circa 5 cm.<br \/>\nLunghezza totale con anello circa 6 cm.<\/p>\n","protected":false},"excerpt":{"rendered":"<p><strong>Portachiavi in tessuto Pussy Magnet<\/strong>.<br \/>\nCome parte dei nostri accessori moto unici, questo <strong>portachiavi in tessuto Pussy Magnet<\/strong> \u00e8 la scelta perfetta per comodit\u00e0 e stile.<br \/>\nPratico ed elegante, non perderai mai pi\u00f9 le tue chiavi.<br \/>\nInoltre, ti distinguerai dalla massa con il suo design esclusivo e il suo messaggio unico.<\/p>\n","protected":false},"featured_media":245,"comment_status":"open","ping_status":"closed","template":"","meta":[],"product_brand":[],"product_cat":[126],"product_tag":[],"class_list":{"0":"post-701","1":"product","2":"type-product","3":"status-publish","4":"has-post-thumbnail","6":"product_cat-toppe-merchandising-moto","8":"first","9":"outofstock","10":"taxable","11":"shipping-taxable","12":"purchasable","13":"product-type-simple"},"yoast_head":"<!-- This site is optimized with the Yoast SEO plugin v26.1.1 - https:\/\/yoast.com\/wordpress\/plugins\/seo\/ -->\n<title>Portachiavi Pussy Magnet - Death Rider 1957<\/title>\n<meta name=\"description\" content=\"Portachiavi Pussy Magnet. Dai un&#039;occhiata alla nostra selezione di eleganti portachiavi nel negozio Death Rider - il tuo regalo perfetto!\" \/>\n<meta name=\"robots\" content=\"index, follow, max-snippet:-1, max-image-preview:large, max-video-preview:-1\" \/>\n<link rel=\"canonical\" href=\"https:\/\/www.deathrider.shop\/it\/portachiavi-pussy-magnet\/\" \/>\n<meta property=\"og:locale\" content=\"it_IT\" \/>\n<meta property=\"og:type\" content=\"article\" \/>\n<meta property=\"og:title\" content=\"Portachiavi Pussy Magnet - Death Rider 1957\" \/>\n<meta property=\"og:description\" content=\"Portachiavi Pussy Magnet. Dai un&#039;occhiata alla nostra selezione di eleganti portachiavi nel negozio Death Rider - il tuo regalo perfetto!\" \/>\n<meta property=\"og:url\" content=\"https:\/\/www.deathrider.shop\/it\/portachiavi-pussy-magnet\/\" \/>\n<meta property=\"og:site_name\" content=\"Death Rider 1957\" \/>\n<meta property=\"article:modified_time\" content=\"2021-03-17T09:55:44+00:00\" \/>\n<meta name=\"twitter:card\" content=\"summary_large_image\" \/>\n<meta name=\"twitter:label1\" content=\"Tempo di lettura stimato\" \/>\n\t<meta name=\"twitter:data1\" content=\"2 minuti\" \/>\n<script type=\"application\/ld+json\" class=\"yoast-schema-graph\">{\"@context\":\"https:\/\/schema.org\",\"@graph\":[{\"@type\":\"WebPage\",\"@id\":\"https:\/\/www.deathrider.shop\/it\/portachiavi-pussy-magnet\/\",\"url\":\"https:\/\/www.deathrider.shop\/it\/portachiavi-pussy-magnet\/\",\"name\":\"Portachiavi Pussy Magnet - Death Rider 1957\",\"isPartOf\":{\"@id\":\"https:\/\/www.deathrider.shop\/#website\"},\"primaryImageOfPage\":{\"@id\":\"https:\/\/www.deathrider.shop\/it\/portachiavi-pussy-magnet\/#primaryimage\"},\"image\":{\"@id\":\"https:\/\/www.deathrider.shop\/it\/portachiavi-pussy-magnet\/#primaryimage\"},\"thumbnailUrl\":\"https:\/\/www.deathrider.shop\/wp-content\/uploads\/2021\/02\/pussy-magnet-keychain-fabric.jpg\",\"datePublished\":\"2021-03-17T08:52:17+00:00\",\"dateModified\":\"2021-03-17T09:55:44+00:00\",\"description\":\"Portachiavi Pussy Magnet. Dai un'occhiata alla nostra selezione di eleganti portachiavi nel negozio Death Rider - il tuo regalo perfetto!\",\"breadcrumb\":{\"@id\":\"https:\/\/www.deathrider.shop\/it\/portachiavi-pussy-magnet\/#breadcrumb\"},\"inLanguage\":\"it-IT\",\"potentialAction\":[{\"@type\":\"ReadAction\",\"target\":[\"https:\/\/www.deathrider.shop\/it\/portachiavi-pussy-magnet\/\"]}]},{\"@type\":\"ImageObject\",\"inLanguage\":\"it-IT\",\"@id\":\"https:\/\/www.deathrider.shop\/it\/portachiavi-pussy-magnet\/#primaryimage\",\"url\":\"https:\/\/www.deathrider.shop\/wp-content\/uploads\/2021\/02\/pussy-magnet-keychain-fabric.jpg\",\"contentUrl\":\"https:\/\/www.deathrider.shop\/wp-content\/uploads\/2021\/02\/pussy-magnet-keychain-fabric.jpg\",\"width\":1024,\"height\":1024,\"caption\":\"Pussy Magnet - Keychain Fabric\"},{\"@type\":\"BreadcrumbList\",\"@id\":\"https:\/\/www.deathrider.shop\/it\/portachiavi-pussy-magnet\/#breadcrumb\",\"itemListElement\":[{\"@type\":\"ListItem\",\"position\":1,\"name\":\"Home\",\"item\":\"https:\/\/www.deathrider.shop\/it\/\"},{\"@type\":\"ListItem\",\"position\":2,\"name\":\"Shop\",\"item\":\"https:\/\/www.deathrider.shop\/shop\/\"},{\"@type\":\"ListItem\",\"position\":3,\"name\":\"Portachiavi &#8220;Pussy Magnet&#8221; di Death Rider\"}]},{\"@type\":\"WebSite\",\"@id\":\"https:\/\/www.deathrider.shop\/#website\",\"url\":\"https:\/\/www.deathrider.shop\/\",\"name\":\"Death Rider 1957\",\"description\":\"Urban &amp; Motorcycle &quot;Bad Ass&quot; apparel\",\"publisher\":{\"@id\":\"https:\/\/www.deathrider.shop\/#organization\"},\"potentialAction\":[{\"@type\":\"SearchAction\",\"target\":{\"@type\":\"EntryPoint\",\"urlTemplate\":\"https:\/\/www.deathrider.shop\/?s={search_term_string}\"},\"query-input\":{\"@type\":\"PropertyValueSpecification\",\"valueRequired\":true,\"valueName\":\"search_term_string\"}}],\"inLanguage\":\"it-IT\"},{\"@type\":\"Organization\",\"@id\":\"https:\/\/www.deathrider.shop\/#organization\",\"name\":\"Death Rider\",\"url\":\"https:\/\/www.deathrider.shop\/\",\"logo\":{\"@type\":\"ImageObject\",\"inLanguage\":\"it-IT\",\"@id\":\"https:\/\/www.deathrider.shop\/#\/schema\/logo\/image\/\",\"url\":\"\",\"contentUrl\":\"\",\"caption\":\"Death Rider\"},\"image\":{\"@id\":\"https:\/\/www.deathrider.shop\/#\/schema\/logo\/image\/\"}}]}<\/script>\n<!-- \/ Yoast SEO plugin. -->","yoast_head_json":{"title":"Portachiavi Pussy Magnet - Death Rider 1957","description":"Portachiavi Pussy Magnet. Dai un'occhiata alla nostra selezione di eleganti portachiavi nel negozio Death Rider - il tuo regalo perfetto!","robots":{"index":"index","follow":"follow","max-snippet":"max-snippet:-1","max-image-preview":"max-image-preview:large","max-video-preview":"max-video-preview:-1"},"canonical":"https:\/\/www.deathrider.shop\/it\/portachiavi-pussy-magnet\/","og_locale":"it_IT","og_type":"article","og_title":"Portachiavi Pussy Magnet - Death Rider 1957","og_description":"Portachiavi Pussy Magnet. Dai un'occhiata alla nostra selezione di eleganti portachiavi nel negozio Death Rider - il tuo regalo perfetto!","og_url":"https:\/\/www.deathrider.shop\/it\/portachiavi-pussy-magnet\/","og_site_name":"Death Rider 1957","article_modified_time":"2021-03-17T09:55:44+00:00","twitter_card":"summary_large_image","twitter_misc":{"Tempo di lettura stimato":"2 minuti"},"schema":{"@context":"https:\/\/schema.org","@graph":[{"@type":"WebPage","@id":"https:\/\/www.deathrider.shop\/it\/portachiavi-pussy-magnet\/","url":"https:\/\/www.deathrider.shop\/it\/portachiavi-pussy-magnet\/","name":"Portachiavi Pussy Magnet - Death Rider 1957","isPartOf":{"@id":"https:\/\/www.deathrider.shop\/#website"},"primaryImageOfPage":{"@id":"https:\/\/www.deathrider.shop\/it\/portachiavi-pussy-magnet\/#primaryimage"},"image":{"@id":"https:\/\/www.deathrider.shop\/it\/portachiavi-pussy-magnet\/#primaryimage"},"thumbnailUrl":"https:\/\/www.deathrider.shop\/wp-content\/uploads\/2021\/02\/pussy-magnet-keychain-fabric.jpg","datePublished":"2021-03-17T08:52:17+00:00","dateModified":"2021-03-17T09:55:44+00:00","description":"Portachiavi Pussy Magnet. Dai un'occhiata alla nostra selezione di eleganti portachiavi nel negozio Death Rider - il tuo regalo perfetto!","breadcrumb":{"@id":"https:\/\/www.deathrider.shop\/it\/portachiavi-pussy-magnet\/#breadcrumb"},"inLanguage":"it-IT","potentialAction":[{"@type":"ReadAction","target":["https:\/\/www.deathrider.shop\/it\/portachiavi-pussy-magnet\/"]}]},{"@type":"ImageObject","inLanguage":"it-IT","@id":"https:\/\/www.deathrider.shop\/it\/portachiavi-pussy-magnet\/#primaryimage","url":"https:\/\/www.deathrider.shop\/wp-content\/uploads\/2021\/02\/pussy-magnet-keychain-fabric.jpg","contentUrl":"https:\/\/www.deathrider.shop\/wp-content\/uploads\/2021\/02\/pussy-magnet-keychain-fabric.jpg","width":1024,"height":1024,"caption":"Pussy Magnet - Keychain Fabric"},{"@type":"BreadcrumbList","@id":"https:\/\/www.deathrider.shop\/it\/portachiavi-pussy-magnet\/#breadcrumb","itemListElement":[{"@type":"ListItem","position":1,"name":"Home","item":"https:\/\/www.deathrider.shop\/it\/"},{"@type":"ListItem","position":2,"name":"Shop","item":"https:\/\/www.deathrider.shop\/shop\/"},{"@type":"ListItem","position":3,"name":"Portachiavi &#8220;Pussy Magnet&#8221; di Death Rider"}]},{"@type":"WebSite","@id":"https:\/\/www.deathrider.shop\/#website","url":"https:\/\/www.deathrider.shop\/","name":"Death Rider 1957","description":"Urban &amp; Motorcycle &quot;Bad Ass&quot; apparel","publisher":{"@id":"https:\/\/www.deathrider.shop\/#organization"},"potentialAction":[{"@type":"SearchAction","target":{"@type":"EntryPoint","urlTemplate":"https:\/\/www.deathrider.shop\/?s={search_term_string}"},"query-input":{"@type":"PropertyValueSpecification","valueRequired":true,"valueName":"search_term_string"}}],"inLanguage":"it-IT"},{"@type":"Organization","@id":"https:\/\/www.deathrider.shop\/#organization","name":"Death Rider","url":"https:\/\/www.deathrider.shop\/","logo":{"@type":"ImageObject","inLanguage":"it-IT","@id":"https:\/\/www.deathrider.shop\/#\/schema\/logo\/image\/","url":"","contentUrl":"","caption":"Death Rider"},"image":{"@id":"https:\/\/www.deathrider.shop\/#\/schema\/logo\/image\/"}}]}},"_links":{"self":[{"href":"https:\/\/www.deathrider.shop\/it\/wp-json\/wp\/v2\/product\/701","targetHints":{"allow":["GET"]}}],"collection":[{"href":"https:\/\/www.deathrider.shop\/it\/wp-json\/wp\/v2\/product"}],"about":[{"href":"https:\/\/www.deathrider.shop\/it\/wp-json\/wp\/v2\/types\/product"}],"replies":[{"embeddable":true,"href":"https:\/\/www.deathrider.shop\/it\/wp-json\/wp\/v2\/comments?post=701"}],"wp:featuredmedia":[{"embeddable":true,"href":"https:\/\/www.deathrider.shop\/it\/wp-json\/wp\/v2\/media\/245"}],"wp:attachment":[{"href":"https:\/\/www.deathrider.shop\/it\/wp-json\/wp\/v2\/media?parent=701"}],"wp:term":[{"taxonomy":"product_brand","embeddable":true,"href":"https:\/\/www.deathrider.shop\/it\/wp-json\/wp\/v2\/product_brand?post=701"},{"taxonomy":"product_cat","embeddable":true,"href":"https:\/\/www.deathrider.shop\/it\/wp-json\/wp\/v2\/product_cat?post=701"},{"taxonomy":"product_tag","embeddable":true,"href":"https:\/\/www.deathrider.shop\/it\/wp-json\/wp\/v2\/product_tag?post=701"}],"curies":[{"name":"wp","href":"https:\/\/api.w.org\/{rel}","templated":true}]}}