{"id":707,"date":"2021-02-03T12:15:14","date_gmt":"2021-03-25T08:02:32","guid":{"rendered":"https:\/\/www.deathrider.shop\/?post_type=product&#038;p=707"},"modified":"2021-03-25T09:05:15","modified_gmt":"2021-03-25T08:05:15","slug":"portachiavi-ride-or-die","status":"publish","type":"product","link":"https:\/\/www.deathrider.shop\/it\/portachiavi-ride-or-die\/","title":{"rendered":"Portachiavi &#8220;Ride or Die&#8221; Death Rider\u00a0"},"content":{"rendered":"<h2>I piccoli grandi dettagli<\/h2>\n<p>Sicurezza e comfort garantiti con il nostro <strong>Portachiavi Ride or Die di Death Rider<\/strong>, in tessuto, il portachiavi che fa la differenza.\u00a0Non c&#8217;\u00e8 dubbio, sono sempre i dettagli a fare la differenza, anche in questo caso. Puoi identificare immediatamente un vero biker. Che sia a piedi, in bicicletta o alla guida di un&#8217;auto. Un vero biker porta sempre con s\u00e9 un piccolo segno distintivo, un amuleto, un oggetto da regalare o da ricevere. Con il <strong>Portachiavi Ride or Die di Death Rider<\/strong>\u00a0in tessuto avrai la garanzia di una sicurezza e di uno stile senza uguali. E, in pi\u00f9, si adatta bene alle tue tasche senza ingombrare e permette di afferrare facilmente il tuo set di chiavi, anche indossando i guanti.<\/p>\n<h2>Identifica tutto<\/h2>\n<p>\u00c8 possibile fissare questo pratico\u00a0portachiavi agganciandolo alla cintura, agli accessori o allo zaino. In primo luogo, questo resistente portachiavi \u00e8 orgogliosamente prodotto in Europa. Il gancio di alta qualit\u00e0 da 1 pollice \u00e8 ideale per attaccarlo facilmente alla cintura o all&#8217;equipaggiamento.<br \/>\nRealizzato con materiale e cuciture di qualit\u00e0, se stai cercando qualcosa che possa facilmente identificare una chiave, eccoti servito! Il portachiavi \u00e8 solido e ben fatto. Si tratta di un articolo robusto, progettato per resistere al trattamento pi\u00f9 duro. Sopporta bene l&#8217;usura e questo \u00e8 un particolare non da poco. Si tratta della perfetta soluzione non ingombrante per rendere le chiavi pi\u00f9 facili da trovare e vedere. Per di pi\u00f9, non si nota nemmeno in tasca.<\/p>\n<h2>Portachiavi Ride or Die Death Rider<\/h2>\n<p>Apprezzerai la divertente scritta sulla targhetta. Dopo tutto, tutti noi vogliamo essere popolari con i nostri accessori per la moto.<strong> &#8220;Ride or Die&#8221;<\/strong> ha indubbiamente conquistato il cuore dei motociclisti. E noi ne siamo orgogliosi. E, naturalmente, orgogliosi che tu lo faccia vedere al mondo. Dopo tutto, puoi usarli per le chiavi della moto o semplicemente per prendere facilmente qualcosa di speciale. Bonus aggiunto, non graffiano la vernice, il serbatoio o il cruscotto.<\/p>\n<p>Grazie alle sue dimensioni, durante la guida il vento lo fa volare, quindi puoi guidare senza preoccuparti che possa penzolare e magari toccare il motore caldo o qualcosa di simile. Da sottolineare il ricamo, che \u00e8 accurato e il tessuto, spesso e resistente.<br \/>\n\u00c8 molto elegante, forte e durevole, dotato di un anello piatto di metallo e un rivetto di metallo per il tuo completo relax.<br \/>\nUltimo ma non meno importante, mostra caratteristiche tradizionali &#8220;old-school&#8221;, quindi puoi stare tranquillo, il disegno non passer\u00e0 di moda!!!<\/p>\n<p>Da sottolineare: unico e non prodotto in serie.<br \/>\nSpecifiche del portachiavi:<br \/>\nLunghezza della piastra in tessuto circa 4 pollici ( 10 cm).<br \/>\nLunghezza totale con anello circa 5 pollici (12 cm).<\/p>\n<p>&nbsp;<\/p>\n","protected":false},"excerpt":{"rendered":"<p>Tu e la tua moto meritate il meglio. Con questo <strong>Portachiavi Ride or Die di Death Rider <\/strong>in tessuto potrete assicurare le vostre chiavi e dimenticare di perdere le chiavi.<br \/>\nIl Portachiavi &#8220;Ride or Die&#8221; Death Rider\u00a0&#8211; Tessuto, non lascer\u00e0 graffi perch\u00e9 \u00e8 morbido, leggero e flessibile.<br \/>\nAllo stesso tempo, \u00e8 anche molto resistente all&#8217;usura e anche lavabile in lavatrice, per un look sempre nuovo.<br \/>\nTutti i nostri portachiavi si adattano bene alle vostre tasche senza ingombrare e rendono pi\u00f9 facile afferrare il vostro portachiavi, anche indossando i guanti.<br \/>\nTutti i nostri portachiavi si adattano bene alle vostre tasche senza ingombrare e rendono pi\u00f9 facile afferrare il vostro portachiavi, anche indossando i guanti.<\/p>\n","protected":false},"featured_media":258,"comment_status":"open","ping_status":"closed","template":"","meta":[],"product_brand":[],"product_cat":[126],"product_tag":[],"class_list":{"0":"post-707","1":"product","2":"type-product","3":"status-publish","4":"has-post-thumbnail","6":"product_cat-toppe-merchandising-moto","8":"first","9":"outofstock","10":"taxable","11":"shipping-taxable","12":"purchasable","13":"product-type-simple"},"yoast_head":"<!-- This site is optimized with the Yoast SEO plugin v26.1.1 - https:\/\/yoast.com\/wordpress\/plugins\/seo\/ -->\n<title>Portachiavi &quot;Ride or Die&quot; - Death Rider 1957<\/title>\n<meta name=\"description\" content=\"Portachiavi &quot;Ride or Die&quot;\u00a0- Tessuto, selezione unica di portachiavi in tessuto. Ampia gamma di accessori nel nostro Death Rider Store.\" \/>\n<meta name=\"robots\" content=\"index, follow, max-snippet:-1, max-image-preview:large, max-video-preview:-1\" \/>\n<link rel=\"canonical\" href=\"https:\/\/www.deathrider.shop\/it\/portachiavi-ride-or-die\/\" \/>\n<meta property=\"og:locale\" content=\"it_IT\" \/>\n<meta property=\"og:type\" content=\"article\" \/>\n<meta property=\"og:title\" content=\"Portachiavi &quot;Ride or Die&quot; - Death Rider 1957\" \/>\n<meta property=\"og:description\" content=\"Portachiavi &quot;Ride or Die&quot;\u00a0- Tessuto, selezione unica di portachiavi in tessuto. Ampia gamma di accessori nel nostro Death Rider Store.\" \/>\n<meta property=\"og:url\" content=\"https:\/\/www.deathrider.shop\/it\/portachiavi-ride-or-die\/\" \/>\n<meta property=\"og:site_name\" content=\"Death Rider 1957\" \/>\n<meta property=\"article:modified_time\" content=\"2021-03-25T08:05:15+00:00\" \/>\n<meta name=\"twitter:card\" content=\"summary_large_image\" \/>\n<meta name=\"twitter:label1\" content=\"Tempo di lettura stimato\" \/>\n\t<meta name=\"twitter:data1\" content=\"2 minuti\" \/>\n<script type=\"application\/ld+json\" class=\"yoast-schema-graph\">{\"@context\":\"https:\/\/schema.org\",\"@graph\":[{\"@type\":\"WebPage\",\"@id\":\"https:\/\/www.deathrider.shop\/it\/portachiavi-ride-or-die\/\",\"url\":\"https:\/\/www.deathrider.shop\/it\/portachiavi-ride-or-die\/\",\"name\":\"Portachiavi \\\"Ride or Die\\\" - Death Rider 1957\",\"isPartOf\":{\"@id\":\"https:\/\/www.deathrider.shop\/#website\"},\"primaryImageOfPage\":{\"@id\":\"https:\/\/www.deathrider.shop\/it\/portachiavi-ride-or-die\/#primaryimage\"},\"image\":{\"@id\":\"https:\/\/www.deathrider.shop\/it\/portachiavi-ride-or-die\/#primaryimage\"},\"thumbnailUrl\":\"https:\/\/www.deathrider.shop\/wp-content\/uploads\/2021\/02\/ride-or-die-keychain-fabric.jpg\",\"datePublished\":\"2021-03-25T08:02:32+00:00\",\"dateModified\":\"2021-03-25T08:05:15+00:00\",\"description\":\"Portachiavi \\\"Ride or Die\\\"\u00a0- Tessuto, selezione unica di portachiavi in tessuto. Ampia gamma di accessori nel nostro Death Rider Store.\",\"breadcrumb\":{\"@id\":\"https:\/\/www.deathrider.shop\/it\/portachiavi-ride-or-die\/#breadcrumb\"},\"inLanguage\":\"it-IT\",\"potentialAction\":[{\"@type\":\"ReadAction\",\"target\":[\"https:\/\/www.deathrider.shop\/it\/portachiavi-ride-or-die\/\"]}]},{\"@type\":\"ImageObject\",\"inLanguage\":\"it-IT\",\"@id\":\"https:\/\/www.deathrider.shop\/it\/portachiavi-ride-or-die\/#primaryimage\",\"url\":\"https:\/\/www.deathrider.shop\/wp-content\/uploads\/2021\/02\/ride-or-die-keychain-fabric.jpg\",\"contentUrl\":\"https:\/\/www.deathrider.shop\/wp-content\/uploads\/2021\/02\/ride-or-die-keychain-fabric.jpg\",\"width\":1024,\"height\":1024,\"caption\":\"Ride or Die Keychain - Fabric\"},{\"@type\":\"BreadcrumbList\",\"@id\":\"https:\/\/www.deathrider.shop\/it\/portachiavi-ride-or-die\/#breadcrumb\",\"itemListElement\":[{\"@type\":\"ListItem\",\"position\":1,\"name\":\"Home\",\"item\":\"https:\/\/www.deathrider.shop\/it\/\"},{\"@type\":\"ListItem\",\"position\":2,\"name\":\"Shop\",\"item\":\"https:\/\/www.deathrider.shop\/shop\/\"},{\"@type\":\"ListItem\",\"position\":3,\"name\":\"Portachiavi &#8220;Ride or Die&#8221; Death Rider\u00a0\"}]},{\"@type\":\"WebSite\",\"@id\":\"https:\/\/www.deathrider.shop\/#website\",\"url\":\"https:\/\/www.deathrider.shop\/\",\"name\":\"Death Rider 1957\",\"description\":\"Urban &amp; Motorcycle &quot;Bad Ass&quot; apparel\",\"publisher\":{\"@id\":\"https:\/\/www.deathrider.shop\/#organization\"},\"potentialAction\":[{\"@type\":\"SearchAction\",\"target\":{\"@type\":\"EntryPoint\",\"urlTemplate\":\"https:\/\/www.deathrider.shop\/?s={search_term_string}\"},\"query-input\":{\"@type\":\"PropertyValueSpecification\",\"valueRequired\":true,\"valueName\":\"search_term_string\"}}],\"inLanguage\":\"it-IT\"},{\"@type\":\"Organization\",\"@id\":\"https:\/\/www.deathrider.shop\/#organization\",\"name\":\"Death Rider\",\"url\":\"https:\/\/www.deathrider.shop\/\",\"logo\":{\"@type\":\"ImageObject\",\"inLanguage\":\"it-IT\",\"@id\":\"https:\/\/www.deathrider.shop\/#\/schema\/logo\/image\/\",\"url\":\"\",\"contentUrl\":\"\",\"caption\":\"Death Rider\"},\"image\":{\"@id\":\"https:\/\/www.deathrider.shop\/#\/schema\/logo\/image\/\"}}]}<\/script>\n<!-- \/ Yoast SEO plugin. -->","yoast_head_json":{"title":"Portachiavi \"Ride or Die\" - Death Rider 1957","description":"Portachiavi \"Ride or Die\"\u00a0- Tessuto, selezione unica di portachiavi in tessuto. Ampia gamma di accessori nel nostro Death Rider Store.","robots":{"index":"index","follow":"follow","max-snippet":"max-snippet:-1","max-image-preview":"max-image-preview:large","max-video-preview":"max-video-preview:-1"},"canonical":"https:\/\/www.deathrider.shop\/it\/portachiavi-ride-or-die\/","og_locale":"it_IT","og_type":"article","og_title":"Portachiavi \"Ride or Die\" - Death Rider 1957","og_description":"Portachiavi \"Ride or Die\"\u00a0- Tessuto, selezione unica di portachiavi in tessuto. Ampia gamma di accessori nel nostro Death Rider Store.","og_url":"https:\/\/www.deathrider.shop\/it\/portachiavi-ride-or-die\/","og_site_name":"Death Rider 1957","article_modified_time":"2021-03-25T08:05:15+00:00","twitter_card":"summary_large_image","twitter_misc":{"Tempo di lettura stimato":"2 minuti"},"schema":{"@context":"https:\/\/schema.org","@graph":[{"@type":"WebPage","@id":"https:\/\/www.deathrider.shop\/it\/portachiavi-ride-or-die\/","url":"https:\/\/www.deathrider.shop\/it\/portachiavi-ride-or-die\/","name":"Portachiavi \"Ride or Die\" - Death Rider 1957","isPartOf":{"@id":"https:\/\/www.deathrider.shop\/#website"},"primaryImageOfPage":{"@id":"https:\/\/www.deathrider.shop\/it\/portachiavi-ride-or-die\/#primaryimage"},"image":{"@id":"https:\/\/www.deathrider.shop\/it\/portachiavi-ride-or-die\/#primaryimage"},"thumbnailUrl":"https:\/\/www.deathrider.shop\/wp-content\/uploads\/2021\/02\/ride-or-die-keychain-fabric.jpg","datePublished":"2021-03-25T08:02:32+00:00","dateModified":"2021-03-25T08:05:15+00:00","description":"Portachiavi \"Ride or Die\"\u00a0- Tessuto, selezione unica di portachiavi in tessuto. Ampia gamma di accessori nel nostro Death Rider Store.","breadcrumb":{"@id":"https:\/\/www.deathrider.shop\/it\/portachiavi-ride-or-die\/#breadcrumb"},"inLanguage":"it-IT","potentialAction":[{"@type":"ReadAction","target":["https:\/\/www.deathrider.shop\/it\/portachiavi-ride-or-die\/"]}]},{"@type":"ImageObject","inLanguage":"it-IT","@id":"https:\/\/www.deathrider.shop\/it\/portachiavi-ride-or-die\/#primaryimage","url":"https:\/\/www.deathrider.shop\/wp-content\/uploads\/2021\/02\/ride-or-die-keychain-fabric.jpg","contentUrl":"https:\/\/www.deathrider.shop\/wp-content\/uploads\/2021\/02\/ride-or-die-keychain-fabric.jpg","width":1024,"height":1024,"caption":"Ride or Die Keychain - Fabric"},{"@type":"BreadcrumbList","@id":"https:\/\/www.deathrider.shop\/it\/portachiavi-ride-or-die\/#breadcrumb","itemListElement":[{"@type":"ListItem","position":1,"name":"Home","item":"https:\/\/www.deathrider.shop\/it\/"},{"@type":"ListItem","position":2,"name":"Shop","item":"https:\/\/www.deathrider.shop\/shop\/"},{"@type":"ListItem","position":3,"name":"Portachiavi &#8220;Ride or Die&#8221; Death Rider\u00a0"}]},{"@type":"WebSite","@id":"https:\/\/www.deathrider.shop\/#website","url":"https:\/\/www.deathrider.shop\/","name":"Death Rider 1957","description":"Urban &amp; Motorcycle &quot;Bad Ass&quot; apparel","publisher":{"@id":"https:\/\/www.deathrider.shop\/#organization"},"potentialAction":[{"@type":"SearchAction","target":{"@type":"EntryPoint","urlTemplate":"https:\/\/www.deathrider.shop\/?s={search_term_string}"},"query-input":{"@type":"PropertyValueSpecification","valueRequired":true,"valueName":"search_term_string"}}],"inLanguage":"it-IT"},{"@type":"Organization","@id":"https:\/\/www.deathrider.shop\/#organization","name":"Death Rider","url":"https:\/\/www.deathrider.shop\/","logo":{"@type":"ImageObject","inLanguage":"it-IT","@id":"https:\/\/www.deathrider.shop\/#\/schema\/logo\/image\/","url":"","contentUrl":"","caption":"Death Rider"},"image":{"@id":"https:\/\/www.deathrider.shop\/#\/schema\/logo\/image\/"}}]}},"_links":{"self":[{"href":"https:\/\/www.deathrider.shop\/it\/wp-json\/wp\/v2\/product\/707","targetHints":{"allow":["GET"]}}],"collection":[{"href":"https:\/\/www.deathrider.shop\/it\/wp-json\/wp\/v2\/product"}],"about":[{"href":"https:\/\/www.deathrider.shop\/it\/wp-json\/wp\/v2\/types\/product"}],"replies":[{"embeddable":true,"href":"https:\/\/www.deathrider.shop\/it\/wp-json\/wp\/v2\/comments?post=707"}],"wp:featuredmedia":[{"embeddable":true,"href":"https:\/\/www.deathrider.shop\/it\/wp-json\/wp\/v2\/media\/258"}],"wp:attachment":[{"href":"https:\/\/www.deathrider.shop\/it\/wp-json\/wp\/v2\/media?parent=707"}],"wp:term":[{"taxonomy":"product_brand","embeddable":true,"href":"https:\/\/www.deathrider.shop\/it\/wp-json\/wp\/v2\/product_brand?post=707"},{"taxonomy":"product_cat","embeddable":true,"href":"https:\/\/www.deathrider.shop\/it\/wp-json\/wp\/v2\/product_cat?post=707"},{"taxonomy":"product_tag","embeddable":true,"href":"https:\/\/www.deathrider.shop\/it\/wp-json\/wp\/v2\/product_tag?post=707"}],"curies":[{"name":"wp","href":"https:\/\/api.w.org\/{rel}","templated":true}]}}