{"id":713,"date":"2021-02-03T12:10:38","date_gmt":"2021-03-29T08:25:17","guid":{"rendered":"https:\/\/www.deathrider.shop\/?post_type=product&#038;p=713"},"modified":"2021-03-29T10:25:17","modified_gmt":"2021-03-29T08:25:17","slug":"portachiavi-loud-pipes-save-lives","status":"publish","type":"product","link":"https:\/\/www.deathrider.shop\/it\/portachiavi-loud-pipes-save-lives\/","title":{"rendered":"Portachiavi &#8220;Loud Pipes Save Lives&#8221; Death Rider"},"content":{"rendered":"<h2>Portachiavi &#8220;Loud Pipes Save Lives&#8221; Death Rider<\/h2>\n<p>\u00c8 innegabile, gli accessori che portiamo con noi parlano di noi. Ci sono infiniti modi per dire al mondo chi sei, e il nostro Portachiavi in tessuto &#8220;Loud Pipes Save Lives&#8221; di Death Rider svolge il compito in modo esemplare! La frase divertente sull&#8217;etichetta \u00e8 perfetta per un regalo sfacciato ai tuoi amici pi\u00f9 tosti! In ogni caso, puoi usarlo per le chiavi della moto o semplicemente per prendere facilmente qualcosa di speciale. Bonus extra, non graffia la vernice, il serbatoio o il cruscotto della moto. In effetti, grazie alle sue dimensioni, il vento lo fa soffiare cos\u00ec puoi guidare senza curarti che possa pendere e toccare il motore caldo o qualcosa di simile. Da sottolineare il ricamo, che \u00e8 accurato e il tessuto, spesso e resistente.<\/p>\n<p>Adorna le tue chiavi con questo elegante portachiavi in tessuto &#8220;Loud Pipes Save Lives&#8221; di Death Rider. Il portachiavi ha un design originale ed \u00e8 un modo elegante per tenere in ordine le tue chiavi. Questo resistente portachiavi \u00e8 prodotto con orgoglio in Europa. Il Portachiavi per moto &#8220;Loud Pipes Save Lives&#8221; di Death Rider \u00e8 realizzato con un gancio di alta qualit\u00e0 per un facile fissaggio alla cintura o alle tue attrezzature. Pertanto, \u00e8 il regalo perfetto per i vostri amici. Ideale per tenere le chiavi al sicuro e ben organizzate.<\/p>\n<h2>Perch\u00e9 i portachiavi sono accessori cos\u00ec comuni?<\/h2>\n<p>Perch\u00e9 sono pratici, funzionali e parlano di te. Il loro rapporto qualit\u00e0-prezzo \u00e8 innegabile. Sono prodotti con materiale e cuciture di qualit\u00e0, se stai cercando qualcosa che possa facilmente identificare una chiave per un componente dell&#8217;equipaggiamento, eccoti servito! Il portachiavi &#8220;Loud Pipes Save Lives&#8221; in tessuto \u00e8 solido e ben fatto. Si distingue per essere un oggetto robusto, progettato per resistere al trattamento pi\u00f9 duro. Uno degli elementi distintivi \u00e8 la grande capacit\u00e0 di resistere all&#8217;usura. In realt\u00e0, \u00e8 la soluzione perfetta e non ingombrante per rendere le chiavi pi\u00f9 facili da trovare e vedere ovunque tu sia. Oltretutto, non si nota nemmeno in tasca perch\u00e9 \u00e8 leggero e comodo da portare con te.<\/p>\n<p>Per ultimo, ma non meno importante, presenta caratteristiche tradizionali della vecchia scuola, quindi puoi stare tranquillo\/a che il design non passer\u00e0 di moda!<br \/>\nUnico e non prodotto in serie.<br \/>\nSpecifiche:<br \/>\nLunghezza della piastra in tessuto circa 5 cm.<br \/>\nLunghezza totale con anello circa 2,5 pollici (6 cm).<\/p>\n","protected":false},"excerpt":{"rendered":"<p>Lasciati ispirare con questo unico Loud Pipes Save Lives Keychain-Fabric. Soddisfa la tua voglia di essere diverso con i portachiavi Death Rider unici nel loro genere. Pratico ed elegante, non perderai mai pi\u00f9 le tue chiavi.<br \/>\nPotrebbe essere un grande regalo per te e i tuoi amici motociclisti.<br \/>\nStile e comfort nelle tue mani.<\/p>\n","protected":false},"featured_media":255,"comment_status":"open","ping_status":"closed","template":"","meta":[],"product_brand":[],"product_cat":[126],"product_tag":[],"class_list":{"0":"post-713","1":"product","2":"type-product","3":"status-publish","4":"has-post-thumbnail","6":"product_cat-toppe-merchandising-moto","8":"first","9":"outofstock","10":"taxable","11":"shipping-taxable","12":"purchasable","13":"product-type-simple"},"yoast_head":"<!-- This site is optimized with the Yoast SEO plugin v26.1.1 - https:\/\/yoast.com\/wordpress\/plugins\/seo\/ -->\n<title>Portachiavi &quot;Loud Pipes Save Lives&quot; - Death Rider 1957<\/title>\n<meta name=\"description\" content=\"Portachiavi Loud Pipes Save Lives in tessuto, grande selezione di portachiavi moto e accessori alla moda nel Death Rider Shop.\" \/>\n<meta name=\"robots\" content=\"index, follow, max-snippet:-1, max-image-preview:large, max-video-preview:-1\" \/>\n<link rel=\"canonical\" href=\"https:\/\/www.deathrider.shop\/it\/portachiavi-loud-pipes-save-lives\/\" \/>\n<meta property=\"og:locale\" content=\"it_IT\" \/>\n<meta property=\"og:type\" content=\"article\" \/>\n<meta property=\"og:title\" content=\"Portachiavi &quot;Loud Pipes Save Lives&quot; - Death Rider 1957\" \/>\n<meta property=\"og:description\" content=\"Portachiavi Loud Pipes Save Lives in tessuto, grande selezione di portachiavi moto e accessori alla moda nel Death Rider Shop.\" \/>\n<meta property=\"og:url\" content=\"https:\/\/www.deathrider.shop\/it\/portachiavi-loud-pipes-save-lives\/\" \/>\n<meta property=\"og:site_name\" content=\"Death Rider 1957\" \/>\n<meta property=\"og:image\" content=\"https:\/\/www.deathrider.shop\/wp-content\/uploads\/2021\/02\/loud-pipes-save-lifes-keychain-fabric.jpg\" \/>\n\t<meta property=\"og:image:width\" content=\"1024\" \/>\n\t<meta property=\"og:image:height\" content=\"1024\" \/>\n\t<meta property=\"og:image:type\" content=\"image\/jpeg\" \/>\n<meta name=\"twitter:card\" content=\"summary_large_image\" \/>\n<meta name=\"twitter:label1\" content=\"Tempo di lettura stimato\" \/>\n\t<meta name=\"twitter:data1\" content=\"2 minuti\" \/>\n<script type=\"application\/ld+json\" class=\"yoast-schema-graph\">{\"@context\":\"https:\/\/schema.org\",\"@graph\":[{\"@type\":\"WebPage\",\"@id\":\"https:\/\/www.deathrider.shop\/it\/portachiavi-loud-pipes-save-lives\/\",\"url\":\"https:\/\/www.deathrider.shop\/it\/portachiavi-loud-pipes-save-lives\/\",\"name\":\"Portachiavi \\\"Loud Pipes Save Lives\\\" - Death Rider 1957\",\"isPartOf\":{\"@id\":\"https:\/\/www.deathrider.shop\/#website\"},\"primaryImageOfPage\":{\"@id\":\"https:\/\/www.deathrider.shop\/it\/portachiavi-loud-pipes-save-lives\/#primaryimage\"},\"image\":{\"@id\":\"https:\/\/www.deathrider.shop\/it\/portachiavi-loud-pipes-save-lives\/#primaryimage\"},\"thumbnailUrl\":\"https:\/\/www.deathrider.shop\/wp-content\/uploads\/2021\/02\/loud-pipes-save-lifes-keychain-fabric.jpg\",\"datePublished\":\"2021-03-29T08:25:17+00:00\",\"description\":\"Portachiavi Loud Pipes Save Lives in tessuto, grande selezione di portachiavi moto e accessori alla moda nel Death Rider Shop.\",\"breadcrumb\":{\"@id\":\"https:\/\/www.deathrider.shop\/it\/portachiavi-loud-pipes-save-lives\/#breadcrumb\"},\"inLanguage\":\"it-IT\",\"potentialAction\":[{\"@type\":\"ReadAction\",\"target\":[\"https:\/\/www.deathrider.shop\/it\/portachiavi-loud-pipes-save-lives\/\"]}]},{\"@type\":\"ImageObject\",\"inLanguage\":\"it-IT\",\"@id\":\"https:\/\/www.deathrider.shop\/it\/portachiavi-loud-pipes-save-lives\/#primaryimage\",\"url\":\"https:\/\/www.deathrider.shop\/wp-content\/uploads\/2021\/02\/loud-pipes-save-lifes-keychain-fabric.jpg\",\"contentUrl\":\"https:\/\/www.deathrider.shop\/wp-content\/uploads\/2021\/02\/loud-pipes-save-lifes-keychain-fabric.jpg\",\"width\":1024,\"height\":1024,\"caption\":\"Loud Pipes Save Lives Keychain - Fabric\"},{\"@type\":\"BreadcrumbList\",\"@id\":\"https:\/\/www.deathrider.shop\/it\/portachiavi-loud-pipes-save-lives\/#breadcrumb\",\"itemListElement\":[{\"@type\":\"ListItem\",\"position\":1,\"name\":\"Home\",\"item\":\"https:\/\/www.deathrider.shop\/it\/\"},{\"@type\":\"ListItem\",\"position\":2,\"name\":\"Shop\",\"item\":\"https:\/\/www.deathrider.shop\/shop\/\"},{\"@type\":\"ListItem\",\"position\":3,\"name\":\"Portachiavi &#8220;Loud Pipes Save Lives&#8221; Death Rider\"}]},{\"@type\":\"WebSite\",\"@id\":\"https:\/\/www.deathrider.shop\/#website\",\"url\":\"https:\/\/www.deathrider.shop\/\",\"name\":\"Death Rider 1957\",\"description\":\"Urban &amp; Motorcycle &quot;Bad Ass&quot; apparel\",\"publisher\":{\"@id\":\"https:\/\/www.deathrider.shop\/#organization\"},\"potentialAction\":[{\"@type\":\"SearchAction\",\"target\":{\"@type\":\"EntryPoint\",\"urlTemplate\":\"https:\/\/www.deathrider.shop\/?s={search_term_string}\"},\"query-input\":{\"@type\":\"PropertyValueSpecification\",\"valueRequired\":true,\"valueName\":\"search_term_string\"}}],\"inLanguage\":\"it-IT\"},{\"@type\":\"Organization\",\"@id\":\"https:\/\/www.deathrider.shop\/#organization\",\"name\":\"Death Rider\",\"url\":\"https:\/\/www.deathrider.shop\/\",\"logo\":{\"@type\":\"ImageObject\",\"inLanguage\":\"it-IT\",\"@id\":\"https:\/\/www.deathrider.shop\/#\/schema\/logo\/image\/\",\"url\":\"\",\"contentUrl\":\"\",\"caption\":\"Death Rider\"},\"image\":{\"@id\":\"https:\/\/www.deathrider.shop\/#\/schema\/logo\/image\/\"}}]}<\/script>\n<!-- \/ Yoast SEO plugin. -->","yoast_head_json":{"title":"Portachiavi \"Loud Pipes Save Lives\" - Death Rider 1957","description":"Portachiavi Loud Pipes Save Lives in tessuto, grande selezione di portachiavi moto e accessori alla moda nel Death Rider Shop.","robots":{"index":"index","follow":"follow","max-snippet":"max-snippet:-1","max-image-preview":"max-image-preview:large","max-video-preview":"max-video-preview:-1"},"canonical":"https:\/\/www.deathrider.shop\/it\/portachiavi-loud-pipes-save-lives\/","og_locale":"it_IT","og_type":"article","og_title":"Portachiavi \"Loud Pipes Save Lives\" - Death Rider 1957","og_description":"Portachiavi Loud Pipes Save Lives in tessuto, grande selezione di portachiavi moto e accessori alla moda nel Death Rider Shop.","og_url":"https:\/\/www.deathrider.shop\/it\/portachiavi-loud-pipes-save-lives\/","og_site_name":"Death Rider 1957","og_image":[{"width":1024,"height":1024,"url":"https:\/\/www.deathrider.shop\/wp-content\/uploads\/2021\/02\/loud-pipes-save-lifes-keychain-fabric.jpg","type":"image\/jpeg"}],"twitter_card":"summary_large_image","twitter_misc":{"Tempo di lettura stimato":"2 minuti"},"schema":{"@context":"https:\/\/schema.org","@graph":[{"@type":"WebPage","@id":"https:\/\/www.deathrider.shop\/it\/portachiavi-loud-pipes-save-lives\/","url":"https:\/\/www.deathrider.shop\/it\/portachiavi-loud-pipes-save-lives\/","name":"Portachiavi \"Loud Pipes Save Lives\" - Death Rider 1957","isPartOf":{"@id":"https:\/\/www.deathrider.shop\/#website"},"primaryImageOfPage":{"@id":"https:\/\/www.deathrider.shop\/it\/portachiavi-loud-pipes-save-lives\/#primaryimage"},"image":{"@id":"https:\/\/www.deathrider.shop\/it\/portachiavi-loud-pipes-save-lives\/#primaryimage"},"thumbnailUrl":"https:\/\/www.deathrider.shop\/wp-content\/uploads\/2021\/02\/loud-pipes-save-lifes-keychain-fabric.jpg","datePublished":"2021-03-29T08:25:17+00:00","description":"Portachiavi Loud Pipes Save Lives in tessuto, grande selezione di portachiavi moto e accessori alla moda nel Death Rider Shop.","breadcrumb":{"@id":"https:\/\/www.deathrider.shop\/it\/portachiavi-loud-pipes-save-lives\/#breadcrumb"},"inLanguage":"it-IT","potentialAction":[{"@type":"ReadAction","target":["https:\/\/www.deathrider.shop\/it\/portachiavi-loud-pipes-save-lives\/"]}]},{"@type":"ImageObject","inLanguage":"it-IT","@id":"https:\/\/www.deathrider.shop\/it\/portachiavi-loud-pipes-save-lives\/#primaryimage","url":"https:\/\/www.deathrider.shop\/wp-content\/uploads\/2021\/02\/loud-pipes-save-lifes-keychain-fabric.jpg","contentUrl":"https:\/\/www.deathrider.shop\/wp-content\/uploads\/2021\/02\/loud-pipes-save-lifes-keychain-fabric.jpg","width":1024,"height":1024,"caption":"Loud Pipes Save Lives Keychain - Fabric"},{"@type":"BreadcrumbList","@id":"https:\/\/www.deathrider.shop\/it\/portachiavi-loud-pipes-save-lives\/#breadcrumb","itemListElement":[{"@type":"ListItem","position":1,"name":"Home","item":"https:\/\/www.deathrider.shop\/it\/"},{"@type":"ListItem","position":2,"name":"Shop","item":"https:\/\/www.deathrider.shop\/shop\/"},{"@type":"ListItem","position":3,"name":"Portachiavi &#8220;Loud Pipes Save Lives&#8221; Death Rider"}]},{"@type":"WebSite","@id":"https:\/\/www.deathrider.shop\/#website","url":"https:\/\/www.deathrider.shop\/","name":"Death Rider 1957","description":"Urban &amp; Motorcycle &quot;Bad Ass&quot; apparel","publisher":{"@id":"https:\/\/www.deathrider.shop\/#organization"},"potentialAction":[{"@type":"SearchAction","target":{"@type":"EntryPoint","urlTemplate":"https:\/\/www.deathrider.shop\/?s={search_term_string}"},"query-input":{"@type":"PropertyValueSpecification","valueRequired":true,"valueName":"search_term_string"}}],"inLanguage":"it-IT"},{"@type":"Organization","@id":"https:\/\/www.deathrider.shop\/#organization","name":"Death Rider","url":"https:\/\/www.deathrider.shop\/","logo":{"@type":"ImageObject","inLanguage":"it-IT","@id":"https:\/\/www.deathrider.shop\/#\/schema\/logo\/image\/","url":"","contentUrl":"","caption":"Death Rider"},"image":{"@id":"https:\/\/www.deathrider.shop\/#\/schema\/logo\/image\/"}}]}},"_links":{"self":[{"href":"https:\/\/www.deathrider.shop\/it\/wp-json\/wp\/v2\/product\/713","targetHints":{"allow":["GET"]}}],"collection":[{"href":"https:\/\/www.deathrider.shop\/it\/wp-json\/wp\/v2\/product"}],"about":[{"href":"https:\/\/www.deathrider.shop\/it\/wp-json\/wp\/v2\/types\/product"}],"replies":[{"embeddable":true,"href":"https:\/\/www.deathrider.shop\/it\/wp-json\/wp\/v2\/comments?post=713"}],"wp:featuredmedia":[{"embeddable":true,"href":"https:\/\/www.deathrider.shop\/it\/wp-json\/wp\/v2\/media\/255"}],"wp:attachment":[{"href":"https:\/\/www.deathrider.shop\/it\/wp-json\/wp\/v2\/media?parent=713"}],"wp:term":[{"taxonomy":"product_brand","embeddable":true,"href":"https:\/\/www.deathrider.shop\/it\/wp-json\/wp\/v2\/product_brand?post=713"},{"taxonomy":"product_cat","embeddable":true,"href":"https:\/\/www.deathrider.shop\/it\/wp-json\/wp\/v2\/product_cat?post=713"},{"taxonomy":"product_tag","embeddable":true,"href":"https:\/\/www.deathrider.shop\/it\/wp-json\/wp\/v2\/product_tag?post=713"}],"curies":[{"name":"wp","href":"https:\/\/api.w.org\/{rel}","templated":true}]}}