{"id":729,"date":"2021-02-03T17:19:25","date_gmt":"2021-04-14T08:48:06","guid":{"rendered":"https:\/\/www.deathrider.shop\/?post_type=product&#038;p=729"},"modified":"2021-04-14T10:48:06","modified_gmt":"2021-04-14T08:48:06","slug":"toppa-death-rider-1957","status":"publish","type":"product","link":"https:\/\/www.deathrider.shop\/it\/toppa-death-rider-1957\/","title":{"rendered":"Toppa Death Rider 1957"},"content":{"rendered":"<h2>Toppa Death Rider 1957 by Death Rider: Identit\u00e0, appartenenza, stile.<\/h2>\n<p>Se parliamo di moto, parliamo di toppe. Proprio come la <strong>toppa Death Rider 1957<\/strong> di Death Rider, le toppe e i motociclisti sono da tempo una cosa sola nell&#8217;immaginario collettivo. Anche perch\u00e9 un vero biker cura l&#8217;essenza, ma anche l&#8217;apparenza. E l&#8217;appartenenza. Le toppe per moto sono un elemento distintivo forte che marca l&#8217;identit\u00e0 del motociclista. Allo stesso tempo la voglia di distinguere &#8211; un capo d&#8217;abbigliamento, un accessorio &#8211; e di distinguersi.<br \/>\nLe toppe si sono trasformate nel tempo, da semplici mezzi per effettuare riparazioni a piccoli oggetti d&#8217;arte. La possibilit\u00e0 di personalizzare un capo anonimo, di renderlo unico e allo stesso tempo parte di qualcosa \u00e8 una tentazione troppo grande per un biker. Di certo bisogna lasciarsi andare alle tentazioni, e nessuno lo sa meglio dei motociclisti.<br \/>\nI motociclisti amano raccontarsi attraverso le Toppe. Con la <strong>Toppa Death Rider 1957<\/strong> puoi raccontare la tua storia, il tuo mondo. Puoi attaccare questa patch termoadesiva sul tuo abbigliamento da moto e non ti rimarr\u00e0 che spalancare il gas.<\/p>\n<h2>Le toppe, utili per identificare e unire.<\/h2>\n<p>Il significato della parola Patch \u00e8 rattoppo, toppa. Una funzione di ripristino-riparazione. S\u00ec perch\u00e9 l\u2019umile origine delle toppe ricamate era proprio questa: richiudere buchi o coprire macchie indelebili sui vestiti (candeggina, erba, etc.).<br \/>\nCon il passare del tempo per\u00f2, il suo utilizzo si trasforma e diventa un qualcosa di pi\u00f9. La toppa ricamata diventa \u201ddi moda\u201d e le persone la utilizzano per due motivi diversi: per identificare e unire. Come la <strong>toppa Death Rider 1957<\/strong> di Death Rider.<\/p>\n<p>\u00c8 in campo militare e bellico che le toppe iniziano ad assumere quei significati che oggi sono per noi cosi conosciuti e scontati. I militari della marina USA furono i primi ad utilizzarle per simboleggiare l&#8217;appartenenza ad un gruppo ( militare): Io mi identifico con questa associazione\/gruppo\/etc.<br \/>\n\u00c8 indubbio che se una persona \u00e8 disposta ad attaccare una toppa su un capo d\u2019abbigliamento ed indossarlo, significa che si sente parte di ci\u00f2 che quel logo rappresenta: che siano i valori, le tradizioni e chi ne fa parte.<\/p>\n<p>Di conseguenza vediamo il secondo utilizzo: la Toppa unisce le persone. Le persone che indossano un capo con la stessa patch ricamata si sentono unite tra loro, si sentono parte della stessa famiglia. E quella dei Biker \u00e8 una famiglia a tutti gli effetti: non \u00e8 inusuale che le toppe raccontino il lungo percorso e la vita vissuta dal biker, la sua banda di appartenenza (di solito si trova sul cuore), i raduni storici, le bande gemellate e molte altro! Le toppe quindi si indossano principalmente per una funzione narrativa: dietro ognuna c\u2019\u00e8 una storia da raccontare, \u00e8 un simbolo che racconta i valori, la storia della tua associazione o appartenenza e l\u2019orgoglio delle persone che ne fanno parte.<\/p>\n<h2>Specifiche e utilizzo corretto<\/h2>\n<p>Ogni toppa \u00e8 realizzata con filo di alta qualit\u00e0 e con tecniche rigorose, quindi \u00e8 resistente e duratura. L&#8217;ultima cosa di cui vorrai preoccuparti quando sei sull&#8217;asfalto \u00e8 se la tua<strong> toppa Death Rider 1957<\/strong> ti seguir\u00e0 o meno nel tuo viaggio! Ottieni l&#8217;affidabilit\u00e0 che stai cercando con i nostri prodotti, che combinano l&#8217;alta qualit\u00e0 con un prezzo competitivo.<\/p>\n<h3>Come attaccare la toppa Death Rider 1957<\/h3>\n<p>In primo luogo, stendi il tuo indumento su una superficie piana e resistente al calore, come un&#8217;asse da stiro. Per assicurarti che l&#8217;articolo fornisca una buona applicazione della toppa, stiralo prima. Se si tratta di uno zaino o di un altro oggetto difficile da stirare, fai del tuo meglio per sistemarlo in modo che la parte del tessuto sul quale verr\u00e0 applicata la toppa sia piatta contro una superficie dura. Sistema la toppa nella posizione che hai scelto. Il lato adesivo deve essere appoggiato al tessuto di base. Assicurati che la toppa non sia storta.<\/p>\n<p>Nelle toppe ricamate, il lato adesivo \u00e8 nella parte posteriore. Scalda un ferro da stiro. Accendilo all&#8217;impostazione pi\u00f9 calda che il tuo tessuto pu\u00f2 tollerare. Poi, assicurati di spegnere l&#8217;opzione &#8220;vapore&#8221; e che il ferro non sia pieno d&#8217;acqua. Metti un asciugamano sottile sopra la toppa. A questo punto, fai attenzione a non compromettere la posizione della toppa. L&#8217;asciugamano protegger\u00e0 la toppa stessa e il tessuto circostante.<\/p>\n<p>A questo punto, metti il ferro da stiro riscaldato sopra la toppa e premi. Tieni il ferro l\u00ec per circa 15 secondi. Applica pi\u00f9 pressione possibile premendo con decisione. Rimuovi il ferro e lascia raffreddare la toppa. Rimuovi l&#8217;asciugamano e controlla se la toppa \u00e8 fissata saldamente strofinando delicatamente il bordo con un dito, cercando di sollevarla. Se si solleva un po&#8217;, rimetti l&#8217;asciugamano e premi di nuovo con il ferro da stiro per 10 secondi.<\/p>\n","protected":false},"excerpt":{"rendered":"<p><strong>Toppa Death Rider 1957<\/strong>, la tua toppa ideale, dal ricamo resistente ai lavaggi e facile da attaccare. Per un abbigliamento unico e per uno stile esclusivo. Scegli una delle nostre toppe per bikers per mostrare con orgoglio la tua appartenenza ai valori Death Rider.<br \/>\nIl modo migliore per comunicare agli altri tutta la passione e l&#8217;amore che hai per il mondo del motociclismo.<\/p>\n","protected":false},"featured_media":415,"comment_status":"open","ping_status":"closed","template":"","meta":[],"product_brand":[],"product_cat":[126],"product_tag":[],"class_list":{"0":"post-729","1":"product","2":"type-product","3":"status-publish","4":"has-post-thumbnail","6":"product_cat-toppe-merchandising-moto","8":"first","9":"instock","10":"taxable","11":"shipping-taxable","12":"purchasable","13":"product-type-simple"},"yoast_head":"<!-- This site is optimized with the Yoast SEO plugin v26.1.1 - https:\/\/yoast.com\/wordpress\/plugins\/seo\/ -->\n<title>Toppa Death Rider 1957 - Death Rider 1957<\/title>\n<meta name=\"description\" content=\"Ottieni la tua Toppa Death Rider 1957. Mostra al mondo i tuoi simboli e valori con questa toppa ricamata. Acquista nel negozio Death Rider.\" \/>\n<meta name=\"robots\" content=\"index, follow, max-snippet:-1, max-image-preview:large, max-video-preview:-1\" \/>\n<link rel=\"canonical\" href=\"https:\/\/www.deathrider.shop\/it\/toppa-death-rider-1957\/\" \/>\n<meta property=\"og:locale\" content=\"it_IT\" \/>\n<meta property=\"og:type\" content=\"article\" \/>\n<meta property=\"og:title\" content=\"Toppa Death Rider 1957 - Death Rider 1957\" \/>\n<meta property=\"og:description\" content=\"Ottieni la tua Toppa Death Rider 1957. Mostra al mondo i tuoi simboli e valori con questa toppa ricamata. Acquista nel negozio Death Rider.\" \/>\n<meta property=\"og:url\" content=\"https:\/\/www.deathrider.shop\/it\/toppa-death-rider-1957\/\" \/>\n<meta property=\"og:site_name\" content=\"Death Rider 1957\" \/>\n<meta property=\"og:image\" content=\"https:\/\/www.deathrider.shop\/wp-content\/uploads\/2021\/02\/death-rider-1957-patch.jpg\" \/>\n\t<meta property=\"og:image:width\" content=\"1024\" \/>\n\t<meta property=\"og:image:height\" content=\"1024\" \/>\n\t<meta property=\"og:image:type\" content=\"image\/jpeg\" \/>\n<meta name=\"twitter:card\" content=\"summary_large_image\" \/>\n<meta name=\"twitter:label1\" content=\"Tempo di lettura stimato\" \/>\n\t<meta name=\"twitter:data1\" content=\"4 minuti\" \/>\n<script type=\"application\/ld+json\" class=\"yoast-schema-graph\">{\"@context\":\"https:\/\/schema.org\",\"@graph\":[{\"@type\":\"WebPage\",\"@id\":\"https:\/\/www.deathrider.shop\/it\/toppa-death-rider-1957\/\",\"url\":\"https:\/\/www.deathrider.shop\/it\/toppa-death-rider-1957\/\",\"name\":\"Toppa Death Rider 1957 - Death Rider 1957\",\"isPartOf\":{\"@id\":\"https:\/\/www.deathrider.shop\/#website\"},\"primaryImageOfPage\":{\"@id\":\"https:\/\/www.deathrider.shop\/it\/toppa-death-rider-1957\/#primaryimage\"},\"image\":{\"@id\":\"https:\/\/www.deathrider.shop\/it\/toppa-death-rider-1957\/#primaryimage\"},\"thumbnailUrl\":\"https:\/\/www.deathrider.shop\/wp-content\/uploads\/2021\/02\/death-rider-1957-patch.jpg\",\"datePublished\":\"2021-04-14T08:48:06+00:00\",\"description\":\"Ottieni la tua Toppa Death Rider 1957. Mostra al mondo i tuoi simboli e valori con questa toppa ricamata. Acquista nel negozio Death Rider.\",\"breadcrumb\":{\"@id\":\"https:\/\/www.deathrider.shop\/it\/toppa-death-rider-1957\/#breadcrumb\"},\"inLanguage\":\"it-IT\",\"potentialAction\":[{\"@type\":\"ReadAction\",\"target\":[\"https:\/\/www.deathrider.shop\/it\/toppa-death-rider-1957\/\"]}]},{\"@type\":\"ImageObject\",\"inLanguage\":\"it-IT\",\"@id\":\"https:\/\/www.deathrider.shop\/it\/toppa-death-rider-1957\/#primaryimage\",\"url\":\"https:\/\/www.deathrider.shop\/wp-content\/uploads\/2021\/02\/death-rider-1957-patch.jpg\",\"contentUrl\":\"https:\/\/www.deathrider.shop\/wp-content\/uploads\/2021\/02\/death-rider-1957-patch.jpg\",\"width\":1024,\"height\":1024,\"caption\":\"Death Rider 1957 - Patch\"},{\"@type\":\"BreadcrumbList\",\"@id\":\"https:\/\/www.deathrider.shop\/it\/toppa-death-rider-1957\/#breadcrumb\",\"itemListElement\":[{\"@type\":\"ListItem\",\"position\":1,\"name\":\"Home\",\"item\":\"https:\/\/www.deathrider.shop\/it\/\"},{\"@type\":\"ListItem\",\"position\":2,\"name\":\"Shop\",\"item\":\"https:\/\/www.deathrider.shop\/shop\/\"},{\"@type\":\"ListItem\",\"position\":3,\"name\":\"Toppa Death Rider 1957\"}]},{\"@type\":\"WebSite\",\"@id\":\"https:\/\/www.deathrider.shop\/#website\",\"url\":\"https:\/\/www.deathrider.shop\/\",\"name\":\"Death Rider 1957\",\"description\":\"Urban &amp; Motorcycle &quot;Bad Ass&quot; apparel\",\"publisher\":{\"@id\":\"https:\/\/www.deathrider.shop\/#organization\"},\"potentialAction\":[{\"@type\":\"SearchAction\",\"target\":{\"@type\":\"EntryPoint\",\"urlTemplate\":\"https:\/\/www.deathrider.shop\/?s={search_term_string}\"},\"query-input\":{\"@type\":\"PropertyValueSpecification\",\"valueRequired\":true,\"valueName\":\"search_term_string\"}}],\"inLanguage\":\"it-IT\"},{\"@type\":\"Organization\",\"@id\":\"https:\/\/www.deathrider.shop\/#organization\",\"name\":\"Death Rider\",\"url\":\"https:\/\/www.deathrider.shop\/\",\"logo\":{\"@type\":\"ImageObject\",\"inLanguage\":\"it-IT\",\"@id\":\"https:\/\/www.deathrider.shop\/#\/schema\/logo\/image\/\",\"url\":\"\",\"contentUrl\":\"\",\"caption\":\"Death Rider\"},\"image\":{\"@id\":\"https:\/\/www.deathrider.shop\/#\/schema\/logo\/image\/\"}}]}<\/script>\n<!-- \/ Yoast SEO plugin. -->","yoast_head_json":{"title":"Toppa Death Rider 1957 - Death Rider 1957","description":"Ottieni la tua Toppa Death Rider 1957. Mostra al mondo i tuoi simboli e valori con questa toppa ricamata. Acquista nel negozio Death Rider.","robots":{"index":"index","follow":"follow","max-snippet":"max-snippet:-1","max-image-preview":"max-image-preview:large","max-video-preview":"max-video-preview:-1"},"canonical":"https:\/\/www.deathrider.shop\/it\/toppa-death-rider-1957\/","og_locale":"it_IT","og_type":"article","og_title":"Toppa Death Rider 1957 - Death Rider 1957","og_description":"Ottieni la tua Toppa Death Rider 1957. Mostra al mondo i tuoi simboli e valori con questa toppa ricamata. Acquista nel negozio Death Rider.","og_url":"https:\/\/www.deathrider.shop\/it\/toppa-death-rider-1957\/","og_site_name":"Death Rider 1957","og_image":[{"width":1024,"height":1024,"url":"https:\/\/www.deathrider.shop\/wp-content\/uploads\/2021\/02\/death-rider-1957-patch.jpg","type":"image\/jpeg"}],"twitter_card":"summary_large_image","twitter_misc":{"Tempo di lettura stimato":"4 minuti"},"schema":{"@context":"https:\/\/schema.org","@graph":[{"@type":"WebPage","@id":"https:\/\/www.deathrider.shop\/it\/toppa-death-rider-1957\/","url":"https:\/\/www.deathrider.shop\/it\/toppa-death-rider-1957\/","name":"Toppa Death Rider 1957 - Death Rider 1957","isPartOf":{"@id":"https:\/\/www.deathrider.shop\/#website"},"primaryImageOfPage":{"@id":"https:\/\/www.deathrider.shop\/it\/toppa-death-rider-1957\/#primaryimage"},"image":{"@id":"https:\/\/www.deathrider.shop\/it\/toppa-death-rider-1957\/#primaryimage"},"thumbnailUrl":"https:\/\/www.deathrider.shop\/wp-content\/uploads\/2021\/02\/death-rider-1957-patch.jpg","datePublished":"2021-04-14T08:48:06+00:00","description":"Ottieni la tua Toppa Death Rider 1957. Mostra al mondo i tuoi simboli e valori con questa toppa ricamata. Acquista nel negozio Death Rider.","breadcrumb":{"@id":"https:\/\/www.deathrider.shop\/it\/toppa-death-rider-1957\/#breadcrumb"},"inLanguage":"it-IT","potentialAction":[{"@type":"ReadAction","target":["https:\/\/www.deathrider.shop\/it\/toppa-death-rider-1957\/"]}]},{"@type":"ImageObject","inLanguage":"it-IT","@id":"https:\/\/www.deathrider.shop\/it\/toppa-death-rider-1957\/#primaryimage","url":"https:\/\/www.deathrider.shop\/wp-content\/uploads\/2021\/02\/death-rider-1957-patch.jpg","contentUrl":"https:\/\/www.deathrider.shop\/wp-content\/uploads\/2021\/02\/death-rider-1957-patch.jpg","width":1024,"height":1024,"caption":"Death Rider 1957 - Patch"},{"@type":"BreadcrumbList","@id":"https:\/\/www.deathrider.shop\/it\/toppa-death-rider-1957\/#breadcrumb","itemListElement":[{"@type":"ListItem","position":1,"name":"Home","item":"https:\/\/www.deathrider.shop\/it\/"},{"@type":"ListItem","position":2,"name":"Shop","item":"https:\/\/www.deathrider.shop\/shop\/"},{"@type":"ListItem","position":3,"name":"Toppa Death Rider 1957"}]},{"@type":"WebSite","@id":"https:\/\/www.deathrider.shop\/#website","url":"https:\/\/www.deathrider.shop\/","name":"Death Rider 1957","description":"Urban &amp; Motorcycle &quot;Bad Ass&quot; apparel","publisher":{"@id":"https:\/\/www.deathrider.shop\/#organization"},"potentialAction":[{"@type":"SearchAction","target":{"@type":"EntryPoint","urlTemplate":"https:\/\/www.deathrider.shop\/?s={search_term_string}"},"query-input":{"@type":"PropertyValueSpecification","valueRequired":true,"valueName":"search_term_string"}}],"inLanguage":"it-IT"},{"@type":"Organization","@id":"https:\/\/www.deathrider.shop\/#organization","name":"Death Rider","url":"https:\/\/www.deathrider.shop\/","logo":{"@type":"ImageObject","inLanguage":"it-IT","@id":"https:\/\/www.deathrider.shop\/#\/schema\/logo\/image\/","url":"","contentUrl":"","caption":"Death Rider"},"image":{"@id":"https:\/\/www.deathrider.shop\/#\/schema\/logo\/image\/"}}]}},"_links":{"self":[{"href":"https:\/\/www.deathrider.shop\/it\/wp-json\/wp\/v2\/product\/729","targetHints":{"allow":["GET"]}}],"collection":[{"href":"https:\/\/www.deathrider.shop\/it\/wp-json\/wp\/v2\/product"}],"about":[{"href":"https:\/\/www.deathrider.shop\/it\/wp-json\/wp\/v2\/types\/product"}],"replies":[{"embeddable":true,"href":"https:\/\/www.deathrider.shop\/it\/wp-json\/wp\/v2\/comments?post=729"}],"wp:featuredmedia":[{"embeddable":true,"href":"https:\/\/www.deathrider.shop\/it\/wp-json\/wp\/v2\/media\/415"}],"wp:attachment":[{"href":"https:\/\/www.deathrider.shop\/it\/wp-json\/wp\/v2\/media?parent=729"}],"wp:term":[{"taxonomy":"product_brand","embeddable":true,"href":"https:\/\/www.deathrider.shop\/it\/wp-json\/wp\/v2\/product_brand?post=729"},{"taxonomy":"product_cat","embeddable":true,"href":"https:\/\/www.deathrider.shop\/it\/wp-json\/wp\/v2\/product_cat?post=729"},{"taxonomy":"product_tag","embeddable":true,"href":"https:\/\/www.deathrider.shop\/it\/wp-json\/wp\/v2\/product_tag?post=729"}],"curies":[{"name":"wp","href":"https:\/\/api.w.org\/{rel}","templated":true}]}}