{"id":746,"date":"2021-02-03T17:27:30","date_gmt":"2021-04-15T15:16:33","guid":{"rendered":"https:\/\/www.deathrider.shop\/?post_type=product&#038;p=746"},"modified":"2021-04-15T17:16:33","modified_gmt":"2021-04-15T15:16:33","slug":"adesivo-death-rider-1957","status":"publish","type":"product","link":"https:\/\/www.deathrider.shop\/it\/adesivo-death-rider-1957\/","title":{"rendered":"Adesivo Death Rider 1957"},"content":{"rendered":"<h2>Adesivo Death Rider 1957<\/h2>\n<p>Gli adesivi per motociclisti, come l&#8217;<strong>adesivo Death Rider 1957<\/strong> di Death Rider, sono tra quegli oggetti che, con poco, riescono davvero a fare la differenza. E chi non ama gli adesivi? Dai grandi ai piccini, gli amanti degli adesivi sono un pubblico incredibilmente eterogeneo. Ma nel caso dei motociclisti quella per gli adesivi, pi\u00f9 che una moda, sembra essere una fissa, un pallino, una vera e propria passione. Anche tu sei ossessionato dalla decorazione? Perch\u00e9 molti motociclisti lo sono. Non nascondiamoci dietro un dito.<br \/>\nPer coprire, proteggere, personalizzare. Questi gli obiettivi principali al momento di scegliere un adesivo. O pi\u00f9 di uno. Si perch\u00e9 se c&#8217;\u00e8 una cosa che caratterizza gli adesivi \u00e8 che sono oggetti da collezione.<\/p>\n<p>Quindi, se sei alla ricerca di uno stile motociclistico in particolare, se sei amante della personalizzazione a tutti i livelli, allora non potrai fare a meno del nostro <strong>adesivo Death Rider 1957<\/strong> tra i tanti complementi per moto. Uno stile unico, la strada e la tua moto.<br \/>\nCome abbiamo detto in precedenza, gli adesivi sono per i motociclisti una vera e propria passione. Potremmo infatti dividerli in tre categorie: gli adesivi dei brand, usati per abbellire la propria moto; gli adesivi dei passi che possiamo trovare nei bar o negozietti, molti li attaccano alle borse o al bauletto, e per ultimo quelli personalizzati, che vediamo spesso nei cartelli dei passi come firma o segno che quel biker \u00e8 passato di li.<\/p>\n<h2>Stickers personalizzati<\/h2>\n<p>Il desiderio di personalizzare la propria moto e di farlo in modo semplice ma esclusivo, pu\u00f2 essere soddisfatto con una spesa davvero esigua. E questo i motociclisti lo sanno bene. Come risultato, gli adesivi per moto sono dei veri e propri oggetti da collezione: con un piccolo tocco riescono a connotare la tua moto, a renderla attraente e a darle carattere e unicit\u00e0. Il nostro <strong>adesivo Death Rider 1957<\/strong>\u00a0\u00e8 perfetto per lo scopo: resistente ai raggi solari e alle intemperie, il suo colore non cambia dopo una lunga esposizione al sole. Con il suo design unico, ti assicura un alto livello di visibilit\u00e0.<br \/>\nIl materiale del vinile \u00e8 di alta qualit\u00e0, non scolorisce, non si stacca tanto facilmente e non si scrosta nel corso del tempo. Last but not least, non danneggia la vernice della moto, non lascia segni di colla dopo la rimozione.<\/p>\n<h3>Consigli per il fissaggio<\/h3>\n<p>1. Pulire la superficie dove sar\u00e0 installato l&#8217;adesivo.<br \/>\n2. Rimuovere la protezione di carta dall&#8217;adesivo.<br \/>\n3. Posizionare l&#8217;adesivo.<br \/>\n4. Utilizzare una carta di credito o una spatola per rimuovere le bolle e le grinze.<\/p>\n<h3>Rimozione e sostituzione dell&#8217;adesivo Death Rider 1957<\/h3>\n<p>Stanco dei vecchi adesivi? Vuoi apporre un nuovo adesivo per ridecorare la tua moto? Qui di seguito qualche il consiglio per rimuovere facilmente la colla degli adesivi delle decalcomanie.<br \/>\n-Passo 1:<br \/>\n-Tenere il phon a circa 6-8 &#8220;di distanza dalla decalcomania che si desidera rimuovere.<br \/>\n-Passo 2:<br \/>\n-Con il phon impostato sulla posizione bassa, riscaldare la decalcomania per circa 5 secondi.<br \/>\n-Passo 3:<br \/>\n-Inizia lentamente a staccare la decalcomania dalla tua superficie.<br \/>\n-Passo 4:<br \/>\nL&#8217;adesivo sar\u00e0 rimosso senza lasciare danni o residui.<\/p>\n","protected":false},"excerpt":{"rendered":"<p>L&#8217;<strong>adesivo Death Rider 1957<\/strong>\u00a0\u00e8 la perfetta cover per motociclisti, ideale per personalizzare caschi, moto o accessori.<br \/>\nResistente alla luce del sole e alle intemperie, design unico e materiale di alta qualit\u00e0.<br \/>\nOttieni il tuo adesivo per moto, progettato per tutti i motociclisti e gli amanti del mondo delle moto custom, e distinguiti con un nuovo tocco di malizia e ribellione.<\/p>\n","protected":false},"featured_media":6034,"comment_status":"open","ping_status":"closed","template":"","meta":[],"product_brand":[],"product_cat":[126],"product_tag":[],"class_list":{"0":"post-746","1":"product","2":"type-product","3":"status-publish","4":"has-post-thumbnail","6":"product_cat-toppe-merchandising-moto","8":"first","9":"instock","10":"taxable","11":"shipping-taxable","12":"purchasable","13":"product-type-simple"},"yoast_head":"<!-- This site is optimized with the Yoast SEO plugin v26.1.1 - https:\/\/yoast.com\/wordpress\/plugins\/seo\/ -->\n<title>Adesivo Death Rider 1957 - Death Rider 1957<\/title>\n<meta name=\"description\" content=\"Adesivo Death Rider 1957, resistente e duraturo nel tempo, di ottima qualit\u00e0. Ampia selezione di adesivi nel negozio Death Rider.\" \/>\n<meta name=\"robots\" content=\"index, follow, max-snippet:-1, max-image-preview:large, max-video-preview:-1\" \/>\n<link rel=\"canonical\" href=\"https:\/\/www.deathrider.shop\/it\/adesivo-death-rider-1957\/\" \/>\n<meta property=\"og:locale\" content=\"it_IT\" \/>\n<meta property=\"og:type\" content=\"article\" \/>\n<meta property=\"og:title\" content=\"Adesivo Death Rider 1957 - Death Rider 1957\" \/>\n<meta property=\"og:description\" content=\"Adesivo Death Rider 1957, resistente e duraturo nel tempo, di ottima qualit\u00e0. Ampia selezione di adesivi nel negozio Death Rider.\" \/>\n<meta property=\"og:url\" content=\"https:\/\/www.deathrider.shop\/it\/adesivo-death-rider-1957\/\" \/>\n<meta property=\"og:site_name\" content=\"Death Rider 1957\" \/>\n<meta name=\"twitter:card\" content=\"summary_large_image\" \/>\n<meta name=\"twitter:label1\" content=\"Tempo di lettura stimato\" \/>\n\t<meta name=\"twitter:data1\" content=\"3 minuti\" \/>\n<script type=\"application\/ld+json\" class=\"yoast-schema-graph\">{\"@context\":\"https:\/\/schema.org\",\"@graph\":[{\"@type\":\"WebPage\",\"@id\":\"https:\/\/www.deathrider.shop\/it\/adesivo-death-rider-1957\/\",\"url\":\"https:\/\/www.deathrider.shop\/it\/adesivo-death-rider-1957\/\",\"name\":\"Adesivo Death Rider 1957 - Death Rider 1957\",\"isPartOf\":{\"@id\":\"https:\/\/www.deathrider.shop\/#website\"},\"primaryImageOfPage\":{\"@id\":\"https:\/\/www.deathrider.shop\/it\/adesivo-death-rider-1957\/#primaryimage\"},\"image\":{\"@id\":\"https:\/\/www.deathrider.shop\/it\/adesivo-death-rider-1957\/#primaryimage\"},\"thumbnailUrl\":\"https:\/\/www.deathrider.shop\/wp-content\/uploads\/2021\/02\/death-rider-1957-2-sticker.jpg\",\"datePublished\":\"2021-04-15T15:16:33+00:00\",\"description\":\"Adesivo Death Rider 1957, resistente e duraturo nel tempo, di ottima qualit\u00e0. Ampia selezione di adesivi nel negozio Death Rider.\",\"breadcrumb\":{\"@id\":\"https:\/\/www.deathrider.shop\/it\/adesivo-death-rider-1957\/#breadcrumb\"},\"inLanguage\":\"it-IT\",\"potentialAction\":[{\"@type\":\"ReadAction\",\"target\":[\"https:\/\/www.deathrider.shop\/it\/adesivo-death-rider-1957\/\"]}]},{\"@type\":\"ImageObject\",\"inLanguage\":\"it-IT\",\"@id\":\"https:\/\/www.deathrider.shop\/it\/adesivo-death-rider-1957\/#primaryimage\",\"url\":\"https:\/\/www.deathrider.shop\/wp-content\/uploads\/2021\/02\/death-rider-1957-2-sticker.jpg\",\"contentUrl\":\"https:\/\/www.deathrider.shop\/wp-content\/uploads\/2021\/02\/death-rider-1957-2-sticker.jpg\",\"width\":1024,\"height\":1024,\"caption\":\"Death Rider 1957 - Sticker\"},{\"@type\":\"BreadcrumbList\",\"@id\":\"https:\/\/www.deathrider.shop\/it\/adesivo-death-rider-1957\/#breadcrumb\",\"itemListElement\":[{\"@type\":\"ListItem\",\"position\":1,\"name\":\"Home\",\"item\":\"https:\/\/www.deathrider.shop\/it\/\"},{\"@type\":\"ListItem\",\"position\":2,\"name\":\"Shop\",\"item\":\"https:\/\/www.deathrider.shop\/shop\/\"},{\"@type\":\"ListItem\",\"position\":3,\"name\":\"Adesivo Death Rider 1957\"}]},{\"@type\":\"WebSite\",\"@id\":\"https:\/\/www.deathrider.shop\/#website\",\"url\":\"https:\/\/www.deathrider.shop\/\",\"name\":\"Death Rider 1957\",\"description\":\"Urban &amp; Motorcycle &quot;Bad Ass&quot; apparel\",\"publisher\":{\"@id\":\"https:\/\/www.deathrider.shop\/#organization\"},\"potentialAction\":[{\"@type\":\"SearchAction\",\"target\":{\"@type\":\"EntryPoint\",\"urlTemplate\":\"https:\/\/www.deathrider.shop\/?s={search_term_string}\"},\"query-input\":{\"@type\":\"PropertyValueSpecification\",\"valueRequired\":true,\"valueName\":\"search_term_string\"}}],\"inLanguage\":\"it-IT\"},{\"@type\":\"Organization\",\"@id\":\"https:\/\/www.deathrider.shop\/#organization\",\"name\":\"Death Rider\",\"url\":\"https:\/\/www.deathrider.shop\/\",\"logo\":{\"@type\":\"ImageObject\",\"inLanguage\":\"it-IT\",\"@id\":\"https:\/\/www.deathrider.shop\/#\/schema\/logo\/image\/\",\"url\":\"\",\"contentUrl\":\"\",\"caption\":\"Death Rider\"},\"image\":{\"@id\":\"https:\/\/www.deathrider.shop\/#\/schema\/logo\/image\/\"}}]}<\/script>\n<!-- \/ Yoast SEO plugin. -->","yoast_head_json":{"title":"Adesivo Death Rider 1957 - Death Rider 1957","description":"Adesivo Death Rider 1957, resistente e duraturo nel tempo, di ottima qualit\u00e0. Ampia selezione di adesivi nel negozio Death Rider.","robots":{"index":"index","follow":"follow","max-snippet":"max-snippet:-1","max-image-preview":"max-image-preview:large","max-video-preview":"max-video-preview:-1"},"canonical":"https:\/\/www.deathrider.shop\/it\/adesivo-death-rider-1957\/","og_locale":"it_IT","og_type":"article","og_title":"Adesivo Death Rider 1957 - Death Rider 1957","og_description":"Adesivo Death Rider 1957, resistente e duraturo nel tempo, di ottima qualit\u00e0. Ampia selezione di adesivi nel negozio Death Rider.","og_url":"https:\/\/www.deathrider.shop\/it\/adesivo-death-rider-1957\/","og_site_name":"Death Rider 1957","twitter_card":"summary_large_image","twitter_misc":{"Tempo di lettura stimato":"3 minuti"},"schema":{"@context":"https:\/\/schema.org","@graph":[{"@type":"WebPage","@id":"https:\/\/www.deathrider.shop\/it\/adesivo-death-rider-1957\/","url":"https:\/\/www.deathrider.shop\/it\/adesivo-death-rider-1957\/","name":"Adesivo Death Rider 1957 - Death Rider 1957","isPartOf":{"@id":"https:\/\/www.deathrider.shop\/#website"},"primaryImageOfPage":{"@id":"https:\/\/www.deathrider.shop\/it\/adesivo-death-rider-1957\/#primaryimage"},"image":{"@id":"https:\/\/www.deathrider.shop\/it\/adesivo-death-rider-1957\/#primaryimage"},"thumbnailUrl":"https:\/\/www.deathrider.shop\/wp-content\/uploads\/2021\/02\/death-rider-1957-2-sticker.jpg","datePublished":"2021-04-15T15:16:33+00:00","description":"Adesivo Death Rider 1957, resistente e duraturo nel tempo, di ottima qualit\u00e0. Ampia selezione di adesivi nel negozio Death Rider.","breadcrumb":{"@id":"https:\/\/www.deathrider.shop\/it\/adesivo-death-rider-1957\/#breadcrumb"},"inLanguage":"it-IT","potentialAction":[{"@type":"ReadAction","target":["https:\/\/www.deathrider.shop\/it\/adesivo-death-rider-1957\/"]}]},{"@type":"ImageObject","inLanguage":"it-IT","@id":"https:\/\/www.deathrider.shop\/it\/adesivo-death-rider-1957\/#primaryimage","url":"https:\/\/www.deathrider.shop\/wp-content\/uploads\/2021\/02\/death-rider-1957-2-sticker.jpg","contentUrl":"https:\/\/www.deathrider.shop\/wp-content\/uploads\/2021\/02\/death-rider-1957-2-sticker.jpg","width":1024,"height":1024,"caption":"Death Rider 1957 - Sticker"},{"@type":"BreadcrumbList","@id":"https:\/\/www.deathrider.shop\/it\/adesivo-death-rider-1957\/#breadcrumb","itemListElement":[{"@type":"ListItem","position":1,"name":"Home","item":"https:\/\/www.deathrider.shop\/it\/"},{"@type":"ListItem","position":2,"name":"Shop","item":"https:\/\/www.deathrider.shop\/shop\/"},{"@type":"ListItem","position":3,"name":"Adesivo Death Rider 1957"}]},{"@type":"WebSite","@id":"https:\/\/www.deathrider.shop\/#website","url":"https:\/\/www.deathrider.shop\/","name":"Death Rider 1957","description":"Urban &amp; Motorcycle &quot;Bad Ass&quot; apparel","publisher":{"@id":"https:\/\/www.deathrider.shop\/#organization"},"potentialAction":[{"@type":"SearchAction","target":{"@type":"EntryPoint","urlTemplate":"https:\/\/www.deathrider.shop\/?s={search_term_string}"},"query-input":{"@type":"PropertyValueSpecification","valueRequired":true,"valueName":"search_term_string"}}],"inLanguage":"it-IT"},{"@type":"Organization","@id":"https:\/\/www.deathrider.shop\/#organization","name":"Death Rider","url":"https:\/\/www.deathrider.shop\/","logo":{"@type":"ImageObject","inLanguage":"it-IT","@id":"https:\/\/www.deathrider.shop\/#\/schema\/logo\/image\/","url":"","contentUrl":"","caption":"Death Rider"},"image":{"@id":"https:\/\/www.deathrider.shop\/#\/schema\/logo\/image\/"}}]}},"_links":{"self":[{"href":"https:\/\/www.deathrider.shop\/it\/wp-json\/wp\/v2\/product\/746","targetHints":{"allow":["GET"]}}],"collection":[{"href":"https:\/\/www.deathrider.shop\/it\/wp-json\/wp\/v2\/product"}],"about":[{"href":"https:\/\/www.deathrider.shop\/it\/wp-json\/wp\/v2\/types\/product"}],"replies":[{"embeddable":true,"href":"https:\/\/www.deathrider.shop\/it\/wp-json\/wp\/v2\/comments?post=746"}],"wp:featuredmedia":[{"embeddable":true,"href":"https:\/\/www.deathrider.shop\/it\/wp-json\/wp\/v2\/media\/6034"}],"wp:attachment":[{"href":"https:\/\/www.deathrider.shop\/it\/wp-json\/wp\/v2\/media?parent=746"}],"wp:term":[{"taxonomy":"product_brand","embeddable":true,"href":"https:\/\/www.deathrider.shop\/it\/wp-json\/wp\/v2\/product_brand?post=746"},{"taxonomy":"product_cat","embeddable":true,"href":"https:\/\/www.deathrider.shop\/it\/wp-json\/wp\/v2\/product_cat?post=746"},{"taxonomy":"product_tag","embeddable":true,"href":"https:\/\/www.deathrider.shop\/it\/wp-json\/wp\/v2\/product_tag?post=746"}],"curies":[{"name":"wp","href":"https:\/\/api.w.org\/{rel}","templated":true}]}}